{"id":2369,"date":"2021-08-23T22:06:08","date_gmt":"2021-08-23T20:06:08","guid":{"rendered":"http:\/\/stage.alm.smithberlin.com\/?page_id=2369"},"modified":"2024-10-02T14:05:19","modified_gmt":"2024-10-02T12:05:19","slug":"advisory-board","status":"publish","type":"page","link":"https:\/\/www.alliiertenmuseum.de\/en\/about-us\/advisory-board\/","title":{"rendered":"Allied Museum advisory board"},"content":{"rendered":"\n<div class=\"wp-block-group\"><div class=\"wp-block-group__inner-container is-layout-flow wp-block-group-is-layout-flow\">\n<p class=\"ml-0\">An international scholarly advisory board advises the Museum in its work. The members serving are: <\/p>\n\n\n\n<p class=\"ml-0\">If you click on the logos, you will be taken to third-party websites. Please note that these websites have their own privacy policies and that we do not accept any responsibility or liability for these policies. Please check the privacy policies before you provide personal data to these websites.<\/p>\n<\/div><\/div>\n\n\n\n<div class=\"wp-block-group alignfull ml-0\"><div class=\"wp-block-group__inner-container is-layout-flow wp-block-group-is-layout-flow\">\n<h2 class=\"wp-block-heading h3\" id=\"germany\"><span class=\"highlighted\"><strong>Germany<\/strong><\/span><\/h2>\n\n\n\n<div class=\"wp-block-columns title-text-columns is-layout-flex wp-container-core-columns-is-layout-9d6595d7 wp-block-columns-is-layout-flex\">\n<div class=\"wp-block-column is-layout-flow wp-block-column-is-layout-flow\">\n<h4 class=\"wp-block-heading\" id=\"dr-gorch-pieken\">Dr. Gorch Pieken<\/h4>\n\n\n\n<p>Projektleiter <em>Helden \u2013 Heroisierungen \u2013 Heroismen<\/em><\/p>\n\n\n\n<p><a href=\"https:\/\/www.sfb948.uni-freiburg.de\/de\/teilprojekte\/foerderphase3\/t-ausstellung\/index.html?page=1\" target=\"_blank\" rel=\"noreferrer noopener\"><\/a><a href=\"https:\/\/www.sfb948.uni-freiburg.de\/de\/teilprojekte\/foerderphase3\/t-ausstellung\/index.html?page=1\" target=\"_blank\" rel=\"noreferrer noopener\">www.sfb948.uni-freiburg.de<\/a>  <\/p>\n<\/div>\n\n\n\n<div class=\"wp-block-column is-layout-flow wp-block-column-is-layout-flow\">\n<h4 class=\"wp-block-heading\" id=\"dr-stefan-martens\">Dr. Stefan Martens<\/h4>\n\n\n\n<p>stellvertretender Direktor, Fachgebietsleiter Zeitgeschichte, Redakteur der Francia (19.\/20. Jahrhundert), Deutsches Historisches Institut Paris<\/p>\n\n\n\n<p><a href=\"http:\/\/www.dhi-paris.fr\">www.dhi-paris.fr<\/a><\/p>\n<\/div>\n\n\n\n<div class=\"wp-block-column is-layout-flow wp-block-column-is-layout-flow\">\n<h4 class=\"wp-block-heading\">Prof. Dr. stefanie middendorf<\/h4>\n\n\n\n<p>Professorin f\u00fcr Neueste Geschichte\/ Zeitgeschichte; Friedrich-Schiller Universit\u00e4t Jena<\/p>\n\n\n\n<p><a href=\"https:\/\/www.uni-jena.de\/\" rel=\"noreferrer noopener\" target=\"_blank\">www.uni-jena.de\/<\/a><\/p>\n<\/div>\n\n\n\n<div class=\"wp-block-column is-layout-flow wp-block-column-is-layout-flow\">\n<h4 class=\"wp-block-heading\">Michael Georg Link, MdB FDP<\/h4>\n\n\n\n<p>Koordinator f\u00fcr die transatlantische Zusammenarbeit; Ausw\u00e4rtiges Amt, Berlin<\/p>\n\n\n\n<p><a href=\"https:\/\/www.auswaertiges-amt.de\/de\" rel=\"noreferrer noopener\" target=\"_blank\">www.auswaertiges-amt.de\/de<\/a><\/p>\n<\/div>\n<\/div>\n<\/div><\/div>\n\n\n\n<div class=\"wp-block-group alignfull ml-0\"><div class=\"wp-block-group__inner-container is-layout-flow wp-block-group-is-layout-flow\">\n<h2 class=\"wp-block-heading h3\" id=\"united-states-of-america\"><span class=\"highlighted\"><strong>United States of America<\/strong><\/span><\/h2>\n\n\n\n<div class=\"wp-block-columns title-text-columns is-layout-flex wp-container-core-columns-is-layout-9d6595d7 wp-block-columns-is-layout-flex\">\n<div class=\"wp-block-column is-layout-flow wp-block-column-is-layout-flow\">\n<h4 class=\"wp-block-heading\" id=\"dr-hope-m-harrison\">Dr. Hope M. Harrison<\/h4>\n\n\n\n<p>Professor of History and International Affairs, George Washington University, Washington D.C.<\/p>\n\n\n\n<p><a href=\"http:\/\/www.gwu.edu\"><a href=\"http:\/\/www.gwu.edu\" target=\"_blank\" rel=\"noreferrer noopener\">www.gwu.edu<\/a><\/a><\/p>\n<\/div>\n\n\n\n<div class=\"wp-block-column is-layout-flow wp-block-column-is-layout-flow\">\n<h4 class=\"wp-block-heading\" id=\"anna-slafer\">Anna Slafer<\/h4>\n\n\n\n<p>Vice President of Exhibitions and Programs, International Spy Museum, Washington D.C.<\/p>\n\n\n\n<p><a href=\"http:\/\/www.spymuseum.org\">www.spymuseum.org<\/a><\/p>\n<\/div>\n\n\n\n<div class=\"wp-block-column is-layout-flow wp-block-column-is-layout-flow\">\n<h4 class=\"wp-block-heading\" id=\"dr-charles-h-cureton\">Claire Samuelson<\/h4>\n\n\n\n<p>Chief Curator, Vice-President of Museums, US Army Center for Military History<\/p>\n\n\n\n<p><a href=\"https:\/\/history.army.mil\/\" rel=\"noreferrer noopener\" target=\"_blank\">www.history.army.mil<\/a><\/p>\n<\/div>\n<\/div>\n<\/div><\/div>\n\n\n\n<div class=\"wp-block-group alignfull ml-0\"><div class=\"wp-block-group__inner-container is-layout-flow wp-block-group-is-layout-flow\">\n<h2 class=\"wp-block-heading h3\" id=\"great-britain\"><span class=\"highlighted\"><strong>Great Britain<\/strong><\/span><\/h2>\n\n\n\n<div class=\"wp-block-columns title-text-columns is-layout-flex wp-container-core-columns-is-layout-9d6595d7 wp-block-columns-is-layout-flex\">\n<div class=\"wp-block-column is-layout-flow wp-block-column-is-layout-flow\">\n<h4 class=\"wp-block-heading\" id=\"prof-simon-ball\">Dr. Richard Smith<\/h4>\n\n\n\n<p>Senior Historian, Foreign &amp; Commonwealth Office, London<\/p>\n\n\n\n<p><a href=\"https:\/\/www.gov.uk\/\" rel=\"noreferrer noopener\" target=\"_blank\">www.gov.uk\/<\/a><\/p>\n<\/div>\n\n\n\n<div class=\"wp-block-column is-layout-flow wp-block-column-is-layout-flow\">\n<h4 class=\"wp-block-heading\" id=\"dr-patrick-salmon\">Dr. Peter Johnston<\/h4>\n\n\n\n<p>Assistant Director of Narrative and Content, Imperial War Museum London<\/p>\n\n\n\n<p><a href=\"https:\/\/www.iwm.org.uk\/visits\/iwm-london\" rel=\"noreferrer noopener\" target=\"_blank\">www.iwm.org.uk\/visits\/iwm-london<\/a><\/p>\n<\/div>\n\n\n\n<div class=\"wp-block-column is-layout-flow wp-block-column-is-layout-flow\">\n<h4 class=\"wp-block-heading\" id=\"stephen-woolford\">Dr. Grace Huxford<\/h4>\n\n\n\n<p>Senior&nbsp;Lecturer in Modern&nbsp;History, University of Bristol&nbsp;<\/p>\n\n\n\n<p><a href=\"https:\/\/www.bristol.ac.uk\/\" rel=\"noreferrer noopener\" target=\"_blank\">www.bristol.ac.uk\/<\/a><\/p>\n<\/div>\n<\/div>\n<\/div><\/div>\n\n\n\n<div class=\"wp-block-group alignfull ml-0\"><div class=\"wp-block-group__inner-container is-layout-flow wp-block-group-is-layout-flow\">\n<h2 class=\"wp-block-heading h3\" id=\"france\"><span class=\"highlighted\"><strong>France<\/strong><\/span><\/h2>\n\n\n\n<div class=\"wp-block-columns title-text-columns is-layout-flex wp-container-core-columns-is-layout-9d6595d7 wp-block-columns-is-layout-flex\">\n<div class=\"wp-block-column is-layout-flow wp-block-column-is-layout-flow\">\n<h4 class=\"wp-block-heading\" id=\"prof-olivier-forcade\">S\u00e9bastien Chauffour<\/h4>\n\n\n\n<p>Conservateur charg\u00e9 des archives de la R\u00e9cup\u00e9ration artistique\/ZFO Allemagne-Autriche 1945-1955, Minist\u00e8re de l\u2019Europe et des Affaires \u00e9trang\u00e8res \u2013 Direction des Archives<\/p>\n\n\n\n<p><a href=\"https:\/\/francearchives.fr\/en\/\" rel=\"noreferrer noopener\" target=\"_blank\">www.francearchives.fr\/en\/<\/a><\/p>\n<\/div>\n\n\n\n<div class=\"wp-block-column is-layout-flow wp-block-column-is-layout-flow\">\n<h4 class=\"wp-block-heading\" id=\"isabelle-nathan\">Matthieu Chambrion<\/h4>\n\n\n\n<p>Conservateur en chef du patrimoine<br>Adjoint au chef de bureau des actions culturelles et des mus\u00e9es\/ Chef de section collections et valorisation<br>D\u00e9l\u00e9gation des patrimoines culturels<br>Direction des patrimoines, de la m\u00e9moire et des archives&nbsp;<\/p>\n\n\n\n<p><a href=\"https:\/\/www.diplomatie.gouv.fr\/fr\/archives-diplomatiques\/\" target=\"_blank\" rel=\"noreferrer noopener\">www.diplomatie.gouv.fr<\/a><\/p>\n<\/div>\n\n\n\n<div class=\"wp-block-column is-layout-flow wp-block-column-is-layout-flow\">\n<h4 class=\"wp-block-heading\">Prof. Dr. H\u00e9l\u00e8ne Miard-Delacroix<\/h4>\n\n\n\n<p>Professorin f\u00fcr Zeitgeschichte, Sorbonne Universit\u00e9 \u2013 Facult\u00e9 des Lettres<\/p>\n\n\n\n<p><a href=\"https:\/\/lettres.sorbonne-universite.fr\/\" rel=\"noreferrer noopener\" target=\"_blank\">www.lettres.sorbonne-universite.fr\/<\/a><\/p>\n<\/div>\n\n\n\n<div class=\"wp-block-column border-none is-layout-flow wp-block-column-is-layout-flow\">\n<p><\/p>\n<\/div>\n<\/div>\n<\/div><\/div>\n\n\n\n<p><\/p>\n","protected":false},"excerpt":{"rendered":"<p>An international scholarly advisory board advises the Museum in its work. The members serving are: If you click on the logos, you will be taken to third-party websites. Please note that these websites have their own privacy policies and that we do not accept any responsibility or liability for these policies. Please check the privacy [&hellip;]<\/p>\n","protected":false},"author":2,"featured_media":388,"parent":2322,"menu_order":0,"comment_status":"closed","ping_status":"closed","template":"","meta":{"_highline":"About us","_subtitle":"","_locale":"en_US","_original_post":"https:\/\/www.alliiertenmuseum.de\/?page_id=384","_featured_cover":false,"_featured_caption":"","_featured_caption_checkbox":false,"_featured_alt":"Three British soldiers with a road map in the forest","_pinkie_id":0,"_pinkie_caption":false,"_pinkie_alt":"","footnotes":"","_post-color":[]},"class_list":["post-2369","page","type-page","status-publish","has-post-thumbnail","hentry","en-US"],"featured_image_src":"https:\/\/www.alliiertenmuseum.de\/wp-content\/uploads\/2021\/05\/05941-21_NATO.png","yoast_head":"<!-- This site is optimized with the Yoast SEO plugin v26.2 - https:\/\/yoast.com\/wordpress\/plugins\/seo\/ -->\n<title>Allied Museum advisory board - AlliiertenMuseum<\/title>\n<meta name=\"robots\" content=\"index, follow, max-snippet:-1, max-image-preview:large, max-video-preview:-1\" \/>\n<link rel=\"canonical\" href=\"https:\/\/www.alliiertenmuseum.de\/en\/about-us\/advisory-board\/\" \/>\n<meta property=\"og:locale\" content=\"en_US\" \/>\n<meta property=\"og:type\" content=\"article\" \/>\n<meta property=\"og:title\" content=\"Allied Museum advisory board - AlliiertenMuseum\" \/>\n<meta property=\"og:description\" content=\"An international scholarly advisory board advises the Museum in its work. The members serving are: If you click on the logos, you will be taken to third-party websites. Please note that these websites have their own privacy policies and that we do not accept any responsibility or liability for these policies. Please check the privacy [&hellip;]\" \/>\n<meta property=\"og:url\" content=\"https:\/\/www.alliiertenmuseum.de\/en\/about-us\/advisory-board\/\" \/>\n<meta property=\"og:site_name\" content=\"AlliiertenMuseum\" \/>\n<meta property=\"article:modified_time\" content=\"2024-10-02T12:05:19+00:00\" \/>\n<meta property=\"og:image\" content=\"https:\/\/www.alliiertenmuseum.de\/wp-content\/uploads\/2021\/05\/05941-21_NATO.png\" \/>\n\t<meta property=\"og:image:width\" content=\"1461\" \/>\n\t<meta property=\"og:image:height\" content=\"600\" \/>\n\t<meta property=\"og:image:type\" content=\"image\/png\" \/>\n<meta name=\"twitter:card\" content=\"summary_large_image\" \/>\n<meta name=\"twitter:label1\" content=\"Est. reading time\" \/>\n\t<meta name=\"twitter:data1\" content=\"2 minutes\" \/>\n<script type=\"application\/ld+json\" class=\"yoast-schema-graph\">{\"@context\":\"https:\/\/schema.org\",\"@graph\":[{\"@type\":\"WebPage\",\"@id\":\"https:\/\/www.alliiertenmuseum.de\/en\/about-us\/advisory-board\/\",\"url\":\"https:\/\/www.alliiertenmuseum.de\/en\/about-us\/advisory-board\/\",\"name\":\"Allied Museum advisory board - AlliiertenMuseum\",\"isPartOf\":{\"@id\":\"https:\/\/www.alliiertenmuseum.de\/#website\"},\"primaryImageOfPage\":{\"@id\":\"https:\/\/www.alliiertenmuseum.de\/en\/about-us\/advisory-board\/#primaryimage\"},\"image\":{\"@id\":\"https:\/\/www.alliiertenmuseum.de\/en\/about-us\/advisory-board\/#primaryimage\"},\"thumbnailUrl\":\"https:\/\/www.alliiertenmuseum.de\/wp-content\/uploads\/2021\/05\/05941-21_NATO.png\",\"datePublished\":\"2021-08-23T20:06:08+00:00\",\"dateModified\":\"2024-10-02T12:05:19+00:00\",\"breadcrumb\":{\"@id\":\"https:\/\/www.alliiertenmuseum.de\/en\/about-us\/advisory-board\/#breadcrumb\"},\"inLanguage\":\"en-US\",\"potentialAction\":[{\"@type\":\"ReadAction\",\"target\":[\"https:\/\/www.alliiertenmuseum.de\/en\/about-us\/advisory-board\/\"]}]},{\"@type\":\"ImageObject\",\"inLanguage\":\"en-US\",\"@id\":\"https:\/\/www.alliiertenmuseum.de\/en\/about-us\/advisory-board\/#primaryimage\",\"url\":\"https:\/\/www.alliiertenmuseum.de\/wp-content\/uploads\/2021\/05\/05941-21_NATO.png\",\"contentUrl\":\"https:\/\/www.alliiertenmuseum.de\/wp-content\/uploads\/2021\/05\/05941-21_NATO.png\",\"width\":1461,\"height\":600},{\"@type\":\"BreadcrumbList\",\"@id\":\"https:\/\/www.alliiertenmuseum.de\/en\/about-us\/advisory-board\/#breadcrumb\",\"itemListElement\":[{\"@type\":\"ListItem\",\"position\":1,\"name\":\"Startseite\",\"item\":\"https:\/\/www.alliiertenmuseum.de\/en\/\"},{\"@type\":\"ListItem\",\"position\":2,\"name\":\"About us\",\"item\":\"https:\/\/www.alliiertenmuseum.de\/en\/about-us\/\"},{\"@type\":\"ListItem\",\"position\":3,\"name\":\"Allied Museum advisory board\"}]},{\"@type\":\"WebSite\",\"@id\":\"https:\/\/www.alliiertenmuseum.de\/#website\",\"url\":\"https:\/\/www.alliiertenmuseum.de\/\",\"name\":\"AlliiertenMuseum\",\"description\":\"\",\"publisher\":{\"@id\":\"https:\/\/www.alliiertenmuseum.de\/#organization\"},\"potentialAction\":[{\"@type\":\"SearchAction\",\"target\":{\"@type\":\"EntryPoint\",\"urlTemplate\":\"https:\/\/www.alliiertenmuseum.de\/?s={search_term_string}\"},\"query-input\":{\"@type\":\"PropertyValueSpecification\",\"valueRequired\":true,\"valueName\":\"search_term_string\"}}],\"inLanguage\":\"en-US\"},{\"@type\":\"Organization\",\"@id\":\"https:\/\/www.alliiertenmuseum.de\/#organization\",\"name\":\"AlliiertenMuseum\",\"url\":\"https:\/\/www.alliiertenmuseum.de\/\",\"logo\":{\"@type\":\"ImageObject\",\"inLanguage\":\"en-US\",\"@id\":\"https:\/\/www.alliiertenmuseum.de\/#\/schema\/logo\/image\/\",\"url\":\"https:\/\/www.alliiertenmuseum.de\/wp-content\/uploads\/2021\/05\/logo.svg\",\"contentUrl\":\"https:\/\/www.alliiertenmuseum.de\/wp-content\/uploads\/2021\/05\/logo.svg\",\"caption\":\"AlliiertenMuseum\"},\"image\":{\"@id\":\"https:\/\/www.alliiertenmuseum.de\/#\/schema\/logo\/image\/\"}}]}<\/script>\n<!-- \/ Yoast SEO plugin. -->","yoast_head_json":{"title":"Allied Museum advisory board - AlliiertenMuseum","robots":{"index":"index","follow":"follow","max-snippet":"max-snippet:-1","max-image-preview":"max-image-preview:large","max-video-preview":"max-video-preview:-1"},"canonical":"https:\/\/www.alliiertenmuseum.de\/en\/about-us\/advisory-board\/","og_locale":"en_US","og_type":"article","og_title":"Allied Museum advisory board - AlliiertenMuseum","og_description":"An international scholarly advisory board advises the Museum in its work. The members serving are: If you click on the logos, you will be taken to third-party websites. Please note that these websites have their own privacy policies and that we do not accept any responsibility or liability for these policies. Please check the privacy [&hellip;]","og_url":"https:\/\/www.alliiertenmuseum.de\/en\/about-us\/advisory-board\/","og_site_name":"AlliiertenMuseum","article_modified_time":"2024-10-02T12:05:19+00:00","og_image":[{"width":1461,"height":600,"url":"https:\/\/www.alliiertenmuseum.de\/wp-content\/uploads\/2021\/05\/05941-21_NATO.png","type":"image\/png"}],"twitter_card":"summary_large_image","twitter_misc":{"Est. reading time":"2 minutes"},"schema":{"@context":"https:\/\/schema.org","@graph":[{"@type":"WebPage","@id":"https:\/\/www.alliiertenmuseum.de\/en\/about-us\/advisory-board\/","url":"https:\/\/www.alliiertenmuseum.de\/en\/about-us\/advisory-board\/","name":"Allied Museum advisory board - AlliiertenMuseum","isPartOf":{"@id":"https:\/\/www.alliiertenmuseum.de\/#website"},"primaryImageOfPage":{"@id":"https:\/\/www.alliiertenmuseum.de\/en\/about-us\/advisory-board\/#primaryimage"},"image":{"@id":"https:\/\/www.alliiertenmuseum.de\/en\/about-us\/advisory-board\/#primaryimage"},"thumbnailUrl":"https:\/\/www.alliiertenmuseum.de\/wp-content\/uploads\/2021\/05\/05941-21_NATO.png","datePublished":"2021-08-23T20:06:08+00:00","dateModified":"2024-10-02T12:05:19+00:00","breadcrumb":{"@id":"https:\/\/www.alliiertenmuseum.de\/en\/about-us\/advisory-board\/#breadcrumb"},"inLanguage":"en-US","potentialAction":[{"@type":"ReadAction","target":["https:\/\/www.alliiertenmuseum.de\/en\/about-us\/advisory-board\/"]}]},{"@type":"ImageObject","inLanguage":"en-US","@id":"https:\/\/www.alliiertenmuseum.de\/en\/about-us\/advisory-board\/#primaryimage","url":"https:\/\/www.alliiertenmuseum.de\/wp-content\/uploads\/2021\/05\/05941-21_NATO.png","contentUrl":"https:\/\/www.alliiertenmuseum.de\/wp-content\/uploads\/2021\/05\/05941-21_NATO.png","width":1461,"height":600},{"@type":"BreadcrumbList","@id":"https:\/\/www.alliiertenmuseum.de\/en\/about-us\/advisory-board\/#breadcrumb","itemListElement":[{"@type":"ListItem","position":1,"name":"Startseite","item":"https:\/\/www.alliiertenmuseum.de\/en\/"},{"@type":"ListItem","position":2,"name":"About us","item":"https:\/\/www.alliiertenmuseum.de\/en\/about-us\/"},{"@type":"ListItem","position":3,"name":"Allied Museum advisory board"}]},{"@type":"WebSite","@id":"https:\/\/www.alliiertenmuseum.de\/#website","url":"https:\/\/www.alliiertenmuseum.de\/","name":"AlliiertenMuseum","description":"","publisher":{"@id":"https:\/\/www.alliiertenmuseum.de\/#organization"},"potentialAction":[{"@type":"SearchAction","target":{"@type":"EntryPoint","urlTemplate":"https:\/\/www.alliiertenmuseum.de\/?s={search_term_string}"},"query-input":{"@type":"PropertyValueSpecification","valueRequired":true,"valueName":"search_term_string"}}],"inLanguage":"en-US"},{"@type":"Organization","@id":"https:\/\/www.alliiertenmuseum.de\/#organization","name":"AlliiertenMuseum","url":"https:\/\/www.alliiertenmuseum.de\/","logo":{"@type":"ImageObject","inLanguage":"en-US","@id":"https:\/\/www.alliiertenmuseum.de\/#\/schema\/logo\/image\/","url":"https:\/\/www.alliiertenmuseum.de\/wp-content\/uploads\/2021\/05\/logo.svg","contentUrl":"https:\/\/www.alliiertenmuseum.de\/wp-content\/uploads\/2021\/05\/logo.svg","caption":"AlliiertenMuseum"},"image":{"@id":"https:\/\/www.alliiertenmuseum.de\/#\/schema\/logo\/image\/"}}]}},"_links":{"self":[{"href":"https:\/\/www.alliiertenmuseum.de\/wp-json\/wp\/v2\/pages\/2369","targetHints":{"allow":["GET"]}}],"collection":[{"href":"https:\/\/www.alliiertenmuseum.de\/wp-json\/wp\/v2\/pages"}],"about":[{"href":"https:\/\/www.alliiertenmuseum.de\/wp-json\/wp\/v2\/types\/page"}],"author":[{"embeddable":true,"href":"https:\/\/www.alliiertenmuseum.de\/wp-json\/wp\/v2\/users\/2"}],"replies":[{"embeddable":true,"href":"https:\/\/www.alliiertenmuseum.de\/wp-json\/wp\/v2\/comments?post=2369"}],"version-history":[{"count":21,"href":"https:\/\/www.alliiertenmuseum.de\/wp-json\/wp\/v2\/pages\/2369\/revisions"}],"predecessor-version":[{"id":33737,"href":"https:\/\/www.alliiertenmuseum.de\/wp-json\/wp\/v2\/pages\/2369\/revisions\/33737"}],"up":[{"embeddable":true,"href":"https:\/\/www.alliiertenmuseum.de\/wp-json\/wp\/v2\/pages\/2322"}],"wp:featuredmedia":[{"embeddable":true,"href":"https:\/\/www.alliiertenmuseum.de\/wp-json\/wp\/v2\/media\/388"}],"wp:attachment":[{"href":"https:\/\/www.alliiertenmuseum.de\/wp-json\/wp\/v2\/media?parent=2369"}],"curies":[{"name":"wp","href":"https:\/\/api.w.org\/{rel}","templated":true}]}}