{"id":33101,"date":"2024-08-28T11:07:20","date_gmt":"2024-08-28T09:07:20","guid":{"rendered":"https:\/\/www.alliiertenmuseum.de\/?page_id=33101"},"modified":"2025-09-02T11:46:37","modified_gmt":"2025-09-02T09:46:37","slug":"aktuelles","status":"publish","type":"page","link":"https:\/\/www.alliiertenmuseum.de\/en\/museum\/aktuelles\/","title":{"rendered":"Outpost building site \u2013 The Museum is open"},"content":{"rendered":"\n<div class=\"wp-block-columns row-style-1 md-m-0 is-layout-flex wp-container-core-columns-is-layout-9d6595d7 wp-block-columns-is-layout-flex\">\n<div class=\"wp-block-column is-layout-flow wp-block-column-is-layout-flow\">\n<p>The <strong>Outpost Theater building<\/strong> is currently closed for renovation, but even if things are a bit dusty or a construction fence stands in the way, the Allied Museum exhibitions are still worth a visit. We have chosen our favorite objects from the detailed presentation on the postwar era in the Outpost Theater and put them on display in the <strong>Nicholson Memorial Library<\/strong>.<\/p>\n\n\n\n<p><\/p>\n<\/div>\n\n\n\n<div class=\"wp-block-column is-layout-flow wp-block-column-is-layout-flow\">\n<p>We will keep you regularly informed on this page about the progress of construction and our future plans.<\/p>\n\n\n\n<p><\/p>\n\n\n\n<p><\/p>\n\n\n\n<p><\/p>\n<\/div>\n<\/div>\n\n\n\n<div class=\"slider\" class=\"wp-block-acv-slider\"><figure class=\"wp-block-image size-large\" data-link=\"https:\/\/www.alliiertenmuseum.de\/attachment\/alliierten-museum-outpost-geschlossen\"><a class=\"slide-media\" href=\"https:\/\/www.alliiertenmuseum.de\/attachment\/alliierten-museum-outpost-geschlossen\"><img loading=\"lazy\" decoding=\"async\" data-id=\"32619\" class=\"wp-image-32619\" src=\"https:\/\/www.alliiertenmuseum.de\/wp-content\/uploads\/alliierten-museum-outpost-geschlossen-576x1024.webp\" alt=\"\" title=\"\" width=\"576\" height=\"1024\" srcset=\"https:\/\/www.alliiertenmuseum.de\/wp-content\/uploads\/alliierten-museum-outpost-geschlossen-576x1024.webp 576w, https:\/\/www.alliiertenmuseum.de\/wp-content\/uploads\/alliierten-museum-outpost-geschlossen-169x300.webp 169w, https:\/\/www.alliiertenmuseum.de\/wp-content\/uploads\/alliierten-museum-outpost-geschlossen-768x1365.webp 768w, https:\/\/www.alliiertenmuseum.de\/wp-content\/uploads\/alliierten-museum-outpost-geschlossen-864x1536.webp 864w, https:\/\/www.alliiertenmuseum.de\/wp-content\/uploads\/alliierten-museum-outpost-geschlossen-1152x2048.webp 1152w, https:\/\/www.alliiertenmuseum.de\/wp-content\/uploads\/alliierten-museum-outpost-geschlossen-28x50.webp 28w, https:\/\/www.alliiertenmuseum.de\/wp-content\/uploads\/alliierten-museum-outpost-geschlossen-scaled.webp 1440w\" sizes=\"auto, (max-width: 576px) 100vw, 576px\" \/><\/a><figcaption class=\"slide-caption\">The Outpost Theater building is currently closed.<\/figcaption><\/figure><figure class=\"wp-block-image size-large\" data-link=\"https:\/\/www.alliiertenmuseum.de\/attachment\/alliierten-museum-baustelle\"><a class=\"slide-media\" href=\"https:\/\/www.alliiertenmuseum.de\/attachment\/alliierten-museum-baustelle\"><img loading=\"lazy\" decoding=\"async\" data-id=\"32617\" class=\"wp-image-32617\" src=\"https:\/\/www.alliiertenmuseum.de\/wp-content\/uploads\/alliierten-museum-baustelle-1024x577.webp\" alt=\"\" title=\"\" width=\"1024\" height=\"577\" srcset=\"https:\/\/www.alliiertenmuseum.de\/wp-content\/uploads\/alliierten-museum-baustelle-1024x577.webp 1024w, https:\/\/www.alliiertenmuseum.de\/wp-content\/uploads\/alliierten-museum-baustelle-300x169.webp 300w, https:\/\/www.alliiertenmuseum.de\/wp-content\/uploads\/alliierten-museum-baustelle-768x432.webp 768w, https:\/\/www.alliiertenmuseum.de\/wp-content\/uploads\/alliierten-museum-baustelle-1536x865.webp 1536w, https:\/\/www.alliiertenmuseum.de\/wp-content\/uploads\/alliierten-museum-baustelle-2048x1153.webp 2048w, https:\/\/www.alliiertenmuseum.de\/wp-content\/uploads\/alliierten-museum-baustelle-50x28.webp 50w\" sizes=\"auto, (max-width: 1024px) 100vw, 1024px\" \/><\/a><figcaption class=\"slide-caption\"><\/figcaption><\/figure><figure class=\"wp-block-image size-large\" data-link=\"https:\/\/www.alliiertenmuseum.de\/attachment\/alliierten-museum-objekt-blindgaenger\"><a class=\"slide-media\" href=\"https:\/\/www.alliiertenmuseum.de\/attachment\/alliierten-museum-objekt-blindgaenger\"><img loading=\"lazy\" decoding=\"async\" data-id=\"32536\" class=\"wp-image-32536\" src=\"https:\/\/www.alliiertenmuseum.de\/wp-content\/uploads\/alliierten-museum-objekt-blindgaenger-577x1024.webp\" alt=\"\" title=\"\" width=\"577\" height=\"1024\" srcset=\"https:\/\/www.alliiertenmuseum.de\/wp-content\/uploads\/alliierten-museum-objekt-blindgaenger-577x1024.webp 577w, https:\/\/www.alliiertenmuseum.de\/wp-content\/uploads\/alliierten-museum-objekt-blindgaenger-169x300.webp 169w, https:\/\/www.alliiertenmuseum.de\/wp-content\/uploads\/alliierten-museum-objekt-blindgaenger-768x1364.webp 768w, https:\/\/www.alliiertenmuseum.de\/wp-content\/uploads\/alliierten-museum-objekt-blindgaenger-865x1536.webp 865w, https:\/\/www.alliiertenmuseum.de\/wp-content\/uploads\/alliierten-museum-objekt-blindgaenger-1153x2048.webp 1153w, https:\/\/www.alliiertenmuseum.de\/wp-content\/uploads\/alliierten-museum-objekt-blindgaenger-28x50.webp 28w, https:\/\/www.alliiertenmuseum.de\/wp-content\/uploads\/alliierten-museum-objekt-blindgaenger-scaled.webp 1442w\" sizes=\"auto, (max-width: 577px) 100vw, 577px\" \/><\/a><figcaption class=\"slide-caption\"><\/figcaption><\/figure><figure class=\"wp-block-image size-large\" data-link=\"https:\/\/www.alliiertenmuseum.de\/attachment\/alliierten-museum-aufbau-kommandantura\"><a class=\"slide-media\" href=\"https:\/\/www.alliiertenmuseum.de\/attachment\/alliierten-museum-aufbau-kommandantura\"><img loading=\"lazy\" decoding=\"async\" data-id=\"32534\" class=\"wp-image-32534\" src=\"https:\/\/www.alliiertenmuseum.de\/wp-content\/uploads\/alliierten-museum-aufbau-kommandantura-771x1024.webp\" alt=\"\" title=\"\" width=\"771\" height=\"1024\" srcset=\"https:\/\/www.alliiertenmuseum.de\/wp-content\/uploads\/alliierten-museum-aufbau-kommandantura-771x1024.webp 771w, https:\/\/www.alliiertenmuseum.de\/wp-content\/uploads\/alliierten-museum-aufbau-kommandantura-226x300.webp 226w, https:\/\/www.alliiertenmuseum.de\/wp-content\/uploads\/alliierten-museum-aufbau-kommandantura-768x1020.webp 768w, https:\/\/www.alliiertenmuseum.de\/wp-content\/uploads\/alliierten-museum-aufbau-kommandantura-1157x1536.webp 1157w, https:\/\/www.alliiertenmuseum.de\/wp-content\/uploads\/alliierten-museum-aufbau-kommandantura-1542x2048.webp 1542w, https:\/\/www.alliiertenmuseum.de\/wp-content\/uploads\/alliierten-museum-aufbau-kommandantura-38x50.webp 38w, https:\/\/www.alliiertenmuseum.de\/wp-content\/uploads\/alliierten-museum-aufbau-kommandantura-scaled.webp 1928w\" sizes=\"auto, (max-width: 771px) 100vw, 771px\" \/><\/a><figcaption class=\"slide-caption\"><\/figcaption><\/figure><figure class=\"wp-block-image size-large\" data-link=\"https:\/\/www.alliiertenmuseum.de\/attachment\/alliierten-museum-dauerausstellung-aufbau\"><a class=\"slide-media\" href=\"https:\/\/www.alliiertenmuseum.de\/attachment\/alliierten-museum-dauerausstellung-aufbau\"><img loading=\"lazy\" decoding=\"async\" data-id=\"32535\" class=\"wp-image-32535\" src=\"https:\/\/www.alliiertenmuseum.de\/wp-content\/uploads\/alliierten-museum-dauerausstellung-aufbau-1024x576.webp\" alt=\"\" title=\"\" width=\"1024\" height=\"576\" srcset=\"https:\/\/www.alliiertenmuseum.de\/wp-content\/uploads\/alliierten-museum-dauerausstellung-aufbau-1024x576.webp 1024w, https:\/\/www.alliiertenmuseum.de\/wp-content\/uploads\/alliierten-museum-dauerausstellung-aufbau-300x169.webp 300w, https:\/\/www.alliiertenmuseum.de\/wp-content\/uploads\/alliierten-museum-dauerausstellung-aufbau-768x432.webp 768w, https:\/\/www.alliiertenmuseum.de\/wp-content\/uploads\/alliierten-museum-dauerausstellung-aufbau-1536x864.webp 1536w, https:\/\/www.alliiertenmuseum.de\/wp-content\/uploads\/alliierten-museum-dauerausstellung-aufbau-2048x1152.webp 2048w, https:\/\/www.alliiertenmuseum.de\/wp-content\/uploads\/alliierten-museum-dauerausstellung-aufbau-50x28.webp 50w\" sizes=\"auto, (max-width: 1024px) 100vw, 1024px\" \/><\/a><figcaption class=\"slide-caption\"><\/figcaption><\/figure><\/div>\n\n\n\n<article class=\"post-teaser post-teaser-exhibition wp-block-media-text is-vertically-aligned-center post-1277 exhibition type-exhibition status-publish has-post-thumbnail hentry en-US\">\n            <figure class=\"post-thumbnail wp-block-media-text__media\">\n                            <p class=\"d-none-xs-to-full\"><span class=\"highlighted mobile-element\">Permanent exhibition<\/span><\/p>\n                        <img loading=\"lazy\" decoding=\"async\" width=\"1024\" height=\"683\" src=\"https:\/\/www.alliiertenmuseum.de\/wp-content\/uploads\/alliierten-museum-dauerausstellung-besatzung-luftbruecke-1024x683.webp\" class=\"attachment-large size-large landscape\" alt=\"Exhibition room in the Allied Museum on the post-war period, with several display cases containing documents and objects, a clothing display case, text panels, an audio station, and a large black-and-white photo, above which hang Allied flags.\" srcset=\"https:\/\/www.alliiertenmuseum.de\/wp-content\/uploads\/alliierten-museum-dauerausstellung-besatzung-luftbruecke-1024x683.webp 1024w, https:\/\/www.alliiertenmuseum.de\/wp-content\/uploads\/alliierten-museum-dauerausstellung-besatzung-luftbruecke-300x200.webp 300w, https:\/\/www.alliiertenmuseum.de\/wp-content\/uploads\/alliierten-museum-dauerausstellung-besatzung-luftbruecke-768x512.webp 768w, https:\/\/www.alliiertenmuseum.de\/wp-content\/uploads\/alliierten-museum-dauerausstellung-besatzung-luftbruecke-1536x1024.webp 1536w, https:\/\/www.alliiertenmuseum.de\/wp-content\/uploads\/alliierten-museum-dauerausstellung-besatzung-luftbruecke-2048x1365.webp 2048w, https:\/\/www.alliiertenmuseum.de\/wp-content\/uploads\/alliierten-museum-dauerausstellung-besatzung-luftbruecke-50x33.webp 50w\" sizes=\"auto, (max-width: 1024px) 100vw, 1024px\" \/>                    <\/figure>\n\t    <div class=\"wp-block-media-text__content\">\n                    <p class=\"d-none-min\"><span class=\"highlighted\">Permanent exhibition<\/span><\/p>\n        \t\t<h2 class=\"entry-title\"><a href=\"https:\/\/www.alliiertenmuseum.de\/en\/ausstellung\/how-enemies-became-friends\/\" rel=\"bookmark\">How Enemies Became Friends<\/a><\/h2>\t\t\t\t<p>The history of the Western powers in Berlin is full of suspense and drama. It begins with the American, British, and French occupying troops marching into Berlin in 1945 and ends with the Allies\u2019 ceremonial withdrawal in 1994.<\/p>\n        <div class=\"wp-block-buttons\">\n            <div class=\"wp-block-button\">\n                <a class=\"wp-block-button__link\" href=\"https:\/\/www.alliiertenmuseum.de\/en\/ausstellung\/how-enemies-became-friends\/\">\n                    Learn more                <\/a>\n            <\/div>\n        <\/div>\n    <\/div>\n<\/article><!-- #post-1277 -->\n\n\n\n<div class=\"wp-block-group\"><div class=\"wp-block-group__inner-container is-layout-flow wp-block-group-is-layout-flow\">\n<div class=\"wp-block-group\"><div class=\"wp-block-group__inner-container is-layout-flow wp-block-group-is-layout-flow\"><\/div><\/div>\n<\/div><\/div>\n","protected":false},"excerpt":{"rendered":"<p>The Outpost Theater building is currently closed for renovation, but even if things are a bit dusty or a construction fence stands in the way, the Allied Museum exhibitions are still worth a visit.<\/p>\n","protected":false},"author":12,"featured_media":0,"parent":2094,"menu_order":0,"comment_status":"closed","ping_status":"closed","template":"","meta":{"_highline":"The Latest Information","_subtitle":"CURRENT INFORMATION FOR YOUR VISIT","_locale":"en_US","_original_post":"https:\/\/www.alliiertenmuseum.de\/?page_id=32430","_featured_cover":false,"_featured_caption":"               ","_featured_caption_checkbox":true,"_featured_alt":"","_pinkie_id":32648,"_pinkie_caption":false,"_pinkie_alt":"Front view of the Outpost museum building with a display board \u201cOutpost construction site - museum open\u201d","footnotes":"","_post-color":[]},"class_list":["post-33101","page","type-page","status-publish","has-post-thumbnail","hentry","en-US"],"featured_image_src":null,"yoast_head":"<!-- This site is optimized with the Yoast SEO plugin v26.2 - https:\/\/yoast.com\/wordpress\/plugins\/seo\/ -->\n<title>Ein Museum des 21. Jahrhunderts - AlliiertenMuseum<\/title>\n<meta name=\"description\" content=\"Das Museum plant seine Neugr\u00fcndung am Flughafen Tempelhof, um die Rolle der Westm\u00e4chte f\u00fcr die Demokratie in Deutschland zu thematisieren.\" \/>\n<meta name=\"robots\" content=\"index, follow, max-snippet:-1, max-image-preview:large, max-video-preview:-1\" \/>\n<link rel=\"canonical\" href=\"https:\/\/www.alliiertenmuseum.de\/en\/museum\/aktuelles\/\" \/>\n<meta property=\"og:locale\" content=\"en_US\" \/>\n<meta property=\"og:type\" content=\"article\" \/>\n<meta property=\"og:title\" content=\"Ein Museum des 21. Jahrhunderts - AlliiertenMuseum\" \/>\n<meta property=\"og:description\" content=\"Das Museum plant seine Neugr\u00fcndung am Flughafen Tempelhof, um die Rolle der Westm\u00e4chte f\u00fcr die Demokratie in Deutschland zu thematisieren.\" \/>\n<meta property=\"og:url\" content=\"https:\/\/www.alliiertenmuseum.de\/en\/museum\/aktuelles\/\" \/>\n<meta property=\"og:site_name\" content=\"AlliiertenMuseum\" \/>\n<meta property=\"article:modified_time\" content=\"2025-09-02T09:46:37+00:00\" \/>\n<meta property=\"og:image\" content=\"https:\/\/www.alliiertenmuseum.de\/wp-content\/uploads\/alliierten-museum-outpost-geschlossen-scaled.webp\" \/>\n\t<meta property=\"og:image:width\" content=\"1440\" \/>\n\t<meta property=\"og:image:height\" content=\"2560\" \/>\n\t<meta property=\"og:image:type\" content=\"image\/webp\" \/>\n<meta name=\"twitter:card\" content=\"summary_large_image\" \/>\n<meta name=\"twitter:label1\" content=\"Est. reading time\" \/>\n\t<meta name=\"twitter:data1\" content=\"2 minutes\" \/>\n<script type=\"application\/ld+json\" class=\"yoast-schema-graph\">{\"@context\":\"https:\/\/schema.org\",\"@graph\":[{\"@type\":\"WebPage\",\"@id\":\"https:\/\/www.alliiertenmuseum.de\/en\/museum\/aktuelles\/\",\"url\":\"https:\/\/www.alliiertenmuseum.de\/en\/museum\/aktuelles\/\",\"name\":\"Ein Museum des 21. Jahrhunderts - AlliiertenMuseum\",\"isPartOf\":{\"@id\":\"https:\/\/www.alliiertenmuseum.de\/#website\"},\"primaryImageOfPage\":{\"@id\":\"https:\/\/www.alliiertenmuseum.de\/en\/museum\/aktuelles\/#primaryimage\"},\"image\":{\"@id\":\"https:\/\/www.alliiertenmuseum.de\/en\/museum\/aktuelles\/#primaryimage\"},\"thumbnailUrl\":\"https:\/\/www.alliiertenmuseum.de\/wp-content\/uploads\/alliierten-museum-outpost-geschlossen-576x1024.webp\",\"datePublished\":\"2024-08-28T09:07:20+00:00\",\"dateModified\":\"2025-09-02T09:46:37+00:00\",\"description\":\"Das Museum plant seine Neugr\u00fcndung am Flughafen Tempelhof, um die Rolle der Westm\u00e4chte f\u00fcr die Demokratie in Deutschland zu thematisieren.\",\"breadcrumb\":{\"@id\":\"https:\/\/www.alliiertenmuseum.de\/en\/museum\/aktuelles\/#breadcrumb\"},\"inLanguage\":\"en-US\",\"potentialAction\":[{\"@type\":\"ReadAction\",\"target\":[\"https:\/\/www.alliiertenmuseum.de\/en\/museum\/aktuelles\/\"]}]},{\"@type\":\"ImageObject\",\"inLanguage\":\"en-US\",\"@id\":\"https:\/\/www.alliiertenmuseum.de\/en\/museum\/aktuelles\/#primaryimage\",\"url\":\"https:\/\/www.alliiertenmuseum.de\/wp-content\/uploads\/alliierten-museum-outpost-geschlossen-scaled.webp\",\"contentUrl\":\"https:\/\/www.alliiertenmuseum.de\/wp-content\/uploads\/alliierten-museum-outpost-geschlossen-scaled.webp\",\"width\":1440,\"height\":2560,\"caption\":\"Das Outpost Theater ist geschlossen.\"},{\"@type\":\"BreadcrumbList\",\"@id\":\"https:\/\/www.alliiertenmuseum.de\/en\/museum\/aktuelles\/#breadcrumb\",\"itemListElement\":[{\"@type\":\"ListItem\",\"position\":1,\"name\":\"Startseite\",\"item\":\"https:\/\/www.alliiertenmuseum.de\/en\/\"},{\"@type\":\"ListItem\",\"position\":2,\"name\":\"Museum\",\"item\":\"https:\/\/www.alliiertenmuseum.de\/en\/museum\/\"},{\"@type\":\"ListItem\",\"position\":3,\"name\":\"Outpost building site \u2013 The Museum is open\"}]},{\"@type\":\"WebSite\",\"@id\":\"https:\/\/www.alliiertenmuseum.de\/#website\",\"url\":\"https:\/\/www.alliiertenmuseum.de\/\",\"name\":\"AlliiertenMuseum\",\"description\":\"\",\"publisher\":{\"@id\":\"https:\/\/www.alliiertenmuseum.de\/#organization\"},\"potentialAction\":[{\"@type\":\"SearchAction\",\"target\":{\"@type\":\"EntryPoint\",\"urlTemplate\":\"https:\/\/www.alliiertenmuseum.de\/?s={search_term_string}\"},\"query-input\":{\"@type\":\"PropertyValueSpecification\",\"valueRequired\":true,\"valueName\":\"search_term_string\"}}],\"inLanguage\":\"en-US\"},{\"@type\":\"Organization\",\"@id\":\"https:\/\/www.alliiertenmuseum.de\/#organization\",\"name\":\"AlliiertenMuseum\",\"url\":\"https:\/\/www.alliiertenmuseum.de\/\",\"logo\":{\"@type\":\"ImageObject\",\"inLanguage\":\"en-US\",\"@id\":\"https:\/\/www.alliiertenmuseum.de\/#\/schema\/logo\/image\/\",\"url\":\"https:\/\/www.alliiertenmuseum.de\/wp-content\/uploads\/2021\/05\/logo.svg\",\"contentUrl\":\"https:\/\/www.alliiertenmuseum.de\/wp-content\/uploads\/2021\/05\/logo.svg\",\"caption\":\"AlliiertenMuseum\"},\"image\":{\"@id\":\"https:\/\/www.alliiertenmuseum.de\/#\/schema\/logo\/image\/\"}}]}<\/script>\n<!-- \/ Yoast SEO plugin. -->","yoast_head_json":{"title":"Ein Museum des 21. Jahrhunderts - AlliiertenMuseum","description":"Das Museum plant seine Neugr\u00fcndung am Flughafen Tempelhof, um die Rolle der Westm\u00e4chte f\u00fcr die Demokratie in Deutschland zu thematisieren.","robots":{"index":"index","follow":"follow","max-snippet":"max-snippet:-1","max-image-preview":"max-image-preview:large","max-video-preview":"max-video-preview:-1"},"canonical":"https:\/\/www.alliiertenmuseum.de\/en\/museum\/aktuelles\/","og_locale":"en_US","og_type":"article","og_title":"Ein Museum des 21. Jahrhunderts - AlliiertenMuseum","og_description":"Das Museum plant seine Neugr\u00fcndung am Flughafen Tempelhof, um die Rolle der Westm\u00e4chte f\u00fcr die Demokratie in Deutschland zu thematisieren.","og_url":"https:\/\/www.alliiertenmuseum.de\/en\/museum\/aktuelles\/","og_site_name":"AlliiertenMuseum","article_modified_time":"2025-09-02T09:46:37+00:00","og_image":[{"width":1440,"height":2560,"url":"https:\/\/www.alliiertenmuseum.de\/wp-content\/uploads\/alliierten-museum-outpost-geschlossen-scaled.webp","type":"image\/webp"}],"twitter_card":"summary_large_image","twitter_misc":{"Est. reading time":"2 minutes"},"schema":{"@context":"https:\/\/schema.org","@graph":[{"@type":"WebPage","@id":"https:\/\/www.alliiertenmuseum.de\/en\/museum\/aktuelles\/","url":"https:\/\/www.alliiertenmuseum.de\/en\/museum\/aktuelles\/","name":"Ein Museum des 21. Jahrhunderts - AlliiertenMuseum","isPartOf":{"@id":"https:\/\/www.alliiertenmuseum.de\/#website"},"primaryImageOfPage":{"@id":"https:\/\/www.alliiertenmuseum.de\/en\/museum\/aktuelles\/#primaryimage"},"image":{"@id":"https:\/\/www.alliiertenmuseum.de\/en\/museum\/aktuelles\/#primaryimage"},"thumbnailUrl":"https:\/\/www.alliiertenmuseum.de\/wp-content\/uploads\/alliierten-museum-outpost-geschlossen-576x1024.webp","datePublished":"2024-08-28T09:07:20+00:00","dateModified":"2025-09-02T09:46:37+00:00","description":"Das Museum plant seine Neugr\u00fcndung am Flughafen Tempelhof, um die Rolle der Westm\u00e4chte f\u00fcr die Demokratie in Deutschland zu thematisieren.","breadcrumb":{"@id":"https:\/\/www.alliiertenmuseum.de\/en\/museum\/aktuelles\/#breadcrumb"},"inLanguage":"en-US","potentialAction":[{"@type":"ReadAction","target":["https:\/\/www.alliiertenmuseum.de\/en\/museum\/aktuelles\/"]}]},{"@type":"ImageObject","inLanguage":"en-US","@id":"https:\/\/www.alliiertenmuseum.de\/en\/museum\/aktuelles\/#primaryimage","url":"https:\/\/www.alliiertenmuseum.de\/wp-content\/uploads\/alliierten-museum-outpost-geschlossen-scaled.webp","contentUrl":"https:\/\/www.alliiertenmuseum.de\/wp-content\/uploads\/alliierten-museum-outpost-geschlossen-scaled.webp","width":1440,"height":2560,"caption":"Das Outpost Theater ist geschlossen."},{"@type":"BreadcrumbList","@id":"https:\/\/www.alliiertenmuseum.de\/en\/museum\/aktuelles\/#breadcrumb","itemListElement":[{"@type":"ListItem","position":1,"name":"Startseite","item":"https:\/\/www.alliiertenmuseum.de\/en\/"},{"@type":"ListItem","position":2,"name":"Museum","item":"https:\/\/www.alliiertenmuseum.de\/en\/museum\/"},{"@type":"ListItem","position":3,"name":"Outpost building site \u2013 The Museum is open"}]},{"@type":"WebSite","@id":"https:\/\/www.alliiertenmuseum.de\/#website","url":"https:\/\/www.alliiertenmuseum.de\/","name":"AlliiertenMuseum","description":"","publisher":{"@id":"https:\/\/www.alliiertenmuseum.de\/#organization"},"potentialAction":[{"@type":"SearchAction","target":{"@type":"EntryPoint","urlTemplate":"https:\/\/www.alliiertenmuseum.de\/?s={search_term_string}"},"query-input":{"@type":"PropertyValueSpecification","valueRequired":true,"valueName":"search_term_string"}}],"inLanguage":"en-US"},{"@type":"Organization","@id":"https:\/\/www.alliiertenmuseum.de\/#organization","name":"AlliiertenMuseum","url":"https:\/\/www.alliiertenmuseum.de\/","logo":{"@type":"ImageObject","inLanguage":"en-US","@id":"https:\/\/www.alliiertenmuseum.de\/#\/schema\/logo\/image\/","url":"https:\/\/www.alliiertenmuseum.de\/wp-content\/uploads\/2021\/05\/logo.svg","contentUrl":"https:\/\/www.alliiertenmuseum.de\/wp-content\/uploads\/2021\/05\/logo.svg","caption":"AlliiertenMuseum"},"image":{"@id":"https:\/\/www.alliiertenmuseum.de\/#\/schema\/logo\/image\/"}}]}},"_links":{"self":[{"href":"https:\/\/www.alliiertenmuseum.de\/wp-json\/wp\/v2\/pages\/33101","targetHints":{"allow":["GET"]}}],"collection":[{"href":"https:\/\/www.alliiertenmuseum.de\/wp-json\/wp\/v2\/pages"}],"about":[{"href":"https:\/\/www.alliiertenmuseum.de\/wp-json\/wp\/v2\/types\/page"}],"author":[{"embeddable":true,"href":"https:\/\/www.alliiertenmuseum.de\/wp-json\/wp\/v2\/users\/12"}],"replies":[{"embeddable":true,"href":"https:\/\/www.alliiertenmuseum.de\/wp-json\/wp\/v2\/comments?post=33101"}],"version-history":[{"count":5,"href":"https:\/\/www.alliiertenmuseum.de\/wp-json\/wp\/v2\/pages\/33101\/revisions"}],"predecessor-version":[{"id":35749,"href":"https:\/\/www.alliiertenmuseum.de\/wp-json\/wp\/v2\/pages\/33101\/revisions\/35749"}],"up":[{"embeddable":true,"href":"https:\/\/www.alliiertenmuseum.de\/wp-json\/wp\/v2\/pages\/2094"}],"wp:attachment":[{"href":"https:\/\/www.alliiertenmuseum.de\/wp-json\/wp\/v2\/media?parent=33101"}],"curies":[{"name":"wp","href":"https:\/\/api.w.org\/{rel}","templated":true}]}}