{"id":1549,"date":"2021-06-21T20:38:31","date_gmt":"2021-06-21T18:38:31","guid":{"rendered":"http:\/\/stage.alm.smithberlin.com\/?page_id=1549"},"modified":"2021-10-29T12:31:48","modified_gmt":"2021-10-29T10:31:48","slug":"liste-de-diffusion-presse","status":"publish","type":"page","link":"https:\/\/www.alliiertenmuseum.de\/fr\/presse\/liste-de-diffusion-presse\/","title":{"rendered":"Liste de diffusion presse"},"content":{"rendered":"\n<p class=\"ml-0 form-sent-remove\">Si vous souhaitez recevoir \u00e0 l\u2019avenir les communiqu\u00e9s de presse et les invitations presse en allemand du Mus\u00e9e des Alli\u00e9s, nous vous inscrivons volontiers sur notre liste de diffusion presse.<\/p>\n\n\n\n<div class=\"wp-block-contact-form-7-contact-form-selector\">\n<div class=\"wpcf7 no-js\" id=\"wpcf7-f1548-o1\" lang=\"fr-FR\" dir=\"ltr\" data-wpcf7-id=\"1548\">\n<div class=\"screen-reader-response\"><p role=\"status\" aria-live=\"polite\" aria-atomic=\"true\"><\/p> <ul><\/ul><\/div>\n<form action=\"\/fr\/wp-json\/wp\/v2\/pages\/1549#wpcf7-f1548-o1\" method=\"post\" class=\"wpcf7-form init wpcf7-acceptance-as-validation\" aria-label=\"Formulaire de contact\" novalidate=\"novalidate\" data-status=\"init\">\n<fieldset class=\"hidden-fields-container\"><input type=\"hidden\" name=\"_wpcf7\" value=\"1548\" \/><input type=\"hidden\" name=\"_wpcf7_version\" value=\"6.1.3\" \/><input type=\"hidden\" name=\"_wpcf7_locale\" value=\"fr_FR\" \/><input type=\"hidden\" name=\"_wpcf7_unit_tag\" value=\"wpcf7-f1548-o1\" \/><input type=\"hidden\" name=\"_wpcf7_container_post\" value=\"0\" \/><input type=\"hidden\" name=\"_wpcf7_posted_data_hash\" value=\"\" \/>\n<\/fieldset>\n\n<div id=\"form-wrapper\" class=\"alignwide centered\">\n    <p style=\"font-size: 1rem;\">*Champs obligatoires<\/p>\n\n    <div class=\"wp-block-columns\">\n        <h3>Liste de diffusion presse<\/h3>\n    <\/div>\n    <div class=\"wp-block-columns\">\n        <div class=\"form-item wp-block-column\">\n            <label class=\"required\" for=\"vorname\">Pr\u00e9nom<\/label>\n            <span class=\"wpcf7-form-control-wrap\" data-name=\"vorname\"><input size=\"40\" maxlength=\"400\" class=\"wpcf7-form-control wpcf7-text wpcf7-validates-as-required\" id=\"vorname\" autocomplete=\"given-name\" aria-required=\"true\" aria-invalid=\"false\" value=\"\" type=\"text\" name=\"vorname\" \/><\/span>\n        <\/div>\n        <div class=\"form-item wp-block-column\">\n            <label class=\"required\" for=\"nachname\">Nom<\/label>\n            <span class=\"wpcf7-form-control-wrap\" data-name=\"nachname\"><input size=\"40\" maxlength=\"400\" class=\"wpcf7-form-control wpcf7-text wpcf7-validates-as-required\" id=\"nachname\" autocomplete=\"family-name\" aria-required=\"true\" aria-invalid=\"false\" value=\"\" type=\"text\" name=\"nachname\" \/><\/span>\n        <\/div>\n    <\/div>\n    <div class=\"wp-block-columns\">\n        <div class=\"form-item wp-block-column\">\n            <label class=\"required\" for=\"phone\">T\u00e9l\u00e9phone<\/label>\n            <span class=\"wpcf7-form-control-wrap\" data-name=\"phone\"><input size=\"40\" maxlength=\"400\" class=\"wpcf7-form-control wpcf7-tel wpcf7-validates-as-required wpcf7-text wpcf7-validates-as-tel\" id=\"phone\" autocomplete=\"tel\" aria-required=\"true\" aria-invalid=\"false\" value=\"\" type=\"tel\" name=\"phone\" \/><\/span>\n        <\/div>\n        <div class=\"form-item wp-block-column\">\n            <label class=\"required\" for=\"email\">Adresse mail<\/label>\n            <span class=\"wpcf7-form-control-wrap\" data-name=\"email\"><input size=\"40\" maxlength=\"400\" class=\"wpcf7-form-control wpcf7-email wpcf7-validates-as-required wpcf7-text wpcf7-validates-as-email\" id=\"email\" autocomplete=\"email\" aria-required=\"true\" aria-invalid=\"false\" value=\"\" type=\"email\" name=\"email\" \/><\/span>\n        <\/div>\n    <\/div>\n    <div class=\"wp-block-columns\">\n        <h3>Organe de presse\/Soci\u00e9t\u00e9<\/h3>\n    <\/div>\n    <div class=\"wp-block-columns\">\n        <div class=\"form-item wp-block-column\">\n            <label class=\"required\" for=\"medium\">Organe de presse\/Soci\u00e9t\u00e9<\/label>\n            <span class=\"wpcf7-form-control-wrap\" data-name=\"medium\"><input size=\"40\" maxlength=\"400\" class=\"wpcf7-form-control wpcf7-text wpcf7-validates-as-required\" id=\"medium\" aria-required=\"true\" aria-invalid=\"false\" value=\"\" type=\"text\" name=\"medium\" \/><\/span>\n        <\/div>\n        <div class=\"form-item wp-block-column\">\n            <label class=\"required\" for=\"redaktion\">R\u00e9daction<\/label>\n            <span class=\"wpcf7-form-control-wrap\" data-name=\"redaktion\"><input size=\"40\" maxlength=\"400\" class=\"wpcf7-form-control wpcf7-text wpcf7-validates-as-required\" id=\"redaktion\" aria-required=\"true\" aria-invalid=\"false\" value=\"\" type=\"text\" name=\"redaktion\" \/><\/span>\n        <\/div>\n    <\/div>\n\n    <span><label>Cat\u00e9gorie*<\/label><\/span>\n    <span class=\"wpcf7-form-control-wrap\" data-name=\"kategorie\"><span class=\"wpcf7-form-control wpcf7-checkbox wpcf7-validates-as-required\"><span class=\"wpcf7-list-item first\"><label><input type=\"checkbox\" name=\"kategorie[]\" value=\"TV\" \/><span class=\"wpcf7-list-item-label\">TV<\/span><\/label><\/span><span class=\"wpcf7-list-item\"><label><input type=\"checkbox\" name=\"kategorie[]\" value=\"Print\" \/><span class=\"wpcf7-list-item-label\">Print<\/span><\/label><\/span><span class=\"wpcf7-list-item\"><label><input type=\"checkbox\" name=\"kategorie[]\" value=\"Radio\" \/><span class=\"wpcf7-list-item-label\">Radio<\/span><\/label><\/span><span class=\"wpcf7-list-item\"><label><input type=\"checkbox\" name=\"kategorie[]\" value=\"Internet\" \/><span class=\"wpcf7-list-item-label\">Internet<\/span><\/label><\/span><span class=\"wpcf7-list-item\"><label><input type=\"checkbox\" name=\"kategorie[]\" value=\"Blog\" \/><span class=\"wpcf7-list-item-label\">Blog<\/span><\/label><\/span><span class=\"wpcf7-list-item\"><label><input type=\"checkbox\" name=\"kategorie[]\" value=\"Social Media\" \/><span class=\"wpcf7-list-item-label\">Social Media<\/span><\/label><\/span><span class=\"wpcf7-list-item\"><label><input type=\"checkbox\" name=\"kategorie[]\" value=\"Agence de presse\" \/><span class=\"wpcf7-list-item-label\">Agence de presse<\/span><\/label><\/span><span class=\"wpcf7-list-item\"><label><input type=\"checkbox\" name=\"kategorie[]\" value=\"Photojournaliste\" \/><span class=\"wpcf7-list-item-label\">Photojournaliste<\/span><\/label><\/span><span class=\"wpcf7-list-item\"><label><input type=\"checkbox\" name=\"kategorie[]\" value=\"R\u00e9dacteur\/R\u00e9dactrice photo\" \/><span class=\"wpcf7-list-item-label\">R\u00e9dacteur\/R\u00e9dactrice photo<\/span><\/label><\/span><span class=\"wpcf7-list-item\"><label><input type=\"checkbox\" name=\"kategorie[]\" value=\"Photojournaliste\" \/><span class=\"wpcf7-list-item-label\">Photojournaliste<\/span><\/label><\/span><span class=\"wpcf7-list-item last\"><label><input type=\"checkbox\" name=\"kategorie[]\" value=\"Free-lance\" \/><span class=\"wpcf7-list-item-label\">Free-lance<\/span><\/label><\/span><\/span><\/span>\n\n    <div class=\"wp-block-columns\">\n        <span class=\"wpcf7-form-control-wrap\" data-name=\"acceptance\"><span class=\"wpcf7-form-control wpcf7-acceptance\"><span class=\"wpcf7-list-item\"><label><input type=\"checkbox\" name=\"acceptance\" value=\"1\" aria-invalid=\"false\" \/><span class=\"wpcf7-list-item-label\">Je consens au traitement de mes donn\u00e9es personnelles \u00e0 des fins de contact et dans le respect de la <a class=\"a-hover\" href=\"\/fr\/politique-de-protection-des-donnees\">d\u00e9claration sur la protection des donn\u00e9es<\/a> .*<\/span><\/label><\/span><\/span><\/span>\n    <\/div>\n\n    <div class=\"wp-block-columns\">\n        <a href=\"\/presse\" class=\"button link icont-arrow-left-before\" data-tab=\"prev\">Retour<\/a><button id='submit' class='wpcf7-submit' style=\"margin-left: auto\">Envoyer<\/button>\n    <\/div>\n    <p><span class=\"wpcf7-form-control-wrap kc_captcha\" data-name=\"kc_captcha\"><span class=\"wpcf7-form-control wpcf7-radio\"><span class=\"captcha-image\" ><span class=\"cf7ic_instructions\">Veuillez prouver que vous \u00eates humain en s\u00e9lectionnant<span> le camion<\/span>.<\/span><label><input aria-label=\"1\" type=\"radio\" name=\"kc_captcha\" value=\"kc_human\" \/><svg aria-hidden=\"true\" role=\"img\" xmlns=\"http:\/\/www.w3.org\/2000\/svg\" viewBox=\"0 0 640 512\"><path fill=\"currentColor\" d=\"M624 352h-16V244c0-13-5-25-14-34L494 110c-9-9-21-14-34-14h-44V48c0-26-21-48-48-48H48C22 0 0 22 0 48v320c0 27 22 48 48 48h16a96 96 0 00192 0h128a96 96 0 00192 0h48c9 0 16-7 16-16v-32c0-9-7-16-16-16zM160 464a48 48 0 110-96 48 48 0 010 96zm320 0a48 48 0 110-96 48 48 0 010 96zm80-208H416V144h44l100 100v12z\"\/><\/svg><\/label><label><input aria-label=\"2\" type=\"radio\" name=\"kc_captcha\" value=\"bot\" \/><svg aria-hidden=\"true\" role=\"img\" xmlns=\"http:\/\/www.w3.org\/2000\/svg\" viewBox=\"0 0 384 512\"><path fill=\"currentColor\" d=\"M377 375l-83-87h34c21 0 32-25 17-40l-82-88h33c21 0 32-25 18-40L210 8c-10-11-26-11-36 0L70 120c-14 15-3 40 18 40h33l-82 88c-15 15-4 40 17 40h34L7 375c-15 16-4 41 17 41h120c0 33-11 49-34 68-12 9-5 28 10 28h144c15 0 22-19 10-28-20-16-34-32-34-68h120c21 0 32-25 17-41z\"\/><\/svg><\/label><label><input aria-label=\"3\" type=\"radio\" name=\"kc_captcha\" value=\"bot\" \/><svg aria-hidden=\"true\" role=\"img\" xmlns=\"http:\/\/www.w3.org\/2000\/svg\" viewBox=\"0 0 576 512\"><path fill=\"currentColor\" d=\"M472 200H360L256 6a12 12 0 00-10-6h-58c-8 0-14 7-12 15l34 185H100l-35-58a12 12 0 00-10-6H12c-8 0-13 7-12 14l21 106L0 362c-1 7 4 14 12 14h43c4 0 8-2 10-6l35-58h110l-34 185c-2 8 4 15 12 15h58a12 12 0 0010-6l104-194h112c57 0 104-25 104-56s-47-56-104-56z\"\/><\/svg><\/label>\r\n    <\/span>\r\n    <span style=\"display:none\">\r\n        <input type=\"text\" name=\"kc_honeypot\">\r\n    <\/span><\/span><\/span><\/p>\n    <span id=\"wpcf7-69e47dd8a675a-wrapper\" class=\"wpcf7-form-control-wrap press-mailing-list-fr-wrap\" style=\"display:none !important; visibility:hidden !important;\"><label for=\"wpcf7-69e47dd8a675a-field\" class=\"hp-message\">Veuillez laisser ce champ vide.<\/label><input id=\"wpcf7-69e47dd8a675a-field\"  class=\"wpcf7-form-control wpcf7-text\" type=\"text\" name=\"press-mailing-list-fr\" value=\"\" size=\"40\" tabindex=\"-1\" autocomplete=\"new-password\" \/><\/span>\n<\/div>\n\n<div id=\"success-message\" class=\"alignwide centered\">\n\n    <strong>Vos donn\u00e9es ont bien \u00e9t\u00e9 enregistr\u00e9es.<\/strong><br \/>\n    Merci de confirmer votre inscription sur la liste de diffusion presse en allemand dans le mail que nous vous envoyons en suivant.\n\n    <a href=\"\/fr\" class=\"button\">Vers la page d\u2019accueil<\/a>\n\n<\/div><div class=\"wpcf7-response-output\" aria-hidden=\"true\"><\/div>\n<\/form>\n<\/div>\n<\/div>\n\n\n\n<p><\/p>\n","protected":false},"excerpt":{"rendered":"<p>Si vous souhaitez recevoir \u00e0 l\u2019avenir les communiqu\u00e9s de presse et les invitations presse en allemand du Mus\u00e9e des Alli\u00e9s, nous vous inscrivons volontiers sur notre liste de diffusion presse.<\/p>\n","protected":false},"author":1,"featured_media":0,"parent":3318,"menu_order":0,"comment_status":"closed","ping_status":"closed","template":"","meta":{"_highline":"","_subtitle":"","_locale":"fr_FR","_original_post":"https:\/\/www.alliiertenmuseum.de\/?page_id=1455","_featured_cover":false,"_featured_caption":"","_featured_caption_checkbox":false,"_featured_alt":"","_pinkie_id":0,"_pinkie_caption":false,"_pinkie_alt":"","footnotes":"","_post-color":[]},"class_list":["post-1549","page","type-page","status-publish","hentry","fr-FR"],"featured_image_src":null,"yoast_head":"<!-- This site is optimized with the Yoast SEO plugin v26.2 - https:\/\/yoast.com\/wordpress\/plugins\/seo\/ -->\n<title>Liste de diffusion presse - AlliiertenMuseum<\/title>\n<meta name=\"robots\" content=\"index, follow, max-snippet:-1, max-image-preview:large, max-video-preview:-1\" \/>\n<link rel=\"canonical\" href=\"https:\/\/www.alliiertenmuseum.de\/fr\/presse\/liste-de-diffusion-presse\/\" \/>\n<meta property=\"og:locale\" content=\"fr_FR\" \/>\n<meta property=\"og:type\" content=\"article\" \/>\n<meta property=\"og:title\" content=\"Liste de diffusion presse - AlliiertenMuseum\" \/>\n<meta property=\"og:description\" content=\"Si vous souhaitez recevoir \u00e0 l\u2019avenir les communiqu\u00e9s de presse et les invitations presse en allemand du Mus\u00e9e des Alli\u00e9s, nous vous inscrivons volontiers sur notre liste de diffusion presse.\" \/>\n<meta property=\"og:url\" content=\"https:\/\/www.alliiertenmuseum.de\/fr\/presse\/liste-de-diffusion-presse\/\" \/>\n<meta property=\"og:site_name\" content=\"AlliiertenMuseum\" \/>\n<meta property=\"article:modified_time\" content=\"2021-10-29T10:31:48+00:00\" \/>\n<meta name=\"twitter:card\" content=\"summary_large_image\" \/>\n<meta name=\"twitter:label1\" content=\"Dur\u00e9e de lecture estim\u00e9e\" \/>\n\t<meta name=\"twitter:data1\" content=\"1 minute\" \/>\n<script type=\"application\/ld+json\" class=\"yoast-schema-graph\">{\"@context\":\"https:\/\/schema.org\",\"@graph\":[{\"@type\":\"WebPage\",\"@id\":\"https:\/\/www.alliiertenmuseum.de\/fr\/presse\/liste-de-diffusion-presse\/\",\"url\":\"https:\/\/www.alliiertenmuseum.de\/fr\/presse\/liste-de-diffusion-presse\/\",\"name\":\"Liste de diffusion presse - AlliiertenMuseum\",\"isPartOf\":{\"@id\":\"https:\/\/www.alliiertenmuseum.de\/#website\"},\"datePublished\":\"2021-06-21T18:38:31+00:00\",\"dateModified\":\"2021-10-29T10:31:48+00:00\",\"breadcrumb\":{\"@id\":\"https:\/\/www.alliiertenmuseum.de\/fr\/presse\/liste-de-diffusion-presse\/#breadcrumb\"},\"inLanguage\":\"fr-FR\",\"potentialAction\":[{\"@type\":\"ReadAction\",\"target\":[\"https:\/\/www.alliiertenmuseum.de\/fr\/presse\/liste-de-diffusion-presse\/\"]}]},{\"@type\":\"BreadcrumbList\",\"@id\":\"https:\/\/www.alliiertenmuseum.de\/fr\/presse\/liste-de-diffusion-presse\/#breadcrumb\",\"itemListElement\":[{\"@type\":\"ListItem\",\"position\":1,\"name\":\"Startseite\",\"item\":\"https:\/\/www.alliiertenmuseum.de\/fr\/\"},{\"@type\":\"ListItem\",\"position\":2,\"name\":\"Presse\",\"item\":\"https:\/\/www.alliiertenmuseum.de\/fr\/presse\/\"},{\"@type\":\"ListItem\",\"position\":3,\"name\":\"Liste de diffusion presse\"}]},{\"@type\":\"WebSite\",\"@id\":\"https:\/\/www.alliiertenmuseum.de\/#website\",\"url\":\"https:\/\/www.alliiertenmuseum.de\/\",\"name\":\"AlliiertenMuseum\",\"description\":\"\",\"publisher\":{\"@id\":\"https:\/\/www.alliiertenmuseum.de\/#organization\"},\"potentialAction\":[{\"@type\":\"SearchAction\",\"target\":{\"@type\":\"EntryPoint\",\"urlTemplate\":\"https:\/\/www.alliiertenmuseum.de\/?s={search_term_string}\"},\"query-input\":{\"@type\":\"PropertyValueSpecification\",\"valueRequired\":true,\"valueName\":\"search_term_string\"}}],\"inLanguage\":\"fr-FR\"},{\"@type\":\"Organization\",\"@id\":\"https:\/\/www.alliiertenmuseum.de\/#organization\",\"name\":\"AlliiertenMuseum\",\"url\":\"https:\/\/www.alliiertenmuseum.de\/\",\"logo\":{\"@type\":\"ImageObject\",\"inLanguage\":\"fr-FR\",\"@id\":\"https:\/\/www.alliiertenmuseum.de\/#\/schema\/logo\/image\/\",\"url\":\"https:\/\/www.alliiertenmuseum.de\/wp-content\/uploads\/2021\/05\/logo.svg\",\"contentUrl\":\"https:\/\/www.alliiertenmuseum.de\/wp-content\/uploads\/2021\/05\/logo.svg\",\"caption\":\"AlliiertenMuseum\"},\"image\":{\"@id\":\"https:\/\/www.alliiertenmuseum.de\/#\/schema\/logo\/image\/\"}}]}<\/script>\n<!-- \/ Yoast SEO plugin. -->","yoast_head_json":{"title":"Liste de diffusion presse - AlliiertenMuseum","robots":{"index":"index","follow":"follow","max-snippet":"max-snippet:-1","max-image-preview":"max-image-preview:large","max-video-preview":"max-video-preview:-1"},"canonical":"https:\/\/www.alliiertenmuseum.de\/fr\/presse\/liste-de-diffusion-presse\/","og_locale":"fr_FR","og_type":"article","og_title":"Liste de diffusion presse - AlliiertenMuseum","og_description":"Si vous souhaitez recevoir \u00e0 l\u2019avenir les communiqu\u00e9s de presse et les invitations presse en allemand du Mus\u00e9e des Alli\u00e9s, nous vous inscrivons volontiers sur notre liste de diffusion presse.","og_url":"https:\/\/www.alliiertenmuseum.de\/fr\/presse\/liste-de-diffusion-presse\/","og_site_name":"AlliiertenMuseum","article_modified_time":"2021-10-29T10:31:48+00:00","twitter_card":"summary_large_image","twitter_misc":{"Dur\u00e9e de lecture estim\u00e9e":"1 minute"},"schema":{"@context":"https:\/\/schema.org","@graph":[{"@type":"WebPage","@id":"https:\/\/www.alliiertenmuseum.de\/fr\/presse\/liste-de-diffusion-presse\/","url":"https:\/\/www.alliiertenmuseum.de\/fr\/presse\/liste-de-diffusion-presse\/","name":"Liste de diffusion presse - AlliiertenMuseum","isPartOf":{"@id":"https:\/\/www.alliiertenmuseum.de\/#website"},"datePublished":"2021-06-21T18:38:31+00:00","dateModified":"2021-10-29T10:31:48+00:00","breadcrumb":{"@id":"https:\/\/www.alliiertenmuseum.de\/fr\/presse\/liste-de-diffusion-presse\/#breadcrumb"},"inLanguage":"fr-FR","potentialAction":[{"@type":"ReadAction","target":["https:\/\/www.alliiertenmuseum.de\/fr\/presse\/liste-de-diffusion-presse\/"]}]},{"@type":"BreadcrumbList","@id":"https:\/\/www.alliiertenmuseum.de\/fr\/presse\/liste-de-diffusion-presse\/#breadcrumb","itemListElement":[{"@type":"ListItem","position":1,"name":"Startseite","item":"https:\/\/www.alliiertenmuseum.de\/fr\/"},{"@type":"ListItem","position":2,"name":"Presse","item":"https:\/\/www.alliiertenmuseum.de\/fr\/presse\/"},{"@type":"ListItem","position":3,"name":"Liste de diffusion presse"}]},{"@type":"WebSite","@id":"https:\/\/www.alliiertenmuseum.de\/#website","url":"https:\/\/www.alliiertenmuseum.de\/","name":"AlliiertenMuseum","description":"","publisher":{"@id":"https:\/\/www.alliiertenmuseum.de\/#organization"},"potentialAction":[{"@type":"SearchAction","target":{"@type":"EntryPoint","urlTemplate":"https:\/\/www.alliiertenmuseum.de\/?s={search_term_string}"},"query-input":{"@type":"PropertyValueSpecification","valueRequired":true,"valueName":"search_term_string"}}],"inLanguage":"fr-FR"},{"@type":"Organization","@id":"https:\/\/www.alliiertenmuseum.de\/#organization","name":"AlliiertenMuseum","url":"https:\/\/www.alliiertenmuseum.de\/","logo":{"@type":"ImageObject","inLanguage":"fr-FR","@id":"https:\/\/www.alliiertenmuseum.de\/#\/schema\/logo\/image\/","url":"https:\/\/www.alliiertenmuseum.de\/wp-content\/uploads\/2021\/05\/logo.svg","contentUrl":"https:\/\/www.alliiertenmuseum.de\/wp-content\/uploads\/2021\/05\/logo.svg","caption":"AlliiertenMuseum"},"image":{"@id":"https:\/\/www.alliiertenmuseum.de\/#\/schema\/logo\/image\/"}}]}},"_links":{"self":[{"href":"https:\/\/www.alliiertenmuseum.de\/wp-json\/wp\/v2\/pages\/1549","targetHints":{"allow":["GET"]}}],"collection":[{"href":"https:\/\/www.alliiertenmuseum.de\/wp-json\/wp\/v2\/pages"}],"about":[{"href":"https:\/\/www.alliiertenmuseum.de\/wp-json\/wp\/v2\/types\/page"}],"author":[{"embeddable":true,"href":"https:\/\/www.alliiertenmuseum.de\/wp-json\/wp\/v2\/users\/1"}],"replies":[{"embeddable":true,"href":"https:\/\/www.alliiertenmuseum.de\/wp-json\/wp\/v2\/comments?post=1549"}],"version-history":[{"count":3,"href":"https:\/\/www.alliiertenmuseum.de\/wp-json\/wp\/v2\/pages\/1549\/revisions"}],"predecessor-version":[{"id":6044,"href":"https:\/\/www.alliiertenmuseum.de\/wp-json\/wp\/v2\/pages\/1549\/revisions\/6044"}],"up":[{"embeddable":true,"href":"https:\/\/www.alliiertenmuseum.de\/wp-json\/wp\/v2\/pages\/3318"}],"wp:attachment":[{"href":"https:\/\/www.alliiertenmuseum.de\/wp-json\/wp\/v2\/media?parent=1549"}],"curies":[{"name":"wp","href":"https:\/\/api.w.org\/{rel}","templated":true}]}}