{"id":1557,"date":"2021-06-21T20:44:06","date_gmt":"2021-06-21T18:44:06","guid":{"rendered":"http:\/\/stage.alm.smithberlin.com\/?page_id=1557"},"modified":"2024-10-14T12:54:19","modified_gmt":"2024-10-14T10:54:19","slug":"partagez-vos-souvenirs-avec-nous","status":"publish","type":"page","link":"https:\/\/www.alliiertenmuseum.de\/fr\/partagez-vos-souvenirs-avec-nous\/","title":{"rendered":"Partagez vos souvenirs avec nous&nbsp;!"},"content":{"rendered":"\n<div class=\"wp-block-group alignwide\"><div class=\"wp-block-group__inner-container is-layout-flow wp-block-group-is-layout-flow\">\n<p class=\"form-sent-remove\">La collection est le c\u0153ur de chaque mus\u00e9e. C&rsquo;est pourquoi il nous tient \u00e0 c\u0153ur d&rsquo;enrichir r\u00e9guli\u00e8rement notre collection sur l&rsquo;histoire des puissances occidentales de 1945 \u00e0 1994 \u00e0 Berlin et en Allemagne. Nous demandons votre soutien pour cela. Vous avez conserv\u00e9 des objets, journaux, documents ou photos qui rappellent la pr\u00e9sence des puissances occidentales et que vous souhaiteriez mettre \u00e0 disposition du Mus\u00e9e des Alli\u00e9s ?<\/p>\n\n\n\n<p class=\"form-sent-remove\">Nous vous remercions de votre soutien et attendons avec impatience vos souvenirs personnels et leur histoire.<\/p>\n<\/div><\/div>\n\n\n\n<div class=\"wp-block-contact-form-7-contact-form-selector\">\n<div class=\"wpcf7 no-js\" id=\"wpcf7-f1554-o1\" lang=\"fr-FR\" dir=\"ltr\" data-wpcf7-id=\"1554\">\n<div class=\"screen-reader-response\"><p role=\"status\" aria-live=\"polite\" aria-atomic=\"true\"><\/p> <ul><\/ul><\/div>\n<form action=\"\/fr\/wp-json\/wp\/v2\/pages\/1557#wpcf7-f1554-o1\" method=\"post\" class=\"wpcf7-form init wpcf7-acceptance-as-validation\" aria-label=\"Formulaire de contact\" enctype=\"multipart\/form-data\" novalidate=\"novalidate\" data-status=\"init\">\n<fieldset class=\"hidden-fields-container\"><input type=\"hidden\" name=\"_wpcf7\" value=\"1554\" \/><input type=\"hidden\" name=\"_wpcf7_version\" value=\"6.1.3\" \/><input type=\"hidden\" name=\"_wpcf7_locale\" value=\"fr_FR\" \/><input type=\"hidden\" name=\"_wpcf7_unit_tag\" value=\"wpcf7-f1554-o1\" \/><input type=\"hidden\" name=\"_wpcf7_container_post\" value=\"0\" \/><input type=\"hidden\" name=\"_wpcf7_posted_data_hash\" value=\"\" \/>\n<\/fieldset>\n\n<div id=\"form-wrapper\" class=\"alignwide centered\">\n\n    <p style=\"margin-left: auto; font-size: 16px;\">*Champs obligatoires<\/p>\n\n    <div class=\"wp-block-columns\">\n        <div class=\"form-item wp-block-column\">\n            <label class=\"required\" for=\"vorname\">Pr\u00e9nom<\/label>\n            <span class=\"wpcf7-form-control-wrap\" data-name=\"vorname\"><input size=\"40\" maxlength=\"400\" class=\"wpcf7-form-control wpcf7-text wpcf7-validates-as-required\" id=\"vorname\" autocomplete=\"given-name\" aria-required=\"true\" aria-invalid=\"false\" value=\"\" type=\"text\" name=\"vorname\" \/><\/span>\n        <\/div>\n        <div class=\"form-item wp-block-column\">\n            <label class=\"required\" for=\"nachname\">Nom<\/label>\n            <span class=\"wpcf7-form-control-wrap\" data-name=\"nachname\"><input size=\"40\" maxlength=\"400\" class=\"wpcf7-form-control wpcf7-text wpcf7-validates-as-required\" id=\"nachname\" autocomplete=\"family-name\" aria-required=\"true\" aria-invalid=\"false\" value=\"\" type=\"text\" name=\"nachname\" \/><\/span>\n        <\/div>\n    <\/div>\n    <div class=\"wp-block-columns\">\n        <div class=\"form-item wp-block-column\">\n            <label for=\"phone\">T\u00e9l\u00e9phone<\/label>\n            <span class=\"wpcf7-form-control-wrap\" data-name=\"phone\"><input size=\"40\" maxlength=\"400\" class=\"wpcf7-form-control wpcf7-tel wpcf7-text wpcf7-validates-as-tel\" id=\"phone\" autocomplete=\"tel\" aria-invalid=\"false\" value=\"\" type=\"tel\" name=\"phone\" \/><\/span>\n        <\/div>\n        <div class=\"form-item wp-block-column\">\n            <label class=\"required\" for=\"email\">Adresse mail<\/label>\n            <span class=\"wpcf7-form-control-wrap\" data-name=\"email\"><input size=\"40\" maxlength=\"400\" class=\"wpcf7-form-control wpcf7-email wpcf7-validates-as-required wpcf7-text wpcf7-validates-as-email\" id=\"email\" autocomplete=\"email\" aria-required=\"true\" aria-invalid=\"false\" value=\"\" type=\"email\" name=\"email\" \/><\/span>\n        <\/div>\n    <\/div>\n    <div class=\"wp-block-columns\">\n        <div class=\"form-item wp-block-column\">\n            <label for=\"strasse\">Rue, Num\u00e9ro<\/label>\n            <span class=\"wpcf7-form-control-wrap\" data-name=\"strasse\"><input size=\"40\" maxlength=\"400\" class=\"wpcf7-form-control wpcf7-text\" id=\"strasse\" autocomplete=\"street-address\" aria-invalid=\"false\" value=\"\" type=\"text\" name=\"strasse\" \/><\/span>\n        <\/div>\n        <div class=\"form-item wp-block-column\">\n            <label for=\"plz\">Code postal, Ville<\/label>\n            <span class=\"wpcf7-form-control-wrap\" data-name=\"plz\"><input size=\"40\" maxlength=\"400\" class=\"wpcf7-form-control wpcf7-text\" id=\"plz\" autocomplete=\"postal-code\" aria-invalid=\"false\" value=\"\" type=\"text\" name=\"plz\" \/><\/span>\n        <\/div>\n    <\/div>\n    <div class=\"wp-block-columns\">\n        <div class=\"form-item wp-block-column\">\n            <label for=\"land\">Pays<\/label>\n            <span class=\"wpcf7-form-control-wrap\" data-name=\"land\"><input size=\"40\" maxlength=\"400\" class=\"wpcf7-form-control wpcf7-text\" id=\"land\" autocomplete=\"country-name\" aria-invalid=\"false\" value=\"\" type=\"text\" name=\"land\" \/><\/span>\n        <\/div>\n        <div class=\"form-item wp-block-column\"><\/div>\n    <\/div>\n\n    <div class=\"form-item form-item-textarea\">\n        <label for=\"nachricht\">Votre message*<\/label>\n        <span class=\"wpcf7-form-control-wrap\" data-name=\"nachricht\"><textarea cols=\"40\" rows=\"10\" maxlength=\"2000\" class=\"wpcf7-form-control wpcf7-textarea wpcf7-validates-as-required ml-0\" id=\"nachricht\" aria-required=\"true\" aria-invalid=\"false\" name=\"nachricht\"><\/textarea><\/span>\n    <\/div>\n\n    <div class=\"wp-block-columns mb-0\" style=\"align-items: baseline;\">\n        <p style=\"flex-basis: 80%\">Envoyez-nous vos souvenirs. Vous pouvez t\u00e9l\u00e9charger et envoyer des fichiers PNG et JPG jusqu'\u00e0 une taille totale de 16 Mo.<\/p>\n    <\/div>\n\n    <div class=\"wp-block-columns\">\n        <div class=\"form-item wp-block-column\" style=\"flex-direction: column; align-items: start;\">\n            <div id=\"mfcf7_zl_multifilecontainer\"><span class=\"mfcf7-zl-multiline-sample\" style=\"display:none\"><p class=\"wpcf7-form-control-wrap upload\"><input size=\"40\" class=\"wpcf7-form-control wpcf7-multilinefile btn-file\" value=\"File upload\" aria-invalid=\"false\" type=\"file\" name=\"upload[]\" \/> <span class=\"mfcf7-zl-multifile-name\"><\/span><a href=\"javascript:void(0);\" class=\"mfcf7_zl_delete_file\"><span class=\"delete-file\" aria-hidden=\"true\">&#x274C;<\/span><\/a><\/p><\/span><\/div><span class=\"wpcf7-form-control-wrap zl-form-control-wrap upload\"><input size=\"40\" class=\"wpcf7-form-control wpcf7-multilinefile btn-file\" value=\"File upload\" aria-invalid=\"false\" type=\"file\" name=\"upload[]\" \/> <span class=\"mfcf7-zl-multifile-name\"><\/span><a href=\"javascript:void(0);\" class=\"mfcf7_zl_delete_file\"><span class=\"delete-file\" aria-hidden=\"true\">&#x274C;<\/span><\/a><\/span><p><label><span class=\"wpcf7-form-control-wrap\" data-name=\"upload-zl-mfcf7-upld-btn\"><input type=\"button\" name=\"upload-zl-mfcf7-upld-btn\" class=\"button button-primary qbutton\" id=\"mfcf7_zl_add_file\" value=\"File upload\"><\/span><\/label><\/p>\n        <\/div>\n    <\/div>\n\n    <div class=\"wp-block-columns\">\n        <span class=\"wpcf7-form-control-wrap\" data-name=\"acceptance\"><span class=\"wpcf7-form-control wpcf7-acceptance\"><span class=\"wpcf7-list-item\"><label><input type=\"checkbox\" name=\"acceptance\" value=\"1\" aria-invalid=\"false\" \/><span class=\"wpcf7-list-item-label\">Je consens au traitement de mes donn\u00e9es personnelles \u00e0 des fins de r\u00e9ponse \u00e0 mon message et dans le respect de la <a class=\"a-hover\" href=\"\/fr\/politique-de-protection-des-donnees\">d\u00e9claration sur la protection des donn\u00e9es<\/a> .*<\/span><\/label><\/span><\/span><\/span>\n    <\/div>\n\n    <div class=\"wp-block-columns\">\n        <label for=\"submit\" style=\"cursor: pointer;align-self: center; margin: 0 0 0 auto;padding-right: 3.125rem; font-weight: bold;\">Envoyer maintenant<\/label>\n        <button type=\"submit\" id='submit' class='wpcf7-submit'><span class=\"sr-only\">Envoyer maintenant<\/span><\/button>\n    <\/div>\n    <p><span class=\"wpcf7-form-control-wrap kc_captcha\" data-name=\"kc_captcha\"><span class=\"wpcf7-form-control wpcf7-radio\"><span class=\"captcha-image\" ><span class=\"cf7ic_instructions\">Veuillez prouver que vous \u00eates humain en s\u00e9lectionnant<span> le camion<\/span>.<\/span><label><input aria-label=\"1\" type=\"radio\" name=\"kc_captcha\" value=\"bot\" \/><svg aria-hidden=\"true\" role=\"img\" xmlns=\"http:\/\/www.w3.org\/2000\/svg\" viewBox=\"0 0 576 512\"><path fill=\"currentColor\" d=\"M415 24c-53 0-103 42-127 65-24-23-74-65-127-65C70 24 16 77 16 166c0 72 67 133 69 135l187 181c9 8 23 8 32 0l187-180c2-3 69-64 69-136 0-89-54-142-145-142z\"\/><\/svg><\/label><label><input aria-label=\"2\" type=\"radio\" name=\"kc_captcha\" value=\"bot\" \/><svg aria-hidden=\"true\" role=\"img\" xmlns=\"http:\/\/www.w3.org\/2000\/svg\" viewBox=\"0 0 512 512\"><path fill=\"currentColor\" d=\"M500 168h-55l-8-21a127 127 0 00-120-83H195a127 127 0 00-120 83l-8 21H12c-8 0-14 8-11 16l8 24a12 12 0 0011 8h29a64 64 0 00-33 56v48c0 16 6 31 16 42v62c0 13 11 24 24 24h48c13 0 24-11 24-24v-40h256v40c0 13 11 24 24 24h48c13 0 24-11 24-24v-62c10-11 16-26 16-42v-48c0-24-13-45-33-56h29a12 12 0 0011-8l8-24c3-8-3-16-11-16zm-365 2c9-25 33-42 60-42h122c27 0 51 17 60 42l15 38H120l15-38zM88 328a32 32 0 010-64c18 0 48 30 48 48s-30 16-48 16zm336 0c-18 0-48 2-48-16s30-48 48-48 32 14 32 32-14 32-32 32z\"\/><\/svg><\/label><label><input aria-label=\"3\" type=\"radio\" name=\"kc_captcha\" value=\"kc_human\" \/><svg aria-hidden=\"true\" role=\"img\" xmlns=\"http:\/\/www.w3.org\/2000\/svg\" viewBox=\"0 0 640 512\"><path fill=\"currentColor\" d=\"M624 352h-16V244c0-13-5-25-14-34L494 110c-9-9-21-14-34-14h-44V48c0-26-21-48-48-48H48C22 0 0 22 0 48v320c0 27 22 48 48 48h16a96 96 0 00192 0h128a96 96 0 00192 0h48c9 0 16-7 16-16v-32c0-9-7-16-16-16zM160 464a48 48 0 110-96 48 48 0 010 96zm320 0a48 48 0 110-96 48 48 0 010 96zm80-208H416V144h44l100 100v12z\"\/><\/svg><\/label>\r\n    <\/span>\r\n    <span style=\"display:none\">\r\n        <input type=\"text\" name=\"kc_honeypot\">\r\n    <\/span><\/span><\/span><\/p>\n    <span id=\"wpcf7-69d2e81977f6e-wrapper\" class=\"wpcf7-form-control-wrap collection-fr-wrap\" style=\"display:none !important; visibility:hidden !important;\"><label for=\"wpcf7-69d2e81977f6e-field\" class=\"hp-message\">Veuillez laisser ce champ vide.<\/label><input id=\"wpcf7-69d2e81977f6e-field\"  class=\"wpcf7-form-control wpcf7-text\" type=\"text\" name=\"collection-fr\" value=\"\" size=\"40\" tabindex=\"-1\" autocomplete=\"new-password\" \/><\/span>\n<\/div>\n\n<div id=\"success-message\" class=\"alignwide centered\">\n\n    <strong>Merci pour votre message.<\/strong><br \/>\n    Nous traitons votre demande et vous r\u00e9pondons dans les meilleurs d\u00e9lais. Nous aurons peut-\u00eatre besoin de plusieurs jours et vous remercions de votre patience.\n    Le Mus\u00e9e des Alli\u00e9s\n\n    <a href=\"\/fr\" class=\"button\">Vers la page d\u2019accueil<\/a>\n\n<\/div><div class=\"wpcf7-response-output\" aria-hidden=\"true\"><\/div>\n<\/form>\n<\/div>\n<\/div>\n","protected":false},"excerpt":{"rendered":"<p>Vous avez conserv\u00e9 des objets, des journaux, des documents ou des photos qui rappellent la pr\u00e9sence des puissances occidentales et que vous souhaiteriez mettre \u00e0 la disposition du Mus\u00e9e des Alli\u00e9s ? Vous voulez sauvegarder pour les g\u00e9n\u00e9rations futures vos exp\u00e9riences personnelles avec les puissances occidentales dans le cadre d\u2019une interview de t\u00e9moin ? Prenez volontiers contact avec nous !<\/p>\n","protected":false},"author":1,"featured_media":274,"parent":0,"menu_order":0,"comment_status":"closed","ping_status":"closed","template":"","meta":{"_highline":"Collections","_subtitle":"","_locale":"fr_FR","_original_post":"https:\/\/www.alliiertenmuseum.de\/?page_id=272","_featured_cover":false,"_featured_caption":"","_featured_caption_checkbox":false,"_featured_alt":"<p class=\"MsoNormal\"><span lang=\"FR\" style=\"mso-ansi-language:FR\">Lors d'une journ\u00e9e portes ouvertes dans une caserne, des soldats am\u00e9ricains et des enfants communiquent entre eux via un t\u00e9l\u00e9phone portable.<\/span><\/p>","_pinkie_id":273,"_pinkie_caption":false,"_pinkie_alt":"<p class=\"MsoNormal\"><span lang=\"FR\" style=\"mso-ansi-language:FR\">Lors d'une journ\u00e9e portes ouvertes dans une caserne, des soldats am\u00e9ricains et des enfants communiquent entre eux via un t\u00e9l\u00e9phone portable.<\/span><\/p>","footnotes":"","_post-color":[]},"class_list":["post-1557","page","type-page","status-publish","has-post-thumbnail","hentry","fr-FR"],"featured_image_src":"https:\/\/www.alliiertenmuseum.de\/wp-content\/uploads\/2021\/05\/46296095_2200112100019465_6305932380544696320_n@2x-1.png","yoast_head":"<!-- This site is optimized with the Yoast SEO plugin v26.2 - https:\/\/yoast.com\/wordpress\/plugins\/seo\/ -->\n<title>Partagez vos souvenirs avec nous&nbsp;! - AlliiertenMuseum<\/title>\n<meta name=\"description\" content=\"Si vous \u00eates des t\u00e9moins ou si vous poss\u00e9dez des objets, des photos ou des documents sur l\u2019histoire des puissances occidentales \u00e0 Berlin, contactez-nous.\" \/>\n<meta name=\"robots\" content=\"index, follow, max-snippet:-1, max-image-preview:large, max-video-preview:-1\" \/>\n<link rel=\"canonical\" href=\"https:\/\/www.alliiertenmuseum.de\/fr\/partagez-vos-souvenirs-avec-nous\/\" \/>\n<meta property=\"og:locale\" content=\"fr_FR\" \/>\n<meta property=\"og:type\" content=\"article\" \/>\n<meta property=\"og:title\" content=\"Partagez vos souvenirs avec nous&nbsp;! - AlliiertenMuseum\" \/>\n<meta property=\"og:description\" content=\"Si vous \u00eates des t\u00e9moins ou si vous poss\u00e9dez des objets, des photos ou des documents sur l\u2019histoire des puissances occidentales \u00e0 Berlin, contactez-nous.\" \/>\n<meta property=\"og:url\" content=\"https:\/\/www.alliiertenmuseum.de\/fr\/partagez-vos-souvenirs-avec-nous\/\" \/>\n<meta property=\"og:site_name\" content=\"AlliiertenMuseum\" \/>\n<meta property=\"article:modified_time\" content=\"2024-10-14T10:54:19+00:00\" \/>\n<meta property=\"og:image\" content=\"https:\/\/www.alliiertenmuseum.de\/wp-content\/uploads\/2021\/05\/46296095_2200112100019465_6305932380544696320_n@2x-1-1024x421.png\" \/>\n\t<meta property=\"og:image:width\" content=\"1024\" \/>\n\t<meta property=\"og:image:height\" content=\"421\" \/>\n\t<meta property=\"og:image:type\" content=\"image\/png\" \/>\n<meta name=\"twitter:card\" content=\"summary_large_image\" \/>\n<meta name=\"twitter:label1\" content=\"Dur\u00e9e de lecture estim\u00e9e\" \/>\n\t<meta name=\"twitter:data1\" content=\"1 minute\" \/>\n<script type=\"application\/ld+json\" class=\"yoast-schema-graph\">{\"@context\":\"https:\/\/schema.org\",\"@graph\":[{\"@type\":\"WebPage\",\"@id\":\"https:\/\/www.alliiertenmuseum.de\/fr\/partagez-vos-souvenirs-avec-nous\/\",\"url\":\"https:\/\/www.alliiertenmuseum.de\/fr\/partagez-vos-souvenirs-avec-nous\/\",\"name\":\"Partagez vos souvenirs avec nous&nbsp;! - AlliiertenMuseum\",\"isPartOf\":{\"@id\":\"https:\/\/www.alliiertenmuseum.de\/#website\"},\"primaryImageOfPage\":{\"@id\":\"https:\/\/www.alliiertenmuseum.de\/fr\/partagez-vos-souvenirs-avec-nous\/#primaryimage\"},\"image\":{\"@id\":\"https:\/\/www.alliiertenmuseum.de\/fr\/partagez-vos-souvenirs-avec-nous\/#primaryimage\"},\"thumbnailUrl\":\"https:\/\/www.alliiertenmuseum.de\/wp-content\/uploads\/2021\/05\/46296095_2200112100019465_6305932380544696320_n@2x-1.png\",\"datePublished\":\"2021-06-21T18:44:06+00:00\",\"dateModified\":\"2024-10-14T10:54:19+00:00\",\"description\":\"Si vous \u00eates des t\u00e9moins ou si vous poss\u00e9dez des objets, des photos ou des documents sur l\u2019histoire des puissances occidentales \u00e0 Berlin, contactez-nous.\",\"breadcrumb\":{\"@id\":\"https:\/\/www.alliiertenmuseum.de\/fr\/partagez-vos-souvenirs-avec-nous\/#breadcrumb\"},\"inLanguage\":\"fr-FR\",\"potentialAction\":[{\"@type\":\"ReadAction\",\"target\":[\"https:\/\/www.alliiertenmuseum.de\/fr\/partagez-vos-souvenirs-avec-nous\/\"]}]},{\"@type\":\"ImageObject\",\"inLanguage\":\"fr-FR\",\"@id\":\"https:\/\/www.alliiertenmuseum.de\/fr\/partagez-vos-souvenirs-avec-nous\/#primaryimage\",\"url\":\"https:\/\/www.alliiertenmuseum.de\/wp-content\/uploads\/2021\/05\/46296095_2200112100019465_6305932380544696320_n@2x-1.png\",\"contentUrl\":\"https:\/\/www.alliiertenmuseum.de\/wp-content\/uploads\/2021\/05\/46296095_2200112100019465_6305932380544696320_n@2x-1.png\",\"width\":2922,\"height\":1200},{\"@type\":\"BreadcrumbList\",\"@id\":\"https:\/\/www.alliiertenmuseum.de\/fr\/partagez-vos-souvenirs-avec-nous\/#breadcrumb\",\"itemListElement\":[{\"@type\":\"ListItem\",\"position\":1,\"name\":\"Startseite\",\"item\":\"https:\/\/www.alliiertenmuseum.de\/fr\/\"},{\"@type\":\"ListItem\",\"position\":2,\"name\":\"Partagez vos souvenirs avec nous&nbsp;!\"}]},{\"@type\":\"WebSite\",\"@id\":\"https:\/\/www.alliiertenmuseum.de\/#website\",\"url\":\"https:\/\/www.alliiertenmuseum.de\/\",\"name\":\"AlliiertenMuseum\",\"description\":\"\",\"publisher\":{\"@id\":\"https:\/\/www.alliiertenmuseum.de\/#organization\"},\"potentialAction\":[{\"@type\":\"SearchAction\",\"target\":{\"@type\":\"EntryPoint\",\"urlTemplate\":\"https:\/\/www.alliiertenmuseum.de\/?s={search_term_string}\"},\"query-input\":{\"@type\":\"PropertyValueSpecification\",\"valueRequired\":true,\"valueName\":\"search_term_string\"}}],\"inLanguage\":\"fr-FR\"},{\"@type\":\"Organization\",\"@id\":\"https:\/\/www.alliiertenmuseum.de\/#organization\",\"name\":\"AlliiertenMuseum\",\"url\":\"https:\/\/www.alliiertenmuseum.de\/\",\"logo\":{\"@type\":\"ImageObject\",\"inLanguage\":\"fr-FR\",\"@id\":\"https:\/\/www.alliiertenmuseum.de\/#\/schema\/logo\/image\/\",\"url\":\"https:\/\/www.alliiertenmuseum.de\/wp-content\/uploads\/2021\/05\/logo.svg\",\"contentUrl\":\"https:\/\/www.alliiertenmuseum.de\/wp-content\/uploads\/2021\/05\/logo.svg\",\"caption\":\"AlliiertenMuseum\"},\"image\":{\"@id\":\"https:\/\/www.alliiertenmuseum.de\/#\/schema\/logo\/image\/\"}}]}<\/script>\n<!-- \/ Yoast SEO plugin. -->","yoast_head_json":{"title":"Partagez vos souvenirs avec nous&nbsp;! - AlliiertenMuseum","description":"Si vous \u00eates des t\u00e9moins ou si vous poss\u00e9dez des objets, des photos ou des documents sur l\u2019histoire des puissances occidentales \u00e0 Berlin, contactez-nous.","robots":{"index":"index","follow":"follow","max-snippet":"max-snippet:-1","max-image-preview":"max-image-preview:large","max-video-preview":"max-video-preview:-1"},"canonical":"https:\/\/www.alliiertenmuseum.de\/fr\/partagez-vos-souvenirs-avec-nous\/","og_locale":"fr_FR","og_type":"article","og_title":"Partagez vos souvenirs avec nous&nbsp;! - AlliiertenMuseum","og_description":"Si vous \u00eates des t\u00e9moins ou si vous poss\u00e9dez des objets, des photos ou des documents sur l\u2019histoire des puissances occidentales \u00e0 Berlin, contactez-nous.","og_url":"https:\/\/www.alliiertenmuseum.de\/fr\/partagez-vos-souvenirs-avec-nous\/","og_site_name":"AlliiertenMuseum","article_modified_time":"2024-10-14T10:54:19+00:00","og_image":[{"width":1024,"height":421,"url":"https:\/\/www.alliiertenmuseum.de\/wp-content\/uploads\/2021\/05\/46296095_2200112100019465_6305932380544696320_n@2x-1-1024x421.png","type":"image\/png"}],"twitter_card":"summary_large_image","twitter_misc":{"Dur\u00e9e de lecture estim\u00e9e":"1 minute"},"schema":{"@context":"https:\/\/schema.org","@graph":[{"@type":"WebPage","@id":"https:\/\/www.alliiertenmuseum.de\/fr\/partagez-vos-souvenirs-avec-nous\/","url":"https:\/\/www.alliiertenmuseum.de\/fr\/partagez-vos-souvenirs-avec-nous\/","name":"Partagez vos souvenirs avec nous&nbsp;! - AlliiertenMuseum","isPartOf":{"@id":"https:\/\/www.alliiertenmuseum.de\/#website"},"primaryImageOfPage":{"@id":"https:\/\/www.alliiertenmuseum.de\/fr\/partagez-vos-souvenirs-avec-nous\/#primaryimage"},"image":{"@id":"https:\/\/www.alliiertenmuseum.de\/fr\/partagez-vos-souvenirs-avec-nous\/#primaryimage"},"thumbnailUrl":"https:\/\/www.alliiertenmuseum.de\/wp-content\/uploads\/2021\/05\/46296095_2200112100019465_6305932380544696320_n@2x-1.png","datePublished":"2021-06-21T18:44:06+00:00","dateModified":"2024-10-14T10:54:19+00:00","description":"Si vous \u00eates des t\u00e9moins ou si vous poss\u00e9dez des objets, des photos ou des documents sur l\u2019histoire des puissances occidentales \u00e0 Berlin, contactez-nous.","breadcrumb":{"@id":"https:\/\/www.alliiertenmuseum.de\/fr\/partagez-vos-souvenirs-avec-nous\/#breadcrumb"},"inLanguage":"fr-FR","potentialAction":[{"@type":"ReadAction","target":["https:\/\/www.alliiertenmuseum.de\/fr\/partagez-vos-souvenirs-avec-nous\/"]}]},{"@type":"ImageObject","inLanguage":"fr-FR","@id":"https:\/\/www.alliiertenmuseum.de\/fr\/partagez-vos-souvenirs-avec-nous\/#primaryimage","url":"https:\/\/www.alliiertenmuseum.de\/wp-content\/uploads\/2021\/05\/46296095_2200112100019465_6305932380544696320_n@2x-1.png","contentUrl":"https:\/\/www.alliiertenmuseum.de\/wp-content\/uploads\/2021\/05\/46296095_2200112100019465_6305932380544696320_n@2x-1.png","width":2922,"height":1200},{"@type":"BreadcrumbList","@id":"https:\/\/www.alliiertenmuseum.de\/fr\/partagez-vos-souvenirs-avec-nous\/#breadcrumb","itemListElement":[{"@type":"ListItem","position":1,"name":"Startseite","item":"https:\/\/www.alliiertenmuseum.de\/fr\/"},{"@type":"ListItem","position":2,"name":"Partagez vos souvenirs avec nous&nbsp;!"}]},{"@type":"WebSite","@id":"https:\/\/www.alliiertenmuseum.de\/#website","url":"https:\/\/www.alliiertenmuseum.de\/","name":"AlliiertenMuseum","description":"","publisher":{"@id":"https:\/\/www.alliiertenmuseum.de\/#organization"},"potentialAction":[{"@type":"SearchAction","target":{"@type":"EntryPoint","urlTemplate":"https:\/\/www.alliiertenmuseum.de\/?s={search_term_string}"},"query-input":{"@type":"PropertyValueSpecification","valueRequired":true,"valueName":"search_term_string"}}],"inLanguage":"fr-FR"},{"@type":"Organization","@id":"https:\/\/www.alliiertenmuseum.de\/#organization","name":"AlliiertenMuseum","url":"https:\/\/www.alliiertenmuseum.de\/","logo":{"@type":"ImageObject","inLanguage":"fr-FR","@id":"https:\/\/www.alliiertenmuseum.de\/#\/schema\/logo\/image\/","url":"https:\/\/www.alliiertenmuseum.de\/wp-content\/uploads\/2021\/05\/logo.svg","contentUrl":"https:\/\/www.alliiertenmuseum.de\/wp-content\/uploads\/2021\/05\/logo.svg","caption":"AlliiertenMuseum"},"image":{"@id":"https:\/\/www.alliiertenmuseum.de\/#\/schema\/logo\/image\/"}}]}},"_links":{"self":[{"href":"https:\/\/www.alliiertenmuseum.de\/wp-json\/wp\/v2\/pages\/1557","targetHints":{"allow":["GET"]}}],"collection":[{"href":"https:\/\/www.alliiertenmuseum.de\/wp-json\/wp\/v2\/pages"}],"about":[{"href":"https:\/\/www.alliiertenmuseum.de\/wp-json\/wp\/v2\/types\/page"}],"author":[{"embeddable":true,"href":"https:\/\/www.alliiertenmuseum.de\/wp-json\/wp\/v2\/users\/1"}],"replies":[{"embeddable":true,"href":"https:\/\/www.alliiertenmuseum.de\/wp-json\/wp\/v2\/comments?post=1557"}],"version-history":[{"count":7,"href":"https:\/\/www.alliiertenmuseum.de\/wp-json\/wp\/v2\/pages\/1557\/revisions"}],"predecessor-version":[{"id":33937,"href":"https:\/\/www.alliiertenmuseum.de\/wp-json\/wp\/v2\/pages\/1557\/revisions\/33937"}],"wp:featuredmedia":[{"embeddable":true,"href":"https:\/\/www.alliiertenmuseum.de\/wp-json\/wp\/v2\/media\/274"}],"wp:attachment":[{"href":"https:\/\/www.alliiertenmuseum.de\/wp-json\/wp\/v2\/media?parent=1557"}],"curies":[{"name":"wp","href":"https:\/\/api.w.org\/{rel}","templated":true}]}}