{"id":2180,"date":"2021-08-18T16:26:28","date_gmt":"2021-08-18T14:26:28","guid":{"rendered":"http:\/\/stage.alm.smithberlin.com\/?page_id=2180"},"modified":"2025-09-02T12:10:28","modified_gmt":"2025-09-02T10:10:28","slug":"expositions","status":"publish","type":"page","link":"https:\/\/www.alliiertenmuseum.de\/fr\/expositions\/","title":{"rendered":"Expositions"},"content":{"rendered":"\n<article class=\"post-teaser post-teaser-exhibition wp-block-media-text is-vertically-aligned-center has-media-on-the-right alignfull post-1419 exhibition type-exhibition status-publish has-post-thumbnail hentry fr-FR\">\n            <figure class=\"post-thumbnail wp-block-media-text__media\">\n                            <p class=\"d-none-xs-to-full\"><span class=\"highlighted mobile-element\">Exposition permanente<\/span><\/p>\n                        <img loading=\"lazy\" decoding=\"async\" width=\"1024\" height=\"683\" src=\"https:\/\/www.alliiertenmuseum.de\/wp-content\/uploads\/alliierten-museum-dauerausstellung-besatzung-luftbruecke-1024x683.webp\" class=\"attachment-large size-large landscape\" alt=\"Salle d&#039;exposition du Mus\u00e9e des Alli\u00e9s consacr\u00e9e \u00e0 l&#039;apr\u00e8s-guerre, avec plusieurs vitrines contenant des documents et des objets, une vitrine pr\u00e9sentant des v\u00eatements, des panneaux explicatifs, une station d&#039;\u00e9coute et une grande photo en noir et blanc, au-dessus de laquelle sont accroch\u00e9s les drapeaux des Alli\u00e9s.\" srcset=\"https:\/\/www.alliiertenmuseum.de\/wp-content\/uploads\/alliierten-museum-dauerausstellung-besatzung-luftbruecke-1024x683.webp 1024w, https:\/\/www.alliiertenmuseum.de\/wp-content\/uploads\/alliierten-museum-dauerausstellung-besatzung-luftbruecke-300x200.webp 300w, https:\/\/www.alliiertenmuseum.de\/wp-content\/uploads\/alliierten-museum-dauerausstellung-besatzung-luftbruecke-768x512.webp 768w, https:\/\/www.alliiertenmuseum.de\/wp-content\/uploads\/alliierten-museum-dauerausstellung-besatzung-luftbruecke-1536x1024.webp 1536w, https:\/\/www.alliiertenmuseum.de\/wp-content\/uploads\/alliierten-museum-dauerausstellung-besatzung-luftbruecke-2048x1365.webp 2048w, https:\/\/www.alliiertenmuseum.de\/wp-content\/uploads\/alliierten-museum-dauerausstellung-besatzung-luftbruecke-50x33.webp 50w\" sizes=\"auto, (max-width: 1024px) 100vw, 1024px\" \/>                    <\/figure>\n\t    <div class=\"wp-block-media-text__content\">\n                    <p class=\"d-none-min\"><span class=\"highlighted\">Exposition permanente<\/span><\/p>\n        \t\t<h2 class=\"entry-title\"><a href=\"https:\/\/www.alliiertenmuseum.de\/fr\/ausstellung\/comment-des-ennemis-devinrent-amis\/\" rel=\"bookmark\">Comment des ennemis devinrent amis<\/a><\/h2>\t\t\t\t<p>L\u2019histoire des puissances occidentales \u00e0 Berlin est parcourue de tensions et de situations dramatiques. Elle commence avec l\u2019entr\u00e9e des troupes d\u2019occupation am\u00e9ricaines, britanniques et fran\u00e7aises dans Berlin en 1945 et s\u2019ach\u00e8ve par une c\u00e9r\u00e9monie officielle d\u2019adieux aux Alli\u00e9s en 1994.<\/p>\n        <div class=\"wp-block-buttons\">\n            <div class=\"wp-block-button\">\n                <a class=\"wp-block-button__link\" href=\"https:\/\/www.alliiertenmuseum.de\/fr\/ausstellung\/comment-des-ennemis-devinrent-amis\/\">\n                    En savoir plus                <\/a>\n            <\/div>\n        <\/div>\n    <\/div>\n<\/article><!-- #post-1419 -->\n\n\n\n\n\n<div class=\"wp-block-group alignwide\"><div class=\"wp-block-group__inner-container is-layout-flow wp-block-group-is-layout-flow\">\n<div class=\"wp-block-columns is-layout-flex wp-container-core-columns-is-layout-9d6595d7 wp-block-columns-is-layout-flex\">\n<div class=\"wp-block-column is-vertically-aligned-center is-layout-flow wp-block-column-is-layout-flow\" style=\"flex-basis:66.66%\">\n<h2 class=\"wp-block-heading\">Visites guid\u00e9es de nos expositions<\/h2>\n<\/div>\n\n\n\n<div class=\"wp-block-column is-vertically-aligned-center is-layout-flow wp-block-column-is-layout-flow\" style=\"flex-basis:33.33%\">\n<div class=\"wp-block-buttons is-horizontal is-content-justification-right is-layout-flex wp-container-core-buttons-is-layout-ae2fe186 wp-block-buttons-is-layout-flex\">\n<div class=\"wp-block-button\"><a class=\"wp-block-button__link wp-element-button\" href=\"https:\/\/www.alliiertenmuseum.de\/fr\/activites\/\">Toutes les activit\u00e9s<\/a><\/div>\n<\/div>\n<\/div>\n<\/div>\n\n\n\n\n        \n        <div class=\"post-list post-list-education alignwide\">\n\n            \n<article id=\"post-2247\" class=\"has-sidebar post-2247 education type-education status-publish has-post-thumbnail hentry education-target-group-erwachsene education-format-fuehrung fr-FR\">\n            <header class=\"entry-header\">\n\t\t\t<span class=\"highlighted\">Visite guid\u00e9e de l\u2019exposition permanente <\/span>\t\t\t<h2 class=\"entry-title\"><a href=\"https:\/\/www.alliiertenmuseum.de\/fr\/bildungsangebot\/comment-des-ennemis-devinrent-amis-tour\/\">Comment des ennemis devinrent amis<\/a><\/h2>        <\/header><!-- .entry-header -->\n\t\n    \n        <a class=\"post-thumbnail\" href=\"https:\/\/www.alliiertenmuseum.de\/fr\/bildungsangebot\/comment-des-ennemis-devinrent-amis-tour\/\" aria-hidden=\"true\" tabindex=\"-1\">\n            <img loading=\"lazy\" decoding=\"async\" width=\"2000\" height=\"1324\" src=\"https:\/\/www.alliiertenmuseum.de\/wp-content\/uploads\/2021\/06\/4.1_2-alliierten-museum-care-nachkriegszeit-fuehrung.jpg\" class=\"attachment-post-thumbnail size-post-thumbnail landscape\" alt=\"\" srcset=\"https:\/\/www.alliiertenmuseum.de\/wp-content\/uploads\/2021\/06\/4.1_2-alliierten-museum-care-nachkriegszeit-fuehrung.jpg 2000w, https:\/\/www.alliiertenmuseum.de\/wp-content\/uploads\/2021\/06\/4.1_2-alliierten-museum-care-nachkriegszeit-fuehrung-300x199.jpg 300w, https:\/\/www.alliiertenmuseum.de\/wp-content\/uploads\/2021\/06\/4.1_2-alliierten-museum-care-nachkriegszeit-fuehrung-1024x678.jpg 1024w, https:\/\/www.alliiertenmuseum.de\/wp-content\/uploads\/2021\/06\/4.1_2-alliierten-museum-care-nachkriegszeit-fuehrung-768x508.jpg 768w, https:\/\/www.alliiertenmuseum.de\/wp-content\/uploads\/2021\/06\/4.1_2-alliierten-museum-care-nachkriegszeit-fuehrung-1536x1017.jpg 1536w, https:\/\/www.alliiertenmuseum.de\/wp-content\/uploads\/2021\/06\/4.1_2-alliierten-museum-care-nachkriegszeit-fuehrung-50x33.jpg 50w\" sizes=\"auto, (max-width: 2000px) 100vw, 2000px\" \/>        <\/a>\n\n    \n            <footer class=\"entry-footer\" ><time datetime=\"PT60M\">60 minutes<\/time> | 80 \u20ac | 25 personnes max. | FR, DE, EN<\/footer>\n    <\/article><!-- #post-2247 -->\n\n<article id=\"post-2250\" class=\"has-sidebar post-2250 education type-education status-publish has-post-thumbnail hentry education-target-group-erwachsene education-format-kiezspaziergang fr-FR\">\n            <header class=\"entry-header\">\n\t\t\t<span class=\"highlighted\">Promenade<\/span>\t\t\t<h2 class=\"entry-title\"><a href=\"https:\/\/www.alliiertenmuseum.de\/fr\/bildungsangebot\/little-america-a-berlin-promenade\/\">Little America \u00e0 Berlin<\/a><\/h2>        <\/header><!-- .entry-header -->\n\t\n    \n        <a class=\"post-thumbnail\" href=\"https:\/\/www.alliiertenmuseum.de\/fr\/bildungsangebot\/little-america-a-berlin-promenade\/\" aria-hidden=\"true\" tabindex=\"-1\">\n            <img loading=\"lazy\" decoding=\"async\" width=\"2000\" height=\"1331\" src=\"https:\/\/www.alliiertenmuseum.de\/wp-content\/uploads\/2021\/06\/4.1_5-alliierten-museum-amerikanischer-sektor-fuehrung.jpg\" class=\"attachment-post-thumbnail size-post-thumbnail landscape\" alt=\"\" srcset=\"https:\/\/www.alliiertenmuseum.de\/wp-content\/uploads\/2021\/06\/4.1_5-alliierten-museum-amerikanischer-sektor-fuehrung.jpg 2000w, https:\/\/www.alliiertenmuseum.de\/wp-content\/uploads\/2021\/06\/4.1_5-alliierten-museum-amerikanischer-sektor-fuehrung-300x200.jpg 300w, https:\/\/www.alliiertenmuseum.de\/wp-content\/uploads\/2021\/06\/4.1_5-alliierten-museum-amerikanischer-sektor-fuehrung-1024x681.jpg 1024w, https:\/\/www.alliiertenmuseum.de\/wp-content\/uploads\/2021\/06\/4.1_5-alliierten-museum-amerikanischer-sektor-fuehrung-768x511.jpg 768w, https:\/\/www.alliiertenmuseum.de\/wp-content\/uploads\/2021\/06\/4.1_5-alliierten-museum-amerikanischer-sektor-fuehrung-1536x1022.jpg 1536w, https:\/\/www.alliiertenmuseum.de\/wp-content\/uploads\/2021\/06\/4.1_5-alliierten-museum-amerikanischer-sektor-fuehrung-50x33.jpg 50w\" sizes=\"auto, (max-width: 2000px) 100vw, 2000px\" \/>        <\/a>\n\n    \n            <footer class=\"entry-footer\" ><time datetime=\"PT60M\">60 minutes<\/time> | 80 \u20ac | 25 personnes max. | FR, DE, EN<\/footer>\n    <\/article><!-- #post-2250 -->\n\n<article id=\"post-8618\" class=\"has-sidebar post-8618 education type-education status-publish has-post-thumbnail hentry education-target-group-erwachsene education-target-group-schulklassen education-target-group-lehrkraefte education-target-group-familien education-target-group-menschen-mit-behinderung education-target-group-7-klasse education-target-group-8-klasse education-target-group-9-klasse education-target-group-10-klasse education-target-group-11-klasse education-target-group-12-klasse education-target-group-13-klasse fr-FR\">\n            <header class=\"entry-header\">\n\t\t\t\t\t\t<h2 class=\"entry-title\"><a href=\"https:\/\/www.alliiertenmuseum.de\/fr\/bildungsangebot\/multi-media-guide\/\">Par&shy;cou&shy;rir l&rsquo;ex&shy;po&shy;si&shy;tion per&shy;ma&shy;nente avec le guide multi&shy;m\u00e9dia<\/a><\/h2>        <\/header><!-- .entry-header -->\n\t\n    \n        <a class=\"post-thumbnail\" href=\"https:\/\/www.alliiertenmuseum.de\/fr\/bildungsangebot\/multi-media-guide\/\" aria-hidden=\"true\" tabindex=\"-1\">\n            <img loading=\"lazy\" decoding=\"async\" width=\"942\" height=\"529\" src=\"https:\/\/www.alliiertenmuseum.de\/wp-content\/uploads\/2023\/04\/alliierten-museum-multimediaguide-1.png\" class=\"attachment-post-thumbnail size-post-thumbnail landscape wp-post-image\" alt=\"Une main tenant un guide multim\u00e9dia\" srcset=\"https:\/\/www.alliiertenmuseum.de\/wp-content\/uploads\/2023\/04\/alliierten-museum-multimediaguide-1.png 942w, https:\/\/www.alliiertenmuseum.de\/wp-content\/uploads\/2023\/04\/alliierten-museum-multimediaguide-1-300x168.png 300w, https:\/\/www.alliiertenmuseum.de\/wp-content\/uploads\/2023\/04\/alliierten-museum-multimediaguide-1-768x431.png 768w, https:\/\/www.alliiertenmuseum.de\/wp-content\/uploads\/2023\/04\/alliierten-museum-multimediaguide-1-50x28.png 50w\" sizes=\"auto, (max-width: 942px) 100vw, 942px\" \/>        <\/a>\n\n    \n            <footer class=\"entry-footer\" ><time datetime=\"PT60M\">60 minutes<\/time> | DE, EN, FR<\/footer>\n    <\/article><!-- #post-8618 -->\n\n        <\/div>\n\n        \n<\/div><\/div>\n","protected":false},"excerpt":{"rendered":"<p>Visites guid\u00e9es de nos expositions<\/p>\n","protected":false},"author":1,"featured_media":5610,"parent":0,"menu_order":0,"comment_status":"closed","ping_status":"closed","template":"","meta":{"_highline":"Expositions","_subtitle":" L\u2019histoire des puissances occidentales \u00e0 Berlin de 1945 \u00e0 1994","_locale":"fr_FR","_original_post":"https:\/\/www.alliiertenmuseum.de\/?page_id=58","_featured_cover":true,"_featured_caption":"","_featured_caption_checkbox":false,"_featured_alt":"<p class=\"MsoNormal\"><span lang=\"FR\" style=\"mso-ansi-language:FR\">Baraque en bois du Checkpoint Charlie avec des soldats alli\u00e9s occidentaux en conversation avec des personnes en civil<\/span><\/p>","_pinkie_id":0,"_pinkie_caption":false,"_pinkie_alt":"","footnotes":"","_post-color":[]},"class_list":["post-2180","page","type-page","status-publish","has-post-thumbnail","hentry","fr-FR"],"featured_image_src":"https:\/\/www.alliiertenmuseum.de\/wp-content\/uploads\/2021\/10\/2.0-allied-checkpoint-charlie-cold-war-berlin_.jpg","yoast_head":"<!-- This site is optimized with the Yoast SEO plugin v26.2 - https:\/\/yoast.com\/wordpress\/plugins\/seo\/ -->\n<title>Expositions - AlliiertenMuseum<\/title>\n<meta name=\"description\" content=\"Le mus\u00e9e raconte l\u2019histoire de l\u2019entr\u00e9e dans Berlin des troupes d\u2019occupation occidentales en 1945 jusqu\u2019\u00e0 leur d\u00e9part en 1994.\" \/>\n<meta name=\"robots\" content=\"index, follow, max-snippet:-1, max-image-preview:large, max-video-preview:-1\" \/>\n<link rel=\"canonical\" href=\"https:\/\/www.alliiertenmuseum.de\/fr\/expositions\/\" \/>\n<meta property=\"og:locale\" content=\"fr_FR\" \/>\n<meta property=\"og:type\" content=\"article\" \/>\n<meta property=\"og:title\" content=\"Expositions - AlliiertenMuseum\" \/>\n<meta property=\"og:description\" content=\"Le mus\u00e9e raconte l\u2019histoire de l\u2019entr\u00e9e dans Berlin des troupes d\u2019occupation occidentales en 1945 jusqu\u2019\u00e0 leur d\u00e9part en 1994.\" \/>\n<meta property=\"og:url\" content=\"https:\/\/www.alliiertenmuseum.de\/fr\/expositions\/\" \/>\n<meta property=\"og:site_name\" content=\"AlliiertenMuseum\" \/>\n<meta property=\"article:modified_time\" content=\"2025-09-02T10:10:28+00:00\" \/>\n<meta property=\"og:image\" content=\"https:\/\/www.alliiertenmuseum.de\/wp-content\/uploads\/2021\/10\/2.0-allied-checkpoint-charlie-cold-war-berlin_.jpg\" \/>\n\t<meta property=\"og:image:width\" content=\"2000\" \/>\n\t<meta property=\"og:image:height\" content=\"1537\" \/>\n\t<meta property=\"og:image:type\" content=\"image\/jpeg\" \/>\n<meta name=\"twitter:card\" content=\"summary_large_image\" \/>\n<meta name=\"twitter:label1\" content=\"Dur\u00e9e de lecture estim\u00e9e\" \/>\n\t<meta name=\"twitter:data1\" content=\"1 minute\" \/>\n<script type=\"application\/ld+json\" class=\"yoast-schema-graph\">{\"@context\":\"https:\/\/schema.org\",\"@graph\":[{\"@type\":\"WebPage\",\"@id\":\"https:\/\/www.alliiertenmuseum.de\/fr\/expositions\/\",\"url\":\"https:\/\/www.alliiertenmuseum.de\/fr\/expositions\/\",\"name\":\"Expositions - AlliiertenMuseum\",\"isPartOf\":{\"@id\":\"https:\/\/www.alliiertenmuseum.de\/#website\"},\"primaryImageOfPage\":{\"@id\":\"https:\/\/www.alliiertenmuseum.de\/fr\/expositions\/#primaryimage\"},\"image\":{\"@id\":\"https:\/\/www.alliiertenmuseum.de\/fr\/expositions\/#primaryimage\"},\"thumbnailUrl\":\"https:\/\/www.alliiertenmuseum.de\/wp-content\/uploads\/2021\/10\/2.0-allied-checkpoint-charlie-cold-war-berlin_.jpg\",\"datePublished\":\"2021-08-18T14:26:28+00:00\",\"dateModified\":\"2025-09-02T10:10:28+00:00\",\"description\":\"Le mus\u00e9e raconte l\u2019histoire de l\u2019entr\u00e9e dans Berlin des troupes d\u2019occupation occidentales en 1945 jusqu\u2019\u00e0 leur d\u00e9part en 1994.\",\"breadcrumb\":{\"@id\":\"https:\/\/www.alliiertenmuseum.de\/fr\/expositions\/#breadcrumb\"},\"inLanguage\":\"fr-FR\",\"potentialAction\":[{\"@type\":\"ReadAction\",\"target\":[\"https:\/\/www.alliiertenmuseum.de\/fr\/expositions\/\"]}]},{\"@type\":\"ImageObject\",\"inLanguage\":\"fr-FR\",\"@id\":\"https:\/\/www.alliiertenmuseum.de\/fr\/expositions\/#primaryimage\",\"url\":\"https:\/\/www.alliiertenmuseum.de\/wp-content\/uploads\/2021\/10\/2.0-allied-checkpoint-charlie-cold-war-berlin_.jpg\",\"contentUrl\":\"https:\/\/www.alliiertenmuseum.de\/wp-content\/uploads\/2021\/10\/2.0-allied-checkpoint-charlie-cold-war-berlin_.jpg\",\"width\":2000,\"height\":1537},{\"@type\":\"BreadcrumbList\",\"@id\":\"https:\/\/www.alliiertenmuseum.de\/fr\/expositions\/#breadcrumb\",\"itemListElement\":[{\"@type\":\"ListItem\",\"position\":1,\"name\":\"Startseite\",\"item\":\"https:\/\/www.alliiertenmuseum.de\/fr\/\"},{\"@type\":\"ListItem\",\"position\":2,\"name\":\"Expositions\"}]},{\"@type\":\"WebSite\",\"@id\":\"https:\/\/www.alliiertenmuseum.de\/#website\",\"url\":\"https:\/\/www.alliiertenmuseum.de\/\",\"name\":\"AlliiertenMuseum\",\"description\":\"\",\"publisher\":{\"@id\":\"https:\/\/www.alliiertenmuseum.de\/#organization\"},\"potentialAction\":[{\"@type\":\"SearchAction\",\"target\":{\"@type\":\"EntryPoint\",\"urlTemplate\":\"https:\/\/www.alliiertenmuseum.de\/?s={search_term_string}\"},\"query-input\":{\"@type\":\"PropertyValueSpecification\",\"valueRequired\":true,\"valueName\":\"search_term_string\"}}],\"inLanguage\":\"fr-FR\"},{\"@type\":\"Organization\",\"@id\":\"https:\/\/www.alliiertenmuseum.de\/#organization\",\"name\":\"AlliiertenMuseum\",\"url\":\"https:\/\/www.alliiertenmuseum.de\/\",\"logo\":{\"@type\":\"ImageObject\",\"inLanguage\":\"fr-FR\",\"@id\":\"https:\/\/www.alliiertenmuseum.de\/#\/schema\/logo\/image\/\",\"url\":\"https:\/\/www.alliiertenmuseum.de\/wp-content\/uploads\/2021\/05\/logo.svg\",\"contentUrl\":\"https:\/\/www.alliiertenmuseum.de\/wp-content\/uploads\/2021\/05\/logo.svg\",\"caption\":\"AlliiertenMuseum\"},\"image\":{\"@id\":\"https:\/\/www.alliiertenmuseum.de\/#\/schema\/logo\/image\/\"}}]}<\/script>\n<!-- \/ Yoast SEO plugin. -->","yoast_head_json":{"title":"Expositions - AlliiertenMuseum","description":"Le mus\u00e9e raconte l\u2019histoire de l\u2019entr\u00e9e dans Berlin des troupes d\u2019occupation occidentales en 1945 jusqu\u2019\u00e0 leur d\u00e9part en 1994.","robots":{"index":"index","follow":"follow","max-snippet":"max-snippet:-1","max-image-preview":"max-image-preview:large","max-video-preview":"max-video-preview:-1"},"canonical":"https:\/\/www.alliiertenmuseum.de\/fr\/expositions\/","og_locale":"fr_FR","og_type":"article","og_title":"Expositions - AlliiertenMuseum","og_description":"Le mus\u00e9e raconte l\u2019histoire de l\u2019entr\u00e9e dans Berlin des troupes d\u2019occupation occidentales en 1945 jusqu\u2019\u00e0 leur d\u00e9part en 1994.","og_url":"https:\/\/www.alliiertenmuseum.de\/fr\/expositions\/","og_site_name":"AlliiertenMuseum","article_modified_time":"2025-09-02T10:10:28+00:00","og_image":[{"width":2000,"height":1537,"url":"https:\/\/www.alliiertenmuseum.de\/wp-content\/uploads\/2021\/10\/2.0-allied-checkpoint-charlie-cold-war-berlin_.jpg","type":"image\/jpeg"}],"twitter_card":"summary_large_image","twitter_misc":{"Dur\u00e9e de lecture estim\u00e9e":"1 minute"},"schema":{"@context":"https:\/\/schema.org","@graph":[{"@type":"WebPage","@id":"https:\/\/www.alliiertenmuseum.de\/fr\/expositions\/","url":"https:\/\/www.alliiertenmuseum.de\/fr\/expositions\/","name":"Expositions - AlliiertenMuseum","isPartOf":{"@id":"https:\/\/www.alliiertenmuseum.de\/#website"},"primaryImageOfPage":{"@id":"https:\/\/www.alliiertenmuseum.de\/fr\/expositions\/#primaryimage"},"image":{"@id":"https:\/\/www.alliiertenmuseum.de\/fr\/expositions\/#primaryimage"},"thumbnailUrl":"https:\/\/www.alliiertenmuseum.de\/wp-content\/uploads\/2021\/10\/2.0-allied-checkpoint-charlie-cold-war-berlin_.jpg","datePublished":"2021-08-18T14:26:28+00:00","dateModified":"2025-09-02T10:10:28+00:00","description":"Le mus\u00e9e raconte l\u2019histoire de l\u2019entr\u00e9e dans Berlin des troupes d\u2019occupation occidentales en 1945 jusqu\u2019\u00e0 leur d\u00e9part en 1994.","breadcrumb":{"@id":"https:\/\/www.alliiertenmuseum.de\/fr\/expositions\/#breadcrumb"},"inLanguage":"fr-FR","potentialAction":[{"@type":"ReadAction","target":["https:\/\/www.alliiertenmuseum.de\/fr\/expositions\/"]}]},{"@type":"ImageObject","inLanguage":"fr-FR","@id":"https:\/\/www.alliiertenmuseum.de\/fr\/expositions\/#primaryimage","url":"https:\/\/www.alliiertenmuseum.de\/wp-content\/uploads\/2021\/10\/2.0-allied-checkpoint-charlie-cold-war-berlin_.jpg","contentUrl":"https:\/\/www.alliiertenmuseum.de\/wp-content\/uploads\/2021\/10\/2.0-allied-checkpoint-charlie-cold-war-berlin_.jpg","width":2000,"height":1537},{"@type":"BreadcrumbList","@id":"https:\/\/www.alliiertenmuseum.de\/fr\/expositions\/#breadcrumb","itemListElement":[{"@type":"ListItem","position":1,"name":"Startseite","item":"https:\/\/www.alliiertenmuseum.de\/fr\/"},{"@type":"ListItem","position":2,"name":"Expositions"}]},{"@type":"WebSite","@id":"https:\/\/www.alliiertenmuseum.de\/#website","url":"https:\/\/www.alliiertenmuseum.de\/","name":"AlliiertenMuseum","description":"","publisher":{"@id":"https:\/\/www.alliiertenmuseum.de\/#organization"},"potentialAction":[{"@type":"SearchAction","target":{"@type":"EntryPoint","urlTemplate":"https:\/\/www.alliiertenmuseum.de\/?s={search_term_string}"},"query-input":{"@type":"PropertyValueSpecification","valueRequired":true,"valueName":"search_term_string"}}],"inLanguage":"fr-FR"},{"@type":"Organization","@id":"https:\/\/www.alliiertenmuseum.de\/#organization","name":"AlliiertenMuseum","url":"https:\/\/www.alliiertenmuseum.de\/","logo":{"@type":"ImageObject","inLanguage":"fr-FR","@id":"https:\/\/www.alliiertenmuseum.de\/#\/schema\/logo\/image\/","url":"https:\/\/www.alliiertenmuseum.de\/wp-content\/uploads\/2021\/05\/logo.svg","contentUrl":"https:\/\/www.alliiertenmuseum.de\/wp-content\/uploads\/2021\/05\/logo.svg","caption":"AlliiertenMuseum"},"image":{"@id":"https:\/\/www.alliiertenmuseum.de\/#\/schema\/logo\/image\/"}}]}},"_links":{"self":[{"href":"https:\/\/www.alliiertenmuseum.de\/wp-json\/wp\/v2\/pages\/2180","targetHints":{"allow":["GET"]}}],"collection":[{"href":"https:\/\/www.alliiertenmuseum.de\/wp-json\/wp\/v2\/pages"}],"about":[{"href":"https:\/\/www.alliiertenmuseum.de\/wp-json\/wp\/v2\/types\/page"}],"author":[{"embeddable":true,"href":"https:\/\/www.alliiertenmuseum.de\/wp-json\/wp\/v2\/users\/1"}],"replies":[{"embeddable":true,"href":"https:\/\/www.alliiertenmuseum.de\/wp-json\/wp\/v2\/comments?post=2180"}],"version-history":[{"count":15,"href":"https:\/\/www.alliiertenmuseum.de\/wp-json\/wp\/v2\/pages\/2180\/revisions"}],"predecessor-version":[{"id":35757,"href":"https:\/\/www.alliiertenmuseum.de\/wp-json\/wp\/v2\/pages\/2180\/revisions\/35757"}],"wp:featuredmedia":[{"embeddable":true,"href":"https:\/\/www.alliiertenmuseum.de\/wp-json\/wp\/v2\/media\/5610"}],"wp:attachment":[{"href":"https:\/\/www.alliiertenmuseum.de\/wp-json\/wp\/v2\/media?parent=2180"}],"curies":[{"name":"wp","href":"https:\/\/api.w.org\/{rel}","templated":true}]}}