{"id":2182,"date":"2021-08-18T16:25:12","date_gmt":"2021-08-18T14:25:12","guid":{"rendered":"http:\/\/stage.alm.smithberlin.com\/?page_id=2182"},"modified":"2024-10-14T10:30:46","modified_gmt":"2024-10-14T08:30:46","slug":"le-conseil-scientifique-du-musee-des-allies","status":"publish","type":"page","link":"https:\/\/www.alliiertenmuseum.de\/fr\/museum\/qui-sommes-nous\/le-conseil-scientifique-du-musee-des-allies\/","title":{"rendered":"Le conseil scientifique du Mus\u00e9e des Alli\u00e9s"},"content":{"rendered":"\n<div class=\"wp-block-group\"><div class=\"wp-block-group__inner-container is-layout-flow wp-block-group-is-layout-flow\">\n<p class=\"ml-0\">Un conseil scientifique international conseille le mus\u00e9e dans ses activit\u00e9s. Les membres de ce conseil sont: <\/p>\n\n\n\n<p class=\"ml-0\">Lorsque vous cliquez sur les logos, vous acc\u00e9dez \u00e0 des sites web tiers. Nous attirons votre attention sur le fait que ces sites web ont leur propre politique de confidentialit\u00e9 et que nous n&rsquo;assumons aucune responsabilit\u00e9 pour ces politiques. Veuillez v\u00e9rifier les directives de protection des donn\u00e9es avant de transmettre des donn\u00e9es personnelles \u00e0 ces sites web.<\/p>\n<\/div><\/div>\n\n\n\n<p><\/p>\n\n\n\n<p><\/p>\n\n\n\n<div class=\"wp-block-group alignfull ml-0\"><div class=\"wp-block-group__inner-container is-layout-flow wp-block-group-is-layout-flow\">\n<h2 class=\"wp-block-heading h3\" id=\"allemagne\"><span class=\"highlighted\"><strong>Allemagne<\/strong><\/span><\/h2>\n\n\n\n<div class=\"wp-block-columns title-text-columns is-layout-flex wp-container-core-columns-is-layout-9d6595d7 wp-block-columns-is-layout-flex\">\n<div class=\"wp-block-column is-layout-flow wp-block-column-is-layout-flow\">\n<h4 class=\"wp-block-heading\" id=\"dr-gorch-pieken\">Dr. Gorch Pieken<\/h4>\n\n\n\n<p> Projektleiter <em>Helden \u2013 Heroisierungen \u2013 Heroismen<\/em> <\/p>\n\n\n\n<p><a href=\"https:\/\/www.sfb948.uni-freiburg.de\/de\/teilprojekte\/foerderphase3\/t-ausstellung\/index.html?page=1\" target=\"_blank\" rel=\"noreferrer noopener\"> <\/a><a href=\"https:\/\/www.sfb948.uni-freiburg.de\/de\/teilprojekte\/foerderphase3\/t-ausstellung\/index.html?page=1\" target=\"_blank\" rel=\"noreferrer noopener\">www.sfb948.uni-freiburg.de<\/a> <\/p>\n<\/div>\n\n\n\n<div class=\"wp-block-column is-layout-flow wp-block-column-is-layout-flow\">\n<h4 class=\"wp-block-heading\" id=\"dr-stefan-martens\">Dr. Stefan Martens<\/h4>\n\n\n\n<p> stellvertretender Direktor, Fachgebietsleiter Zeitgeschichte, Redakteur der Francia (19.\/20. Jahrhundert), Deutsches Historisches Institut Paris <\/p>\n\n\n\n<p><a href=\"http:\/\/www.dhi-paris.fr\">www.dhi-paris.fr<\/a><\/p>\n<\/div>\n\n\n\n<div class=\"wp-block-column is-layout-flow wp-block-column-is-layout-flow\">\n<h4 class=\"wp-block-heading\">Prof. Dr. stefanie middendorf<\/h4>\n\n\n\n<p>Professorin f\u00fcr Neueste Geschichte\/ Zeitgeschichte; Friedrich-Schiller Universit\u00e4t Jena<\/p>\n\n\n\n<p><a href=\"https:\/\/www.uni-jena.de\/\" rel=\"noreferrer noopener\" target=\"_blank\">www.uni-jena.de\/<\/a><\/p>\n<\/div>\n\n\n\n<div class=\"wp-block-column is-layout-flow wp-block-column-is-layout-flow\">\n<h4 class=\"wp-block-heading\">Michael Georg Link, MdB FDP<\/h4>\n\n\n\n<p>Koordinator f\u00fcr die transatlantische Zusammenarbeit; Ausw\u00e4rtiges Amt, Berlin<\/p>\n\n\n\n<p><a href=\"https:\/\/www.auswaertiges-amt.de\/de\" rel=\"noreferrer noopener\" target=\"_blank\">www.auswaertiges-amt.de\/de<\/a><\/p>\n<\/div>\n<\/div>\n<\/div><\/div>\n\n\n\n<div class=\"wp-block-group alignfull ml-0\"><div class=\"wp-block-group__inner-container is-layout-flow wp-block-group-is-layout-flow\">\n<h2 class=\"wp-block-heading h3\" id=\"etats-unis-d-amerique\"><span class=\"highlighted\"><strong>ETATS UNIS D&rsquo;Amerique<\/strong><\/span><\/h2>\n\n\n\n<div class=\"wp-block-columns title-text-columns is-layout-flex wp-container-core-columns-is-layout-9d6595d7 wp-block-columns-is-layout-flex\">\n<div class=\"wp-block-column is-layout-flow wp-block-column-is-layout-flow\">\n<h4 class=\"wp-block-heading\" id=\"dr-hope-m-harrison\">Dr. Hope M. Harrison<\/h4>\n\n\n\n<p>Professor of History and International Affairs, George Washington University, Washington D.C. <\/p>\n\n\n\n<p><a href=\"http:\/\/www.mgfa-potsdam.de\">www.<\/a><a href=\"http:\/\/www.gwu.edu\">gwu.edu<\/a><\/p>\n<\/div>\n\n\n\n<div class=\"wp-block-column is-layout-flow wp-block-column-is-layout-flow\">\n<h4 class=\"wp-block-heading\" id=\"anna-slafer\">Anna Slafer<\/h4>\n\n\n\n<p> Vice President of Exhibitions and Programs, International Spy Museum, Washington D.C. <\/p>\n\n\n\n<p><a href=\"http:\/\/www.spymuseum.org\">www.spymuseum.org<\/a><\/p>\n<\/div>\n\n\n\n<div class=\"wp-block-column is-layout-flow wp-block-column-is-layout-flow\">\n<h4 class=\"wp-block-heading\" id=\"dr-charles-h-cureton\">Claire Samuelson<\/h4>\n\n\n\n<p>Chief Curator, Vice-President of Museums, US Army Center for Military History<\/p>\n\n\n\n<p><a href=\"https:\/\/history.army.mil\/\" rel=\"noreferrer noopener\" target=\"_blank\">www.history.army.mil<\/a><\/p>\n<\/div>\n<\/div>\n<\/div><\/div>\n\n\n\n<div class=\"wp-block-group alignfull ml-0\"><div class=\"wp-block-group__inner-container is-layout-flow wp-block-group-is-layout-flow\">\n<h2 class=\"wp-block-heading h3\" id=\"grande-bretagne\"><span class=\"highlighted\"><strong>gRANDE bretagne<\/strong><\/span><\/h2>\n\n\n\n<div class=\"wp-block-columns title-text-columns is-layout-flex wp-container-core-columns-is-layout-9d6595d7 wp-block-columns-is-layout-flex\">\n<div class=\"wp-block-column is-layout-flow wp-block-column-is-layout-flow\">\n<h4 class=\"wp-block-heading\" id=\"prof-simon-ball\">Dr. Richard Smith<\/h4>\n\n\n\n<p>Senior Historian, Foreign &amp; Commonwealth Office, London<\/p>\n\n\n\n<p><a href=\"https:\/\/www.gov.uk\/\" rel=\"noreferrer noopener\" target=\"_blank\">www.gov.uk\/<\/a><\/p>\n<\/div>\n\n\n\n<div class=\"wp-block-column is-layout-flow wp-block-column-is-layout-flow\">\n<h4 class=\"wp-block-heading\" id=\"dr-patrick-salmon\">Dr. Peter Johnston<\/h4>\n\n\n\n<p>Assistant Director of Narrative and Content, Imperial War Museum London<\/p>\n\n\n\n<p><a href=\"https:\/\/www.iwm.org.uk\/visits\/iwm-london\" rel=\"noreferrer noopener\" target=\"_blank\">www.iwm.org.uk\/visits\/iwm-london<\/a><\/p>\n<\/div>\n\n\n\n<div class=\"wp-block-column is-layout-flow wp-block-column-is-layout-flow\">\n<h4 class=\"wp-block-heading\" id=\"stephen-woolford\">Dr. Grace Huxford<\/h4>\n\n\n\n<p>Senior&nbsp;Lecturer in Modern&nbsp;History, University of Bristol&nbsp;<\/p>\n\n\n\n<p><a href=\"https:\/\/www.bristol.ac.uk\/\" rel=\"noreferrer noopener\" target=\"_blank\">www.bristol.ac.uk\/<\/a><\/p>\n<\/div>\n<\/div>\n<\/div><\/div>\n\n\n\n<div class=\"wp-block-group alignfull ml-0\"><div class=\"wp-block-group__inner-container is-layout-flow wp-block-group-is-layout-flow\">\n<h2 class=\"wp-block-heading h3\" id=\"france\"><span class=\"highlighted\"><strong>FRANCE<\/strong><\/span><\/h2>\n\n\n\n<div class=\"wp-block-columns title-text-columns is-layout-flex wp-container-core-columns-is-layout-9d6595d7 wp-block-columns-is-layout-flex\">\n<div class=\"wp-block-column is-layout-flow wp-block-column-is-layout-flow\">\n<h4 class=\"wp-block-heading\" id=\"prof-olivier-forcade\">S\u00e9bastien Chauffour<\/h4>\n\n\n\n<p>Conservateur charg\u00e9 des archives de la R\u00e9cup\u00e9ration artistique\/ZFO Allemagne-Autriche 1945-1955, Minist\u00e8re de l\u2019Europe et des Affaires \u00e9trang\u00e8res \u2013 Direction des Archives<\/p>\n\n\n\n<p><a href=\"https:\/\/francearchives.fr\/en\/\" rel=\"noreferrer noopener\" target=\"_blank\">www.francearchives.fr\/en\/<\/a><\/p>\n<\/div>\n\n\n\n<div class=\"wp-block-column is-layout-flow wp-block-column-is-layout-flow\">\n<h4 class=\"wp-block-heading\" id=\"isabelle-nathan\">Matthieu Chambrion<\/h4>\n\n\n\n<p>Conservateur en chef du patrimoine<br>Adjoint au chef de bureau des actions culturelles et des mus\u00e9es\/ Chef de section collections et valorisation<br>D\u00e9l\u00e9gation des patrimoines culturels<br>Direction des patrimoines, de la m\u00e9moire et des archives&nbsp;<\/p>\n\n\n\n<p><a href=\"https:\/\/www.diplomatie.gouv.fr\/fr\/archives-diplomatiques\/\" target=\"_blank\" rel=\"noreferrer noopener\">www.diplomatie.gouv.fr<\/a><\/p>\n<\/div>\n\n\n\n<div class=\"wp-block-column is-layout-flow wp-block-column-is-layout-flow\">\n<h4 class=\"wp-block-heading\">Prof. Dr. H\u00e9l\u00e8ne Miard-Delacroix<\/h4>\n\n\n\n<p>Professorin f\u00fcr Zeitgeschichte, Sorbonne Universit\u00e9 \u2013 Facult\u00e9 des Lettres<\/p>\n\n\n\n<p><a href=\"https:\/\/lettres.sorbonne-universite.fr\/\" rel=\"noreferrer noopener\" target=\"_blank\">www.lettres.sorbonne-universite.fr\/<\/a><\/p>\n<\/div>\n\n\n\n<div class=\"wp-block-column border-none is-layout-flow wp-block-column-is-layout-flow\">\n<p><\/p>\n<\/div>\n<\/div>\n<\/div><\/div>\n\n\n\n<p><\/p>\n","protected":false},"excerpt":{"rendered":"<p>Un conseil scientifique international conseille le mus\u00e9e dans ses activit\u00e9s. Les membres de ce conseil sont: Lorsque vous cliquez sur les logos, vous acc\u00e9dez \u00e0 des sites web tiers. Nous attirons votre attention sur le fait que ces sites web ont leur propre politique de confidentialit\u00e9 et que nous n&rsquo;assumons aucune responsabilit\u00e9 pour ces politiques. [&hellip;]<\/p>\n","protected":false},"author":1,"featured_media":388,"parent":2175,"menu_order":0,"comment_status":"closed","ping_status":"closed","template":"","meta":{"_highline":"Qui sommes-nous ?","_subtitle":"","_locale":"fr_FR","_original_post":"https:\/\/www.alliiertenmuseum.de\/?page_id=384","_featured_cover":false,"_featured_caption":"","_featured_caption_checkbox":false,"_featured_alt":"<p class=\"MsoNormal\"><span lang=\"FR\" style=\"mso-ansi-language:FR\">Trois soldats britanniques avec une carte routi\u00e8re dans la for\u00eat<\/span><\/p>","_pinkie_id":0,"_pinkie_caption":false,"_pinkie_alt":"","footnotes":"","_post-color":[]},"class_list":["post-2182","page","type-page","status-publish","has-post-thumbnail","hentry","fr-FR"],"featured_image_src":"https:\/\/www.alliiertenmuseum.de\/wp-content\/uploads\/2021\/05\/05941-21_NATO.png","yoast_head":"<!-- This site is optimized with the Yoast SEO plugin v26.2 - https:\/\/yoast.com\/wordpress\/plugins\/seo\/ -->\n<title>Le conseil scientifique du Mus\u00e9e des Alli\u00e9s - AlliiertenMuseum<\/title>\n<meta name=\"robots\" content=\"index, follow, max-snippet:-1, max-image-preview:large, max-video-preview:-1\" \/>\n<link rel=\"canonical\" href=\"https:\/\/www.alliiertenmuseum.de\/fr\/museum\/qui-sommes-nous\/le-conseil-scientifique-du-musee-des-allies\/\" \/>\n<meta property=\"og:locale\" content=\"fr_FR\" \/>\n<meta property=\"og:type\" content=\"article\" \/>\n<meta property=\"og:title\" content=\"Le conseil scientifique du Mus\u00e9e des Alli\u00e9s - AlliiertenMuseum\" \/>\n<meta property=\"og:description\" content=\"Un conseil scientifique international conseille le mus\u00e9e dans ses activit\u00e9s. Les membres de ce conseil sont: Lorsque vous cliquez sur les logos, vous acc\u00e9dez \u00e0 des sites web tiers. Nous attirons votre attention sur le fait que ces sites web ont leur propre politique de confidentialit\u00e9 et que nous n&rsquo;assumons aucune responsabilit\u00e9 pour ces politiques. [&hellip;]\" \/>\n<meta property=\"og:url\" content=\"https:\/\/www.alliiertenmuseum.de\/fr\/museum\/qui-sommes-nous\/le-conseil-scientifique-du-musee-des-allies\/\" \/>\n<meta property=\"og:site_name\" content=\"AlliiertenMuseum\" \/>\n<meta property=\"article:modified_time\" content=\"2024-10-14T08:30:46+00:00\" \/>\n<meta property=\"og:image\" content=\"https:\/\/www.alliiertenmuseum.de\/wp-content\/uploads\/2021\/05\/05941-21_NATO.png\" \/>\n\t<meta property=\"og:image:width\" content=\"1461\" \/>\n\t<meta property=\"og:image:height\" content=\"600\" \/>\n\t<meta property=\"og:image:type\" content=\"image\/png\" \/>\n<meta name=\"twitter:card\" content=\"summary_large_image\" \/>\n<meta name=\"twitter:label1\" content=\"Dur\u00e9e de lecture estim\u00e9e\" \/>\n\t<meta name=\"twitter:data1\" content=\"2 minutes\" \/>\n<script type=\"application\/ld+json\" class=\"yoast-schema-graph\">{\"@context\":\"https:\/\/schema.org\",\"@graph\":[{\"@type\":\"WebPage\",\"@id\":\"https:\/\/www.alliiertenmuseum.de\/fr\/museum\/qui-sommes-nous\/le-conseil-scientifique-du-musee-des-allies\/\",\"url\":\"https:\/\/www.alliiertenmuseum.de\/fr\/museum\/qui-sommes-nous\/le-conseil-scientifique-du-musee-des-allies\/\",\"name\":\"Le conseil scientifique du Mus\u00e9e des Alli\u00e9s - AlliiertenMuseum\",\"isPartOf\":{\"@id\":\"https:\/\/www.alliiertenmuseum.de\/#website\"},\"primaryImageOfPage\":{\"@id\":\"https:\/\/www.alliiertenmuseum.de\/fr\/museum\/qui-sommes-nous\/le-conseil-scientifique-du-musee-des-allies\/#primaryimage\"},\"image\":{\"@id\":\"https:\/\/www.alliiertenmuseum.de\/fr\/museum\/qui-sommes-nous\/le-conseil-scientifique-du-musee-des-allies\/#primaryimage\"},\"thumbnailUrl\":\"https:\/\/www.alliiertenmuseum.de\/wp-content\/uploads\/2021\/05\/05941-21_NATO.png\",\"datePublished\":\"2021-08-18T14:25:12+00:00\",\"dateModified\":\"2024-10-14T08:30:46+00:00\",\"breadcrumb\":{\"@id\":\"https:\/\/www.alliiertenmuseum.de\/fr\/museum\/qui-sommes-nous\/le-conseil-scientifique-du-musee-des-allies\/#breadcrumb\"},\"inLanguage\":\"fr-FR\",\"potentialAction\":[{\"@type\":\"ReadAction\",\"target\":[\"https:\/\/www.alliiertenmuseum.de\/fr\/museum\/qui-sommes-nous\/le-conseil-scientifique-du-musee-des-allies\/\"]}]},{\"@type\":\"ImageObject\",\"inLanguage\":\"fr-FR\",\"@id\":\"https:\/\/www.alliiertenmuseum.de\/fr\/museum\/qui-sommes-nous\/le-conseil-scientifique-du-musee-des-allies\/#primaryimage\",\"url\":\"https:\/\/www.alliiertenmuseum.de\/wp-content\/uploads\/2021\/05\/05941-21_NATO.png\",\"contentUrl\":\"https:\/\/www.alliiertenmuseum.de\/wp-content\/uploads\/2021\/05\/05941-21_NATO.png\",\"width\":1461,\"height\":600},{\"@type\":\"BreadcrumbList\",\"@id\":\"https:\/\/www.alliiertenmuseum.de\/fr\/museum\/qui-sommes-nous\/le-conseil-scientifique-du-musee-des-allies\/#breadcrumb\",\"itemListElement\":[{\"@type\":\"ListItem\",\"position\":1,\"name\":\"Startseite\",\"item\":\"https:\/\/www.alliiertenmuseum.de\/fr\/\"},{\"@type\":\"ListItem\",\"position\":2,\"name\":\"Mus\u00e9e\",\"item\":\"https:\/\/www.alliiertenmuseum.de\/fr\/museum\/\"},{\"@type\":\"ListItem\",\"position\":3,\"name\":\"Qui sommes-nous?\",\"item\":\"https:\/\/www.alliiertenmuseum.de\/fr\/museum\/qui-sommes-nous\/\"},{\"@type\":\"ListItem\",\"position\":4,\"name\":\"Le conseil scientifique du Mus\u00e9e des Alli\u00e9s\"}]},{\"@type\":\"WebSite\",\"@id\":\"https:\/\/www.alliiertenmuseum.de\/#website\",\"url\":\"https:\/\/www.alliiertenmuseum.de\/\",\"name\":\"AlliiertenMuseum\",\"description\":\"\",\"publisher\":{\"@id\":\"https:\/\/www.alliiertenmuseum.de\/#organization\"},\"potentialAction\":[{\"@type\":\"SearchAction\",\"target\":{\"@type\":\"EntryPoint\",\"urlTemplate\":\"https:\/\/www.alliiertenmuseum.de\/?s={search_term_string}\"},\"query-input\":{\"@type\":\"PropertyValueSpecification\",\"valueRequired\":true,\"valueName\":\"search_term_string\"}}],\"inLanguage\":\"fr-FR\"},{\"@type\":\"Organization\",\"@id\":\"https:\/\/www.alliiertenmuseum.de\/#organization\",\"name\":\"AlliiertenMuseum\",\"url\":\"https:\/\/www.alliiertenmuseum.de\/\",\"logo\":{\"@type\":\"ImageObject\",\"inLanguage\":\"fr-FR\",\"@id\":\"https:\/\/www.alliiertenmuseum.de\/#\/schema\/logo\/image\/\",\"url\":\"https:\/\/www.alliiertenmuseum.de\/wp-content\/uploads\/2021\/05\/logo.svg\",\"contentUrl\":\"https:\/\/www.alliiertenmuseum.de\/wp-content\/uploads\/2021\/05\/logo.svg\",\"caption\":\"AlliiertenMuseum\"},\"image\":{\"@id\":\"https:\/\/www.alliiertenmuseum.de\/#\/schema\/logo\/image\/\"}}]}<\/script>\n<!-- \/ Yoast SEO plugin. -->","yoast_head_json":{"title":"Le conseil scientifique du Mus\u00e9e des Alli\u00e9s - AlliiertenMuseum","robots":{"index":"index","follow":"follow","max-snippet":"max-snippet:-1","max-image-preview":"max-image-preview:large","max-video-preview":"max-video-preview:-1"},"canonical":"https:\/\/www.alliiertenmuseum.de\/fr\/museum\/qui-sommes-nous\/le-conseil-scientifique-du-musee-des-allies\/","og_locale":"fr_FR","og_type":"article","og_title":"Le conseil scientifique du Mus\u00e9e des Alli\u00e9s - AlliiertenMuseum","og_description":"Un conseil scientifique international conseille le mus\u00e9e dans ses activit\u00e9s. Les membres de ce conseil sont: Lorsque vous cliquez sur les logos, vous acc\u00e9dez \u00e0 des sites web tiers. Nous attirons votre attention sur le fait que ces sites web ont leur propre politique de confidentialit\u00e9 et que nous n&rsquo;assumons aucune responsabilit\u00e9 pour ces politiques. [&hellip;]","og_url":"https:\/\/www.alliiertenmuseum.de\/fr\/museum\/qui-sommes-nous\/le-conseil-scientifique-du-musee-des-allies\/","og_site_name":"AlliiertenMuseum","article_modified_time":"2024-10-14T08:30:46+00:00","og_image":[{"width":1461,"height":600,"url":"https:\/\/www.alliiertenmuseum.de\/wp-content\/uploads\/2021\/05\/05941-21_NATO.png","type":"image\/png"}],"twitter_card":"summary_large_image","twitter_misc":{"Dur\u00e9e de lecture estim\u00e9e":"2 minutes"},"schema":{"@context":"https:\/\/schema.org","@graph":[{"@type":"WebPage","@id":"https:\/\/www.alliiertenmuseum.de\/fr\/museum\/qui-sommes-nous\/le-conseil-scientifique-du-musee-des-allies\/","url":"https:\/\/www.alliiertenmuseum.de\/fr\/museum\/qui-sommes-nous\/le-conseil-scientifique-du-musee-des-allies\/","name":"Le conseil scientifique du Mus\u00e9e des Alli\u00e9s - AlliiertenMuseum","isPartOf":{"@id":"https:\/\/www.alliiertenmuseum.de\/#website"},"primaryImageOfPage":{"@id":"https:\/\/www.alliiertenmuseum.de\/fr\/museum\/qui-sommes-nous\/le-conseil-scientifique-du-musee-des-allies\/#primaryimage"},"image":{"@id":"https:\/\/www.alliiertenmuseum.de\/fr\/museum\/qui-sommes-nous\/le-conseil-scientifique-du-musee-des-allies\/#primaryimage"},"thumbnailUrl":"https:\/\/www.alliiertenmuseum.de\/wp-content\/uploads\/2021\/05\/05941-21_NATO.png","datePublished":"2021-08-18T14:25:12+00:00","dateModified":"2024-10-14T08:30:46+00:00","breadcrumb":{"@id":"https:\/\/www.alliiertenmuseum.de\/fr\/museum\/qui-sommes-nous\/le-conseil-scientifique-du-musee-des-allies\/#breadcrumb"},"inLanguage":"fr-FR","potentialAction":[{"@type":"ReadAction","target":["https:\/\/www.alliiertenmuseum.de\/fr\/museum\/qui-sommes-nous\/le-conseil-scientifique-du-musee-des-allies\/"]}]},{"@type":"ImageObject","inLanguage":"fr-FR","@id":"https:\/\/www.alliiertenmuseum.de\/fr\/museum\/qui-sommes-nous\/le-conseil-scientifique-du-musee-des-allies\/#primaryimage","url":"https:\/\/www.alliiertenmuseum.de\/wp-content\/uploads\/2021\/05\/05941-21_NATO.png","contentUrl":"https:\/\/www.alliiertenmuseum.de\/wp-content\/uploads\/2021\/05\/05941-21_NATO.png","width":1461,"height":600},{"@type":"BreadcrumbList","@id":"https:\/\/www.alliiertenmuseum.de\/fr\/museum\/qui-sommes-nous\/le-conseil-scientifique-du-musee-des-allies\/#breadcrumb","itemListElement":[{"@type":"ListItem","position":1,"name":"Startseite","item":"https:\/\/www.alliiertenmuseum.de\/fr\/"},{"@type":"ListItem","position":2,"name":"Mus\u00e9e","item":"https:\/\/www.alliiertenmuseum.de\/fr\/museum\/"},{"@type":"ListItem","position":3,"name":"Qui sommes-nous?","item":"https:\/\/www.alliiertenmuseum.de\/fr\/museum\/qui-sommes-nous\/"},{"@type":"ListItem","position":4,"name":"Le conseil scientifique du Mus\u00e9e des Alli\u00e9s"}]},{"@type":"WebSite","@id":"https:\/\/www.alliiertenmuseum.de\/#website","url":"https:\/\/www.alliiertenmuseum.de\/","name":"AlliiertenMuseum","description":"","publisher":{"@id":"https:\/\/www.alliiertenmuseum.de\/#organization"},"potentialAction":[{"@type":"SearchAction","target":{"@type":"EntryPoint","urlTemplate":"https:\/\/www.alliiertenmuseum.de\/?s={search_term_string}"},"query-input":{"@type":"PropertyValueSpecification","valueRequired":true,"valueName":"search_term_string"}}],"inLanguage":"fr-FR"},{"@type":"Organization","@id":"https:\/\/www.alliiertenmuseum.de\/#organization","name":"AlliiertenMuseum","url":"https:\/\/www.alliiertenmuseum.de\/","logo":{"@type":"ImageObject","inLanguage":"fr-FR","@id":"https:\/\/www.alliiertenmuseum.de\/#\/schema\/logo\/image\/","url":"https:\/\/www.alliiertenmuseum.de\/wp-content\/uploads\/2021\/05\/logo.svg","contentUrl":"https:\/\/www.alliiertenmuseum.de\/wp-content\/uploads\/2021\/05\/logo.svg","caption":"AlliiertenMuseum"},"image":{"@id":"https:\/\/www.alliiertenmuseum.de\/#\/schema\/logo\/image\/"}}]}},"_links":{"self":[{"href":"https:\/\/www.alliiertenmuseum.de\/wp-json\/wp\/v2\/pages\/2182","targetHints":{"allow":["GET"]}}],"collection":[{"href":"https:\/\/www.alliiertenmuseum.de\/wp-json\/wp\/v2\/pages"}],"about":[{"href":"https:\/\/www.alliiertenmuseum.de\/wp-json\/wp\/v2\/types\/page"}],"author":[{"embeddable":true,"href":"https:\/\/www.alliiertenmuseum.de\/wp-json\/wp\/v2\/users\/1"}],"replies":[{"embeddable":true,"href":"https:\/\/www.alliiertenmuseum.de\/wp-json\/wp\/v2\/comments?post=2182"}],"version-history":[{"count":19,"href":"https:\/\/www.alliiertenmuseum.de\/wp-json\/wp\/v2\/pages\/2182\/revisions"}],"predecessor-version":[{"id":33876,"href":"https:\/\/www.alliiertenmuseum.de\/wp-json\/wp\/v2\/pages\/2182\/revisions\/33876"}],"up":[{"embeddable":true,"href":"https:\/\/www.alliiertenmuseum.de\/wp-json\/wp\/v2\/pages\/2175"}],"wp:featuredmedia":[{"embeddable":true,"href":"https:\/\/www.alliiertenmuseum.de\/wp-json\/wp\/v2\/media\/388"}],"wp:attachment":[{"href":"https:\/\/www.alliiertenmuseum.de\/wp-json\/wp\/v2\/media?parent=2182"}],"curies":[{"name":"wp","href":"https:\/\/api.w.org\/{rel}","templated":true}]}}