{"id":2255,"date":"2021-08-19T08:45:23","date_gmt":"2021-08-19T06:45:23","guid":{"rendered":"http:\/\/stage.alm.smithberlin.com\/?page_id=2255"},"modified":"2024-10-14T12:02:06","modified_gmt":"2024-10-14T10:02:06","slug":"adultes","status":"publish","type":"page","link":"https:\/\/www.alliiertenmuseum.de\/fr\/activites\/adultes\/","title":{"rendered":"Adultes"},"content":{"rendered":"\n<div class=\"wp-block-group\"><div class=\"wp-block-group__inner-container is-layout-flow wp-block-group-is-layout-flow\">\n<h2 class=\"wp-block-heading\"><strong>Ob&shy;ser&shy;ver, ex&shy;p\u00e9&shy;ri&shy;men&shy;ter, dis&shy;cu&shy;ter<\/strong><\/h2>\n\n\n\n<h3 class=\"wp-block-heading\">L\u2019his&shy;toire contem&shy;po&shy;raine sur un lieu his&shy;to&shy;rique<\/h3>\n\n\n\n<div class=\"wp-block-columns is-layout-flex wp-container-core-columns-is-layout-9d6595d7 wp-block-columns-is-layout-flex\">\n<div class=\"wp-block-column is-layout-flow wp-block-column-is-layout-flow\">\n<p>Pourquoi les Occidentaux ont-ils d\u00e9cid\u00e9 de mettre en place un pont a\u00e9rien vers Berlin&nbsp;? Comment travaillaient les services secrets des Alli\u00e9s pendant la Guerre froide&nbsp;? \u00c0 quoi ressemble la derni\u00e8re gu\u00e9rite de Checkpoint Charlie de l\u2019int\u00e9rieur&nbsp;? <\/p>\n<\/div>\n\n\n\n<div class=\"wp-block-column is-layout-flow wp-block-column-is-layout-flow\">\n<p>Nous r\u00e9pondons \u00e0 ces questions et \u00e0 d\u2019autres sur l\u2019histoire des puissances occidentales \u00e0 Berlin entre 1945 et 1994 dans nos visites guid\u00e9es th\u00e9matiques ou g\u00e9n\u00e9rales. Elles font ressortir des objets choisis de notre exposition permanente ou de l\u2019exposition temporaire en cours. Nous illustrons les contenus de l\u2019exposition dans le dialogue, discutons vos questions et rendons l\u2019histoire vivante par la rencontre directe avec l\u2019objet.<\/p>\n<\/div>\n<\/div>\n<\/div><\/div>\n\n\n\n\n        \n        <div class=\"post-list post-list-education alignwide\">\n\n            \n<article id=\"post-2247\" class=\"has-sidebar post-2247 education type-education status-publish has-post-thumbnail hentry education-target-group-erwachsene education-format-fuehrung fr-FR\">\n            <header class=\"entry-header\">\n\t\t\t<span class=\"highlighted\">Visite guid\u00e9e de l\u2019exposition permanente <\/span>\t\t\t<h2 class=\"entry-title\"><a href=\"https:\/\/www.alliiertenmuseum.de\/fr\/bildungsangebot\/comment-des-ennemis-devinrent-amis-tour\/\">Comment des ennemis devinrent amis<\/a><\/h2>        <\/header><!-- .entry-header -->\n\t\n    \n        <a class=\"post-thumbnail\" href=\"https:\/\/www.alliiertenmuseum.de\/fr\/bildungsangebot\/comment-des-ennemis-devinrent-amis-tour\/\" aria-hidden=\"true\" tabindex=\"-1\">\n            <img loading=\"lazy\" decoding=\"async\" width=\"2000\" height=\"1324\" src=\"https:\/\/www.alliiertenmuseum.de\/wp-content\/uploads\/2021\/06\/4.1_2-alliierten-museum-care-nachkriegszeit-fuehrung.jpg\" class=\"attachment-post-thumbnail size-post-thumbnail landscape\" alt=\"\" srcset=\"https:\/\/www.alliiertenmuseum.de\/wp-content\/uploads\/2021\/06\/4.1_2-alliierten-museum-care-nachkriegszeit-fuehrung.jpg 2000w, https:\/\/www.alliiertenmuseum.de\/wp-content\/uploads\/2021\/06\/4.1_2-alliierten-museum-care-nachkriegszeit-fuehrung-300x199.jpg 300w, https:\/\/www.alliiertenmuseum.de\/wp-content\/uploads\/2021\/06\/4.1_2-alliierten-museum-care-nachkriegszeit-fuehrung-1024x678.jpg 1024w, https:\/\/www.alliiertenmuseum.de\/wp-content\/uploads\/2021\/06\/4.1_2-alliierten-museum-care-nachkriegszeit-fuehrung-768x508.jpg 768w, https:\/\/www.alliiertenmuseum.de\/wp-content\/uploads\/2021\/06\/4.1_2-alliierten-museum-care-nachkriegszeit-fuehrung-1536x1017.jpg 1536w, https:\/\/www.alliiertenmuseum.de\/wp-content\/uploads\/2021\/06\/4.1_2-alliierten-museum-care-nachkriegszeit-fuehrung-50x33.jpg 50w\" sizes=\"auto, (max-width: 2000px) 100vw, 2000px\" \/>        <\/a>\n\n    \n            <footer class=\"entry-footer\" ><time datetime=\"PT60M\">60 minutes<\/time> | 80 \u20ac | 25 personnes max. | FR, DE, EN<\/footer>\n    <\/article><!-- #post-2247 -->\n\n<article id=\"post-2250\" class=\"has-sidebar post-2250 education type-education status-publish has-post-thumbnail hentry education-target-group-erwachsene education-format-kiezspaziergang fr-FR\">\n            <header class=\"entry-header\">\n\t\t\t<span class=\"highlighted\">Promenade<\/span>\t\t\t<h2 class=\"entry-title\"><a href=\"https:\/\/www.alliiertenmuseum.de\/fr\/bildungsangebot\/little-america-a-berlin-promenade\/\">Little America \u00e0 Berlin<\/a><\/h2>        <\/header><!-- .entry-header -->\n\t\n    \n        <a class=\"post-thumbnail\" href=\"https:\/\/www.alliiertenmuseum.de\/fr\/bildungsangebot\/little-america-a-berlin-promenade\/\" aria-hidden=\"true\" tabindex=\"-1\">\n            <img loading=\"lazy\" decoding=\"async\" width=\"2000\" height=\"1331\" src=\"https:\/\/www.alliiertenmuseum.de\/wp-content\/uploads\/2021\/06\/4.1_5-alliierten-museum-amerikanischer-sektor-fuehrung.jpg\" class=\"attachment-post-thumbnail size-post-thumbnail landscape\" alt=\"\" srcset=\"https:\/\/www.alliiertenmuseum.de\/wp-content\/uploads\/2021\/06\/4.1_5-alliierten-museum-amerikanischer-sektor-fuehrung.jpg 2000w, https:\/\/www.alliiertenmuseum.de\/wp-content\/uploads\/2021\/06\/4.1_5-alliierten-museum-amerikanischer-sektor-fuehrung-300x200.jpg 300w, https:\/\/www.alliiertenmuseum.de\/wp-content\/uploads\/2021\/06\/4.1_5-alliierten-museum-amerikanischer-sektor-fuehrung-1024x681.jpg 1024w, https:\/\/www.alliiertenmuseum.de\/wp-content\/uploads\/2021\/06\/4.1_5-alliierten-museum-amerikanischer-sektor-fuehrung-768x511.jpg 768w, https:\/\/www.alliiertenmuseum.de\/wp-content\/uploads\/2021\/06\/4.1_5-alliierten-museum-amerikanischer-sektor-fuehrung-1536x1022.jpg 1536w, https:\/\/www.alliiertenmuseum.de\/wp-content\/uploads\/2021\/06\/4.1_5-alliierten-museum-amerikanischer-sektor-fuehrung-50x33.jpg 50w\" sizes=\"auto, (max-width: 2000px) 100vw, 2000px\" \/>        <\/a>\n\n    \n            <footer class=\"entry-footer\" ><time datetime=\"PT60M\">60 minutes<\/time> | 80 \u20ac | 25 personnes max. | FR, DE, EN<\/footer>\n    <\/article><!-- #post-2250 -->\n\n<article id=\"post-8618\" class=\"has-sidebar post-8618 education type-education status-publish has-post-thumbnail hentry education-target-group-erwachsene education-target-group-schulklassen education-target-group-lehrkraefte education-target-group-familien education-target-group-menschen-mit-behinderung education-target-group-7-klasse education-target-group-8-klasse education-target-group-9-klasse education-target-group-10-klasse education-target-group-11-klasse education-target-group-12-klasse education-target-group-13-klasse fr-FR\">\n            <header class=\"entry-header\">\n\t\t\t\t\t\t<h2 class=\"entry-title\"><a href=\"https:\/\/www.alliiertenmuseum.de\/fr\/bildungsangebot\/multi-media-guide\/\">Par&shy;cou&shy;rir l&rsquo;ex&shy;po&shy;si&shy;tion per&shy;ma&shy;nente avec le guide multi&shy;m\u00e9dia<\/a><\/h2>        <\/header><!-- .entry-header -->\n\t\n    \n        <a class=\"post-thumbnail\" href=\"https:\/\/www.alliiertenmuseum.de\/fr\/bildungsangebot\/multi-media-guide\/\" aria-hidden=\"true\" tabindex=\"-1\">\n            <img loading=\"lazy\" decoding=\"async\" width=\"942\" height=\"529\" src=\"https:\/\/www.alliiertenmuseum.de\/wp-content\/uploads\/2023\/04\/alliierten-museum-multimediaguide-1.png\" class=\"attachment-post-thumbnail size-post-thumbnail landscape wp-post-image\" alt=\"Une main tenant un guide multim\u00e9dia\" srcset=\"https:\/\/www.alliiertenmuseum.de\/wp-content\/uploads\/2023\/04\/alliierten-museum-multimediaguide-1.png 942w, https:\/\/www.alliiertenmuseum.de\/wp-content\/uploads\/2023\/04\/alliierten-museum-multimediaguide-1-300x168.png 300w, https:\/\/www.alliiertenmuseum.de\/wp-content\/uploads\/2023\/04\/alliierten-museum-multimediaguide-1-768x431.png 768w, https:\/\/www.alliiertenmuseum.de\/wp-content\/uploads\/2023\/04\/alliierten-museum-multimediaguide-1-50x28.png 50w\" sizes=\"auto, (max-width: 942px) 100vw, 942px\" \/>        <\/a>\n\n    \n            <footer class=\"entry-footer\" ><time datetime=\"PT60M\">60 minutes<\/time> | DE, EN, FR<\/footer>\n    <\/article><!-- #post-8618 -->\n\n<article id=\"post-2712\" class=\"has-sidebar post-2712 education type-education status-publish has-post-thumbnail hentry education-target-group-erwachsene education-format-fuehrung fr-FR\">\n            <header class=\"entry-header\">\n\t\t\t<span class=\"highlighted\">Visite guid\u00e9e des grands objets du site \u00e0 ciel ouvert<\/span>\t\t\t<h2 class=\"entry-title\"><a href=\"https:\/\/www.alliiertenmuseum.de\/fr\/bildungsangebot\/vues-interieures-de-la-guerre-froide\/\">Vues int\u00e9rieures de la guerre froide<\/a><\/h2>        <\/header><!-- .entry-header -->\n\t\n    \n        <a class=\"post-thumbnail\" href=\"https:\/\/www.alliiertenmuseum.de\/fr\/bildungsangebot\/vues-interieures-de-la-guerre-froide\/\" aria-hidden=\"true\" tabindex=\"-1\">\n            <img loading=\"lazy\" decoding=\"async\" width=\"2000\" height=\"1334\" src=\"https:\/\/www.alliiertenmuseum.de\/wp-content\/uploads\/2021\/06\/4.1_3-alliierten-museum-checkpoint-charlie-fuehrung.jpg\" class=\"attachment-post-thumbnail size-post-thumbnail landscape\" alt=\"\" srcset=\"https:\/\/www.alliiertenmuseum.de\/wp-content\/uploads\/2021\/06\/4.1_3-alliierten-museum-checkpoint-charlie-fuehrung.jpg 2000w, https:\/\/www.alliiertenmuseum.de\/wp-content\/uploads\/2021\/06\/4.1_3-alliierten-museum-checkpoint-charlie-fuehrung-300x200.jpg 300w, https:\/\/www.alliiertenmuseum.de\/wp-content\/uploads\/2021\/06\/4.1_3-alliierten-museum-checkpoint-charlie-fuehrung-1024x683.jpg 1024w, https:\/\/www.alliiertenmuseum.de\/wp-content\/uploads\/2021\/06\/4.1_3-alliierten-museum-checkpoint-charlie-fuehrung-768x512.jpg 768w, https:\/\/www.alliiertenmuseum.de\/wp-content\/uploads\/2021\/06\/4.1_3-alliierten-museum-checkpoint-charlie-fuehrung-1536x1025.jpg 1536w, https:\/\/www.alliiertenmuseum.de\/wp-content\/uploads\/2021\/06\/4.1_3-alliierten-museum-checkpoint-charlie-fuehrung-50x33.jpg 50w\" sizes=\"auto, (max-width: 2000px) 100vw, 2000px\" \/>        <\/a>\n\n    \n            <footer class=\"entry-footer\" ><time datetime=\"PT60M\">60 minutes<\/time> | 80 \u20ac | 25 personnes max. | FR, DE, EN<\/footer>\n    <\/article><!-- #post-2712 -->\n\n<article id=\"post-2245\" class=\"has-sidebar post-2245 education type-education status-publish has-post-thumbnail hentry education-target-group-erwachsene education-target-group-1-klasse education-target-group-2-klasse education-target-group-schulklassen education-target-group-3-klasse education-target-group-familien education-target-group-4-klasse education-target-group-5-klasse education-target-group-6-klasse fr-FR\">\n            <header class=\"entry-header\">\n\t\t\t<span class=\"highlighted\">Avion de transport a\u00e9rien<\/span>\t\t\t<h2 class=\"entry-title\"><a href=\"https:\/\/www.alliiertenmuseum.de\/fr\/bildungsangebot\/le-hastings-tg-503-de-lavion-du-pont-aerien-a-un-objet-de-musee\/\">Le Hastings TG 503 &#8211; De l\u2019avion du pont a\u00e9rien \u00e0 un objet de mus\u00e9e<\/a><\/h2>        <\/header><!-- .entry-header -->\n\t\n    \n        <a class=\"post-thumbnail\" href=\"https:\/\/www.alliiertenmuseum.de\/fr\/bildungsangebot\/le-hastings-tg-503-de-lavion-du-pont-aerien-a-un-objet-de-musee\/\" aria-hidden=\"true\" tabindex=\"-1\">\n            <img loading=\"lazy\" decoding=\"async\" width=\"1181\" height=\"782\" src=\"https:\/\/www.alliiertenmuseum.de\/wp-content\/uploads\/2021\/06\/alliierten-museum-pressefoto-luftbrueckenflugzeug.jpg\" class=\"attachment-post-thumbnail size-post-thumbnail landscape\" alt=\"\" srcset=\"https:\/\/www.alliiertenmuseum.de\/wp-content\/uploads\/2021\/06\/alliierten-museum-pressefoto-luftbrueckenflugzeug.jpg 1181w, https:\/\/www.alliiertenmuseum.de\/wp-content\/uploads\/2021\/06\/alliierten-museum-pressefoto-luftbrueckenflugzeug-300x199.jpg 300w, https:\/\/www.alliiertenmuseum.de\/wp-content\/uploads\/2021\/06\/alliierten-museum-pressefoto-luftbrueckenflugzeug-1024x678.jpg 1024w, https:\/\/www.alliiertenmuseum.de\/wp-content\/uploads\/2021\/06\/alliierten-museum-pressefoto-luftbrueckenflugzeug-768x509.jpg 768w, https:\/\/www.alliiertenmuseum.de\/wp-content\/uploads\/2021\/06\/alliierten-museum-pressefoto-luftbrueckenflugzeug-50x33.jpg 50w\" sizes=\"auto, (max-width: 1181px) 100vw, 1181px\" \/>        <\/a>\n\n    \n            <footer class=\"entry-footer\" >1 \u20ac p.p.<\/footer>\n    <\/article><!-- #post-2245 -->\n\n        <\/div>\n\n        \n\n\n\n<p><\/p>\n","protected":false},"excerpt":{"rendered":"<p>Pourquoi les Occidentaux ont-ils d\u00e9cid\u00e9 de mettre en place un pont a\u00e9rien vers Berlin&nbsp;? Comment travaillaient les services secrets des Alli\u00e9s pendant la Guerre froide&nbsp;? \u00c0 quoi ressemble la derni\u00e8re gu\u00e9rite de Checkpoint Charlie de l\u2019int\u00e9rieur&nbsp;? <\/p>\n","protected":false},"author":1,"featured_media":553,"parent":2495,"menu_order":0,"comment_status":"closed","ping_status":"closed","template":"","meta":{"_highline":"","_subtitle":"","_locale":"fr_FR","_original_post":"https:\/\/www.alliiertenmuseum.de\/?page_id=127","_featured_cover":false,"_featured_caption":"","_featured_caption_checkbox":false,"_featured_alt":"<p class=\"MsoNormal\"><span lang=\"FR\" style=\"mso-ansi-language:FR\">Deux officiers fran\u00e7ais et une personne en civil observent la bande frontali\u00e8re du Mur de Berlin du haut d'une tour.<\/span><\/p>","_pinkie_id":546,"_pinkie_caption":false,"_pinkie_alt":"<p class=\"MsoNormal\"><span lang=\"FR\" style=\"mso-ansi-language:FR\">Personnes devant des vitrines de l'exposition<\/span><\/p>","footnotes":"","_post-color":[]},"class_list":["post-2255","page","type-page","status-publish","has-post-thumbnail","hentry","fr-FR"],"featured_image_src":"https:\/\/www.alliiertenmuseum.de\/wp-content\/uploads\/2021\/06\/4.1_1-berliner-mauer-franzoesischer-sektor-e1635176808839.jpg","yoast_head":"<!-- This site is optimized with the Yoast SEO plugin v26.2 - https:\/\/yoast.com\/wordpress\/plugins\/seo\/ -->\n<title>Adultes - AlliiertenMuseum<\/title>\n<meta name=\"description\" content=\"Nous proposons aux adultes des tours d\u2019horizon ou des visites guid\u00e9es th\u00e9matiques sur l\u2019histoire du pont a\u00e9rien, de la construction du Mur et des services secrets \u00e0 Berlin.\" \/>\n<meta name=\"robots\" content=\"index, follow, max-snippet:-1, max-image-preview:large, max-video-preview:-1\" \/>\n<link rel=\"canonical\" href=\"https:\/\/www.alliiertenmuseum.de\/fr\/activites\/adultes\/\" \/>\n<meta property=\"og:locale\" content=\"fr_FR\" \/>\n<meta property=\"og:type\" content=\"article\" \/>\n<meta property=\"og:title\" content=\"Adultes - AlliiertenMuseum\" \/>\n<meta property=\"og:description\" content=\"Nous proposons aux adultes des tours d\u2019horizon ou des visites guid\u00e9es th\u00e9matiques sur l\u2019histoire du pont a\u00e9rien, de la construction du Mur et des services secrets \u00e0 Berlin.\" \/>\n<meta property=\"og:url\" content=\"https:\/\/www.alliiertenmuseum.de\/fr\/activites\/adultes\/\" \/>\n<meta property=\"og:site_name\" content=\"AlliiertenMuseum\" \/>\n<meta property=\"article:modified_time\" content=\"2024-10-14T10:02:06+00:00\" \/>\n<meta property=\"og:image\" content=\"https:\/\/www.alliiertenmuseum.de\/wp-content\/uploads\/2021\/06\/4.1_1-berliner-mauer-franzoesischer-sektor-e1635176808839.jpg\" \/>\n\t<meta property=\"og:image:width\" content=\"2000\" \/>\n\t<meta property=\"og:image:height\" content=\"1030\" \/>\n\t<meta property=\"og:image:type\" content=\"image\/jpeg\" \/>\n<meta name=\"twitter:card\" content=\"summary_large_image\" \/>\n<meta name=\"twitter:label1\" content=\"Dur\u00e9e de lecture estim\u00e9e\" \/>\n\t<meta name=\"twitter:data1\" content=\"1 minute\" \/>\n<script type=\"application\/ld+json\" class=\"yoast-schema-graph\">{\"@context\":\"https:\/\/schema.org\",\"@graph\":[{\"@type\":\"WebPage\",\"@id\":\"https:\/\/www.alliiertenmuseum.de\/fr\/activites\/adultes\/\",\"url\":\"https:\/\/www.alliiertenmuseum.de\/fr\/activites\/adultes\/\",\"name\":\"Adultes - AlliiertenMuseum\",\"isPartOf\":{\"@id\":\"https:\/\/www.alliiertenmuseum.de\/#website\"},\"primaryImageOfPage\":{\"@id\":\"https:\/\/www.alliiertenmuseum.de\/fr\/activites\/adultes\/#primaryimage\"},\"image\":{\"@id\":\"https:\/\/www.alliiertenmuseum.de\/fr\/activites\/adultes\/#primaryimage\"},\"thumbnailUrl\":\"https:\/\/www.alliiertenmuseum.de\/wp-content\/uploads\/2021\/06\/4.1_1-berliner-mauer-franzoesischer-sektor-e1635176808839.jpg\",\"datePublished\":\"2021-08-19T06:45:23+00:00\",\"dateModified\":\"2024-10-14T10:02:06+00:00\",\"description\":\"Nous proposons aux adultes des tours d\u2019horizon ou des visites guid\u00e9es th\u00e9matiques sur l\u2019histoire du pont a\u00e9rien, de la construction du Mur et des services secrets \u00e0 Berlin.\",\"breadcrumb\":{\"@id\":\"https:\/\/www.alliiertenmuseum.de\/fr\/activites\/adultes\/#breadcrumb\"},\"inLanguage\":\"fr-FR\",\"potentialAction\":[{\"@type\":\"ReadAction\",\"target\":[\"https:\/\/www.alliiertenmuseum.de\/fr\/activites\/adultes\/\"]}]},{\"@type\":\"ImageObject\",\"inLanguage\":\"fr-FR\",\"@id\":\"https:\/\/www.alliiertenmuseum.de\/fr\/activites\/adultes\/#primaryimage\",\"url\":\"https:\/\/www.alliiertenmuseum.de\/wp-content\/uploads\/2021\/06\/4.1_1-berliner-mauer-franzoesischer-sektor-e1635176808839.jpg\",\"contentUrl\":\"https:\/\/www.alliiertenmuseum.de\/wp-content\/uploads\/2021\/06\/4.1_1-berliner-mauer-franzoesischer-sektor-e1635176808839.jpg\",\"width\":2000,\"height\":1030},{\"@type\":\"BreadcrumbList\",\"@id\":\"https:\/\/www.alliiertenmuseum.de\/fr\/activites\/adultes\/#breadcrumb\",\"itemListElement\":[{\"@type\":\"ListItem\",\"position\":1,\"name\":\"Startseite\",\"item\":\"https:\/\/www.alliiertenmuseum.de\/fr\/\"},{\"@type\":\"ListItem\",\"position\":2,\"name\":\"Activit\u00e9s\",\"item\":\"https:\/\/www.alliiertenmuseum.de\/fr\/activites\/\"},{\"@type\":\"ListItem\",\"position\":3,\"name\":\"Adultes\"}]},{\"@type\":\"WebSite\",\"@id\":\"https:\/\/www.alliiertenmuseum.de\/#website\",\"url\":\"https:\/\/www.alliiertenmuseum.de\/\",\"name\":\"AlliiertenMuseum\",\"description\":\"\",\"publisher\":{\"@id\":\"https:\/\/www.alliiertenmuseum.de\/#organization\"},\"potentialAction\":[{\"@type\":\"SearchAction\",\"target\":{\"@type\":\"EntryPoint\",\"urlTemplate\":\"https:\/\/www.alliiertenmuseum.de\/?s={search_term_string}\"},\"query-input\":{\"@type\":\"PropertyValueSpecification\",\"valueRequired\":true,\"valueName\":\"search_term_string\"}}],\"inLanguage\":\"fr-FR\"},{\"@type\":\"Organization\",\"@id\":\"https:\/\/www.alliiertenmuseum.de\/#organization\",\"name\":\"AlliiertenMuseum\",\"url\":\"https:\/\/www.alliiertenmuseum.de\/\",\"logo\":{\"@type\":\"ImageObject\",\"inLanguage\":\"fr-FR\",\"@id\":\"https:\/\/www.alliiertenmuseum.de\/#\/schema\/logo\/image\/\",\"url\":\"https:\/\/www.alliiertenmuseum.de\/wp-content\/uploads\/2021\/05\/logo.svg\",\"contentUrl\":\"https:\/\/www.alliiertenmuseum.de\/wp-content\/uploads\/2021\/05\/logo.svg\",\"caption\":\"AlliiertenMuseum\"},\"image\":{\"@id\":\"https:\/\/www.alliiertenmuseum.de\/#\/schema\/logo\/image\/\"}}]}<\/script>\n<!-- \/ Yoast SEO plugin. -->","yoast_head_json":{"title":"Adultes - AlliiertenMuseum","description":"Nous proposons aux adultes des tours d\u2019horizon ou des visites guid\u00e9es th\u00e9matiques sur l\u2019histoire du pont a\u00e9rien, de la construction du Mur et des services secrets \u00e0 Berlin.","robots":{"index":"index","follow":"follow","max-snippet":"max-snippet:-1","max-image-preview":"max-image-preview:large","max-video-preview":"max-video-preview:-1"},"canonical":"https:\/\/www.alliiertenmuseum.de\/fr\/activites\/adultes\/","og_locale":"fr_FR","og_type":"article","og_title":"Adultes - AlliiertenMuseum","og_description":"Nous proposons aux adultes des tours d\u2019horizon ou des visites guid\u00e9es th\u00e9matiques sur l\u2019histoire du pont a\u00e9rien, de la construction du Mur et des services secrets \u00e0 Berlin.","og_url":"https:\/\/www.alliiertenmuseum.de\/fr\/activites\/adultes\/","og_site_name":"AlliiertenMuseum","article_modified_time":"2024-10-14T10:02:06+00:00","og_image":[{"width":2000,"height":1030,"url":"https:\/\/www.alliiertenmuseum.de\/wp-content\/uploads\/2021\/06\/4.1_1-berliner-mauer-franzoesischer-sektor-e1635176808839.jpg","type":"image\/jpeg"}],"twitter_card":"summary_large_image","twitter_misc":{"Dur\u00e9e de lecture estim\u00e9e":"1 minute"},"schema":{"@context":"https:\/\/schema.org","@graph":[{"@type":"WebPage","@id":"https:\/\/www.alliiertenmuseum.de\/fr\/activites\/adultes\/","url":"https:\/\/www.alliiertenmuseum.de\/fr\/activites\/adultes\/","name":"Adultes - AlliiertenMuseum","isPartOf":{"@id":"https:\/\/www.alliiertenmuseum.de\/#website"},"primaryImageOfPage":{"@id":"https:\/\/www.alliiertenmuseum.de\/fr\/activites\/adultes\/#primaryimage"},"image":{"@id":"https:\/\/www.alliiertenmuseum.de\/fr\/activites\/adultes\/#primaryimage"},"thumbnailUrl":"https:\/\/www.alliiertenmuseum.de\/wp-content\/uploads\/2021\/06\/4.1_1-berliner-mauer-franzoesischer-sektor-e1635176808839.jpg","datePublished":"2021-08-19T06:45:23+00:00","dateModified":"2024-10-14T10:02:06+00:00","description":"Nous proposons aux adultes des tours d\u2019horizon ou des visites guid\u00e9es th\u00e9matiques sur l\u2019histoire du pont a\u00e9rien, de la construction du Mur et des services secrets \u00e0 Berlin.","breadcrumb":{"@id":"https:\/\/www.alliiertenmuseum.de\/fr\/activites\/adultes\/#breadcrumb"},"inLanguage":"fr-FR","potentialAction":[{"@type":"ReadAction","target":["https:\/\/www.alliiertenmuseum.de\/fr\/activites\/adultes\/"]}]},{"@type":"ImageObject","inLanguage":"fr-FR","@id":"https:\/\/www.alliiertenmuseum.de\/fr\/activites\/adultes\/#primaryimage","url":"https:\/\/www.alliiertenmuseum.de\/wp-content\/uploads\/2021\/06\/4.1_1-berliner-mauer-franzoesischer-sektor-e1635176808839.jpg","contentUrl":"https:\/\/www.alliiertenmuseum.de\/wp-content\/uploads\/2021\/06\/4.1_1-berliner-mauer-franzoesischer-sektor-e1635176808839.jpg","width":2000,"height":1030},{"@type":"BreadcrumbList","@id":"https:\/\/www.alliiertenmuseum.de\/fr\/activites\/adultes\/#breadcrumb","itemListElement":[{"@type":"ListItem","position":1,"name":"Startseite","item":"https:\/\/www.alliiertenmuseum.de\/fr\/"},{"@type":"ListItem","position":2,"name":"Activit\u00e9s","item":"https:\/\/www.alliiertenmuseum.de\/fr\/activites\/"},{"@type":"ListItem","position":3,"name":"Adultes"}]},{"@type":"WebSite","@id":"https:\/\/www.alliiertenmuseum.de\/#website","url":"https:\/\/www.alliiertenmuseum.de\/","name":"AlliiertenMuseum","description":"","publisher":{"@id":"https:\/\/www.alliiertenmuseum.de\/#organization"},"potentialAction":[{"@type":"SearchAction","target":{"@type":"EntryPoint","urlTemplate":"https:\/\/www.alliiertenmuseum.de\/?s={search_term_string}"},"query-input":{"@type":"PropertyValueSpecification","valueRequired":true,"valueName":"search_term_string"}}],"inLanguage":"fr-FR"},{"@type":"Organization","@id":"https:\/\/www.alliiertenmuseum.de\/#organization","name":"AlliiertenMuseum","url":"https:\/\/www.alliiertenmuseum.de\/","logo":{"@type":"ImageObject","inLanguage":"fr-FR","@id":"https:\/\/www.alliiertenmuseum.de\/#\/schema\/logo\/image\/","url":"https:\/\/www.alliiertenmuseum.de\/wp-content\/uploads\/2021\/05\/logo.svg","contentUrl":"https:\/\/www.alliiertenmuseum.de\/wp-content\/uploads\/2021\/05\/logo.svg","caption":"AlliiertenMuseum"},"image":{"@id":"https:\/\/www.alliiertenmuseum.de\/#\/schema\/logo\/image\/"}}]}},"_links":{"self":[{"href":"https:\/\/www.alliiertenmuseum.de\/wp-json\/wp\/v2\/pages\/2255","targetHints":{"allow":["GET"]}}],"collection":[{"href":"https:\/\/www.alliiertenmuseum.de\/wp-json\/wp\/v2\/pages"}],"about":[{"href":"https:\/\/www.alliiertenmuseum.de\/wp-json\/wp\/v2\/types\/page"}],"author":[{"embeddable":true,"href":"https:\/\/www.alliiertenmuseum.de\/wp-json\/wp\/v2\/users\/1"}],"replies":[{"embeddable":true,"href":"https:\/\/www.alliiertenmuseum.de\/wp-json\/wp\/v2\/comments?post=2255"}],"version-history":[{"count":5,"href":"https:\/\/www.alliiertenmuseum.de\/wp-json\/wp\/v2\/pages\/2255\/revisions"}],"predecessor-version":[{"id":33909,"href":"https:\/\/www.alliiertenmuseum.de\/wp-json\/wp\/v2\/pages\/2255\/revisions\/33909"}],"up":[{"embeddable":true,"href":"https:\/\/www.alliiertenmuseum.de\/wp-json\/wp\/v2\/pages\/2495"}],"wp:featuredmedia":[{"embeddable":true,"href":"https:\/\/www.alliiertenmuseum.de\/wp-json\/wp\/v2\/media\/553"}],"wp:attachment":[{"href":"https:\/\/www.alliiertenmuseum.de\/wp-json\/wp\/v2\/media?parent=2255"}],"curies":[{"name":"wp","href":"https:\/\/api.w.org\/{rel}","templated":true}]}}