{"id":2260,"date":"2021-08-19T09:26:26","date_gmt":"2021-08-19T07:26:26","guid":{"rendered":"http:\/\/stage.alm.smithberlin.com\/?page_id=2260"},"modified":"2024-10-14T12:43:36","modified_gmt":"2024-10-14T10:43:36","slug":"familles","status":"publish","type":"page","link":"https:\/\/www.alliiertenmuseum.de\/fr\/activites\/familles\/","title":{"rendered":"Familles"},"content":{"rendered":"\n<div class=\"wp-block-group\"><div class=\"wp-block-group__inner-container is-layout-flow wp-block-group-is-layout-flow\">\n<h2 class=\"wp-block-heading\">QUI, com&shy;ment, quoi, pour&shy;quoi ?<\/h2>\n\n\n\n<h3 class=\"wp-block-heading\"><strong>Au Mu&shy;s\u00e9e des Al&shy;li\u00e9s avec des en&shy;fants<\/strong><\/h3>\n\n\n\n<div class=\"wp-block-columns is-layout-flex wp-container-core-columns-is-layout-9d6595d7 wp-block-columns-is-layout-flex\">\n<div class=\"wp-block-column is-layout-flow wp-block-column-is-layout-flow\">\n<p>Les familles sont invit\u00e9es \u00e0 d\u00e9couvrir l\u2019histoire des puissances occidentales \u00e0 Berlin de 1945 \u00e0 1994. Les grands et les petits peuvent explorer comme bon leur semble l\u2019exposition avec un carnet quiz en allemand.<\/p>\n<\/div>\n\n\n\n<div class=\"wp-block-column is-layout-flow wp-block-column-is-layout-flow\">\n<p>Dans notre visite guid\u00e9e familiale, vous et vos enfants d\u00e9couvrez des objets passionnants&nbsp;\u2013 du parachute de chocolat issu de l\u2019\u00e9poque du pont a\u00e9rien de Berlin au tunnel d\u2019espionnage.<\/p>\n<\/div>\n<\/div>\n<\/div><\/div>\n\n\n\n\n        \n        <div class=\"post-list post-list-education alignwide\">\n\n            \n<article id=\"post-8618\" class=\"has-sidebar post-8618 education type-education status-publish has-post-thumbnail hentry education-target-group-erwachsene education-target-group-schulklassen education-target-group-lehrkraefte education-target-group-familien education-target-group-menschen-mit-behinderung education-target-group-7-klasse education-target-group-8-klasse education-target-group-9-klasse education-target-group-10-klasse education-target-group-11-klasse education-target-group-12-klasse education-target-group-13-klasse fr-FR\">\n            <header class=\"entry-header\">\n\t\t\t\t\t\t<h2 class=\"entry-title\"><a href=\"https:\/\/www.alliiertenmuseum.de\/fr\/bildungsangebot\/multi-media-guide\/\">Par&shy;cou&shy;rir l&rsquo;ex&shy;po&shy;si&shy;tion per&shy;ma&shy;nente avec le guide multi&shy;m\u00e9dia<\/a><\/h2>        <\/header><!-- .entry-header -->\n\t\n    \n        <a class=\"post-thumbnail\" href=\"https:\/\/www.alliiertenmuseum.de\/fr\/bildungsangebot\/multi-media-guide\/\" aria-hidden=\"true\" tabindex=\"-1\">\n            <img loading=\"lazy\" decoding=\"async\" width=\"942\" height=\"529\" src=\"https:\/\/www.alliiertenmuseum.de\/wp-content\/uploads\/2023\/04\/alliierten-museum-multimediaguide-1.png\" class=\"attachment-post-thumbnail size-post-thumbnail landscape wp-post-image\" alt=\"Une main tenant un guide multim\u00e9dia\" srcset=\"https:\/\/www.alliiertenmuseum.de\/wp-content\/uploads\/2023\/04\/alliierten-museum-multimediaguide-1.png 942w, https:\/\/www.alliiertenmuseum.de\/wp-content\/uploads\/2023\/04\/alliierten-museum-multimediaguide-1-300x168.png 300w, https:\/\/www.alliiertenmuseum.de\/wp-content\/uploads\/2023\/04\/alliierten-museum-multimediaguide-1-768x431.png 768w, https:\/\/www.alliiertenmuseum.de\/wp-content\/uploads\/2023\/04\/alliierten-museum-multimediaguide-1-50x28.png 50w\" sizes=\"auto, (max-width: 942px) 100vw, 942px\" \/>        <\/a>\n\n    \n            <footer class=\"entry-footer\" ><time datetime=\"PT60M\">60 minutes<\/time> | DE, EN, FR<\/footer>\n    <\/article><!-- #post-8618 -->\n\n<article id=\"post-2842\" class=\"has-sidebar post-2842 education type-education status-publish has-post-thumbnail hentry education-target-group-kinder-9-12-jahre education-target-group-familien education-format-kindergeburtstag fr-FR\">\n            <header class=\"entry-header\">\n\t\t\t<span class=\"highlighted\">F\u00eate d\u2018anniversaire<\/span>\t\t\t<h2 class=\"entry-title\"><a href=\"https:\/\/www.alliiertenmuseum.de\/fr\/bildungsangebot\/top-secret-a-la-recherche-du-document-secret-disparu-un-anniversaire-denfant-exceptionnel\/\">Top secret ! \u00c0 la recherche du document secret disparu &#8211; Un anniversaire d\u2019enfant exceptionnel<\/a><\/h2>        <\/header><!-- .entry-header -->\n\t\n    \n        <a class=\"post-thumbnail\" href=\"https:\/\/www.alliiertenmuseum.de\/fr\/bildungsangebot\/top-secret-a-la-recherche-du-document-secret-disparu-un-anniversaire-denfant-exceptionnel\/\" aria-hidden=\"true\" tabindex=\"-1\">\n            <img loading=\"lazy\" decoding=\"async\" width=\"2000\" height=\"2338\" src=\"https:\/\/www.alliiertenmuseum.de\/wp-content\/uploads\/2021\/06\/4.4._3-alliierten-museum-kinder-geburtstag.jpg\" class=\"attachment-post-thumbnail size-post-thumbnail portrait\" alt=\"\" srcset=\"https:\/\/www.alliiertenmuseum.de\/wp-content\/uploads\/2021\/06\/4.4._3-alliierten-museum-kinder-geburtstag.jpg 2000w, https:\/\/www.alliiertenmuseum.de\/wp-content\/uploads\/2021\/06\/4.4._3-alliierten-museum-kinder-geburtstag-257x300.jpg 257w, https:\/\/www.alliiertenmuseum.de\/wp-content\/uploads\/2021\/06\/4.4._3-alliierten-museum-kinder-geburtstag-876x1024.jpg 876w, https:\/\/www.alliiertenmuseum.de\/wp-content\/uploads\/2021\/06\/4.4._3-alliierten-museum-kinder-geburtstag-768x898.jpg 768w, https:\/\/www.alliiertenmuseum.de\/wp-content\/uploads\/2021\/06\/4.4._3-alliierten-museum-kinder-geburtstag-1314x1536.jpg 1314w, https:\/\/www.alliiertenmuseum.de\/wp-content\/uploads\/2021\/06\/4.4._3-alliierten-museum-kinder-geburtstag-1752x2048.jpg 1752w, https:\/\/www.alliiertenmuseum.de\/wp-content\/uploads\/2021\/06\/4.4._3-alliierten-museum-kinder-geburtstag-43x50.jpg 43w\" sizes=\"auto, (max-width: 2000px) 100vw, 2000px\" \/>        <\/a>\n\n    \n            <footer class=\"entry-footer\" ><time datetime=\"PT150M\">150 minutes<\/time> | 200 \u20ac | 10 personnes max. | FR, EN, DE<\/footer>\n    <\/article><!-- #post-2842 -->\n\n<article id=\"post-2840\" class=\"has-sidebar post-2840 education type-education status-publish has-post-thumbnail hentry education-target-group-familien education-format-fuehrung fr-FR\">\n            <header class=\"entry-header\">\n\t\t\t<span class=\"highlighted\">Visite guid\u00e9e familiale de l\u2019exposition permanente<\/span>\t\t\t<h2 class=\"entry-title\"><a href=\"https:\/\/www.alliiertenmuseum.de\/fr\/bildungsangebot\/un-pilote-davion-de-chocolat-et-des-espions\/\">Un pilote d\u2019avion de chocolat et des espions<\/a><\/h2>        <\/header><!-- .entry-header -->\n\t\n    \n        <a class=\"post-thumbnail\" href=\"https:\/\/www.alliiertenmuseum.de\/fr\/bildungsangebot\/un-pilote-davion-de-chocolat-et-des-espions\/\" aria-hidden=\"true\" tabindex=\"-1\">\n            <img loading=\"lazy\" decoding=\"async\" width=\"2000\" height=\"1335\" src=\"https:\/\/www.alliiertenmuseum.de\/wp-content\/uploads\/2021\/06\/4.4._2-alliierten-museum-familien-fuehrung-rosinenbomber.jpg\" class=\"attachment-post-thumbnail size-post-thumbnail landscape\" alt=\"\" srcset=\"https:\/\/www.alliiertenmuseum.de\/wp-content\/uploads\/2021\/06\/4.4._2-alliierten-museum-familien-fuehrung-rosinenbomber.jpg 2000w, https:\/\/www.alliiertenmuseum.de\/wp-content\/uploads\/2021\/06\/4.4._2-alliierten-museum-familien-fuehrung-rosinenbomber-300x200.jpg 300w, https:\/\/www.alliiertenmuseum.de\/wp-content\/uploads\/2021\/06\/4.4._2-alliierten-museum-familien-fuehrung-rosinenbomber-1024x684.jpg 1024w, https:\/\/www.alliiertenmuseum.de\/wp-content\/uploads\/2021\/06\/4.4._2-alliierten-museum-familien-fuehrung-rosinenbomber-768x513.jpg 768w, https:\/\/www.alliiertenmuseum.de\/wp-content\/uploads\/2021\/06\/4.4._2-alliierten-museum-familien-fuehrung-rosinenbomber-1536x1025.jpg 1536w, https:\/\/www.alliiertenmuseum.de\/wp-content\/uploads\/2021\/06\/4.4._2-alliierten-museum-familien-fuehrung-rosinenbomber-50x33.jpg 50w\" sizes=\"auto, (max-width: 2000px) 100vw, 2000px\" \/>        <\/a>\n\n    \n            <footer class=\"entry-footer\" ><time datetime=\"PT90M\">90 minutes<\/time> | 80 \u20ac | 25 personnes max. | FR, EN, DE<\/footer>\n    <\/article><!-- #post-2840 -->\n\n<article id=\"post-2847\" class=\"has-sidebar post-2847 education type-education status-publish has-post-thumbnail hentry education-target-group-kinder-9-12-jahre education-target-group-familien education-format-begleitmaterialien fr-FR\">\n            <header class=\"entry-header\">\n\t\t\t<span class=\"highlighted\">Un carnet quiz pour les enfants \u00e0 partir de 8 ans<\/span>\t\t\t<h2 class=\"entry-title\"><a href=\"https:\/\/www.alliiertenmuseum.de\/fr\/bildungsangebot\/avec-babette-john-et-mary-au-musee-des-allies\/\">Avec Babette, John et Mary en voyage dans le temps au Mus\u00e9e des Alli\u00e9s<\/a><\/h2>        <\/header><!-- .entry-header -->\n\t\n    \n        <a class=\"post-thumbnail\" href=\"https:\/\/www.alliiertenmuseum.de\/fr\/bildungsangebot\/avec-babette-john-et-mary-au-musee-des-allies\/\" aria-hidden=\"true\" tabindex=\"-1\">\n            <img loading=\"lazy\" decoding=\"async\" width=\"1920\" height=\"1458\" src=\"https:\/\/www.alliiertenmuseum.de\/wp-content\/uploads\/2021\/06\/ALM_Von_Flugzeugen__Spionen_und_Boxhandschuhen_Mockup.jpg\" class=\"attachment-post-thumbnail size-post-thumbnail landscape\" alt=\"\" srcset=\"https:\/\/www.alliiertenmuseum.de\/wp-content\/uploads\/2021\/06\/ALM_Von_Flugzeugen__Spionen_und_Boxhandschuhen_Mockup.jpg 1920w, https:\/\/www.alliiertenmuseum.de\/wp-content\/uploads\/2021\/06\/ALM_Von_Flugzeugen__Spionen_und_Boxhandschuhen_Mockup-300x228.jpg 300w, https:\/\/www.alliiertenmuseum.de\/wp-content\/uploads\/2021\/06\/ALM_Von_Flugzeugen__Spionen_und_Boxhandschuhen_Mockup-1024x778.jpg 1024w, https:\/\/www.alliiertenmuseum.de\/wp-content\/uploads\/2021\/06\/ALM_Von_Flugzeugen__Spionen_und_Boxhandschuhen_Mockup-768x583.jpg 768w, https:\/\/www.alliiertenmuseum.de\/wp-content\/uploads\/2021\/06\/ALM_Von_Flugzeugen__Spionen_und_Boxhandschuhen_Mockup-1536x1166.jpg 1536w, https:\/\/www.alliiertenmuseum.de\/wp-content\/uploads\/2021\/06\/ALM_Von_Flugzeugen__Spionen_und_Boxhandschuhen_Mockup-50x38.jpg 50w\" sizes=\"auto, (max-width: 1920px) 100vw, 1920px\" \/>        <\/a>\n\n    \n            <footer class=\"entry-footer\" >3 \u20ac | DE<\/footer>\n    <\/article><!-- #post-2847 -->\n\n<article id=\"post-2245\" class=\"has-sidebar post-2245 education type-education status-publish has-post-thumbnail hentry education-target-group-1-klasse education-target-group-erwachsene education-target-group-2-klasse education-target-group-schulklassen education-target-group-3-klasse education-target-group-familien education-target-group-4-klasse education-target-group-5-klasse education-target-group-6-klasse fr-FR\">\n            <header class=\"entry-header\">\n\t\t\t<span class=\"highlighted\">Avion de transport a\u00e9rien<\/span>\t\t\t<h2 class=\"entry-title\"><a href=\"https:\/\/www.alliiertenmuseum.de\/fr\/bildungsangebot\/le-hastings-tg-503-de-lavion-du-pont-aerien-a-un-objet-de-musee\/\">Le Hastings TG 503 &#8211; De l\u2019avion du pont a\u00e9rien \u00e0 un objet de mus\u00e9e<\/a><\/h2>        <\/header><!-- .entry-header -->\n\t\n    \n        <a class=\"post-thumbnail\" href=\"https:\/\/www.alliiertenmuseum.de\/fr\/bildungsangebot\/le-hastings-tg-503-de-lavion-du-pont-aerien-a-un-objet-de-musee\/\" aria-hidden=\"true\" tabindex=\"-1\">\n            <img loading=\"lazy\" decoding=\"async\" width=\"1181\" height=\"782\" src=\"https:\/\/www.alliiertenmuseum.de\/wp-content\/uploads\/2021\/06\/alliierten-museum-pressefoto-luftbrueckenflugzeug.jpg\" class=\"attachment-post-thumbnail size-post-thumbnail landscape\" alt=\"\" srcset=\"https:\/\/www.alliiertenmuseum.de\/wp-content\/uploads\/2021\/06\/alliierten-museum-pressefoto-luftbrueckenflugzeug.jpg 1181w, https:\/\/www.alliiertenmuseum.de\/wp-content\/uploads\/2021\/06\/alliierten-museum-pressefoto-luftbrueckenflugzeug-300x199.jpg 300w, https:\/\/www.alliiertenmuseum.de\/wp-content\/uploads\/2021\/06\/alliierten-museum-pressefoto-luftbrueckenflugzeug-1024x678.jpg 1024w, https:\/\/www.alliiertenmuseum.de\/wp-content\/uploads\/2021\/06\/alliierten-museum-pressefoto-luftbrueckenflugzeug-768x509.jpg 768w, https:\/\/www.alliiertenmuseum.de\/wp-content\/uploads\/2021\/06\/alliierten-museum-pressefoto-luftbrueckenflugzeug-50x33.jpg 50w\" sizes=\"auto, (max-width: 1181px) 100vw, 1181px\" \/>        <\/a>\n\n    \n            <footer class=\"entry-footer\" >1 \u20ac p.p.<\/footer>\n    <\/article><!-- #post-2245 -->\n\n        <\/div>\n\n        \n","protected":false},"excerpt":{"rendered":"<p>QUI, comment, quoi, pourquoi? Les familles sont invit\u00e9es \u00e0 d\u00e9couvrir l\u2019histoire des puissances occidentales \u00e0 Berlin de 1945 \u00e0 1994. Les grands et les petits peuvent explorer comme bon leur semble l\u2019exposition avec un carnet quiz en allemand.<\/p>\n","protected":false},"author":1,"featured_media":931,"parent":2495,"menu_order":0,"comment_status":"closed","ping_status":"closed","template":"","meta":{"_highline":"","_subtitle":"","_locale":"fr_FR","_original_post":"https:\/\/www.alliiertenmuseum.de\/?page_id=156","_featured_cover":false,"_featured_caption":"","_featured_caption_checkbox":false,"_featured_alt":"<p class=\"MsoNormal\"><span lang=\"FR\" style=\"mso-ansi-language:FR\">Trois petites filles habill\u00e9es de robes et de lunettes de soleil mangent une glace.<\/span><\/p>","_pinkie_id":932,"_pinkie_caption":false,"_pinkie_alt":"<p class=\"MsoNormal\"><span lang=\"FR\" style=\"mso-ansi-language:FR\">Un p\u00e8re et son fils devant une vitrine de maquettes d'avions.<\/span><\/p>","footnotes":"","_post-color":[]},"class_list":["post-2260","page","type-page","status-publish","has-post-thumbnail","hentry","fr-FR"],"featured_image_src":"https:\/\/www.alliiertenmuseum.de\/wp-content\/uploads\/2021\/06\/4.4._1-rhein-main-armed-forces-day-us-army-germany.jpg","yoast_head":"<!-- This site is optimized with the Yoast SEO plugin v26.2 - https:\/\/yoast.com\/wordpress\/plugins\/seo\/ -->\n<title>Familles - AlliiertenMuseum<\/title>\n<meta name=\"description\" content=\"Au Mus\u00e9e des Alli\u00e9s, les enfants peuvent d\u00e9couvrir l\u2019histoire de la guerre froide \u00e0 Berlin entre 1945 et 1994 gr\u00e2ce \u00e0 un rallye qui les m\u00e8ne \u00e0 travers l\u2019exposition.\" \/>\n<meta name=\"robots\" content=\"index, follow, max-snippet:-1, max-image-preview:large, max-video-preview:-1\" \/>\n<link rel=\"canonical\" href=\"https:\/\/www.alliiertenmuseum.de\/fr\/activites\/familles\/\" \/>\n<meta property=\"og:locale\" content=\"fr_FR\" \/>\n<meta property=\"og:type\" content=\"article\" \/>\n<meta property=\"og:title\" content=\"Familles - AlliiertenMuseum\" \/>\n<meta property=\"og:description\" content=\"Au Mus\u00e9e des Alli\u00e9s, les enfants peuvent d\u00e9couvrir l\u2019histoire de la guerre froide \u00e0 Berlin entre 1945 et 1994 gr\u00e2ce \u00e0 un rallye qui les m\u00e8ne \u00e0 travers l\u2019exposition.\" \/>\n<meta property=\"og:url\" content=\"https:\/\/www.alliiertenmuseum.de\/fr\/activites\/familles\/\" \/>\n<meta property=\"og:site_name\" content=\"AlliiertenMuseum\" \/>\n<meta property=\"article:modified_time\" content=\"2024-10-14T10:43:36+00:00\" \/>\n<meta property=\"og:image\" content=\"https:\/\/www.alliiertenmuseum.de\/wp-content\/uploads\/2021\/06\/4.4._1-rhein-main-armed-forces-day-us-army-germany.jpg\" \/>\n\t<meta property=\"og:image:width\" content=\"2000\" \/>\n\t<meta property=\"og:image:height\" content=\"1237\" \/>\n\t<meta property=\"og:image:type\" content=\"image\/jpeg\" \/>\n<meta name=\"twitter:card\" content=\"summary_large_image\" \/>\n<meta name=\"twitter:label1\" content=\"Dur\u00e9e de lecture estim\u00e9e\" \/>\n\t<meta name=\"twitter:data1\" content=\"1 minute\" \/>\n<script type=\"application\/ld+json\" class=\"yoast-schema-graph\">{\"@context\":\"https:\/\/schema.org\",\"@graph\":[{\"@type\":\"WebPage\",\"@id\":\"https:\/\/www.alliiertenmuseum.de\/fr\/activites\/familles\/\",\"url\":\"https:\/\/www.alliiertenmuseum.de\/fr\/activites\/familles\/\",\"name\":\"Familles - AlliiertenMuseum\",\"isPartOf\":{\"@id\":\"https:\/\/www.alliiertenmuseum.de\/#website\"},\"primaryImageOfPage\":{\"@id\":\"https:\/\/www.alliiertenmuseum.de\/fr\/activites\/familles\/#primaryimage\"},\"image\":{\"@id\":\"https:\/\/www.alliiertenmuseum.de\/fr\/activites\/familles\/#primaryimage\"},\"thumbnailUrl\":\"https:\/\/www.alliiertenmuseum.de\/wp-content\/uploads\/2021\/06\/4.4._1-rhein-main-armed-forces-day-us-army-germany.jpg\",\"datePublished\":\"2021-08-19T07:26:26+00:00\",\"dateModified\":\"2024-10-14T10:43:36+00:00\",\"description\":\"Au Mus\u00e9e des Alli\u00e9s, les enfants peuvent d\u00e9couvrir l\u2019histoire de la guerre froide \u00e0 Berlin entre 1945 et 1994 gr\u00e2ce \u00e0 un rallye qui les m\u00e8ne \u00e0 travers l\u2019exposition.\",\"breadcrumb\":{\"@id\":\"https:\/\/www.alliiertenmuseum.de\/fr\/activites\/familles\/#breadcrumb\"},\"inLanguage\":\"fr-FR\",\"potentialAction\":[{\"@type\":\"ReadAction\",\"target\":[\"https:\/\/www.alliiertenmuseum.de\/fr\/activites\/familles\/\"]}]},{\"@type\":\"ImageObject\",\"inLanguage\":\"fr-FR\",\"@id\":\"https:\/\/www.alliiertenmuseum.de\/fr\/activites\/familles\/#primaryimage\",\"url\":\"https:\/\/www.alliiertenmuseum.de\/wp-content\/uploads\/2021\/06\/4.4._1-rhein-main-armed-forces-day-us-army-germany.jpg\",\"contentUrl\":\"https:\/\/www.alliiertenmuseum.de\/wp-content\/uploads\/2021\/06\/4.4._1-rhein-main-armed-forces-day-us-army-germany.jpg\",\"width\":2000,\"height\":1237,\"caption\":\"AlliiertenMuseum\/US Army Photograph\"},{\"@type\":\"BreadcrumbList\",\"@id\":\"https:\/\/www.alliiertenmuseum.de\/fr\/activites\/familles\/#breadcrumb\",\"itemListElement\":[{\"@type\":\"ListItem\",\"position\":1,\"name\":\"Startseite\",\"item\":\"https:\/\/www.alliiertenmuseum.de\/fr\/\"},{\"@type\":\"ListItem\",\"position\":2,\"name\":\"Activit\u00e9s\",\"item\":\"https:\/\/www.alliiertenmuseum.de\/fr\/activites\/\"},{\"@type\":\"ListItem\",\"position\":3,\"name\":\"Familles\"}]},{\"@type\":\"WebSite\",\"@id\":\"https:\/\/www.alliiertenmuseum.de\/#website\",\"url\":\"https:\/\/www.alliiertenmuseum.de\/\",\"name\":\"AlliiertenMuseum\",\"description\":\"\",\"publisher\":{\"@id\":\"https:\/\/www.alliiertenmuseum.de\/#organization\"},\"potentialAction\":[{\"@type\":\"SearchAction\",\"target\":{\"@type\":\"EntryPoint\",\"urlTemplate\":\"https:\/\/www.alliiertenmuseum.de\/?s={search_term_string}\"},\"query-input\":{\"@type\":\"PropertyValueSpecification\",\"valueRequired\":true,\"valueName\":\"search_term_string\"}}],\"inLanguage\":\"fr-FR\"},{\"@type\":\"Organization\",\"@id\":\"https:\/\/www.alliiertenmuseum.de\/#organization\",\"name\":\"AlliiertenMuseum\",\"url\":\"https:\/\/www.alliiertenmuseum.de\/\",\"logo\":{\"@type\":\"ImageObject\",\"inLanguage\":\"fr-FR\",\"@id\":\"https:\/\/www.alliiertenmuseum.de\/#\/schema\/logo\/image\/\",\"url\":\"https:\/\/www.alliiertenmuseum.de\/wp-content\/uploads\/2021\/05\/logo.svg\",\"contentUrl\":\"https:\/\/www.alliiertenmuseum.de\/wp-content\/uploads\/2021\/05\/logo.svg\",\"caption\":\"AlliiertenMuseum\"},\"image\":{\"@id\":\"https:\/\/www.alliiertenmuseum.de\/#\/schema\/logo\/image\/\"}}]}<\/script>\n<!-- \/ Yoast SEO plugin. -->","yoast_head_json":{"title":"Familles - AlliiertenMuseum","description":"Au Mus\u00e9e des Alli\u00e9s, les enfants peuvent d\u00e9couvrir l\u2019histoire de la guerre froide \u00e0 Berlin entre 1945 et 1994 gr\u00e2ce \u00e0 un rallye qui les m\u00e8ne \u00e0 travers l\u2019exposition.","robots":{"index":"index","follow":"follow","max-snippet":"max-snippet:-1","max-image-preview":"max-image-preview:large","max-video-preview":"max-video-preview:-1"},"canonical":"https:\/\/www.alliiertenmuseum.de\/fr\/activites\/familles\/","og_locale":"fr_FR","og_type":"article","og_title":"Familles - AlliiertenMuseum","og_description":"Au Mus\u00e9e des Alli\u00e9s, les enfants peuvent d\u00e9couvrir l\u2019histoire de la guerre froide \u00e0 Berlin entre 1945 et 1994 gr\u00e2ce \u00e0 un rallye qui les m\u00e8ne \u00e0 travers l\u2019exposition.","og_url":"https:\/\/www.alliiertenmuseum.de\/fr\/activites\/familles\/","og_site_name":"AlliiertenMuseum","article_modified_time":"2024-10-14T10:43:36+00:00","og_image":[{"width":2000,"height":1237,"url":"https:\/\/www.alliiertenmuseum.de\/wp-content\/uploads\/2021\/06\/4.4._1-rhein-main-armed-forces-day-us-army-germany.jpg","type":"image\/jpeg"}],"twitter_card":"summary_large_image","twitter_misc":{"Dur\u00e9e de lecture estim\u00e9e":"1 minute"},"schema":{"@context":"https:\/\/schema.org","@graph":[{"@type":"WebPage","@id":"https:\/\/www.alliiertenmuseum.de\/fr\/activites\/familles\/","url":"https:\/\/www.alliiertenmuseum.de\/fr\/activites\/familles\/","name":"Familles - AlliiertenMuseum","isPartOf":{"@id":"https:\/\/www.alliiertenmuseum.de\/#website"},"primaryImageOfPage":{"@id":"https:\/\/www.alliiertenmuseum.de\/fr\/activites\/familles\/#primaryimage"},"image":{"@id":"https:\/\/www.alliiertenmuseum.de\/fr\/activites\/familles\/#primaryimage"},"thumbnailUrl":"https:\/\/www.alliiertenmuseum.de\/wp-content\/uploads\/2021\/06\/4.4._1-rhein-main-armed-forces-day-us-army-germany.jpg","datePublished":"2021-08-19T07:26:26+00:00","dateModified":"2024-10-14T10:43:36+00:00","description":"Au Mus\u00e9e des Alli\u00e9s, les enfants peuvent d\u00e9couvrir l\u2019histoire de la guerre froide \u00e0 Berlin entre 1945 et 1994 gr\u00e2ce \u00e0 un rallye qui les m\u00e8ne \u00e0 travers l\u2019exposition.","breadcrumb":{"@id":"https:\/\/www.alliiertenmuseum.de\/fr\/activites\/familles\/#breadcrumb"},"inLanguage":"fr-FR","potentialAction":[{"@type":"ReadAction","target":["https:\/\/www.alliiertenmuseum.de\/fr\/activites\/familles\/"]}]},{"@type":"ImageObject","inLanguage":"fr-FR","@id":"https:\/\/www.alliiertenmuseum.de\/fr\/activites\/familles\/#primaryimage","url":"https:\/\/www.alliiertenmuseum.de\/wp-content\/uploads\/2021\/06\/4.4._1-rhein-main-armed-forces-day-us-army-germany.jpg","contentUrl":"https:\/\/www.alliiertenmuseum.de\/wp-content\/uploads\/2021\/06\/4.4._1-rhein-main-armed-forces-day-us-army-germany.jpg","width":2000,"height":1237,"caption":"AlliiertenMuseum\/US Army Photograph"},{"@type":"BreadcrumbList","@id":"https:\/\/www.alliiertenmuseum.de\/fr\/activites\/familles\/#breadcrumb","itemListElement":[{"@type":"ListItem","position":1,"name":"Startseite","item":"https:\/\/www.alliiertenmuseum.de\/fr\/"},{"@type":"ListItem","position":2,"name":"Activit\u00e9s","item":"https:\/\/www.alliiertenmuseum.de\/fr\/activites\/"},{"@type":"ListItem","position":3,"name":"Familles"}]},{"@type":"WebSite","@id":"https:\/\/www.alliiertenmuseum.de\/#website","url":"https:\/\/www.alliiertenmuseum.de\/","name":"AlliiertenMuseum","description":"","publisher":{"@id":"https:\/\/www.alliiertenmuseum.de\/#organization"},"potentialAction":[{"@type":"SearchAction","target":{"@type":"EntryPoint","urlTemplate":"https:\/\/www.alliiertenmuseum.de\/?s={search_term_string}"},"query-input":{"@type":"PropertyValueSpecification","valueRequired":true,"valueName":"search_term_string"}}],"inLanguage":"fr-FR"},{"@type":"Organization","@id":"https:\/\/www.alliiertenmuseum.de\/#organization","name":"AlliiertenMuseum","url":"https:\/\/www.alliiertenmuseum.de\/","logo":{"@type":"ImageObject","inLanguage":"fr-FR","@id":"https:\/\/www.alliiertenmuseum.de\/#\/schema\/logo\/image\/","url":"https:\/\/www.alliiertenmuseum.de\/wp-content\/uploads\/2021\/05\/logo.svg","contentUrl":"https:\/\/www.alliiertenmuseum.de\/wp-content\/uploads\/2021\/05\/logo.svg","caption":"AlliiertenMuseum"},"image":{"@id":"https:\/\/www.alliiertenmuseum.de\/#\/schema\/logo\/image\/"}}]}},"_links":{"self":[{"href":"https:\/\/www.alliiertenmuseum.de\/wp-json\/wp\/v2\/pages\/2260","targetHints":{"allow":["GET"]}}],"collection":[{"href":"https:\/\/www.alliiertenmuseum.de\/wp-json\/wp\/v2\/pages"}],"about":[{"href":"https:\/\/www.alliiertenmuseum.de\/wp-json\/wp\/v2\/types\/page"}],"author":[{"embeddable":true,"href":"https:\/\/www.alliiertenmuseum.de\/wp-json\/wp\/v2\/users\/1"}],"replies":[{"embeddable":true,"href":"https:\/\/www.alliiertenmuseum.de\/wp-json\/wp\/v2\/comments?post=2260"}],"version-history":[{"count":5,"href":"https:\/\/www.alliiertenmuseum.de\/wp-json\/wp\/v2\/pages\/2260\/revisions"}],"predecessor-version":[{"id":33927,"href":"https:\/\/www.alliiertenmuseum.de\/wp-json\/wp\/v2\/pages\/2260\/revisions\/33927"}],"up":[{"embeddable":true,"href":"https:\/\/www.alliiertenmuseum.de\/wp-json\/wp\/v2\/pages\/2495"}],"wp:featuredmedia":[{"embeddable":true,"href":"https:\/\/www.alliiertenmuseum.de\/wp-json\/wp\/v2\/media\/931"}],"wp:attachment":[{"href":"https:\/\/www.alliiertenmuseum.de\/wp-json\/wp\/v2\/media?parent=2260"}],"curies":[{"name":"wp","href":"https:\/\/api.w.org\/{rel}","templated":true}]}}