{"id":2262,"date":"2021-08-24T11:17:04","date_gmt":"2021-08-24T09:17:04","guid":{"rendered":"http:\/\/stage.alm.smithberlin.com\/?page_id=2262"},"modified":"2024-10-14T12:38:25","modified_gmt":"2024-10-14T10:38:25","slug":"corps-enseignant","status":"publish","type":"page","link":"https:\/\/www.alliiertenmuseum.de\/fr\/activites\/corps-enseignant\/","title":{"rendered":"Corps enseignant"},"content":{"rendered":"\n<div class=\"wp-block-group\"><div class=\"wp-block-group__inner-container is-layout-flow wp-block-group-is-layout-flow\">\n<h2 class=\"wp-block-heading\">VOUS VOU&shy;LEZ EN AP&shy;PRENDRE EN&shy;CORE plus ?<\/h2>\n\n\n\n<p>Nous vous aidons \u00e0 int\u00e9grer la visite du mus\u00e9e avec votre classe dans vos cours.<\/p>\n<\/div><\/div>\n\n\n\n\n        \n        <div class=\"post-list post-list-education alignwide\">\n\n            \n<article id=\"post-2828\" class=\"has-sidebar post-2828 education type-education status-publish has-post-thumbnail hentry education-target-group-lehrkraefte education-format-begleitmaterialien fr-FR\">\n            <header class=\"entry-header\">\n\t\t\t<span class=\"highlighted\">Documentation p\u00e9dagogique (en allemand)<\/span>\t\t\t<h2 class=\"entry-title\"><a href=\"https:\/\/www.alliiertenmuseum.de\/fr\/bildungsangebot\/cornelsen-au-musee-des-allies\/\">Avec Cornelsen au Mus\u00e9e des Alli\u00e9s<\/a><\/h2>        <\/header><!-- .entry-header -->\n\t\n    \n        <a class=\"post-thumbnail\" href=\"https:\/\/www.alliiertenmuseum.de\/fr\/bildungsangebot\/cornelsen-au-musee-des-allies\/\" aria-hidden=\"true\" tabindex=\"-1\">\n            <img loading=\"lazy\" decoding=\"async\" width=\"2000\" height=\"1331\" src=\"https:\/\/www.alliiertenmuseum.de\/wp-content\/uploads\/2021\/06\/4.3_4-alliierten-museum-cornelsen.jpg\" class=\"attachment-post-thumbnail size-post-thumbnail landscape\" alt=\"\" srcset=\"https:\/\/www.alliiertenmuseum.de\/wp-content\/uploads\/2021\/06\/4.3_4-alliierten-museum-cornelsen.jpg 2000w, https:\/\/www.alliiertenmuseum.de\/wp-content\/uploads\/2021\/06\/4.3_4-alliierten-museum-cornelsen-300x200.jpg 300w, https:\/\/www.alliiertenmuseum.de\/wp-content\/uploads\/2021\/06\/4.3_4-alliierten-museum-cornelsen-1024x681.jpg 1024w, https:\/\/www.alliiertenmuseum.de\/wp-content\/uploads\/2021\/06\/4.3_4-alliierten-museum-cornelsen-768x511.jpg 768w, https:\/\/www.alliiertenmuseum.de\/wp-content\/uploads\/2021\/06\/4.3_4-alliierten-museum-cornelsen-1536x1022.jpg 1536w, https:\/\/www.alliiertenmuseum.de\/wp-content\/uploads\/2021\/06\/4.3_4-alliierten-museum-cornelsen-50x33.jpg 50w\" sizes=\"auto, (max-width: 2000px) 100vw, 2000px\" \/>        <\/a>\n\n    \n            <footer class=\"entry-footer\" >DE<\/footer>\n    <\/article><!-- #post-2828 -->\n\n<article id=\"post-2252\" class=\"has-sidebar post-2252 education type-education status-publish has-post-thumbnail hentry education-target-group-lehrkraefte education-format-beratung fr-FR\">\n            <header class=\"entry-header\">\n\t\t\t<span class=\"highlighted\">R\u00e9unions d\u2019information pour enseignants<\/span>\t\t\t<h2 class=\"entry-title\"><a href=\"https:\/\/www.alliiertenmuseum.de\/fr\/bildungsangebot\/histoire-contemporaine-sur-un-lieu-historique\/\">L\u2019histoire contemporaine sur un lieu historique<\/a><\/h2>        <\/header><!-- .entry-header -->\n\t\n    \n        <a class=\"post-thumbnail\" href=\"https:\/\/www.alliiertenmuseum.de\/fr\/bildungsangebot\/histoire-contemporaine-sur-un-lieu-historique\/\" aria-hidden=\"true\" tabindex=\"-1\">\n            <img loading=\"lazy\" decoding=\"async\" width=\"2000\" height=\"1331\" src=\"https:\/\/www.alliiertenmuseum.de\/wp-content\/uploads\/2021\/06\/4.1_5-alliierten-museum-amerikanischer-sektor-fuehrung-1.jpg\" class=\"attachment-post-thumbnail size-post-thumbnail landscape\" alt=\"\" srcset=\"https:\/\/www.alliiertenmuseum.de\/wp-content\/uploads\/2021\/06\/4.1_5-alliierten-museum-amerikanischer-sektor-fuehrung-1.jpg 2000w, https:\/\/www.alliiertenmuseum.de\/wp-content\/uploads\/2021\/06\/4.1_5-alliierten-museum-amerikanischer-sektor-fuehrung-1-300x200.jpg 300w, https:\/\/www.alliiertenmuseum.de\/wp-content\/uploads\/2021\/06\/4.1_5-alliierten-museum-amerikanischer-sektor-fuehrung-1-1024x681.jpg 1024w, https:\/\/www.alliiertenmuseum.de\/wp-content\/uploads\/2021\/06\/4.1_5-alliierten-museum-amerikanischer-sektor-fuehrung-1-768x511.jpg 768w, https:\/\/www.alliiertenmuseum.de\/wp-content\/uploads\/2021\/06\/4.1_5-alliierten-museum-amerikanischer-sektor-fuehrung-1-1536x1022.jpg 1536w, https:\/\/www.alliiertenmuseum.de\/wp-content\/uploads\/2021\/06\/4.1_5-alliierten-museum-amerikanischer-sektor-fuehrung-1-50x33.jpg 50w\" sizes=\"auto, (max-width: 2000px) 100vw, 2000px\" \/>        <\/a>\n\n    \n            <footer class=\"entry-footer\" ><time datetime=\"PT120M\">120 minutes<\/time> | 20 personnes max. | FR, EN, DE<\/footer>\n    <\/article><!-- #post-2252 -->\n\n<article id=\"post-2817\" class=\"has-sidebar post-2817 education type-education status-publish has-post-thumbnail hentry education-target-group-lehrkraefte education-format-praesentation fr-FR\">\n            <header class=\"entry-header\">\n\t\t\t<span class=\"highlighted\">Classe virtuelle<\/span>\t\t\t<h2 class=\"entry-title\"><a href=\"https:\/\/www.alliiertenmuseum.de\/fr\/bildungsangebot\/classe-virtuelle-pont-aerien-1948-49\/\">Le pont a\u00e9rien 1948-1949<\/a><\/h2>        <\/header><!-- .entry-header -->\n\t\n    \n        <a class=\"post-thumbnail\" href=\"https:\/\/www.alliiertenmuseum.de\/fr\/bildungsangebot\/classe-virtuelle-pont-aerien-1948-49\/\" aria-hidden=\"true\" tabindex=\"-1\">\n            <img loading=\"lazy\" decoding=\"async\" width=\"2000\" height=\"1500\" src=\"https:\/\/www.alliiertenmuseum.de\/wp-content\/uploads\/2021\/06\/ALM_virtuelles_Klassenzimmer_Mockup2.jpg\" class=\"attachment-post-thumbnail size-post-thumbnail landscape\" alt=\"\" srcset=\"https:\/\/www.alliiertenmuseum.de\/wp-content\/uploads\/2021\/06\/ALM_virtuelles_Klassenzimmer_Mockup2.jpg 2000w, https:\/\/www.alliiertenmuseum.de\/wp-content\/uploads\/2021\/06\/ALM_virtuelles_Klassenzimmer_Mockup2-300x225.jpg 300w, https:\/\/www.alliiertenmuseum.de\/wp-content\/uploads\/2021\/06\/ALM_virtuelles_Klassenzimmer_Mockup2-1024x768.jpg 1024w, https:\/\/www.alliiertenmuseum.de\/wp-content\/uploads\/2021\/06\/ALM_virtuelles_Klassenzimmer_Mockup2-768x576.jpg 768w, https:\/\/www.alliiertenmuseum.de\/wp-content\/uploads\/2021\/06\/ALM_virtuelles_Klassenzimmer_Mockup2-1536x1152.jpg 1536w, https:\/\/www.alliiertenmuseum.de\/wp-content\/uploads\/2021\/06\/ALM_virtuelles_Klassenzimmer_Mockup2-50x38.jpg 50w\" sizes=\"auto, (max-width: 2000px) 100vw, 2000px\" \/>        <\/a>\n\n    \n            <footer class=\"entry-footer\" >DE, EN<\/footer>\n    <\/article><!-- #post-2817 -->\n\n<article id=\"post-2820\" class=\"has-sidebar post-2820 education type-education status-publish has-post-thumbnail hentry education-target-group-lehrkraefte education-format-begleitmaterialien fr-FR\">\n            <header class=\"entry-header\">\n\t\t\t<span class=\"highlighted\">Brochure et fiche quiz (en allemand) <\/span>\t\t\t<h2 class=\"entry-title\"><a href=\"https:\/\/www.alliiertenmuseum.de\/fr\/bildungsangebot\/brochure-et-fiche-quiz-pour-groupes-scolaires\/\">Mit der Schulklasse ins AlliiertenMuseum<\/a><\/h2>        <\/header><!-- .entry-header -->\n\t\n    \n        <a class=\"post-thumbnail\" href=\"https:\/\/www.alliiertenmuseum.de\/fr\/bildungsangebot\/brochure-et-fiche-quiz-pour-groupes-scolaires\/\" aria-hidden=\"true\" tabindex=\"-1\">\n            <img loading=\"lazy\" decoding=\"async\" width=\"2000\" height=\"1333\" src=\"https:\/\/www.alliiertenmuseum.de\/wp-content\/uploads\/2021\/06\/ALM_Lehrerinformation_Mockup.jpg\" class=\"attachment-post-thumbnail size-post-thumbnail landscape\" alt=\"\" srcset=\"https:\/\/www.alliiertenmuseum.de\/wp-content\/uploads\/2021\/06\/ALM_Lehrerinformation_Mockup.jpg 2000w, https:\/\/www.alliiertenmuseum.de\/wp-content\/uploads\/2021\/06\/ALM_Lehrerinformation_Mockup-300x200.jpg 300w, https:\/\/www.alliiertenmuseum.de\/wp-content\/uploads\/2021\/06\/ALM_Lehrerinformation_Mockup-1024x682.jpg 1024w, https:\/\/www.alliiertenmuseum.de\/wp-content\/uploads\/2021\/06\/ALM_Lehrerinformation_Mockup-768x512.jpg 768w, https:\/\/www.alliiertenmuseum.de\/wp-content\/uploads\/2021\/06\/ALM_Lehrerinformation_Mockup-1536x1024.jpg 1536w, https:\/\/www.alliiertenmuseum.de\/wp-content\/uploads\/2021\/06\/ALM_Lehrerinformation_Mockup-50x33.jpg 50w\" sizes=\"auto, (max-width: 2000px) 100vw, 2000px\" \/>        <\/a>\n\n    \n            <footer class=\"entry-footer\" >DE<\/footer>\n    <\/article><!-- #post-2820 -->\n\n<article id=\"post-8618\" class=\"has-sidebar post-8618 education type-education status-publish has-post-thumbnail hentry education-target-group-erwachsene education-target-group-schulklassen education-target-group-lehrkraefte education-target-group-familien education-target-group-menschen-mit-behinderung education-target-group-7-klasse education-target-group-8-klasse education-target-group-9-klasse education-target-group-10-klasse education-target-group-11-klasse education-target-group-12-klasse education-target-group-13-klasse fr-FR\">\n            <header class=\"entry-header\">\n\t\t\t\t\t\t<h2 class=\"entry-title\"><a href=\"https:\/\/www.alliiertenmuseum.de\/fr\/bildungsangebot\/multi-media-guide\/\">Par&shy;cou&shy;rir l&rsquo;ex&shy;po&shy;si&shy;tion per&shy;ma&shy;nente avec le guide multi&shy;m\u00e9dia<\/a><\/h2>        <\/header><!-- .entry-header -->\n\t\n    \n        <a class=\"post-thumbnail\" href=\"https:\/\/www.alliiertenmuseum.de\/fr\/bildungsangebot\/multi-media-guide\/\" aria-hidden=\"true\" tabindex=\"-1\">\n            <img loading=\"lazy\" decoding=\"async\" width=\"942\" height=\"529\" src=\"https:\/\/www.alliiertenmuseum.de\/wp-content\/uploads\/2023\/04\/alliierten-museum-multimediaguide-1.png\" class=\"attachment-post-thumbnail size-post-thumbnail landscape wp-post-image\" alt=\"Une main tenant un guide multim\u00e9dia\" srcset=\"https:\/\/www.alliiertenmuseum.de\/wp-content\/uploads\/2023\/04\/alliierten-museum-multimediaguide-1.png 942w, https:\/\/www.alliiertenmuseum.de\/wp-content\/uploads\/2023\/04\/alliierten-museum-multimediaguide-1-300x168.png 300w, https:\/\/www.alliiertenmuseum.de\/wp-content\/uploads\/2023\/04\/alliierten-museum-multimediaguide-1-768x431.png 768w, https:\/\/www.alliiertenmuseum.de\/wp-content\/uploads\/2023\/04\/alliierten-museum-multimediaguide-1-50x28.png 50w\" sizes=\"auto, (max-width: 942px) 100vw, 942px\" \/>        <\/a>\n\n    \n            <footer class=\"entry-footer\" ><time datetime=\"PT60M\">60 minutes<\/time> | DE, EN, FR<\/footer>\n    <\/article><!-- #post-8618 -->\n\n<article id=\"post-2825\" class=\"has-sidebar post-2825 education type-education status-publish has-post-thumbnail hentry education-target-group-schulklassen education-target-group-lehrkraefte education-target-group-4-klasse education-format-begleitmaterialien fr-FR\">\n            <header class=\"entry-header\">\n\t\t\t<span class=\"highlighted\">Carnet quiz <\/span>\t\t\t<h2 class=\"entry-title\"><a href=\"https:\/\/www.alliiertenmuseum.de\/fr\/bildungsangebot\/carnet-quiz-avec-babette-john-et-mary\/\">Von Flugzeugen, Spionen und Boxhandschuhen<\/a><\/h2>        <\/header><!-- .entry-header -->\n\t\n    \n        <a class=\"post-thumbnail\" href=\"https:\/\/www.alliiertenmuseum.de\/fr\/bildungsangebot\/carnet-quiz-avec-babette-john-et-mary\/\" aria-hidden=\"true\" tabindex=\"-1\">\n            <img loading=\"lazy\" decoding=\"async\" width=\"1920\" height=\"1458\" src=\"https:\/\/www.alliiertenmuseum.de\/wp-content\/uploads\/2021\/06\/ALM_Von_Flugzeugen__Spionen_und_Boxhandschuhen_Mockup.jpg\" class=\"attachment-post-thumbnail size-post-thumbnail landscape\" alt=\"\" srcset=\"https:\/\/www.alliiertenmuseum.de\/wp-content\/uploads\/2021\/06\/ALM_Von_Flugzeugen__Spionen_und_Boxhandschuhen_Mockup.jpg 1920w, https:\/\/www.alliiertenmuseum.de\/wp-content\/uploads\/2021\/06\/ALM_Von_Flugzeugen__Spionen_und_Boxhandschuhen_Mockup-300x228.jpg 300w, https:\/\/www.alliiertenmuseum.de\/wp-content\/uploads\/2021\/06\/ALM_Von_Flugzeugen__Spionen_und_Boxhandschuhen_Mockup-1024x778.jpg 1024w, https:\/\/www.alliiertenmuseum.de\/wp-content\/uploads\/2021\/06\/ALM_Von_Flugzeugen__Spionen_und_Boxhandschuhen_Mockup-768x583.jpg 768w, https:\/\/www.alliiertenmuseum.de\/wp-content\/uploads\/2021\/06\/ALM_Von_Flugzeugen__Spionen_und_Boxhandschuhen_Mockup-1536x1166.jpg 1536w, https:\/\/www.alliiertenmuseum.de\/wp-content\/uploads\/2021\/06\/ALM_Von_Flugzeugen__Spionen_und_Boxhandschuhen_Mockup-50x38.jpg 50w\" sizes=\"auto, (max-width: 1920px) 100vw, 1920px\" \/>        <\/a>\n\n    \n            <footer class=\"entry-footer\" >DE<\/footer>\n    <\/article><!-- #post-2825 -->\n\n        <\/div>\n\n        \n","protected":false},"excerpt":{"rendered":"<p>Vous voulez en apprendre encore plus ? Nous vous aidons \u00e0 int\u00e9grer la visite du mus\u00e9e avec votre classe dans vos cours.<\/p>\n","protected":false},"author":1,"featured_media":889,"parent":2495,"menu_order":0,"comment_status":"closed","ping_status":"closed","template":"","meta":{"_highline":"","_subtitle":"","_locale":"fr_FR","_original_post":"https:\/\/www.alliiertenmuseum.de\/?page_id=135","_featured_cover":false,"_featured_caption":"","_featured_caption_checkbox":false,"_featured_alt":"<p class=\"MsoNormal\"><span lang=\"EN-GB\" style=\"mso-ansi-language:EN-GB\">Deux femmes se penchent sur une table lumineuse pour diapositives.<\/span><\/p>","_pinkie_id":548,"_pinkie_caption":false,"_pinkie_alt":"<p class=\"MsoNormal\"><span lang=\"FR\" style=\"mso-ansi-language:FR\">5 adultes \u00e9tudient un objet de l'exposition.<\/span><\/p>","footnotes":"","_post-color":[]},"class_list":["post-2262","page","type-page","status-publish","has-post-thumbnail","hentry","fr-FR"],"featured_image_src":"https:\/\/www.alliiertenmuseum.de\/wp-content\/uploads\/2021\/06\/4.3_1-histor-Lehrkraefte_Muenchen-University-of-Maryland-McGraw-Kasern-Art-class-29-February-1975-B-9365Milia-78-138.jpg","yoast_head":"<!-- This site is optimized with the Yoast SEO plugin v26.2 - https:\/\/yoast.com\/wordpress\/plugins\/seo\/ -->\n<title>Corps enseignant - AlliiertenMuseum<\/title>\n<meta name=\"description\" content=\"Nous proposons au personnel enseignant des dossiers sur l\u2019histoire de la guerre froide \u00e0 Berlin ainsi que des formations sur le centre p\u00e9dagogique qu\u2019est le Mus\u00e9e des Alli\u00e9s.\" \/>\n<meta name=\"robots\" content=\"index, follow, max-snippet:-1, max-image-preview:large, max-video-preview:-1\" \/>\n<link rel=\"canonical\" href=\"https:\/\/www.alliiertenmuseum.de\/fr\/activites\/corps-enseignant\/\" \/>\n<meta property=\"og:locale\" content=\"fr_FR\" \/>\n<meta property=\"og:type\" content=\"article\" \/>\n<meta property=\"og:title\" content=\"Corps enseignant - AlliiertenMuseum\" \/>\n<meta property=\"og:description\" content=\"Nous proposons au personnel enseignant des dossiers sur l\u2019histoire de la guerre froide \u00e0 Berlin ainsi que des formations sur le centre p\u00e9dagogique qu\u2019est le Mus\u00e9e des Alli\u00e9s.\" \/>\n<meta property=\"og:url\" content=\"https:\/\/www.alliiertenmuseum.de\/fr\/activites\/corps-enseignant\/\" \/>\n<meta property=\"og:site_name\" content=\"AlliiertenMuseum\" \/>\n<meta property=\"article:modified_time\" content=\"2024-10-14T10:38:25+00:00\" \/>\n<meta property=\"og:image\" content=\"https:\/\/www.alliiertenmuseum.de\/wp-content\/uploads\/2021\/06\/4.3_1-histor-Lehrkraefte_Muenchen-University-of-Maryland-McGraw-Kasern-Art-class-29-February-1975-B-9365Milia-78-138.jpg\" \/>\n\t<meta property=\"og:image:width\" content=\"1772\" \/>\n\t<meta property=\"og:image:height\" content=\"1064\" \/>\n\t<meta property=\"og:image:type\" content=\"image\/jpeg\" \/>\n<meta name=\"twitter:card\" content=\"summary_large_image\" \/>\n<meta name=\"twitter:label1\" content=\"Dur\u00e9e de lecture estim\u00e9e\" \/>\n\t<meta name=\"twitter:data1\" content=\"1 minute\" \/>\n<script type=\"application\/ld+json\" class=\"yoast-schema-graph\">{\"@context\":\"https:\/\/schema.org\",\"@graph\":[{\"@type\":\"WebPage\",\"@id\":\"https:\/\/www.alliiertenmuseum.de\/fr\/activites\/corps-enseignant\/\",\"url\":\"https:\/\/www.alliiertenmuseum.de\/fr\/activites\/corps-enseignant\/\",\"name\":\"Corps enseignant - AlliiertenMuseum\",\"isPartOf\":{\"@id\":\"https:\/\/www.alliiertenmuseum.de\/#website\"},\"primaryImageOfPage\":{\"@id\":\"https:\/\/www.alliiertenmuseum.de\/fr\/activites\/corps-enseignant\/#primaryimage\"},\"image\":{\"@id\":\"https:\/\/www.alliiertenmuseum.de\/fr\/activites\/corps-enseignant\/#primaryimage\"},\"thumbnailUrl\":\"https:\/\/www.alliiertenmuseum.de\/wp-content\/uploads\/2021\/06\/4.3_1-histor-Lehrkraefte_Muenchen-University-of-Maryland-McGraw-Kasern-Art-class-29-February-1975-B-9365Milia-78-138.jpg\",\"datePublished\":\"2021-08-24T09:17:04+00:00\",\"dateModified\":\"2024-10-14T10:38:25+00:00\",\"description\":\"Nous proposons au personnel enseignant des dossiers sur l\u2019histoire de la guerre froide \u00e0 Berlin ainsi que des formations sur le centre p\u00e9dagogique qu\u2019est le Mus\u00e9e des Alli\u00e9s.\",\"breadcrumb\":{\"@id\":\"https:\/\/www.alliiertenmuseum.de\/fr\/activites\/corps-enseignant\/#breadcrumb\"},\"inLanguage\":\"fr-FR\",\"potentialAction\":[{\"@type\":\"ReadAction\",\"target\":[\"https:\/\/www.alliiertenmuseum.de\/fr\/activites\/corps-enseignant\/\"]}]},{\"@type\":\"ImageObject\",\"inLanguage\":\"fr-FR\",\"@id\":\"https:\/\/www.alliiertenmuseum.de\/fr\/activites\/corps-enseignant\/#primaryimage\",\"url\":\"https:\/\/www.alliiertenmuseum.de\/wp-content\/uploads\/2021\/06\/4.3_1-histor-Lehrkraefte_Muenchen-University-of-Maryland-McGraw-Kasern-Art-class-29-February-1975-B-9365Milia-78-138.jpg\",\"contentUrl\":\"https:\/\/www.alliiertenmuseum.de\/wp-content\/uploads\/2021\/06\/4.3_1-histor-Lehrkraefte_Muenchen-University-of-Maryland-McGraw-Kasern-Art-class-29-February-1975-B-9365Milia-78-138.jpg\",\"width\":1772,\"height\":1064},{\"@type\":\"BreadcrumbList\",\"@id\":\"https:\/\/www.alliiertenmuseum.de\/fr\/activites\/corps-enseignant\/#breadcrumb\",\"itemListElement\":[{\"@type\":\"ListItem\",\"position\":1,\"name\":\"Startseite\",\"item\":\"https:\/\/www.alliiertenmuseum.de\/fr\/\"},{\"@type\":\"ListItem\",\"position\":2,\"name\":\"Activit\u00e9s\",\"item\":\"https:\/\/www.alliiertenmuseum.de\/fr\/activites\/\"},{\"@type\":\"ListItem\",\"position\":3,\"name\":\"Corps enseignant\"}]},{\"@type\":\"WebSite\",\"@id\":\"https:\/\/www.alliiertenmuseum.de\/#website\",\"url\":\"https:\/\/www.alliiertenmuseum.de\/\",\"name\":\"AlliiertenMuseum\",\"description\":\"\",\"publisher\":{\"@id\":\"https:\/\/www.alliiertenmuseum.de\/#organization\"},\"potentialAction\":[{\"@type\":\"SearchAction\",\"target\":{\"@type\":\"EntryPoint\",\"urlTemplate\":\"https:\/\/www.alliiertenmuseum.de\/?s={search_term_string}\"},\"query-input\":{\"@type\":\"PropertyValueSpecification\",\"valueRequired\":true,\"valueName\":\"search_term_string\"}}],\"inLanguage\":\"fr-FR\"},{\"@type\":\"Organization\",\"@id\":\"https:\/\/www.alliiertenmuseum.de\/#organization\",\"name\":\"AlliiertenMuseum\",\"url\":\"https:\/\/www.alliiertenmuseum.de\/\",\"logo\":{\"@type\":\"ImageObject\",\"inLanguage\":\"fr-FR\",\"@id\":\"https:\/\/www.alliiertenmuseum.de\/#\/schema\/logo\/image\/\",\"url\":\"https:\/\/www.alliiertenmuseum.de\/wp-content\/uploads\/2021\/05\/logo.svg\",\"contentUrl\":\"https:\/\/www.alliiertenmuseum.de\/wp-content\/uploads\/2021\/05\/logo.svg\",\"caption\":\"AlliiertenMuseum\"},\"image\":{\"@id\":\"https:\/\/www.alliiertenmuseum.de\/#\/schema\/logo\/image\/\"}}]}<\/script>\n<!-- \/ Yoast SEO plugin. -->","yoast_head_json":{"title":"Corps enseignant - AlliiertenMuseum","description":"Nous proposons au personnel enseignant des dossiers sur l\u2019histoire de la guerre froide \u00e0 Berlin ainsi que des formations sur le centre p\u00e9dagogique qu\u2019est le Mus\u00e9e des Alli\u00e9s.","robots":{"index":"index","follow":"follow","max-snippet":"max-snippet:-1","max-image-preview":"max-image-preview:large","max-video-preview":"max-video-preview:-1"},"canonical":"https:\/\/www.alliiertenmuseum.de\/fr\/activites\/corps-enseignant\/","og_locale":"fr_FR","og_type":"article","og_title":"Corps enseignant - AlliiertenMuseum","og_description":"Nous proposons au personnel enseignant des dossiers sur l\u2019histoire de la guerre froide \u00e0 Berlin ainsi que des formations sur le centre p\u00e9dagogique qu\u2019est le Mus\u00e9e des Alli\u00e9s.","og_url":"https:\/\/www.alliiertenmuseum.de\/fr\/activites\/corps-enseignant\/","og_site_name":"AlliiertenMuseum","article_modified_time":"2024-10-14T10:38:25+00:00","og_image":[{"width":1772,"height":1064,"url":"https:\/\/www.alliiertenmuseum.de\/wp-content\/uploads\/2021\/06\/4.3_1-histor-Lehrkraefte_Muenchen-University-of-Maryland-McGraw-Kasern-Art-class-29-February-1975-B-9365Milia-78-138.jpg","type":"image\/jpeg"}],"twitter_card":"summary_large_image","twitter_misc":{"Dur\u00e9e de lecture estim\u00e9e":"1 minute"},"schema":{"@context":"https:\/\/schema.org","@graph":[{"@type":"WebPage","@id":"https:\/\/www.alliiertenmuseum.de\/fr\/activites\/corps-enseignant\/","url":"https:\/\/www.alliiertenmuseum.de\/fr\/activites\/corps-enseignant\/","name":"Corps enseignant - AlliiertenMuseum","isPartOf":{"@id":"https:\/\/www.alliiertenmuseum.de\/#website"},"primaryImageOfPage":{"@id":"https:\/\/www.alliiertenmuseum.de\/fr\/activites\/corps-enseignant\/#primaryimage"},"image":{"@id":"https:\/\/www.alliiertenmuseum.de\/fr\/activites\/corps-enseignant\/#primaryimage"},"thumbnailUrl":"https:\/\/www.alliiertenmuseum.de\/wp-content\/uploads\/2021\/06\/4.3_1-histor-Lehrkraefte_Muenchen-University-of-Maryland-McGraw-Kasern-Art-class-29-February-1975-B-9365Milia-78-138.jpg","datePublished":"2021-08-24T09:17:04+00:00","dateModified":"2024-10-14T10:38:25+00:00","description":"Nous proposons au personnel enseignant des dossiers sur l\u2019histoire de la guerre froide \u00e0 Berlin ainsi que des formations sur le centre p\u00e9dagogique qu\u2019est le Mus\u00e9e des Alli\u00e9s.","breadcrumb":{"@id":"https:\/\/www.alliiertenmuseum.de\/fr\/activites\/corps-enseignant\/#breadcrumb"},"inLanguage":"fr-FR","potentialAction":[{"@type":"ReadAction","target":["https:\/\/www.alliiertenmuseum.de\/fr\/activites\/corps-enseignant\/"]}]},{"@type":"ImageObject","inLanguage":"fr-FR","@id":"https:\/\/www.alliiertenmuseum.de\/fr\/activites\/corps-enseignant\/#primaryimage","url":"https:\/\/www.alliiertenmuseum.de\/wp-content\/uploads\/2021\/06\/4.3_1-histor-Lehrkraefte_Muenchen-University-of-Maryland-McGraw-Kasern-Art-class-29-February-1975-B-9365Milia-78-138.jpg","contentUrl":"https:\/\/www.alliiertenmuseum.de\/wp-content\/uploads\/2021\/06\/4.3_1-histor-Lehrkraefte_Muenchen-University-of-Maryland-McGraw-Kasern-Art-class-29-February-1975-B-9365Milia-78-138.jpg","width":1772,"height":1064},{"@type":"BreadcrumbList","@id":"https:\/\/www.alliiertenmuseum.de\/fr\/activites\/corps-enseignant\/#breadcrumb","itemListElement":[{"@type":"ListItem","position":1,"name":"Startseite","item":"https:\/\/www.alliiertenmuseum.de\/fr\/"},{"@type":"ListItem","position":2,"name":"Activit\u00e9s","item":"https:\/\/www.alliiertenmuseum.de\/fr\/activites\/"},{"@type":"ListItem","position":3,"name":"Corps enseignant"}]},{"@type":"WebSite","@id":"https:\/\/www.alliiertenmuseum.de\/#website","url":"https:\/\/www.alliiertenmuseum.de\/","name":"AlliiertenMuseum","description":"","publisher":{"@id":"https:\/\/www.alliiertenmuseum.de\/#organization"},"potentialAction":[{"@type":"SearchAction","target":{"@type":"EntryPoint","urlTemplate":"https:\/\/www.alliiertenmuseum.de\/?s={search_term_string}"},"query-input":{"@type":"PropertyValueSpecification","valueRequired":true,"valueName":"search_term_string"}}],"inLanguage":"fr-FR"},{"@type":"Organization","@id":"https:\/\/www.alliiertenmuseum.de\/#organization","name":"AlliiertenMuseum","url":"https:\/\/www.alliiertenmuseum.de\/","logo":{"@type":"ImageObject","inLanguage":"fr-FR","@id":"https:\/\/www.alliiertenmuseum.de\/#\/schema\/logo\/image\/","url":"https:\/\/www.alliiertenmuseum.de\/wp-content\/uploads\/2021\/05\/logo.svg","contentUrl":"https:\/\/www.alliiertenmuseum.de\/wp-content\/uploads\/2021\/05\/logo.svg","caption":"AlliiertenMuseum"},"image":{"@id":"https:\/\/www.alliiertenmuseum.de\/#\/schema\/logo\/image\/"}}]}},"_links":{"self":[{"href":"https:\/\/www.alliiertenmuseum.de\/wp-json\/wp\/v2\/pages\/2262","targetHints":{"allow":["GET"]}}],"collection":[{"href":"https:\/\/www.alliiertenmuseum.de\/wp-json\/wp\/v2\/pages"}],"about":[{"href":"https:\/\/www.alliiertenmuseum.de\/wp-json\/wp\/v2\/types\/page"}],"author":[{"embeddable":true,"href":"https:\/\/www.alliiertenmuseum.de\/wp-json\/wp\/v2\/users\/1"}],"replies":[{"embeddable":true,"href":"https:\/\/www.alliiertenmuseum.de\/wp-json\/wp\/v2\/comments?post=2262"}],"version-history":[{"count":6,"href":"https:\/\/www.alliiertenmuseum.de\/wp-json\/wp\/v2\/pages\/2262\/revisions"}],"predecessor-version":[{"id":33922,"href":"https:\/\/www.alliiertenmuseum.de\/wp-json\/wp\/v2\/pages\/2262\/revisions\/33922"}],"up":[{"embeddable":true,"href":"https:\/\/www.alliiertenmuseum.de\/wp-json\/wp\/v2\/pages\/2495"}],"wp:featuredmedia":[{"embeddable":true,"href":"https:\/\/www.alliiertenmuseum.de\/wp-json\/wp\/v2\/media\/889"}],"wp:attachment":[{"href":"https:\/\/www.alliiertenmuseum.de\/wp-json\/wp\/v2\/media?parent=2262"}],"curies":[{"name":"wp","href":"https:\/\/api.w.org\/{rel}","templated":true}]}}