{"id":2265,"date":"2021-08-19T09:37:39","date_gmt":"2021-08-19T07:37:39","guid":{"rendered":"http:\/\/stage.alm.smithberlin.com\/?page_id=2265"},"modified":"2024-10-14T12:48:18","modified_gmt":"2024-10-14T10:48:18","slug":"personnes-handicapees","status":"publish","type":"page","link":"https:\/\/www.alliiertenmuseum.de\/fr\/activites\/personnes-handicapees\/","title":{"rendered":"Activit\u00e9s inclusives"},"content":{"rendered":"\n<div class=\"wp-block-group\"><div class=\"wp-block-group__inner-container is-layout-flow wp-block-group-is-layout-flow\">\n<h2 class=\"wp-block-heading\">l&rsquo;his&shy;toire pour tous<\/h2>\n\n\n\n<h3 class=\"wp-block-heading\">L\u2019ac&shy;ces&shy;si&shy;bi&shy;lit\u00e9 du Mu&shy;s\u00e9e des Al&shy;li\u00e9s<\/h3>\n\n\n\n<div class=\"wp-block-columns is-layout-flex wp-container-core-columns-is-layout-9d6595d7 wp-block-columns-is-layout-flex\">\n<div class=\"wp-block-column is-layout-flow wp-block-column-is-layout-flow\">\n<p>Nous souhaitons que le plus grand nombre de personnes possibles ait acc\u00e8s \u00e0 nos expositions, aussi sont-elles toutes accessibles aux personnes handicap\u00e9es, \u00e0 qui nous proposons de plus des visites guid\u00e9es sp\u00e9ciales de l\u2019exposition permanente. <\/p>\n\n\n\n<p>Les deux b\u00e2timents d\u2019exposition, le th\u00e9\u00e2tre Outpost et la biblioth\u00e8que comm\u00e9morative Nicholson, sont accessibles aux fauteuils roulants. Certaines vitrines sont malheureusement plus difficilement visibles depuis un fauteuil. La biblioth\u00e8que comm\u00e9morative Nicholson est \u00e9quip\u00e9e de toilettes am\u00e9nag\u00e9es pour fauteuils roulants.<\/p>\n<\/div>\n\n\n\n<div class=\"wp-block-column is-layout-flow wp-block-column-is-layout-flow\">\n<p>Vous avez la possibilit\u00e9 de vous garer directement devant le mus\u00e9e sur la Clayallee ou sur le parking du mus\u00e9e situ\u00e9 derri\u00e8re la biblioth\u00e8que comm\u00e9morative Nicholson. L\u2019entr\u00e9e se trouve Taylorstra\u00dfe. Si vous avez besoin d\u2019une assistance, nos agents de surveillance se feront un plaisir de vous aider.<\/p>\n<\/div>\n<\/div>\n<\/div><\/div>\n\n\n\n\n        \n        <div class=\"post-list post-list-education alignwide\">\n\n            \n<article id=\"post-2857\" class=\"has-sidebar post-2857 education type-education status-publish has-post-thumbnail hentry education-target-group-menschen-mit-behinderung education-format-fuehrung fr-FR\">\n            <header class=\"entry-header\">\n\t\t\t<span class=\"highlighted\">Visite guid\u00e9e tactile de l\u2019exposition permanente<\/span>\t\t\t<h2 class=\"entry-title\"><a href=\"https:\/\/www.alliiertenmuseum.de\/fr\/bildungsangebot\/comment-des-ennemis-devinrent-amis-2\/\">Comment des ennemis devinrent amis<\/a><\/h2>        <\/header><!-- .entry-header -->\n\t\n    \n        <a class=\"post-thumbnail\" href=\"https:\/\/www.alliiertenmuseum.de\/fr\/bildungsangebot\/comment-des-ennemis-devinrent-amis-2\/\" aria-hidden=\"true\" tabindex=\"-1\">\n            <img loading=\"lazy\" decoding=\"async\" width=\"2000\" height=\"1330\" src=\"https:\/\/www.alliiertenmuseum.de\/wp-content\/uploads\/2021\/06\/4.5_3-alliierten-museum-barrierefrei-tastfuehrung.jpg\" class=\"attachment-post-thumbnail size-post-thumbnail landscape\" alt=\"\" srcset=\"https:\/\/www.alliiertenmuseum.de\/wp-content\/uploads\/2021\/06\/4.5_3-alliierten-museum-barrierefrei-tastfuehrung.jpg 2000w, https:\/\/www.alliiertenmuseum.de\/wp-content\/uploads\/2021\/06\/4.5_3-alliierten-museum-barrierefrei-tastfuehrung-300x200.jpg 300w, https:\/\/www.alliiertenmuseum.de\/wp-content\/uploads\/2021\/06\/4.5_3-alliierten-museum-barrierefrei-tastfuehrung-1024x681.jpg 1024w, https:\/\/www.alliiertenmuseum.de\/wp-content\/uploads\/2021\/06\/4.5_3-alliierten-museum-barrierefrei-tastfuehrung-768x511.jpg 768w, https:\/\/www.alliiertenmuseum.de\/wp-content\/uploads\/2021\/06\/4.5_3-alliierten-museum-barrierefrei-tastfuehrung-1536x1021.jpg 1536w, https:\/\/www.alliiertenmuseum.de\/wp-content\/uploads\/2021\/06\/4.5_3-alliierten-museum-barrierefrei-tastfuehrung-50x33.jpg 50w\" sizes=\"auto, (max-width: 2000px) 100vw, 2000px\" \/>        <\/a>\n\n    \n            <footer class=\"entry-footer\" ><time datetime=\"PT90M\">90 minutes<\/time> | 75 \u20ac | 7 personnes max. | FR, EN, DE<\/footer>\n    <\/article><!-- #post-2857 -->\n\n<article id=\"post-8618\" class=\"has-sidebar post-8618 education type-education status-publish has-post-thumbnail hentry education-target-group-erwachsene education-target-group-schulklassen education-target-group-lehrkraefte education-target-group-familien education-target-group-menschen-mit-behinderung education-target-group-7-klasse education-target-group-8-klasse education-target-group-9-klasse education-target-group-10-klasse education-target-group-11-klasse education-target-group-12-klasse education-target-group-13-klasse fr-FR\">\n            <header class=\"entry-header\">\n\t\t\t\t\t\t<h2 class=\"entry-title\"><a href=\"https:\/\/www.alliiertenmuseum.de\/fr\/bildungsangebot\/multi-media-guide\/\">Par&shy;cou&shy;rir l&rsquo;ex&shy;po&shy;si&shy;tion per&shy;ma&shy;nente avec le guide multi&shy;m\u00e9dia<\/a><\/h2>        <\/header><!-- .entry-header -->\n\t\n    \n        <a class=\"post-thumbnail\" href=\"https:\/\/www.alliiertenmuseum.de\/fr\/bildungsangebot\/multi-media-guide\/\" aria-hidden=\"true\" tabindex=\"-1\">\n            <img loading=\"lazy\" decoding=\"async\" width=\"942\" height=\"529\" src=\"https:\/\/www.alliiertenmuseum.de\/wp-content\/uploads\/2023\/04\/alliierten-museum-multimediaguide-1.png\" class=\"attachment-post-thumbnail size-post-thumbnail landscape wp-post-image\" alt=\"Une main tenant un guide multim\u00e9dia\" srcset=\"https:\/\/www.alliiertenmuseum.de\/wp-content\/uploads\/2023\/04\/alliierten-museum-multimediaguide-1.png 942w, https:\/\/www.alliiertenmuseum.de\/wp-content\/uploads\/2023\/04\/alliierten-museum-multimediaguide-1-300x168.png 300w, https:\/\/www.alliiertenmuseum.de\/wp-content\/uploads\/2023\/04\/alliierten-museum-multimediaguide-1-768x431.png 768w, https:\/\/www.alliiertenmuseum.de\/wp-content\/uploads\/2023\/04\/alliierten-museum-multimediaguide-1-50x28.png 50w\" sizes=\"auto, (max-width: 942px) 100vw, 942px\" \/>        <\/a>\n\n    \n            <footer class=\"entry-footer\" ><time datetime=\"PT60M\">60 minutes<\/time> | DE, EN, FR<\/footer>\n    <\/article><!-- #post-8618 -->\n\n        <\/div>\n\n        \n","protected":false},"excerpt":{"rendered":"<p>Nous souhaitons que le plus grand nombre de personnes possibles ait acc\u00e8s \u00e0 nos expositions, aussi sont-elles toutes accessibles aux personnes handicap\u00e9es, \u00e0 qui nous proposons de plus des visites guid\u00e9es sp\u00e9ciales de l\u2019exposition permanente. <\/p>\n","protected":false},"author":1,"featured_media":936,"parent":2495,"menu_order":0,"comment_status":"closed","ping_status":"closed","template":"","meta":{"_highline":"","_subtitle":"","_locale":"fr_FR","_original_post":"https:\/\/www.alliiertenmuseum.de\/?page_id=153","_featured_cover":false,"_featured_caption":"","_featured_caption_checkbox":false,"_featured_alt":"<p class=\"MsoNormal\"><span lang=\"FR\" style=\"mso-ansi-language:FR\">Des soldats britanniques palpent des drapeaux.<\/span><\/p>","_pinkie_id":937,"_pinkie_caption":false,"_pinkie_alt":"<p class=\"MsoNormal\"><span lang=\"FR\" style=\"mso-ansi-language:FR\">Une personne est guid\u00e9e par la main pour t\u00e2ter un panneau lumineux.<\/span><\/p>","footnotes":"","_post-color":[]},"class_list":["post-2265","page","type-page","status-publish","has-post-thumbnail","hentry","fr-FR"],"featured_image_src":"https:\/\/www.alliiertenmuseum.de\/wp-content\/uploads\/2021\/06\/4.5_1-berlin-british-unit-us-brigade-berlin.jpg","yoast_head":"<!-- This site is optimized with the Yoast SEO plugin v26.2 - https:\/\/yoast.com\/wordpress\/plugins\/seo\/ -->\n<title>Activit\u00e9s inclusives - AlliiertenMuseum<\/title>\n<meta name=\"description\" content=\"Nous proposons des visites guid\u00e9es accessibles aux personnes en situation de handicap \u00e0 travers les expositions du Mus\u00e9e des Alli\u00e9s.\" \/>\n<meta name=\"robots\" content=\"index, follow, max-snippet:-1, max-image-preview:large, max-video-preview:-1\" \/>\n<link rel=\"canonical\" href=\"https:\/\/www.alliiertenmuseum.de\/fr\/activites\/personnes-handicapees\/\" \/>\n<meta property=\"og:locale\" content=\"fr_FR\" \/>\n<meta property=\"og:type\" content=\"article\" \/>\n<meta property=\"og:title\" content=\"Activit\u00e9s inclusives - AlliiertenMuseum\" \/>\n<meta property=\"og:description\" content=\"Nous proposons des visites guid\u00e9es accessibles aux personnes en situation de handicap \u00e0 travers les expositions du Mus\u00e9e des Alli\u00e9s.\" \/>\n<meta property=\"og:url\" content=\"https:\/\/www.alliiertenmuseum.de\/fr\/activites\/personnes-handicapees\/\" \/>\n<meta property=\"og:site_name\" content=\"AlliiertenMuseum\" \/>\n<meta property=\"article:modified_time\" content=\"2024-10-14T10:48:18+00:00\" \/>\n<meta property=\"og:image\" content=\"https:\/\/www.alliiertenmuseum.de\/wp-content\/uploads\/2021\/06\/4.5_1-berlin-british-unit-us-brigade-berlin.jpg\" \/>\n\t<meta property=\"og:image:width\" content=\"2000\" \/>\n\t<meta property=\"og:image:height\" content=\"1437\" \/>\n\t<meta property=\"og:image:type\" content=\"image\/jpeg\" \/>\n<meta name=\"twitter:card\" content=\"summary_large_image\" \/>\n<meta name=\"twitter:label1\" content=\"Dur\u00e9e de lecture estim\u00e9e\" \/>\n\t<meta name=\"twitter:data1\" content=\"1 minute\" \/>\n<script type=\"application\/ld+json\" class=\"yoast-schema-graph\">{\"@context\":\"https:\/\/schema.org\",\"@graph\":[{\"@type\":\"WebPage\",\"@id\":\"https:\/\/www.alliiertenmuseum.de\/fr\/activites\/personnes-handicapees\/\",\"url\":\"https:\/\/www.alliiertenmuseum.de\/fr\/activites\/personnes-handicapees\/\",\"name\":\"Activit\u00e9s inclusives - AlliiertenMuseum\",\"isPartOf\":{\"@id\":\"https:\/\/www.alliiertenmuseum.de\/#website\"},\"primaryImageOfPage\":{\"@id\":\"https:\/\/www.alliiertenmuseum.de\/fr\/activites\/personnes-handicapees\/#primaryimage\"},\"image\":{\"@id\":\"https:\/\/www.alliiertenmuseum.de\/fr\/activites\/personnes-handicapees\/#primaryimage\"},\"thumbnailUrl\":\"https:\/\/www.alliiertenmuseum.de\/wp-content\/uploads\/2021\/06\/4.5_1-berlin-british-unit-us-brigade-berlin.jpg\",\"datePublished\":\"2021-08-19T07:37:39+00:00\",\"dateModified\":\"2024-10-14T10:48:18+00:00\",\"description\":\"Nous proposons des visites guid\u00e9es accessibles aux personnes en situation de handicap \u00e0 travers les expositions du Mus\u00e9e des Alli\u00e9s.\",\"breadcrumb\":{\"@id\":\"https:\/\/www.alliiertenmuseum.de\/fr\/activites\/personnes-handicapees\/#breadcrumb\"},\"inLanguage\":\"fr-FR\",\"potentialAction\":[{\"@type\":\"ReadAction\",\"target\":[\"https:\/\/www.alliiertenmuseum.de\/fr\/activites\/personnes-handicapees\/\"]}]},{\"@type\":\"ImageObject\",\"inLanguage\":\"fr-FR\",\"@id\":\"https:\/\/www.alliiertenmuseum.de\/fr\/activites\/personnes-handicapees\/#primaryimage\",\"url\":\"https:\/\/www.alliiertenmuseum.de\/wp-content\/uploads\/2021\/06\/4.5_1-berlin-british-unit-us-brigade-berlin.jpg\",\"contentUrl\":\"https:\/\/www.alliiertenmuseum.de\/wp-content\/uploads\/2021\/06\/4.5_1-berlin-british-unit-us-brigade-berlin.jpg\",\"width\":2000,\"height\":1437,\"caption\":\"AlliiertenMuseum\/US Army Photograph\"},{\"@type\":\"BreadcrumbList\",\"@id\":\"https:\/\/www.alliiertenmuseum.de\/fr\/activites\/personnes-handicapees\/#breadcrumb\",\"itemListElement\":[{\"@type\":\"ListItem\",\"position\":1,\"name\":\"Startseite\",\"item\":\"https:\/\/www.alliiertenmuseum.de\/fr\/\"},{\"@type\":\"ListItem\",\"position\":2,\"name\":\"Activit\u00e9s\",\"item\":\"https:\/\/www.alliiertenmuseum.de\/fr\/activites\/\"},{\"@type\":\"ListItem\",\"position\":3,\"name\":\"Activit\u00e9s inclusives\"}]},{\"@type\":\"WebSite\",\"@id\":\"https:\/\/www.alliiertenmuseum.de\/#website\",\"url\":\"https:\/\/www.alliiertenmuseum.de\/\",\"name\":\"AlliiertenMuseum\",\"description\":\"\",\"publisher\":{\"@id\":\"https:\/\/www.alliiertenmuseum.de\/#organization\"},\"potentialAction\":[{\"@type\":\"SearchAction\",\"target\":{\"@type\":\"EntryPoint\",\"urlTemplate\":\"https:\/\/www.alliiertenmuseum.de\/?s={search_term_string}\"},\"query-input\":{\"@type\":\"PropertyValueSpecification\",\"valueRequired\":true,\"valueName\":\"search_term_string\"}}],\"inLanguage\":\"fr-FR\"},{\"@type\":\"Organization\",\"@id\":\"https:\/\/www.alliiertenmuseum.de\/#organization\",\"name\":\"AlliiertenMuseum\",\"url\":\"https:\/\/www.alliiertenmuseum.de\/\",\"logo\":{\"@type\":\"ImageObject\",\"inLanguage\":\"fr-FR\",\"@id\":\"https:\/\/www.alliiertenmuseum.de\/#\/schema\/logo\/image\/\",\"url\":\"https:\/\/www.alliiertenmuseum.de\/wp-content\/uploads\/2021\/05\/logo.svg\",\"contentUrl\":\"https:\/\/www.alliiertenmuseum.de\/wp-content\/uploads\/2021\/05\/logo.svg\",\"caption\":\"AlliiertenMuseum\"},\"image\":{\"@id\":\"https:\/\/www.alliiertenmuseum.de\/#\/schema\/logo\/image\/\"}}]}<\/script>\n<!-- \/ Yoast SEO plugin. -->","yoast_head_json":{"title":"Activit\u00e9s inclusives - AlliiertenMuseum","description":"Nous proposons des visites guid\u00e9es accessibles aux personnes en situation de handicap \u00e0 travers les expositions du Mus\u00e9e des Alli\u00e9s.","robots":{"index":"index","follow":"follow","max-snippet":"max-snippet:-1","max-image-preview":"max-image-preview:large","max-video-preview":"max-video-preview:-1"},"canonical":"https:\/\/www.alliiertenmuseum.de\/fr\/activites\/personnes-handicapees\/","og_locale":"fr_FR","og_type":"article","og_title":"Activit\u00e9s inclusives - AlliiertenMuseum","og_description":"Nous proposons des visites guid\u00e9es accessibles aux personnes en situation de handicap \u00e0 travers les expositions du Mus\u00e9e des Alli\u00e9s.","og_url":"https:\/\/www.alliiertenmuseum.de\/fr\/activites\/personnes-handicapees\/","og_site_name":"AlliiertenMuseum","article_modified_time":"2024-10-14T10:48:18+00:00","og_image":[{"width":2000,"height":1437,"url":"https:\/\/www.alliiertenmuseum.de\/wp-content\/uploads\/2021\/06\/4.5_1-berlin-british-unit-us-brigade-berlin.jpg","type":"image\/jpeg"}],"twitter_card":"summary_large_image","twitter_misc":{"Dur\u00e9e de lecture estim\u00e9e":"1 minute"},"schema":{"@context":"https:\/\/schema.org","@graph":[{"@type":"WebPage","@id":"https:\/\/www.alliiertenmuseum.de\/fr\/activites\/personnes-handicapees\/","url":"https:\/\/www.alliiertenmuseum.de\/fr\/activites\/personnes-handicapees\/","name":"Activit\u00e9s inclusives - AlliiertenMuseum","isPartOf":{"@id":"https:\/\/www.alliiertenmuseum.de\/#website"},"primaryImageOfPage":{"@id":"https:\/\/www.alliiertenmuseum.de\/fr\/activites\/personnes-handicapees\/#primaryimage"},"image":{"@id":"https:\/\/www.alliiertenmuseum.de\/fr\/activites\/personnes-handicapees\/#primaryimage"},"thumbnailUrl":"https:\/\/www.alliiertenmuseum.de\/wp-content\/uploads\/2021\/06\/4.5_1-berlin-british-unit-us-brigade-berlin.jpg","datePublished":"2021-08-19T07:37:39+00:00","dateModified":"2024-10-14T10:48:18+00:00","description":"Nous proposons des visites guid\u00e9es accessibles aux personnes en situation de handicap \u00e0 travers les expositions du Mus\u00e9e des Alli\u00e9s.","breadcrumb":{"@id":"https:\/\/www.alliiertenmuseum.de\/fr\/activites\/personnes-handicapees\/#breadcrumb"},"inLanguage":"fr-FR","potentialAction":[{"@type":"ReadAction","target":["https:\/\/www.alliiertenmuseum.de\/fr\/activites\/personnes-handicapees\/"]}]},{"@type":"ImageObject","inLanguage":"fr-FR","@id":"https:\/\/www.alliiertenmuseum.de\/fr\/activites\/personnes-handicapees\/#primaryimage","url":"https:\/\/www.alliiertenmuseum.de\/wp-content\/uploads\/2021\/06\/4.5_1-berlin-british-unit-us-brigade-berlin.jpg","contentUrl":"https:\/\/www.alliiertenmuseum.de\/wp-content\/uploads\/2021\/06\/4.5_1-berlin-british-unit-us-brigade-berlin.jpg","width":2000,"height":1437,"caption":"AlliiertenMuseum\/US Army Photograph"},{"@type":"BreadcrumbList","@id":"https:\/\/www.alliiertenmuseum.de\/fr\/activites\/personnes-handicapees\/#breadcrumb","itemListElement":[{"@type":"ListItem","position":1,"name":"Startseite","item":"https:\/\/www.alliiertenmuseum.de\/fr\/"},{"@type":"ListItem","position":2,"name":"Activit\u00e9s","item":"https:\/\/www.alliiertenmuseum.de\/fr\/activites\/"},{"@type":"ListItem","position":3,"name":"Activit\u00e9s inclusives"}]},{"@type":"WebSite","@id":"https:\/\/www.alliiertenmuseum.de\/#website","url":"https:\/\/www.alliiertenmuseum.de\/","name":"AlliiertenMuseum","description":"","publisher":{"@id":"https:\/\/www.alliiertenmuseum.de\/#organization"},"potentialAction":[{"@type":"SearchAction","target":{"@type":"EntryPoint","urlTemplate":"https:\/\/www.alliiertenmuseum.de\/?s={search_term_string}"},"query-input":{"@type":"PropertyValueSpecification","valueRequired":true,"valueName":"search_term_string"}}],"inLanguage":"fr-FR"},{"@type":"Organization","@id":"https:\/\/www.alliiertenmuseum.de\/#organization","name":"AlliiertenMuseum","url":"https:\/\/www.alliiertenmuseum.de\/","logo":{"@type":"ImageObject","inLanguage":"fr-FR","@id":"https:\/\/www.alliiertenmuseum.de\/#\/schema\/logo\/image\/","url":"https:\/\/www.alliiertenmuseum.de\/wp-content\/uploads\/2021\/05\/logo.svg","contentUrl":"https:\/\/www.alliiertenmuseum.de\/wp-content\/uploads\/2021\/05\/logo.svg","caption":"AlliiertenMuseum"},"image":{"@id":"https:\/\/www.alliiertenmuseum.de\/#\/schema\/logo\/image\/"}}]}},"_links":{"self":[{"href":"https:\/\/www.alliiertenmuseum.de\/wp-json\/wp\/v2\/pages\/2265","targetHints":{"allow":["GET"]}}],"collection":[{"href":"https:\/\/www.alliiertenmuseum.de\/wp-json\/wp\/v2\/pages"}],"about":[{"href":"https:\/\/www.alliiertenmuseum.de\/wp-json\/wp\/v2\/types\/page"}],"author":[{"embeddable":true,"href":"https:\/\/www.alliiertenmuseum.de\/wp-json\/wp\/v2\/users\/1"}],"replies":[{"embeddable":true,"href":"https:\/\/www.alliiertenmuseum.de\/wp-json\/wp\/v2\/comments?post=2265"}],"version-history":[{"count":6,"href":"https:\/\/www.alliiertenmuseum.de\/wp-json\/wp\/v2\/pages\/2265\/revisions"}],"predecessor-version":[{"id":33930,"href":"https:\/\/www.alliiertenmuseum.de\/wp-json\/wp\/v2\/pages\/2265\/revisions\/33930"}],"up":[{"embeddable":true,"href":"https:\/\/www.alliiertenmuseum.de\/wp-json\/wp\/v2\/pages\/2495"}],"wp:featuredmedia":[{"embeddable":true,"href":"https:\/\/www.alliiertenmuseum.de\/wp-json\/wp\/v2\/media\/936"}],"wp:attachment":[{"href":"https:\/\/www.alliiertenmuseum.de\/wp-json\/wp\/v2\/media?parent=2265"}],"curies":[{"name":"wp","href":"https:\/\/api.w.org\/{rel}","templated":true}]}}