{"id":2279,"date":"2021-08-24T18:44:25","date_gmt":"2021-08-24T16:44:25","guid":{"rendered":"http:\/\/stage.alm.smithberlin.com\/?page_id=2279"},"modified":"2024-10-14T12:55:39","modified_gmt":"2024-10-14T10:55:39","slug":"objekt-a-la-loupe","status":"publish","type":"page","link":"https:\/\/www.alliiertenmuseum.de\/fr\/collections\/objekt-a-la-loupe\/","title":{"rendered":"Objet \u00e0 la loupe"},"content":{"rendered":"\n<div class=\"wp-block-group\"><div class=\"wp-block-group__inner-container is-layout-flow wp-block-group-is-layout-flow\">\n<div class=\"wp-block-columns is-layout-flex wp-container-core-columns-is-layout-9d6595d7 wp-block-columns-is-layout-flex\">\n<div class=\"wp-block-column is-layout-flow wp-block-column-is-layout-flow\">\n<p>Nous pr\u00e9sentons ici \u00e0 intervalle irr\u00e9gulier un objet particulier de nos collections \u2013soit nouvellement ajout\u00e9, fra\u00eechement restaur\u00e9 ou \u00e0 l&rsquo;occasion d&rsquo;un \u00e9v\u00e9nement historique.<\/p>\n<\/div>\n\n\n\n<div class=\"wp-block-column is-layout-flow wp-block-column-is-layout-flow\">\n<p>Vous trouverez ici des histoires passionnantes sur des t\u00e9moignages remarquables et peu connus sur les puissances occidentales. Laissez-vous surprendre.<\/p>\n<\/div>\n<\/div>\n<\/div><\/div>\n\n\n\n<article class=\"post-teaser post-teaser-object wp-block-media-text is-vertically-aligned-center has-media-on-the-right alignfull post-8519 object type-object status-publish has-post-thumbnail hentry fr-FR\">\n            <figure class=\"post-thumbnail wp-block-media-text__media\">\n                        <img loading=\"lazy\" decoding=\"async\" width=\"1024\" height=\"683\" src=\"https:\/\/www.alliiertenmuseum.de\/wp-content\/uploads\/alliierten-museum-tmfb-waggon-1024x683.webp\" class=\"attachment-large size-large landscape\" alt=\"Wagon de chemin de fer du train militaire fran\u00e7ais sur le terrain en plein air du mus\u00e9e.\" srcset=\"https:\/\/www.alliiertenmuseum.de\/wp-content\/uploads\/alliierten-museum-tmfb-waggon-1024x683.webp 1024w, https:\/\/www.alliiertenmuseum.de\/wp-content\/uploads\/alliierten-museum-tmfb-waggon-300x200.webp 300w, https:\/\/www.alliiertenmuseum.de\/wp-content\/uploads\/alliierten-museum-tmfb-waggon-768x512.webp 768w, https:\/\/www.alliiertenmuseum.de\/wp-content\/uploads\/alliierten-museum-tmfb-waggon-1536x1024.webp 1536w, https:\/\/www.alliiertenmuseum.de\/wp-content\/uploads\/alliierten-museum-tmfb-waggon-50x33.webp 50w, https:\/\/www.alliiertenmuseum.de\/wp-content\/uploads\/alliierten-museum-tmfb-waggon.webp 1600w\" sizes=\"auto, (max-width: 1024px) 100vw, 1024px\" \/>                    <\/figure>\n\t    <div class=\"wp-block-media-text__content\">\n        \t\t<h2 class=\"entry-title\"><a href=\"https:\/\/www.alliiertenmuseum.de\/fr\/objekt\/le-train-militaire-francais-de-berlin\/\" rel=\"bookmark\">Le train mili&shy;taire fran&shy;\u00e7ais de Ber&shy;lin<\/a><\/h2>\t\t\t\t<p>Le wagon du train militaire fran\u00e7ais de Berlin sur l\u2019aire ext\u00e9rieure du Mus\u00e9e des Alli\u00e9s rappelle un chapitre m\u00e9connu de l\u2019histoire de la guerre froide\u00a0: les trains militaires des puissances occidentales.<\/p>\n        <div class=\"wp-block-buttons\">\n            <div class=\"wp-block-button\">\n                <a class=\"wp-block-button__link\" href=\"https:\/\/www.alliiertenmuseum.de\/fr\/objekt\/le-train-militaire-francais-de-berlin\/\">\n                    En savoir plus                <\/a>\n            <\/div>\n        <\/div>\n    <\/div>\n<\/article><!-- #post-8519 -->\n\n<article class=\"post-teaser post-teaser-object wp-block-media-text is-vertically-aligned-center alignfull post-3088 object type-object status-publish has-post-thumbnail hentry fr-FR\">\n            <figure class=\"post-thumbnail wp-block-media-text__media\">\n                        <img loading=\"lazy\" decoding=\"async\" width=\"1024\" height=\"682\" src=\"https:\/\/www.alliiertenmuseum.de\/wp-content\/uploads\/2021\/06\/5.0-warburton-halskette-reichskanzlei-1024x682.jpg\" class=\"attachment-large size-large landscape\" alt=\"Collier de perles\" srcset=\"https:\/\/www.alliiertenmuseum.de\/wp-content\/uploads\/2021\/06\/5.0-warburton-halskette-reichskanzlei-1024x682.jpg 1024w, https:\/\/www.alliiertenmuseum.de\/wp-content\/uploads\/2021\/06\/5.0-warburton-halskette-reichskanzlei-300x200.jpg 300w, https:\/\/www.alliiertenmuseum.de\/wp-content\/uploads\/2021\/06\/5.0-warburton-halskette-reichskanzlei-768x512.jpg 768w, https:\/\/www.alliiertenmuseum.de\/wp-content\/uploads\/2021\/06\/5.0-warburton-halskette-reichskanzlei-1536x1024.jpg 1536w, https:\/\/www.alliiertenmuseum.de\/wp-content\/uploads\/2021\/06\/5.0-warburton-halskette-reichskanzlei-50x33.jpg 50w, https:\/\/www.alliiertenmuseum.de\/wp-content\/uploads\/2021\/06\/5.0-warburton-halskette-reichskanzlei.jpg 2000w\" sizes=\"auto, (max-width: 1024px) 100vw, 1024px\" \/>                    <\/figure>\n\t    <div class=\"wp-block-media-text__content\">\n        \t\t<h2 class=\"entry-title\"><a href=\"https:\/\/www.alliiertenmuseum.de\/fr\/objekt\/le-collier-de-la-chancellerie-du-reich\/\" rel=\"bookmark\">Le collier de la chan&shy;cel&shy;lerie du Reich<\/a><\/h2>\t\t\t\t<p>Un t\u00e9moignage de l\u2019histoire contemporaine aux mille facettes&nbsp;: quand une d\u00e9couverte dans les ruines de la chancellerie du Reich se transforme en bijou tr\u00e8s sp\u00e9cial.<\/p>\n        <div class=\"wp-block-buttons\">\n            <div class=\"wp-block-button\">\n                <a class=\"wp-block-button__link\" href=\"https:\/\/www.alliiertenmuseum.de\/fr\/objekt\/le-collier-de-la-chancellerie-du-reich\/\">\n                    En savoir plus                <\/a>\n            <\/div>\n        <\/div>\n    <\/div>\n<\/article><!-- #post-3088 -->\n\n<article class=\"post-teaser post-teaser-object wp-block-media-text is-vertically-aligned-center has-media-on-the-right alignfull post-3082 object type-object status-publish has-post-thumbnail hentry fr-FR\">\n            <figure class=\"post-thumbnail wp-block-media-text__media\">\n                        <img loading=\"lazy\" decoding=\"async\" width=\"978\" height=\"1024\" src=\"https:\/\/www.alliiertenmuseum.de\/wp-content\/uploads\/2021\/05\/05947-05_NATO@2x-1-978x1024.png\" class=\"attachment-large size-large portrait\" alt=\"Deux petits avions de type Chipmunk de la Royal Air Force volent c\u00f4te \u00e0 c\u00f4te.\" srcset=\"https:\/\/www.alliiertenmuseum.de\/wp-content\/uploads\/2021\/05\/05947-05_NATO@2x-1-978x1024.png 978w, https:\/\/www.alliiertenmuseum.de\/wp-content\/uploads\/2021\/05\/05947-05_NATO@2x-1-287x300.png 287w, https:\/\/www.alliiertenmuseum.de\/wp-content\/uploads\/2021\/05\/05947-05_NATO@2x-1-768x804.png 768w, https:\/\/www.alliiertenmuseum.de\/wp-content\/uploads\/2021\/05\/05947-05_NATO@2x-1-1468x1536.png 1468w, https:\/\/www.alliiertenmuseum.de\/wp-content\/uploads\/2021\/05\/05947-05_NATO@2x-1-48x50.png 48w, https:\/\/www.alliiertenmuseum.de\/wp-content\/uploads\/2021\/05\/05947-05_NATO@2x-1.png 1720w\" sizes=\"auto, (max-width: 978px) 100vw, 978px\" \/>                    <\/figure>\n\t    <div class=\"wp-block-media-text__content\">\n        \t\t<h2 class=\"entry-title\"><a href=\"https:\/\/www.alliiertenmuseum.de\/fr\/objekt\/chipmunk-wg-466\/\" rel=\"bookmark\">Chipmunk WG 466<\/a><\/h2>\t\t\t\t<p>Un avion id\u00e9al pour la reconnaissance a\u00e9rienne \u00e0 Berlin&nbsp;: quand la Royal Air Force surveillait les forces arm\u00e9es sovi\u00e9tiques avec un \u00ab&nbsp;tamia&nbsp;\u00bb (\u00e9cureuil).<\/p>\n        <div class=\"wp-block-buttons\">\n            <div class=\"wp-block-button\">\n                <a class=\"wp-block-button__link\" href=\"https:\/\/www.alliiertenmuseum.de\/fr\/objekt\/chipmunk-wg-466\/\">\n                    En savoir plus                <\/a>\n            <\/div>\n        <\/div>\n    <\/div>\n<\/article><!-- #post-3082 -->\n\n<article class=\"post-teaser post-teaser-object wp-block-media-text is-vertically-aligned-center alignfull post-3074 object type-object status-publish has-post-thumbnail hentry fr-FR\">\n            <figure class=\"post-thumbnail wp-block-media-text__media\">\n                        <img loading=\"lazy\" decoding=\"async\" width=\"1024\" height=\"683\" src=\"https:\/\/www.alliiertenmuseum.de\/wp-content\/uploads\/2021\/05\/5.0-01-alliierten-museum-dauerausstellung-berlin-spionagetunnel-1024x683.jpg\" class=\"attachment-large size-large landscape\" alt=\"Vue \u00e0 l\u2019int\u00e9rieur du tunnel d&#039;espionnage dans l&#039;exposition.\" srcset=\"https:\/\/www.alliiertenmuseum.de\/wp-content\/uploads\/2021\/05\/5.0-01-alliierten-museum-dauerausstellung-berlin-spionagetunnel-1024x683.jpg 1024w, https:\/\/www.alliiertenmuseum.de\/wp-content\/uploads\/2021\/05\/5.0-01-alliierten-museum-dauerausstellung-berlin-spionagetunnel-300x200.jpg 300w, https:\/\/www.alliiertenmuseum.de\/wp-content\/uploads\/2021\/05\/5.0-01-alliierten-museum-dauerausstellung-berlin-spionagetunnel-768x512.jpg 768w, https:\/\/www.alliiertenmuseum.de\/wp-content\/uploads\/2021\/05\/5.0-01-alliierten-museum-dauerausstellung-berlin-spionagetunnel-1536x1024.jpg 1536w, https:\/\/www.alliiertenmuseum.de\/wp-content\/uploads\/2021\/05\/5.0-01-alliierten-museum-dauerausstellung-berlin-spionagetunnel-50x33.jpg 50w, https:\/\/www.alliiertenmuseum.de\/wp-content\/uploads\/2021\/05\/5.0-01-alliierten-museum-dauerausstellung-berlin-spionagetunnel.jpg 1600w\" sizes=\"auto, (max-width: 1024px) 100vw, 1024px\" \/>                    <\/figure>\n\t    <div class=\"wp-block-media-text__content\">\n        \t\t<h2 class=\"entry-title\"><a href=\"https:\/\/www.alliiertenmuseum.de\/fr\/objekt\/le-tunnel-despionnage-berlinois\/\" rel=\"bookmark\">Le tun&shy;nel d\u2019es&shy;pion&shy;nage ber&shy;li&shy;nois<\/a><\/h2>\t\t\t\t<p>La Guerre froide souterraine&nbsp;: l\u2019histoire du tunnel d\u2019espionnage berlinois et d\u2019une d\u00e9couverte sensationnelle au fin fond du Mecklembourg.<\/p>\n        <div class=\"wp-block-buttons\">\n            <div class=\"wp-block-button\">\n                <a class=\"wp-block-button__link\" href=\"https:\/\/www.alliiertenmuseum.de\/fr\/objekt\/le-tunnel-despionnage-berlinois\/\">\n                    En savoir plus                <\/a>\n            <\/div>\n        <\/div>\n    <\/div>\n<\/article><!-- #post-3074 -->\n\n\n\n\n<article class=\"post-teaser post-teaser-page wp-block-columns are-vertically-aligned-center alignfull has-background has-f-2-e-61-a-background-color post-1557 page type-page status-publish has-post-thumbnail hentry fr-FR\">\n    <div class=\"wp-block-column\">        <figure class=\"post-thumbnail wp-block-media-text__media\">\n                        <img loading=\"lazy\" decoding=\"async\" width=\"1024\" height=\"705\" src=\"https:\/\/www.alliiertenmuseum.de\/wp-content\/uploads\/2021\/05\/Mainz-Mangin-Kasern-McCulley-Barracks-Open-House-19-June-1953-Killpack6x63200-scan-98-171@2x-1024x705.png\" class=\"attachment-large size-large landscape\" alt=\"Lors d&#039;une journ\u00e9e portes ouvertes dans une caserne, des soldats am\u00e9ricains et des enfants communiquent entre eux via un t\u00e9l\u00e9phone portable.\" srcset=\"https:\/\/www.alliiertenmuseum.de\/wp-content\/uploads\/2021\/05\/Mainz-Mangin-Kasern-McCulley-Barracks-Open-House-19-June-1953-Killpack6x63200-scan-98-171@2x-1024x705.png 1024w, https:\/\/www.alliiertenmuseum.de\/wp-content\/uploads\/2021\/05\/Mainz-Mangin-Kasern-McCulley-Barracks-Open-House-19-June-1953-Killpack6x63200-scan-98-171@2x-300x207.png 300w, https:\/\/www.alliiertenmuseum.de\/wp-content\/uploads\/2021\/05\/Mainz-Mangin-Kasern-McCulley-Barracks-Open-House-19-June-1953-Killpack6x63200-scan-98-171@2x-768x529.png 768w, https:\/\/www.alliiertenmuseum.de\/wp-content\/uploads\/2021\/05\/Mainz-Mangin-Kasern-McCulley-Barracks-Open-House-19-June-1953-Killpack6x63200-scan-98-171@2x-1536x1057.png 1536w, https:\/\/www.alliiertenmuseum.de\/wp-content\/uploads\/2021\/05\/Mainz-Mangin-Kasern-McCulley-Barracks-Open-House-19-June-1953-Killpack6x63200-scan-98-171@2x-50x34.png 50w, https:\/\/www.alliiertenmuseum.de\/wp-content\/uploads\/2021\/05\/Mainz-Mangin-Kasern-McCulley-Barracks-Open-House-19-June-1953-Killpack6x63200-scan-98-171@2x.png 1720w\" sizes=\"auto, (max-width: 1024px) 100vw, 1024px\" \/>                    <\/figure>\n\t<\/div>    <div class=\"wp-block-column\">\n        \t\t<h2 class=\"entry-title\"><a href=\"https:\/\/www.alliiertenmuseum.de\/fr\/partagez-vos-souvenirs-avec-nous\/\" rel=\"bookmark\">Partagez vos souvenirs avec nous&nbsp;!<\/a><\/h2>\t\t\t\t<p>Vous avez conserv\u00e9 des objets, des journaux, des documents ou des photos qui rappellent la pr\u00e9sence des puissances occidentales et que vous souhaiteriez mettre \u00e0 la disposition du Mus\u00e9e des Alli\u00e9s ? Vous voulez sauvegarder pour les g\u00e9n\u00e9rations futures vos exp\u00e9riences personnelles avec les puissances occidentales dans le cadre d\u2019une interview de t\u00e9moin ? Prenez volontiers contact avec nous !<\/p>\n        <div class=\"wp-block-buttons\">\n            <div class=\"wp-block-button\">\n                <a class=\"wp-block-button__link\" href=\"https:\/\/www.alliiertenmuseum.de\/fr\/partagez-vos-souvenirs-avec-nous\/\">\n                    En savoir plus                <\/a>\n            <\/div>\n        <\/div>\n    <\/div>\n<\/article><!-- #post-1557 -->\n","protected":false},"excerpt":{"rendered":"<p>Nous pr\u00e9sentons \u00e0 intervalles irr\u00e9guliers un objet sp\u00e9cifique des collections du mus\u00e9e \u2013 qu\u2019il les ait r\u00e9cemment rejointes, soit tout juste restaur\u00e9 ou qu\u2019une date historique le replace sous les feux de l\u2019actualit\u00e9. Vous trouverez ici des histoires captivantes sur des t\u00e9moignages spectaculaires ou anecdotiques des puissances occidentales. Laissez-vous surprendre !<\/p>\n","protected":false},"author":1,"featured_media":1621,"parent":2278,"menu_order":0,"comment_status":"closed","ping_status":"closed","template":"","meta":{"_highline":"Collection","_subtitle":"","_locale":"fr_FR","_original_post":"https:\/\/www.alliiertenmuseum.de\/?page_id=269","_featured_cover":false,"_featured_caption":"","_featured_caption_checkbox":false,"_featured_alt":"<p class=\"MsoNormal\"><span lang=\"FR\" style=\"mso-ansi-language:FR\">Des soldats fran\u00e7ais et britanniques regardent un v\u00e9hicule blind\u00e9 \u00e0 roues.<\/span><\/p>","_pinkie_id":1621,"_pinkie_caption":false,"_pinkie_alt":"<p class=\"MsoNormal\"><span lang=\"FR\" style=\"mso-ansi-language:FR\">Des soldats fran\u00e7ais et britanniques regardent un v\u00e9hicule blind\u00e9 \u00e0 roues.<\/span><\/p>","footnotes":"","_post-color":[]},"class_list":["post-2279","page","type-page","status-publish","has-post-thumbnail","hentry","fr-FR"],"featured_image_src":"https:\/\/www.alliiertenmuseum.de\/wp-content\/uploads\/2021\/06\/5.0-alliierte-berlin-rondo-fernmeldeuebung-fv721-fox-e1635175961649.jpg","yoast_head":"<!-- This site is optimized with the Yoast SEO plugin v26.2 - https:\/\/yoast.com\/wordpress\/plugins\/seo\/ -->\n<title>Objet \u00e0 la loupe - AlliiertenMuseum<\/title>\n<meta name=\"description\" content=\"Nous vous pr\u00e9sentons l\u2019histoire de certains objets phares des collections du Mus\u00e9e des Alli\u00e9s.\" \/>\n<meta name=\"robots\" content=\"index, follow, max-snippet:-1, max-image-preview:large, max-video-preview:-1\" \/>\n<link rel=\"canonical\" href=\"https:\/\/www.alliiertenmuseum.de\/fr\/collections\/objekt-a-la-loupe\/\" \/>\n<meta property=\"og:locale\" content=\"fr_FR\" \/>\n<meta property=\"og:type\" content=\"article\" \/>\n<meta property=\"og:title\" content=\"Objet \u00e0 la loupe - AlliiertenMuseum\" \/>\n<meta property=\"og:description\" content=\"Nous vous pr\u00e9sentons l\u2019histoire de certains objets phares des collections du Mus\u00e9e des Alli\u00e9s.\" \/>\n<meta property=\"og:url\" content=\"https:\/\/www.alliiertenmuseum.de\/fr\/collections\/objekt-a-la-loupe\/\" \/>\n<meta property=\"og:site_name\" content=\"AlliiertenMuseum\" \/>\n<meta property=\"article:modified_time\" content=\"2024-10-14T10:55:39+00:00\" \/>\n<meta property=\"og:image\" content=\"https:\/\/www.alliiertenmuseum.de\/wp-content\/uploads\/2021\/06\/5.0-alliierte-berlin-rondo-fernmeldeuebung-fv721-fox-e1635175961649.jpg\" \/>\n\t<meta property=\"og:image:width\" content=\"1845\" \/>\n\t<meta property=\"og:image:height\" content=\"1050\" \/>\n\t<meta property=\"og:image:type\" content=\"image\/jpeg\" \/>\n<meta name=\"twitter:card\" content=\"summary_large_image\" \/>\n<meta name=\"twitter:label1\" content=\"Dur\u00e9e de lecture estim\u00e9e\" \/>\n\t<meta name=\"twitter:data1\" content=\"1 minute\" \/>\n<script type=\"application\/ld+json\" class=\"yoast-schema-graph\">{\"@context\":\"https:\/\/schema.org\",\"@graph\":[{\"@type\":\"WebPage\",\"@id\":\"https:\/\/www.alliiertenmuseum.de\/fr\/collections\/objekt-a-la-loupe\/\",\"url\":\"https:\/\/www.alliiertenmuseum.de\/fr\/collections\/objekt-a-la-loupe\/\",\"name\":\"Objet \u00e0 la loupe - AlliiertenMuseum\",\"isPartOf\":{\"@id\":\"https:\/\/www.alliiertenmuseum.de\/#website\"},\"primaryImageOfPage\":{\"@id\":\"https:\/\/www.alliiertenmuseum.de\/fr\/collections\/objekt-a-la-loupe\/#primaryimage\"},\"image\":{\"@id\":\"https:\/\/www.alliiertenmuseum.de\/fr\/collections\/objekt-a-la-loupe\/#primaryimage\"},\"thumbnailUrl\":\"https:\/\/www.alliiertenmuseum.de\/wp-content\/uploads\/2021\/06\/5.0-alliierte-berlin-rondo-fernmeldeuebung-fv721-fox-e1635175961649.jpg\",\"datePublished\":\"2021-08-24T16:44:25+00:00\",\"dateModified\":\"2024-10-14T10:55:39+00:00\",\"description\":\"Nous vous pr\u00e9sentons l\u2019histoire de certains objets phares des collections du Mus\u00e9e des Alli\u00e9s.\",\"breadcrumb\":{\"@id\":\"https:\/\/www.alliiertenmuseum.de\/fr\/collections\/objekt-a-la-loupe\/#breadcrumb\"},\"inLanguage\":\"fr-FR\",\"potentialAction\":[{\"@type\":\"ReadAction\",\"target\":[\"https:\/\/www.alliiertenmuseum.de\/fr\/collections\/objekt-a-la-loupe\/\"]}]},{\"@type\":\"ImageObject\",\"inLanguage\":\"fr-FR\",\"@id\":\"https:\/\/www.alliiertenmuseum.de\/fr\/collections\/objekt-a-la-loupe\/#primaryimage\",\"url\":\"https:\/\/www.alliiertenmuseum.de\/wp-content\/uploads\/2021\/06\/5.0-alliierte-berlin-rondo-fernmeldeuebung-fv721-fox-e1635175961649.jpg\",\"contentUrl\":\"https:\/\/www.alliiertenmuseum.de\/wp-content\/uploads\/2021\/06\/5.0-alliierte-berlin-rondo-fernmeldeuebung-fv721-fox-e1635175961649.jpg\",\"width\":1845,\"height\":1050,\"caption\":\"AlliiertenMuseum\/US Army Photograph\"},{\"@type\":\"BreadcrumbList\",\"@id\":\"https:\/\/www.alliiertenmuseum.de\/fr\/collections\/objekt-a-la-loupe\/#breadcrumb\",\"itemListElement\":[{\"@type\":\"ListItem\",\"position\":1,\"name\":\"Startseite\",\"item\":\"https:\/\/www.alliiertenmuseum.de\/fr\/\"},{\"@type\":\"ListItem\",\"position\":2,\"name\":\"Collections\",\"item\":\"https:\/\/www.alliiertenmuseum.de\/fr\/collections\/\"},{\"@type\":\"ListItem\",\"position\":3,\"name\":\"Objet \u00e0 la loupe\"}]},{\"@type\":\"WebSite\",\"@id\":\"https:\/\/www.alliiertenmuseum.de\/#website\",\"url\":\"https:\/\/www.alliiertenmuseum.de\/\",\"name\":\"AlliiertenMuseum\",\"description\":\"\",\"publisher\":{\"@id\":\"https:\/\/www.alliiertenmuseum.de\/#organization\"},\"potentialAction\":[{\"@type\":\"SearchAction\",\"target\":{\"@type\":\"EntryPoint\",\"urlTemplate\":\"https:\/\/www.alliiertenmuseum.de\/?s={search_term_string}\"},\"query-input\":{\"@type\":\"PropertyValueSpecification\",\"valueRequired\":true,\"valueName\":\"search_term_string\"}}],\"inLanguage\":\"fr-FR\"},{\"@type\":\"Organization\",\"@id\":\"https:\/\/www.alliiertenmuseum.de\/#organization\",\"name\":\"AlliiertenMuseum\",\"url\":\"https:\/\/www.alliiertenmuseum.de\/\",\"logo\":{\"@type\":\"ImageObject\",\"inLanguage\":\"fr-FR\",\"@id\":\"https:\/\/www.alliiertenmuseum.de\/#\/schema\/logo\/image\/\",\"url\":\"https:\/\/www.alliiertenmuseum.de\/wp-content\/uploads\/2021\/05\/logo.svg\",\"contentUrl\":\"https:\/\/www.alliiertenmuseum.de\/wp-content\/uploads\/2021\/05\/logo.svg\",\"caption\":\"AlliiertenMuseum\"},\"image\":{\"@id\":\"https:\/\/www.alliiertenmuseum.de\/#\/schema\/logo\/image\/\"}}]}<\/script>\n<!-- \/ Yoast SEO plugin. -->","yoast_head_json":{"title":"Objet \u00e0 la loupe - AlliiertenMuseum","description":"Nous vous pr\u00e9sentons l\u2019histoire de certains objets phares des collections du Mus\u00e9e des Alli\u00e9s.","robots":{"index":"index","follow":"follow","max-snippet":"max-snippet:-1","max-image-preview":"max-image-preview:large","max-video-preview":"max-video-preview:-1"},"canonical":"https:\/\/www.alliiertenmuseum.de\/fr\/collections\/objekt-a-la-loupe\/","og_locale":"fr_FR","og_type":"article","og_title":"Objet \u00e0 la loupe - AlliiertenMuseum","og_description":"Nous vous pr\u00e9sentons l\u2019histoire de certains objets phares des collections du Mus\u00e9e des Alli\u00e9s.","og_url":"https:\/\/www.alliiertenmuseum.de\/fr\/collections\/objekt-a-la-loupe\/","og_site_name":"AlliiertenMuseum","article_modified_time":"2024-10-14T10:55:39+00:00","og_image":[{"width":1845,"height":1050,"url":"https:\/\/www.alliiertenmuseum.de\/wp-content\/uploads\/2021\/06\/5.0-alliierte-berlin-rondo-fernmeldeuebung-fv721-fox-e1635175961649.jpg","type":"image\/jpeg"}],"twitter_card":"summary_large_image","twitter_misc":{"Dur\u00e9e de lecture estim\u00e9e":"1 minute"},"schema":{"@context":"https:\/\/schema.org","@graph":[{"@type":"WebPage","@id":"https:\/\/www.alliiertenmuseum.de\/fr\/collections\/objekt-a-la-loupe\/","url":"https:\/\/www.alliiertenmuseum.de\/fr\/collections\/objekt-a-la-loupe\/","name":"Objet \u00e0 la loupe - AlliiertenMuseum","isPartOf":{"@id":"https:\/\/www.alliiertenmuseum.de\/#website"},"primaryImageOfPage":{"@id":"https:\/\/www.alliiertenmuseum.de\/fr\/collections\/objekt-a-la-loupe\/#primaryimage"},"image":{"@id":"https:\/\/www.alliiertenmuseum.de\/fr\/collections\/objekt-a-la-loupe\/#primaryimage"},"thumbnailUrl":"https:\/\/www.alliiertenmuseum.de\/wp-content\/uploads\/2021\/06\/5.0-alliierte-berlin-rondo-fernmeldeuebung-fv721-fox-e1635175961649.jpg","datePublished":"2021-08-24T16:44:25+00:00","dateModified":"2024-10-14T10:55:39+00:00","description":"Nous vous pr\u00e9sentons l\u2019histoire de certains objets phares des collections du Mus\u00e9e des Alli\u00e9s.","breadcrumb":{"@id":"https:\/\/www.alliiertenmuseum.de\/fr\/collections\/objekt-a-la-loupe\/#breadcrumb"},"inLanguage":"fr-FR","potentialAction":[{"@type":"ReadAction","target":["https:\/\/www.alliiertenmuseum.de\/fr\/collections\/objekt-a-la-loupe\/"]}]},{"@type":"ImageObject","inLanguage":"fr-FR","@id":"https:\/\/www.alliiertenmuseum.de\/fr\/collections\/objekt-a-la-loupe\/#primaryimage","url":"https:\/\/www.alliiertenmuseum.de\/wp-content\/uploads\/2021\/06\/5.0-alliierte-berlin-rondo-fernmeldeuebung-fv721-fox-e1635175961649.jpg","contentUrl":"https:\/\/www.alliiertenmuseum.de\/wp-content\/uploads\/2021\/06\/5.0-alliierte-berlin-rondo-fernmeldeuebung-fv721-fox-e1635175961649.jpg","width":1845,"height":1050,"caption":"AlliiertenMuseum\/US Army Photograph"},{"@type":"BreadcrumbList","@id":"https:\/\/www.alliiertenmuseum.de\/fr\/collections\/objekt-a-la-loupe\/#breadcrumb","itemListElement":[{"@type":"ListItem","position":1,"name":"Startseite","item":"https:\/\/www.alliiertenmuseum.de\/fr\/"},{"@type":"ListItem","position":2,"name":"Collections","item":"https:\/\/www.alliiertenmuseum.de\/fr\/collections\/"},{"@type":"ListItem","position":3,"name":"Objet \u00e0 la loupe"}]},{"@type":"WebSite","@id":"https:\/\/www.alliiertenmuseum.de\/#website","url":"https:\/\/www.alliiertenmuseum.de\/","name":"AlliiertenMuseum","description":"","publisher":{"@id":"https:\/\/www.alliiertenmuseum.de\/#organization"},"potentialAction":[{"@type":"SearchAction","target":{"@type":"EntryPoint","urlTemplate":"https:\/\/www.alliiertenmuseum.de\/?s={search_term_string}"},"query-input":{"@type":"PropertyValueSpecification","valueRequired":true,"valueName":"search_term_string"}}],"inLanguage":"fr-FR"},{"@type":"Organization","@id":"https:\/\/www.alliiertenmuseum.de\/#organization","name":"AlliiertenMuseum","url":"https:\/\/www.alliiertenmuseum.de\/","logo":{"@type":"ImageObject","inLanguage":"fr-FR","@id":"https:\/\/www.alliiertenmuseum.de\/#\/schema\/logo\/image\/","url":"https:\/\/www.alliiertenmuseum.de\/wp-content\/uploads\/2021\/05\/logo.svg","contentUrl":"https:\/\/www.alliiertenmuseum.de\/wp-content\/uploads\/2021\/05\/logo.svg","caption":"AlliiertenMuseum"},"image":{"@id":"https:\/\/www.alliiertenmuseum.de\/#\/schema\/logo\/image\/"}}]}},"_links":{"self":[{"href":"https:\/\/www.alliiertenmuseum.de\/wp-json\/wp\/v2\/pages\/2279","targetHints":{"allow":["GET"]}}],"collection":[{"href":"https:\/\/www.alliiertenmuseum.de\/wp-json\/wp\/v2\/pages"}],"about":[{"href":"https:\/\/www.alliiertenmuseum.de\/wp-json\/wp\/v2\/types\/page"}],"author":[{"embeddable":true,"href":"https:\/\/www.alliiertenmuseum.de\/wp-json\/wp\/v2\/users\/1"}],"replies":[{"embeddable":true,"href":"https:\/\/www.alliiertenmuseum.de\/wp-json\/wp\/v2\/comments?post=2279"}],"version-history":[{"count":5,"href":"https:\/\/www.alliiertenmuseum.de\/wp-json\/wp\/v2\/pages\/2279\/revisions"}],"predecessor-version":[{"id":33939,"href":"https:\/\/www.alliiertenmuseum.de\/wp-json\/wp\/v2\/pages\/2279\/revisions\/33939"}],"up":[{"embeddable":true,"href":"https:\/\/www.alliiertenmuseum.de\/wp-json\/wp\/v2\/pages\/2278"}],"wp:featuredmedia":[{"embeddable":true,"href":"https:\/\/www.alliiertenmuseum.de\/wp-json\/wp\/v2\/media\/1621"}],"wp:attachment":[{"href":"https:\/\/www.alliiertenmuseum.de\/wp-json\/wp\/v2\/media?parent=2279"}],"curies":[{"name":"wp","href":"https:\/\/api.w.org\/{rel}","templated":true}]}}