{"id":2285,"date":"2021-08-24T21:09:58","date_gmt":"2021-08-24T19:09:58","guid":{"rendered":"http:\/\/stage.alm.smithberlin.com\/?page_id=2285"},"modified":"2024-10-14T12:58:33","modified_gmt":"2024-10-14T10:58:33","slug":"themes","status":"publish","type":"page","link":"https:\/\/www.alliiertenmuseum.de\/fr\/themes\/","title":{"rendered":"Th\u00e8mes"},"content":{"rendered":"\n<article class=\"post-teaser post-teaser-topic wp-block-media-text is-vertically-aligned-center alignfull post-7091 topic type-topic status-publish has-post-thumbnail hentry fr-FR\">\n            <figure class=\"post-thumbnail wp-block-media-text__media\">\n                            <p class=\"d-none-xs-to-full\"><span class=\"highlighted mobile-element\">Th\u00e8me<\/span><\/p>\n                        <img loading=\"lazy\" decoding=\"async\" width=\"789\" height=\"1024\" src=\"https:\/\/www.alliiertenmuseum.de\/wp-content\/uploads\/2022\/06\/04_Buch-Lippmann-789x1024.jpg\" class=\"attachment-large size-large portrait\" alt=\"Couverture du livre de Walter Lippmann \u00abThe Cold War\u00bb\" srcset=\"https:\/\/www.alliiertenmuseum.de\/wp-content\/uploads\/2022\/06\/04_Buch-Lippmann-789x1024.jpg 789w, https:\/\/www.alliiertenmuseum.de\/wp-content\/uploads\/2022\/06\/04_Buch-Lippmann-231x300.jpg 231w, https:\/\/www.alliiertenmuseum.de\/wp-content\/uploads\/2022\/06\/04_Buch-Lippmann-768x997.jpg 768w, https:\/\/www.alliiertenmuseum.de\/wp-content\/uploads\/2022\/06\/04_Buch-Lippmann-1183x1536.jpg 1183w, https:\/\/www.alliiertenmuseum.de\/wp-content\/uploads\/2022\/06\/04_Buch-Lippmann-1578x2048.jpg 1578w, https:\/\/www.alliiertenmuseum.de\/wp-content\/uploads\/2022\/06\/04_Buch-Lippmann-39x50.jpg 39w, https:\/\/www.alliiertenmuseum.de\/wp-content\/uploads\/2022\/06\/04_Buch-Lippmann-e1656501095661.jpg 800w\" sizes=\"auto, (max-width: 789px) 100vw, 789px\" \/>                    <\/figure>\n\t    <div class=\"wp-block-media-text__content\">\n                    <p class=\"d-none-min\"><span class=\"highlighted\">Th\u00e8me<\/span><\/p>\n        \t\t<h2 class=\"entry-title\"><a href=\"https:\/\/www.alliiertenmuseum.de\/fr\/thema\/la-guerre-froide-histoire-dune-notion\/\" rel=\"bookmark\">La \u00ab\u00a0guerre froide\u00a0\u00bb \u2013 (Pr\u00e9)histoire d\u2019une notion<\/a><\/h2>\t\t\t\t<p>Anfang September 1947 publizierte der renommierte Politikkommentator Walter Lippmann die erste von vierzehn Kolumnen, die als Serie unter dem Titel \u201eCold War\u201c in mehreren Zeitungen abgedruckt wurden. Bereits im Herbst 1947 erschienen die Beitr\u00e4ge in Buchform unter dem Titel The Cold War: A Study in U.S. Foreign Policy. Lippmanns Verwendung der Formulierung \u201ekalter Krieg\u201c markiert einen denkw\u00fcrdigen Moment, denn erst damit begann die Popularisierung dieses Begriffs als Bezeichnung f\u00fcr den sich damals herausbildenden Konflikt zwischen der Sowjetunion und den Vereinigten Staaten, der bis 1990 andauern sollte.<\/p>\n        <div class=\"wp-block-buttons\">\n            <div class=\"wp-block-button\">\n                <a class=\"wp-block-button__link\" href=\"https:\/\/www.alliiertenmuseum.de\/fr\/thema\/la-guerre-froide-histoire-dune-notion\/\">\n                    En savoir plus                <\/a>\n            <\/div>\n        <\/div>\n    <\/div>\n<\/article><!-- #post-7091 -->\n\n<article class=\"post-teaser post-teaser-topic wp-block-media-text is-vertically-aligned-center has-media-on-the-right alignfull post-2639 topic type-topic status-publish has-post-thumbnail hentry fr-FR\">\n            <figure class=\"post-thumbnail wp-block-media-text__media\">\n                            <p class=\"d-none-xs-to-full\"><span class=\"highlighted mobile-element\">Th\u00e8me<\/span><\/p>\n                        <img loading=\"lazy\" decoding=\"async\" width=\"1024\" height=\"774\" src=\"https:\/\/www.alliiertenmuseum.de\/wp-content\/uploads\/2021\/05\/2.0-berliner-luftbruecke-flughafen-tempelhof-1-1024x774.jpg\" class=\"attachment-large size-large landscape\" alt=\"Vue a\u00e9rienne d&#039;avions de pont a\u00e9rien en train d&#039;\u00eatre d\u00e9charg\u00e9s \u00e0 l&#039;a\u00e9roport de Tempelhof.\" srcset=\"https:\/\/www.alliiertenmuseum.de\/wp-content\/uploads\/2021\/05\/2.0-berliner-luftbruecke-flughafen-tempelhof-1-1024x774.jpg 1024w, https:\/\/www.alliiertenmuseum.de\/wp-content\/uploads\/2021\/05\/2.0-berliner-luftbruecke-flughafen-tempelhof-1-300x227.jpg 300w, https:\/\/www.alliiertenmuseum.de\/wp-content\/uploads\/2021\/05\/2.0-berliner-luftbruecke-flughafen-tempelhof-1-768x581.jpg 768w, https:\/\/www.alliiertenmuseum.de\/wp-content\/uploads\/2021\/05\/2.0-berliner-luftbruecke-flughafen-tempelhof-1-1536x1161.jpg 1536w, https:\/\/www.alliiertenmuseum.de\/wp-content\/uploads\/2021\/05\/2.0-berliner-luftbruecke-flughafen-tempelhof-1-50x38.jpg 50w, https:\/\/www.alliiertenmuseum.de\/wp-content\/uploads\/2021\/05\/2.0-berliner-luftbruecke-flughafen-tempelhof-1.jpg 2000w\" sizes=\"auto, (max-width: 1024px) 100vw, 1024px\" \/>                    <\/figure>\n\t    <div class=\"wp-block-media-text__content\">\n                    <p class=\"d-none-min\"><span class=\"highlighted\">Th\u00e8me<\/span><\/p>\n        \t\t<h2 class=\"entry-title\"><a href=\"https:\/\/www.alliiertenmuseum.de\/fr\/thema\/le-pont-aerien-de-berlin-1948-1949\/\" rel=\"bookmark\">Le pont a\u00e9rien de Berlin 1948\/1949<\/a><\/h2>\t\t\t\t<p>Les puissances occidentales r\u00e9agissent au blocus sovi\u00e9tique de Berlin-Ouest en 1948-1949 en approvisionnant la ville par les airs. Berlin devient le th\u00e9\u00e2tre de la premi\u00e8re grande crise de la Guerre froide.<\/p>\n        <div class=\"wp-block-buttons\">\n            <div class=\"wp-block-button\">\n                <a class=\"wp-block-button__link\" href=\"https:\/\/www.alliiertenmuseum.de\/fr\/thema\/le-pont-aerien-de-berlin-1948-1949\/\">\n                    En savoir plus                <\/a>\n            <\/div>\n        <\/div>\n    <\/div>\n<\/article><!-- #post-2639 -->\n\n<article class=\"post-teaser post-teaser-topic wp-block-media-text is-vertically-aligned-center alignfull post-9106 topic type-topic status-publish has-post-thumbnail hentry fr-FR\">\n            <figure class=\"post-thumbnail wp-block-media-text__media\">\n                            <p class=\"d-none-xs-to-full\"><span class=\"highlighted mobile-element\">Th\u00e8me<\/span><\/p>\n                        <img loading=\"lazy\" decoding=\"async\" width=\"549\" height=\"800\" src=\"https:\/\/www.alliiertenmuseum.de\/wp-content\/uploads\/alliierten-museum-38-Breitengrad.webp\" class=\"attachment-large size-large portrait\" alt=\"Un policier militaire britannique se tient \u00e0 c\u00f4t\u00e9 d&#039;un panneau routier marquant le 38e degr\u00e9 de latitude, install\u00e9 par les Royal Ulster Rifles.\" srcset=\"https:\/\/www.alliiertenmuseum.de\/wp-content\/uploads\/alliierten-museum-38-Breitengrad.webp 549w, https:\/\/www.alliiertenmuseum.de\/wp-content\/uploads\/alliierten-museum-38-Breitengrad-206x300.webp 206w, https:\/\/www.alliiertenmuseum.de\/wp-content\/uploads\/alliierten-museum-38-Breitengrad-34x50.webp 34w\" sizes=\"auto, (max-width: 549px) 100vw, 549px\" \/>                    <\/figure>\n\t    <div class=\"wp-block-media-text__content\">\n                    <p class=\"d-none-min\"><span class=\"highlighted\">Th\u00e8me<\/span><\/p>\n        \t\t<h2 class=\"entry-title\"><a href=\"https:\/\/www.alliiertenmuseum.de\/fr\/thema\/la-guerre-de-coree-1950-1953\/\" rel=\"bookmark\"><strong>La guerre de Cor\u00e9e (1950-1953)<\/strong><\/a><\/h2>\t\t\t\t<p>La guerre de Cor\u00e9e (1950-1953) constitue un moment capital de l\u2019histoire de la guerre froide et soul\u00e8ve d\u2019importantes questions militaires, politiques et id\u00e9ologiques \u2013 que ce soit pour les \u00c9tats-Unis et la Grande-Bretagne ou pour les Nations Unies (ONU) et de nombreux autres pays de la plan\u00e8te. Le conflit, durant lequel des millions de personnes perdent la vie, sont bless\u00e9es ou d\u00e9plac\u00e9es, incarne le paroxysme de la guerre froide. Il marque aussi profond\u00e9ment le paysage cor\u00e9en, les trajectoires des deux \u00c9tats de la p\u00e9ninsule et la m\u00e9moire collective. Ses r\u00e9percussions se font ressentir jusqu\u2019\u00e0 aujourd\u2019hui.<\/p>\n        <div class=\"wp-block-buttons\">\n            <div class=\"wp-block-button\">\n                <a class=\"wp-block-button__link\" href=\"https:\/\/www.alliiertenmuseum.de\/fr\/thema\/la-guerre-de-coree-1950-1953\/\">\n                    En savoir plus                <\/a>\n            <\/div>\n        <\/div>\n    <\/div>\n<\/article><!-- #post-9106 -->\n\n<article class=\"post-teaser post-teaser-topic wp-block-media-text is-vertically-aligned-center has-media-on-the-right alignfull post-2651 topic type-topic status-publish has-post-thumbnail hentry fr-FR\">\n            <figure class=\"post-thumbnail wp-block-media-text__media\">\n                            <p class=\"d-none-xs-to-full\"><span class=\"highlighted mobile-element\">Th\u00e8me<\/span><\/p>\n                        <img loading=\"lazy\" decoding=\"async\" width=\"1024\" height=\"760\" src=\"https:\/\/www.alliiertenmuseum.de\/wp-content\/uploads\/2021\/05\/6.0-checkpoint-charlie-panzerkonfrontation-1024x760.jpg\" class=\"attachment-large size-large landscape\" alt=\"Des chars am\u00e9ricains devant le Checkpoint Charlie dans la Friedrichstrasse \u00e0 Berlin.\" srcset=\"https:\/\/www.alliiertenmuseum.de\/wp-content\/uploads\/2021\/05\/6.0-checkpoint-charlie-panzerkonfrontation-1024x760.jpg 1024w, https:\/\/www.alliiertenmuseum.de\/wp-content\/uploads\/2021\/05\/6.0-checkpoint-charlie-panzerkonfrontation-300x223.jpg 300w, https:\/\/www.alliiertenmuseum.de\/wp-content\/uploads\/2021\/05\/6.0-checkpoint-charlie-panzerkonfrontation-768x570.jpg 768w, https:\/\/www.alliiertenmuseum.de\/wp-content\/uploads\/2021\/05\/6.0-checkpoint-charlie-panzerkonfrontation-1536x1140.jpg 1536w, https:\/\/www.alliiertenmuseum.de\/wp-content\/uploads\/2021\/05\/6.0-checkpoint-charlie-panzerkonfrontation-2048x1521.jpg 2048w, https:\/\/www.alliiertenmuseum.de\/wp-content\/uploads\/2021\/05\/6.0-checkpoint-charlie-panzerkonfrontation-50x37.jpg 50w\" sizes=\"auto, (max-width: 1024px) 100vw, 1024px\" \/>                    <\/figure>\n\t    <div class=\"wp-block-media-text__content\">\n                    <p class=\"d-none-min\"><span class=\"highlighted\">Th\u00e8me<\/span><\/p>\n        \t\t<h2 class=\"entry-title\"><a href=\"https:\/\/www.alliiertenmuseum.de\/fr\/thema\/la-seconde-crise-de-berlin-1958-1962\/\" rel=\"bookmark\">La seconde crise de Berlin&nbsp;: 1958 \u2013 1962<\/a><\/h2>\t\t\t\t<p>\u00c0 peine une d\u00e9cennie apr\u00e8s le blocus sovi\u00e9tique de Berlin, la ville est de nouveau l\u2019\u00e9picentre de la Guerre froide. Le d\u00e9clencheur de la nouvelle crise est un ultimatum de Nikita Khrouchtchev, premier secr\u00e9taire du parti et chef d\u2019\u00c9tat sovi\u00e9tique, transmis le 27 novembre 1958 aux puissances occidentales.<\/p>\n        <div class=\"wp-block-buttons\">\n            <div class=\"wp-block-button\">\n                <a class=\"wp-block-button__link\" href=\"https:\/\/www.alliiertenmuseum.de\/fr\/thema\/la-seconde-crise-de-berlin-1958-1962\/\">\n                    En savoir plus                <\/a>\n            <\/div>\n        <\/div>\n    <\/div>\n<\/article><!-- #post-2651 -->\n","protected":false},"excerpt":{"rendered":"<p>Th\u00e8me Th\u00e8me La \u00ab\u00a0guerre froide\u00a0\u00bb \u2013 (Pr\u00e9)histoire d\u2019une notion Anfang September 1947 publizierte der renommierte Politikkommentator Walter Lippmann die erste von vierzehn Kolumnen, die als Serie unter dem Titel \u201eCold War\u201c in mehreren Zeitungen abgedruckt wurden. Bereits im Herbst 1947 erschienen die Beitr\u00e4ge in Buchform unter dem Titel The Cold War: A Study in U.S. [&hellip;]<\/p>\n","protected":false},"author":1,"featured_media":829,"parent":0,"menu_order":0,"comment_status":"closed","ping_status":"closed","template":"","meta":{"_highline":"","_subtitle":"Les th\u00e8mes du Mus\u00e9e des Alli\u00e9s","_locale":"fr_FR","_original_post":"https:\/\/www.alliiertenmuseum.de\/?page_id=148","_featured_cover":true,"_featured_caption":"","_featured_caption_checkbox":false,"_featured_alt":"<p class=\"MsoNormal\"><span lang=\"FR\" style=\"mso-ansi-language:FR\">Trois hommes regardent une pile de photos sur un bureau et discutent.<\/span><\/p>","_pinkie_id":0,"_pinkie_caption":false,"_pinkie_alt":"","footnotes":"","_post-color":[]},"class_list":["post-2285","page","type-page","status-publish","has-post-thumbnail","hentry","fr-FR"],"featured_image_src":"https:\/\/www.alliiertenmuseum.de\/wp-content\/uploads\/2021\/06\/6.0-us-army-germany-stars-and-stripes.jpg","yoast_head":"<!-- This site is optimized with the Yoast SEO plugin v26.2 - https:\/\/yoast.com\/wordpress\/plugins\/seo\/ -->\n<title>Th\u00e8mes - AlliiertenMuseum<\/title>\n<meta name=\"description\" content=\"Nous vous proposons des pages sp\u00e9ciales qui approfondissent des th\u00e8mes centraux de l\u2019histoire de la guerre froide \u00e0 Berlin.\" \/>\n<meta name=\"robots\" content=\"index, follow, max-snippet:-1, max-image-preview:large, max-video-preview:-1\" \/>\n<link rel=\"canonical\" href=\"https:\/\/www.alliiertenmuseum.de\/fr\/themes\/\" \/>\n<meta property=\"og:locale\" content=\"fr_FR\" \/>\n<meta property=\"og:type\" content=\"article\" \/>\n<meta property=\"og:title\" content=\"Th\u00e8mes - AlliiertenMuseum\" \/>\n<meta property=\"og:description\" content=\"Nous vous proposons des pages sp\u00e9ciales qui approfondissent des th\u00e8mes centraux de l\u2019histoire de la guerre froide \u00e0 Berlin.\" \/>\n<meta property=\"og:url\" content=\"https:\/\/www.alliiertenmuseum.de\/fr\/themes\/\" \/>\n<meta property=\"og:site_name\" content=\"AlliiertenMuseum\" \/>\n<meta property=\"article:modified_time\" content=\"2024-10-14T10:58:33+00:00\" \/>\n<meta property=\"og:image\" content=\"https:\/\/www.alliiertenmuseum.de\/wp-content\/uploads\/2021\/06\/6.0-us-army-germany-stars-and-stripes.jpg\" \/>\n\t<meta property=\"og:image:width\" content=\"2000\" \/>\n\t<meta property=\"og:image:height\" content=\"1999\" \/>\n\t<meta property=\"og:image:type\" content=\"image\/jpeg\" \/>\n<meta name=\"twitter:card\" content=\"summary_large_image\" \/>\n<meta name=\"twitter:label1\" content=\"Dur\u00e9e de lecture estim\u00e9e\" \/>\n\t<meta name=\"twitter:data1\" content=\"1 minute\" \/>\n<script type=\"application\/ld+json\" class=\"yoast-schema-graph\">{\"@context\":\"https:\/\/schema.org\",\"@graph\":[{\"@type\":\"WebPage\",\"@id\":\"https:\/\/www.alliiertenmuseum.de\/fr\/themes\/\",\"url\":\"https:\/\/www.alliiertenmuseum.de\/fr\/themes\/\",\"name\":\"Th\u00e8mes - AlliiertenMuseum\",\"isPartOf\":{\"@id\":\"https:\/\/www.alliiertenmuseum.de\/#website\"},\"primaryImageOfPage\":{\"@id\":\"https:\/\/www.alliiertenmuseum.de\/fr\/themes\/#primaryimage\"},\"image\":{\"@id\":\"https:\/\/www.alliiertenmuseum.de\/fr\/themes\/#primaryimage\"},\"thumbnailUrl\":\"https:\/\/www.alliiertenmuseum.de\/wp-content\/uploads\/2021\/06\/6.0-us-army-germany-stars-and-stripes.jpg\",\"datePublished\":\"2021-08-24T19:09:58+00:00\",\"dateModified\":\"2024-10-14T10:58:33+00:00\",\"description\":\"Nous vous proposons des pages sp\u00e9ciales qui approfondissent des th\u00e8mes centraux de l\u2019histoire de la guerre froide \u00e0 Berlin.\",\"breadcrumb\":{\"@id\":\"https:\/\/www.alliiertenmuseum.de\/fr\/themes\/#breadcrumb\"},\"inLanguage\":\"fr-FR\",\"potentialAction\":[{\"@type\":\"ReadAction\",\"target\":[\"https:\/\/www.alliiertenmuseum.de\/fr\/themes\/\"]}]},{\"@type\":\"ImageObject\",\"inLanguage\":\"fr-FR\",\"@id\":\"https:\/\/www.alliiertenmuseum.de\/fr\/themes\/#primaryimage\",\"url\":\"https:\/\/www.alliiertenmuseum.de\/wp-content\/uploads\/2021\/06\/6.0-us-army-germany-stars-and-stripes.jpg\",\"contentUrl\":\"https:\/\/www.alliiertenmuseum.de\/wp-content\/uploads\/2021\/06\/6.0-us-army-germany-stars-and-stripes.jpg\",\"width\":2000,\"height\":1999,\"caption\":\"AlliiertenMuseum\/US Army Photograph\"},{\"@type\":\"BreadcrumbList\",\"@id\":\"https:\/\/www.alliiertenmuseum.de\/fr\/themes\/#breadcrumb\",\"itemListElement\":[{\"@type\":\"ListItem\",\"position\":1,\"name\":\"Startseite\",\"item\":\"https:\/\/www.alliiertenmuseum.de\/fr\/\"},{\"@type\":\"ListItem\",\"position\":2,\"name\":\"Th\u00e8mes\"}]},{\"@type\":\"WebSite\",\"@id\":\"https:\/\/www.alliiertenmuseum.de\/#website\",\"url\":\"https:\/\/www.alliiertenmuseum.de\/\",\"name\":\"AlliiertenMuseum\",\"description\":\"\",\"publisher\":{\"@id\":\"https:\/\/www.alliiertenmuseum.de\/#organization\"},\"potentialAction\":[{\"@type\":\"SearchAction\",\"target\":{\"@type\":\"EntryPoint\",\"urlTemplate\":\"https:\/\/www.alliiertenmuseum.de\/?s={search_term_string}\"},\"query-input\":{\"@type\":\"PropertyValueSpecification\",\"valueRequired\":true,\"valueName\":\"search_term_string\"}}],\"inLanguage\":\"fr-FR\"},{\"@type\":\"Organization\",\"@id\":\"https:\/\/www.alliiertenmuseum.de\/#organization\",\"name\":\"AlliiertenMuseum\",\"url\":\"https:\/\/www.alliiertenmuseum.de\/\",\"logo\":{\"@type\":\"ImageObject\",\"inLanguage\":\"fr-FR\",\"@id\":\"https:\/\/www.alliiertenmuseum.de\/#\/schema\/logo\/image\/\",\"url\":\"https:\/\/www.alliiertenmuseum.de\/wp-content\/uploads\/2021\/05\/logo.svg\",\"contentUrl\":\"https:\/\/www.alliiertenmuseum.de\/wp-content\/uploads\/2021\/05\/logo.svg\",\"caption\":\"AlliiertenMuseum\"},\"image\":{\"@id\":\"https:\/\/www.alliiertenmuseum.de\/#\/schema\/logo\/image\/\"}}]}<\/script>\n<!-- \/ Yoast SEO plugin. -->","yoast_head_json":{"title":"Th\u00e8mes - AlliiertenMuseum","description":"Nous vous proposons des pages sp\u00e9ciales qui approfondissent des th\u00e8mes centraux de l\u2019histoire de la guerre froide \u00e0 Berlin.","robots":{"index":"index","follow":"follow","max-snippet":"max-snippet:-1","max-image-preview":"max-image-preview:large","max-video-preview":"max-video-preview:-1"},"canonical":"https:\/\/www.alliiertenmuseum.de\/fr\/themes\/","og_locale":"fr_FR","og_type":"article","og_title":"Th\u00e8mes - AlliiertenMuseum","og_description":"Nous vous proposons des pages sp\u00e9ciales qui approfondissent des th\u00e8mes centraux de l\u2019histoire de la guerre froide \u00e0 Berlin.","og_url":"https:\/\/www.alliiertenmuseum.de\/fr\/themes\/","og_site_name":"AlliiertenMuseum","article_modified_time":"2024-10-14T10:58:33+00:00","og_image":[{"width":2000,"height":1999,"url":"https:\/\/www.alliiertenmuseum.de\/wp-content\/uploads\/2021\/06\/6.0-us-army-germany-stars-and-stripes.jpg","type":"image\/jpeg"}],"twitter_card":"summary_large_image","twitter_misc":{"Dur\u00e9e de lecture estim\u00e9e":"1 minute"},"schema":{"@context":"https:\/\/schema.org","@graph":[{"@type":"WebPage","@id":"https:\/\/www.alliiertenmuseum.de\/fr\/themes\/","url":"https:\/\/www.alliiertenmuseum.de\/fr\/themes\/","name":"Th\u00e8mes - AlliiertenMuseum","isPartOf":{"@id":"https:\/\/www.alliiertenmuseum.de\/#website"},"primaryImageOfPage":{"@id":"https:\/\/www.alliiertenmuseum.de\/fr\/themes\/#primaryimage"},"image":{"@id":"https:\/\/www.alliiertenmuseum.de\/fr\/themes\/#primaryimage"},"thumbnailUrl":"https:\/\/www.alliiertenmuseum.de\/wp-content\/uploads\/2021\/06\/6.0-us-army-germany-stars-and-stripes.jpg","datePublished":"2021-08-24T19:09:58+00:00","dateModified":"2024-10-14T10:58:33+00:00","description":"Nous vous proposons des pages sp\u00e9ciales qui approfondissent des th\u00e8mes centraux de l\u2019histoire de la guerre froide \u00e0 Berlin.","breadcrumb":{"@id":"https:\/\/www.alliiertenmuseum.de\/fr\/themes\/#breadcrumb"},"inLanguage":"fr-FR","potentialAction":[{"@type":"ReadAction","target":["https:\/\/www.alliiertenmuseum.de\/fr\/themes\/"]}]},{"@type":"ImageObject","inLanguage":"fr-FR","@id":"https:\/\/www.alliiertenmuseum.de\/fr\/themes\/#primaryimage","url":"https:\/\/www.alliiertenmuseum.de\/wp-content\/uploads\/2021\/06\/6.0-us-army-germany-stars-and-stripes.jpg","contentUrl":"https:\/\/www.alliiertenmuseum.de\/wp-content\/uploads\/2021\/06\/6.0-us-army-germany-stars-and-stripes.jpg","width":2000,"height":1999,"caption":"AlliiertenMuseum\/US Army Photograph"},{"@type":"BreadcrumbList","@id":"https:\/\/www.alliiertenmuseum.de\/fr\/themes\/#breadcrumb","itemListElement":[{"@type":"ListItem","position":1,"name":"Startseite","item":"https:\/\/www.alliiertenmuseum.de\/fr\/"},{"@type":"ListItem","position":2,"name":"Th\u00e8mes"}]},{"@type":"WebSite","@id":"https:\/\/www.alliiertenmuseum.de\/#website","url":"https:\/\/www.alliiertenmuseum.de\/","name":"AlliiertenMuseum","description":"","publisher":{"@id":"https:\/\/www.alliiertenmuseum.de\/#organization"},"potentialAction":[{"@type":"SearchAction","target":{"@type":"EntryPoint","urlTemplate":"https:\/\/www.alliiertenmuseum.de\/?s={search_term_string}"},"query-input":{"@type":"PropertyValueSpecification","valueRequired":true,"valueName":"search_term_string"}}],"inLanguage":"fr-FR"},{"@type":"Organization","@id":"https:\/\/www.alliiertenmuseum.de\/#organization","name":"AlliiertenMuseum","url":"https:\/\/www.alliiertenmuseum.de\/","logo":{"@type":"ImageObject","inLanguage":"fr-FR","@id":"https:\/\/www.alliiertenmuseum.de\/#\/schema\/logo\/image\/","url":"https:\/\/www.alliiertenmuseum.de\/wp-content\/uploads\/2021\/05\/logo.svg","contentUrl":"https:\/\/www.alliiertenmuseum.de\/wp-content\/uploads\/2021\/05\/logo.svg","caption":"AlliiertenMuseum"},"image":{"@id":"https:\/\/www.alliiertenmuseum.de\/#\/schema\/logo\/image\/"}}]}},"_links":{"self":[{"href":"https:\/\/www.alliiertenmuseum.de\/wp-json\/wp\/v2\/pages\/2285","targetHints":{"allow":["GET"]}}],"collection":[{"href":"https:\/\/www.alliiertenmuseum.de\/wp-json\/wp\/v2\/pages"}],"about":[{"href":"https:\/\/www.alliiertenmuseum.de\/wp-json\/wp\/v2\/types\/page"}],"author":[{"embeddable":true,"href":"https:\/\/www.alliiertenmuseum.de\/wp-json\/wp\/v2\/users\/1"}],"replies":[{"embeddable":true,"href":"https:\/\/www.alliiertenmuseum.de\/wp-json\/wp\/v2\/comments?post=2285"}],"version-history":[{"count":2,"href":"https:\/\/www.alliiertenmuseum.de\/wp-json\/wp\/v2\/pages\/2285\/revisions"}],"predecessor-version":[{"id":33944,"href":"https:\/\/www.alliiertenmuseum.de\/wp-json\/wp\/v2\/pages\/2285\/revisions\/33944"}],"wp:featuredmedia":[{"embeddable":true,"href":"https:\/\/www.alliiertenmuseum.de\/wp-json\/wp\/v2\/media\/829"}],"wp:attachment":[{"href":"https:\/\/www.alliiertenmuseum.de\/wp-json\/wp\/v2\/media?parent=2285"}],"curies":[{"name":"wp","href":"https:\/\/api.w.org\/{rel}","templated":true}]}}