{"id":2360,"date":"2021-08-23T21:53:06","date_gmt":"2021-08-23T19:53:06","guid":{"rendered":"http:\/\/stage.alm.smithberlin.com\/?page_id=2360"},"modified":"2024-11-25T13:27:47","modified_gmt":"2024-11-25T12:27:47","slug":"lassociation-de-tutelle-du-musee-des-allies","status":"publish","type":"page","link":"https:\/\/www.alliiertenmuseum.de\/fr\/museum\/qui-sommes-nous\/lassociation-de-tutelle-du-musee-des-allies\/","title":{"rendered":"L\u2019association de tutelle du Mus\u00e9e des Alli\u00e9s"},"content":{"rendered":"\n<div class=\"wp-block-group\"><div class=\"wp-block-group__inner-container is-layout-flow wp-block-group-is-layout-flow\">\n<p class=\"ml-0\"><meta charset=\"utf-8\">Le Mus\u00e9e des Alli\u00e9s est une association d\u2019utilit\u00e9 publique de droit allemand. Fond\u00e9e en 1996, cette association compte sept membres : la R\u00e9publique f\u00e9d\u00e9rale d\u2019Allemagne, les \u00c9tats-Unis d\u2019Am\u00e9rique, la Grande-Bretagne, la France, le Land de Berlin, la Stiftung Deutsches Historisches Museum ainsi que l\u2019Institut f\u00fcr Zeitgeschichte de Munich et Berlin. Le Mus\u00e9e des Alli\u00e9s b\u00e9n\u00e9ficie du soutien de la d\u00e9l\u00e9gu\u00e9e du gouvernement f\u00e9d\u00e9ral \u00e0 la Culture et aux M\u00e9dias.<\/p>\n\n\n\n<p class=\"ml-0\">Lorsque vous cliquez sur les logos, vous acc\u00e9dez \u00e0 des sites web tiers. Nous attirons votre attention sur le fait que ces sites web ont leur propre politique de confidentialit\u00e9 et que nous n&rsquo;assumons aucune responsabilit\u00e9 pour ces politiques. Veuillez v\u00e9rifier les directives de protection des donn\u00e9es avant de transmettre des donn\u00e9es personnelles \u00e0 ces sites web.<\/p>\n<\/div><\/div>\n\n\n\n<div class=\"wp-block-group image-title-columns\"><div class=\"wp-block-group__inner-container is-layout-constrained wp-block-group-is-layout-constrained\">\n<div class=\"wp-block-group\"><div class=\"wp-block-group__inner-container is-layout-constrained wp-block-group-is-layout-constrained\">\n<figure class=\"wp-block-image size-large\"><a href=\"https:\/\/www.bundesregierung.de\/breg-de\/bundesregierung\/staatsministerin-fuer-kultur-und-medien\" target=\"_blank\" rel=\"noopener\"><img loading=\"lazy\" decoding=\"async\" width=\"396\" height=\"300\" src=\"https:\/\/www.alliiertenmuseum.de\/wp-content\/uploads\/2021\/07\/1.2.1_Traegerverein_BKM.png\" alt=\"Logo de la D\u00e9l\u00e9gu\u00e9e du gouvernement f\u00e9d\u00e9ral \u00e0 la culture et aux m\u00e9dias\" class=\"wp-image-1705\" srcset=\"https:\/\/www.alliiertenmuseum.de\/wp-content\/uploads\/2021\/07\/1.2.1_Traegerverein_BKM.png 396w, https:\/\/www.alliiertenmuseum.de\/wp-content\/uploads\/2021\/07\/1.2.1_Traegerverein_BKM-300x227.png 300w, https:\/\/www.alliiertenmuseum.de\/wp-content\/uploads\/2021\/07\/1.2.1_Traegerverein_BKM-50x38.png 50w\" sizes=\"auto, (max-width: 396px) 100vw, 396px\" \/><\/a><\/figure>\n\n\n\n<h4 class=\"wp-block-heading\" id=\"die-beauftragte-fur-kultur-und-medien\"><a href=\"https:\/\/www.bundesregierung.de\/breg-de\/bundesregierung\/staatsministerin-fuer-kultur-und-medien\" target=\"_blank\" rel=\"noreferrer noopener\">Die Beauftragte f\u00fcr Kultur und Medien<\/a><\/h4>\n<\/div><\/div>\n\n\n\n<div class=\"wp-block-group\"><div class=\"wp-block-group__inner-container is-layout-constrained wp-block-group-is-layout-constrained\">\n<figure class=\"wp-block-image size-large\"><a href=\"https:\/\/www.auswaertiges-amt.de\/fr\"><img loading=\"lazy\" decoding=\"async\" width=\"395\" height=\"300\" src=\"https:\/\/www.alliiertenmuseum.de\/wp-content\/uploads\/2021\/07\/1.2.1_Traegerverein_AA.png\" alt=\"Logo du minist\u00e8re f\u00e9d\u00e9ral des Affaires \u00e9trang\u00e8res\" class=\"wp-image-1702\" srcset=\"https:\/\/www.alliiertenmuseum.de\/wp-content\/uploads\/2021\/07\/1.2.1_Traegerverein_AA.png 395w, https:\/\/www.alliiertenmuseum.de\/wp-content\/uploads\/2021\/07\/1.2.1_Traegerverein_AA-300x228.png 300w, https:\/\/www.alliiertenmuseum.de\/wp-content\/uploads\/2021\/07\/1.2.1_Traegerverein_AA-50x38.png 50w\" sizes=\"auto, (max-width: 395px) 100vw, 395px\" \/><\/a><\/figure>\n\n\n\n<h4 class=\"wp-block-heading\" id=\"auswartiges-amt-berlin\"><a href=\"https:\/\/www.auswaertiges-amt.de\/fr\" target=\"_blank\" rel=\"noreferrer noopener\">Ausw\u00e4rtiges Amt, Berlin<\/a><\/h4>\n<\/div><\/div>\n\n\n\n<div class=\"wp-block-group\"><div class=\"wp-block-group__inner-container is-layout-constrained wp-block-group-is-layout-constrained\">\n<figure class=\"wp-block-image size-large\"><a href=\"https:\/\/de.usembassy.gov\/de\/\" target=\"_blank\" rel=\"noopener\"><img loading=\"lazy\" decoding=\"async\" width=\"395\" height=\"300\" src=\"https:\/\/www.alliiertenmuseum.de\/wp-content\/uploads\/2021\/07\/1.2.1_Traegerverein_USA.png\" alt=\"Logo de l'ambassade am\u00e9ricaine \u00e0 Berlin\" class=\"wp-image-1709\" srcset=\"https:\/\/www.alliiertenmuseum.de\/wp-content\/uploads\/2021\/07\/1.2.1_Traegerverein_USA.png 395w, https:\/\/www.alliiertenmuseum.de\/wp-content\/uploads\/2021\/07\/1.2.1_Traegerverein_USA-300x228.png 300w, https:\/\/www.alliiertenmuseum.de\/wp-content\/uploads\/2021\/07\/1.2.1_Traegerverein_USA-50x38.png 50w\" sizes=\"auto, (max-width: 395px) 100vw, 395px\" \/><\/a><\/figure>\n\n\n\n<h4 class=\"wp-block-heading\" id=\"amerikanische-botschaft-berlin\"><a href=\"https:\/\/de.usembassy.gov\/de\/\" target=\"_blank\" rel=\"noreferrer noopener\">Amerikanische Botschaft, Berlin<\/a><\/h4>\n<\/div><\/div>\n\n\n\n<div class=\"wp-block-group\"><div class=\"wp-block-group__inner-container is-layout-constrained wp-block-group-is-layout-constrained\">\n<figure class=\"wp-block-image size-full\"><img loading=\"lazy\" decoding=\"async\" width=\"395\" height=\"300\" src=\"https:\/\/www.alliiertenmuseum.de\/wp-content\/uploads\/2021\/07\/1.2.1_Traegerverein_BEA.png\" alt=\"Logo de l'ambassade britannique \u00e0 Berlin\" class=\"wp-image-1703\" srcset=\"https:\/\/www.alliiertenmuseum.de\/wp-content\/uploads\/2021\/07\/1.2.1_Traegerverein_BEA.png 395w, https:\/\/www.alliiertenmuseum.de\/wp-content\/uploads\/2021\/07\/1.2.1_Traegerverein_BEA-300x228.png 300w, https:\/\/www.alliiertenmuseum.de\/wp-content\/uploads\/2021\/07\/1.2.1_Traegerverein_BEA-50x38.png 50w\" sizes=\"auto, (max-width: 395px) 100vw, 395px\" \/><\/figure>\n\n\n\n<h4 class=\"wp-block-heading\" id=\"britische-botschaft-berlin\"><meta charset=\"utf-8\"><a href=\"https:\/\/www.gov.uk\/world\/organisations\/british-embassy-berlin.de\" target=\"_blank\" rel=\"noreferrer noopener\">Britische Botschaft, Berlin<\/a><\/h4>\n<\/div><\/div>\n\n\n\n<div class=\"wp-block-group\"><div class=\"wp-block-group__inner-container is-layout-constrained wp-block-group-is-layout-constrained\">\n<figure class=\"wp-block-image size-full\"><img loading=\"lazy\" decoding=\"async\" width=\"403\" height=\"300\" src=\"https:\/\/www.alliiertenmuseum.de\/wp-content\/uploads\/2021\/07\/1.2.1_Traegerverein_RF.png\" alt=\"Logo de l'ambassade de France\" class=\"wp-image-1708\" srcset=\"https:\/\/www.alliiertenmuseum.de\/wp-content\/uploads\/2021\/07\/1.2.1_Traegerverein_RF.png 403w, https:\/\/www.alliiertenmuseum.de\/wp-content\/uploads\/2021\/07\/1.2.1_Traegerverein_RF-300x223.png 300w, https:\/\/www.alliiertenmuseum.de\/wp-content\/uploads\/2021\/07\/1.2.1_Traegerverein_RF-50x37.png 50w\" sizes=\"auto, (max-width: 403px) 100vw, 403px\" \/><\/figure>\n\n\n\n<h4 class=\"wp-block-heading\" id=\"franzosische-botschaft-berlin\"><meta charset=\"utf-8\"><a href=\"https:\/\/de.ambafrance.org\/\" target=\"_blank\" rel=\"noreferrer noopener\">Franz\u00f6sische Botschaft, Berlin<\/a><\/h4>\n<\/div><\/div>\n\n\n\n<div class=\"wp-block-group\"><div class=\"wp-block-group__inner-container is-layout-constrained wp-block-group-is-layout-constrained\">\n<figure class=\"wp-block-image size-full\"><img loading=\"lazy\" decoding=\"async\" width=\"395\" height=\"300\" src=\"https:\/\/www.alliiertenmuseum.de\/wp-content\/uploads\/2021\/07\/1.2.1_Traegerverein_Berlin.png\" alt=\"Logo de l'administration du S\u00e9nat de Berlin pour la culture et l'Europe\" class=\"wp-image-1704\" srcset=\"https:\/\/www.alliiertenmuseum.de\/wp-content\/uploads\/2021\/07\/1.2.1_Traegerverein_Berlin.png 395w, https:\/\/www.alliiertenmuseum.de\/wp-content\/uploads\/2021\/07\/1.2.1_Traegerverein_Berlin-300x228.png 300w, https:\/\/www.alliiertenmuseum.de\/wp-content\/uploads\/2021\/07\/1.2.1_Traegerverein_Berlin-50x38.png 50w\" sizes=\"auto, (max-width: 395px) 100vw, 395px\" \/><\/figure>\n\n\n\n<h4 class=\"wp-block-heading\" id=\"senatsverwaltung-fur-kultur-und-europa-berlin\"><meta charset=\"utf-8\"><a href=\"https:\/\/www.berlin.de\/sen\/kulteu\/\" target=\"_blank\" rel=\"noreferrer noopener\">Senatsverwaltung f\u00fcr Kultur und Europa, Berlin<\/a><\/h4>\n<\/div><\/div>\n\n\n\n<div class=\"wp-block-group\"><div class=\"wp-block-group__inner-container is-layout-constrained wp-block-group-is-layout-constrained\">\n<figure class=\"wp-block-image size-large\"><a href=\"https:\/\/www.dhm.de\/\" target=\"_blank\" rel=\"noopener\"><img loading=\"lazy\" decoding=\"async\" width=\"395\" height=\"300\" src=\"https:\/\/www.alliiertenmuseum.de\/wp-content\/uploads\/2021\/07\/1.2.1_Traegerverein_DHM.png\" alt=\"Logo du mus\u00e9e historique allemand\" class=\"wp-image-1706\" srcset=\"https:\/\/www.alliiertenmuseum.de\/wp-content\/uploads\/2021\/07\/1.2.1_Traegerverein_DHM.png 395w, https:\/\/www.alliiertenmuseum.de\/wp-content\/uploads\/2021\/07\/1.2.1_Traegerverein_DHM-300x228.png 300w, https:\/\/www.alliiertenmuseum.de\/wp-content\/uploads\/2021\/07\/1.2.1_Traegerverein_DHM-50x38.png 50w\" sizes=\"auto, (max-width: 395px) 100vw, 395px\" \/><\/a><\/figure>\n\n\n\n<h4 class=\"wp-block-heading\" id=\"stiftung-deutsches-historisches-museum-berlin\"><a href=\"https:\/\/www.dhm.de\/\" target=\"_blank\" rel=\"noreferrer noopener\">Stiftung Deutsches Historisches Museum, Berlin<\/a><\/h4>\n<\/div><\/div>\n\n\n\n<div class=\"wp-block-group\"><div class=\"wp-block-group__inner-container is-layout-constrained wp-block-group-is-layout-constrained\">\n<figure class=\"wp-block-image size-large is-resized\"><a href=\"https:\/\/www.ifz-muenchen.de\" target=\"_blank\" rel=\"noopener\"><img loading=\"lazy\" decoding=\"async\" width=\"395\" height=\"300\" src=\"https:\/\/www.alliiertenmuseum.de\/wp-content\/uploads\/2021\/07\/1.2.1_Traegerverein_IZM.png\" alt=\"Logo de l'Institut d'histoire contemporaine, Munich-Berlin\" class=\"wp-image-1707\" style=\"width:395px;height:300px\" srcset=\"https:\/\/www.alliiertenmuseum.de\/wp-content\/uploads\/2021\/07\/1.2.1_Traegerverein_IZM.png 395w, https:\/\/www.alliiertenmuseum.de\/wp-content\/uploads\/2021\/07\/1.2.1_Traegerverein_IZM-300x228.png 300w, https:\/\/www.alliiertenmuseum.de\/wp-content\/uploads\/2021\/07\/1.2.1_Traegerverein_IZM-50x38.png 50w\" sizes=\"auto, (max-width: 395px) 100vw, 395px\" \/><\/a><\/figure>\n\n\n\n<h4 class=\"wp-block-heading\" id=\"institut-fur-zeitgeschichte-munchen\"><a href=\"https:\/\/www.ifz-muenchen.de\" target=\"_blank\" rel=\"noreferrer noopener\">Institut f\u00fcr Zeitgeschichte, M\u00fcnchen<\/a><\/h4>\n<\/div><\/div>\n<\/div><\/div>\n\n\n\n<p><\/p>\n","protected":false},"excerpt":{"rendered":"<p>Le Mus\u00e9e des Alli\u00e9s est une association d\u2019utilit\u00e9 publique de droit allemand avec sept membres.<\/p>\n","protected":false},"author":2,"featured_media":0,"parent":2175,"menu_order":0,"comment_status":"closed","ping_status":"closed","template":"","meta":{"_highline":"Qui sommes-nous ?","_subtitle":"","_locale":"fr_FR","_original_post":"https:\/\/www.alliiertenmuseum.de\/?page_id=405","_featured_cover":false,"_featured_caption":"","_featured_caption_checkbox":false,"_featured_alt":"","_pinkie_id":0,"_pinkie_caption":false,"_pinkie_alt":"","footnotes":"","_post-color":[]},"class_list":["post-2360","page","type-page","status-publish","hentry","fr-FR"],"featured_image_src":null,"yoast_head":"<!-- This site is optimized with the Yoast SEO plugin v26.2 - https:\/\/yoast.com\/wordpress\/plugins\/seo\/ -->\n<title>L\u2019association de tutelle du Mus\u00e9e des Alli\u00e9s - AlliiertenMuseum<\/title>\n<meta name=\"robots\" content=\"index, follow, max-snippet:-1, max-image-preview:large, max-video-preview:-1\" \/>\n<link rel=\"canonical\" href=\"https:\/\/www.alliiertenmuseum.de\/fr\/museum\/qui-sommes-nous\/lassociation-de-tutelle-du-musee-des-allies\/\" \/>\n<meta property=\"og:locale\" content=\"fr_FR\" \/>\n<meta property=\"og:type\" content=\"article\" \/>\n<meta property=\"og:title\" content=\"L\u2019association de tutelle du Mus\u00e9e des Alli\u00e9s - AlliiertenMuseum\" \/>\n<meta property=\"og:description\" content=\"Le Mus\u00e9e des Alli\u00e9s est une association d\u2019utilit\u00e9 publique de droit allemand avec sept membres.\" \/>\n<meta property=\"og:url\" content=\"https:\/\/www.alliiertenmuseum.de\/fr\/museum\/qui-sommes-nous\/lassociation-de-tutelle-du-musee-des-allies\/\" \/>\n<meta property=\"og:site_name\" content=\"AlliiertenMuseum\" \/>\n<meta property=\"article:modified_time\" content=\"2024-11-25T12:27:47+00:00\" \/>\n<meta property=\"og:image\" content=\"https:\/\/www.alliiertenmuseum.de\/wp-content\/uploads\/2021\/07\/1.2.1_Traegerverein_BKM.png\" \/>\n\t<meta property=\"og:image:width\" content=\"396\" \/>\n\t<meta property=\"og:image:height\" content=\"300\" \/>\n\t<meta property=\"og:image:type\" content=\"image\/png\" \/>\n<meta name=\"twitter:card\" content=\"summary_large_image\" \/>\n<meta name=\"twitter:label1\" content=\"Dur\u00e9e de lecture estim\u00e9e\" \/>\n\t<meta name=\"twitter:data1\" content=\"3 minutes\" \/>\n<script type=\"application\/ld+json\" class=\"yoast-schema-graph\">{\"@context\":\"https:\/\/schema.org\",\"@graph\":[{\"@type\":\"WebPage\",\"@id\":\"https:\/\/www.alliiertenmuseum.de\/fr\/museum\/qui-sommes-nous\/lassociation-de-tutelle-du-musee-des-allies\/\",\"url\":\"https:\/\/www.alliiertenmuseum.de\/fr\/museum\/qui-sommes-nous\/lassociation-de-tutelle-du-musee-des-allies\/\",\"name\":\"L\u2019association de tutelle du Mus\u00e9e des Alli\u00e9s - AlliiertenMuseum\",\"isPartOf\":{\"@id\":\"https:\/\/www.alliiertenmuseum.de\/#website\"},\"primaryImageOfPage\":{\"@id\":\"https:\/\/www.alliiertenmuseum.de\/fr\/museum\/qui-sommes-nous\/lassociation-de-tutelle-du-musee-des-allies\/#primaryimage\"},\"image\":{\"@id\":\"https:\/\/www.alliiertenmuseum.de\/fr\/museum\/qui-sommes-nous\/lassociation-de-tutelle-du-musee-des-allies\/#primaryimage\"},\"thumbnailUrl\":\"https:\/\/www.alliiertenmuseum.de\/wp-content\/uploads\/2021\/07\/1.2.1_Traegerverein_BKM.png\",\"datePublished\":\"2021-08-23T19:53:06+00:00\",\"dateModified\":\"2024-11-25T12:27:47+00:00\",\"breadcrumb\":{\"@id\":\"https:\/\/www.alliiertenmuseum.de\/fr\/museum\/qui-sommes-nous\/lassociation-de-tutelle-du-musee-des-allies\/#breadcrumb\"},\"inLanguage\":\"fr-FR\",\"potentialAction\":[{\"@type\":\"ReadAction\",\"target\":[\"https:\/\/www.alliiertenmuseum.de\/fr\/museum\/qui-sommes-nous\/lassociation-de-tutelle-du-musee-des-allies\/\"]}]},{\"@type\":\"ImageObject\",\"inLanguage\":\"fr-FR\",\"@id\":\"https:\/\/www.alliiertenmuseum.de\/fr\/museum\/qui-sommes-nous\/lassociation-de-tutelle-du-musee-des-allies\/#primaryimage\",\"url\":\"https:\/\/www.alliiertenmuseum.de\/wp-content\/uploads\/2021\/07\/1.2.1_Traegerverein_BKM.png\",\"contentUrl\":\"https:\/\/www.alliiertenmuseum.de\/wp-content\/uploads\/2021\/07\/1.2.1_Traegerverein_BKM.png\",\"width\":396,\"height\":300},{\"@type\":\"BreadcrumbList\",\"@id\":\"https:\/\/www.alliiertenmuseum.de\/fr\/museum\/qui-sommes-nous\/lassociation-de-tutelle-du-musee-des-allies\/#breadcrumb\",\"itemListElement\":[{\"@type\":\"ListItem\",\"position\":1,\"name\":\"Startseite\",\"item\":\"https:\/\/www.alliiertenmuseum.de\/fr\/\"},{\"@type\":\"ListItem\",\"position\":2,\"name\":\"Mus\u00e9e\",\"item\":\"https:\/\/www.alliiertenmuseum.de\/fr\/museum\/\"},{\"@type\":\"ListItem\",\"position\":3,\"name\":\"Qui sommes-nous?\",\"item\":\"https:\/\/www.alliiertenmuseum.de\/fr\/museum\/qui-sommes-nous\/\"},{\"@type\":\"ListItem\",\"position\":4,\"name\":\"L\u2019association de tutelle du Mus\u00e9e des Alli\u00e9s\"}]},{\"@type\":\"WebSite\",\"@id\":\"https:\/\/www.alliiertenmuseum.de\/#website\",\"url\":\"https:\/\/www.alliiertenmuseum.de\/\",\"name\":\"AlliiertenMuseum\",\"description\":\"\",\"publisher\":{\"@id\":\"https:\/\/www.alliiertenmuseum.de\/#organization\"},\"potentialAction\":[{\"@type\":\"SearchAction\",\"target\":{\"@type\":\"EntryPoint\",\"urlTemplate\":\"https:\/\/www.alliiertenmuseum.de\/?s={search_term_string}\"},\"query-input\":{\"@type\":\"PropertyValueSpecification\",\"valueRequired\":true,\"valueName\":\"search_term_string\"}}],\"inLanguage\":\"fr-FR\"},{\"@type\":\"Organization\",\"@id\":\"https:\/\/www.alliiertenmuseum.de\/#organization\",\"name\":\"AlliiertenMuseum\",\"url\":\"https:\/\/www.alliiertenmuseum.de\/\",\"logo\":{\"@type\":\"ImageObject\",\"inLanguage\":\"fr-FR\",\"@id\":\"https:\/\/www.alliiertenmuseum.de\/#\/schema\/logo\/image\/\",\"url\":\"https:\/\/www.alliiertenmuseum.de\/wp-content\/uploads\/2021\/05\/logo.svg\",\"contentUrl\":\"https:\/\/www.alliiertenmuseum.de\/wp-content\/uploads\/2021\/05\/logo.svg\",\"caption\":\"AlliiertenMuseum\"},\"image\":{\"@id\":\"https:\/\/www.alliiertenmuseum.de\/#\/schema\/logo\/image\/\"}}]}<\/script>\n<!-- \/ Yoast SEO plugin. -->","yoast_head_json":{"title":"L\u2019association de tutelle du Mus\u00e9e des Alli\u00e9s - AlliiertenMuseum","robots":{"index":"index","follow":"follow","max-snippet":"max-snippet:-1","max-image-preview":"max-image-preview:large","max-video-preview":"max-video-preview:-1"},"canonical":"https:\/\/www.alliiertenmuseum.de\/fr\/museum\/qui-sommes-nous\/lassociation-de-tutelle-du-musee-des-allies\/","og_locale":"fr_FR","og_type":"article","og_title":"L\u2019association de tutelle du Mus\u00e9e des Alli\u00e9s - AlliiertenMuseum","og_description":"Le Mus\u00e9e des Alli\u00e9s est une association d\u2019utilit\u00e9 publique de droit allemand avec sept membres.","og_url":"https:\/\/www.alliiertenmuseum.de\/fr\/museum\/qui-sommes-nous\/lassociation-de-tutelle-du-musee-des-allies\/","og_site_name":"AlliiertenMuseum","article_modified_time":"2024-11-25T12:27:47+00:00","og_image":[{"width":396,"height":300,"url":"https:\/\/www.alliiertenmuseum.de\/wp-content\/uploads\/2021\/07\/1.2.1_Traegerverein_BKM.png","type":"image\/png"}],"twitter_card":"summary_large_image","twitter_misc":{"Dur\u00e9e de lecture estim\u00e9e":"3 minutes"},"schema":{"@context":"https:\/\/schema.org","@graph":[{"@type":"WebPage","@id":"https:\/\/www.alliiertenmuseum.de\/fr\/museum\/qui-sommes-nous\/lassociation-de-tutelle-du-musee-des-allies\/","url":"https:\/\/www.alliiertenmuseum.de\/fr\/museum\/qui-sommes-nous\/lassociation-de-tutelle-du-musee-des-allies\/","name":"L\u2019association de tutelle du Mus\u00e9e des Alli\u00e9s - AlliiertenMuseum","isPartOf":{"@id":"https:\/\/www.alliiertenmuseum.de\/#website"},"primaryImageOfPage":{"@id":"https:\/\/www.alliiertenmuseum.de\/fr\/museum\/qui-sommes-nous\/lassociation-de-tutelle-du-musee-des-allies\/#primaryimage"},"image":{"@id":"https:\/\/www.alliiertenmuseum.de\/fr\/museum\/qui-sommes-nous\/lassociation-de-tutelle-du-musee-des-allies\/#primaryimage"},"thumbnailUrl":"https:\/\/www.alliiertenmuseum.de\/wp-content\/uploads\/2021\/07\/1.2.1_Traegerverein_BKM.png","datePublished":"2021-08-23T19:53:06+00:00","dateModified":"2024-11-25T12:27:47+00:00","breadcrumb":{"@id":"https:\/\/www.alliiertenmuseum.de\/fr\/museum\/qui-sommes-nous\/lassociation-de-tutelle-du-musee-des-allies\/#breadcrumb"},"inLanguage":"fr-FR","potentialAction":[{"@type":"ReadAction","target":["https:\/\/www.alliiertenmuseum.de\/fr\/museum\/qui-sommes-nous\/lassociation-de-tutelle-du-musee-des-allies\/"]}]},{"@type":"ImageObject","inLanguage":"fr-FR","@id":"https:\/\/www.alliiertenmuseum.de\/fr\/museum\/qui-sommes-nous\/lassociation-de-tutelle-du-musee-des-allies\/#primaryimage","url":"https:\/\/www.alliiertenmuseum.de\/wp-content\/uploads\/2021\/07\/1.2.1_Traegerverein_BKM.png","contentUrl":"https:\/\/www.alliiertenmuseum.de\/wp-content\/uploads\/2021\/07\/1.2.1_Traegerverein_BKM.png","width":396,"height":300},{"@type":"BreadcrumbList","@id":"https:\/\/www.alliiertenmuseum.de\/fr\/museum\/qui-sommes-nous\/lassociation-de-tutelle-du-musee-des-allies\/#breadcrumb","itemListElement":[{"@type":"ListItem","position":1,"name":"Startseite","item":"https:\/\/www.alliiertenmuseum.de\/fr\/"},{"@type":"ListItem","position":2,"name":"Mus\u00e9e","item":"https:\/\/www.alliiertenmuseum.de\/fr\/museum\/"},{"@type":"ListItem","position":3,"name":"Qui sommes-nous?","item":"https:\/\/www.alliiertenmuseum.de\/fr\/museum\/qui-sommes-nous\/"},{"@type":"ListItem","position":4,"name":"L\u2019association de tutelle du Mus\u00e9e des Alli\u00e9s"}]},{"@type":"WebSite","@id":"https:\/\/www.alliiertenmuseum.de\/#website","url":"https:\/\/www.alliiertenmuseum.de\/","name":"AlliiertenMuseum","description":"","publisher":{"@id":"https:\/\/www.alliiertenmuseum.de\/#organization"},"potentialAction":[{"@type":"SearchAction","target":{"@type":"EntryPoint","urlTemplate":"https:\/\/www.alliiertenmuseum.de\/?s={search_term_string}"},"query-input":{"@type":"PropertyValueSpecification","valueRequired":true,"valueName":"search_term_string"}}],"inLanguage":"fr-FR"},{"@type":"Organization","@id":"https:\/\/www.alliiertenmuseum.de\/#organization","name":"AlliiertenMuseum","url":"https:\/\/www.alliiertenmuseum.de\/","logo":{"@type":"ImageObject","inLanguage":"fr-FR","@id":"https:\/\/www.alliiertenmuseum.de\/#\/schema\/logo\/image\/","url":"https:\/\/www.alliiertenmuseum.de\/wp-content\/uploads\/2021\/05\/logo.svg","contentUrl":"https:\/\/www.alliiertenmuseum.de\/wp-content\/uploads\/2021\/05\/logo.svg","caption":"AlliiertenMuseum"},"image":{"@id":"https:\/\/www.alliiertenmuseum.de\/#\/schema\/logo\/image\/"}}]}},"_links":{"self":[{"href":"https:\/\/www.alliiertenmuseum.de\/wp-json\/wp\/v2\/pages\/2360","targetHints":{"allow":["GET"]}}],"collection":[{"href":"https:\/\/www.alliiertenmuseum.de\/wp-json\/wp\/v2\/pages"}],"about":[{"href":"https:\/\/www.alliiertenmuseum.de\/wp-json\/wp\/v2\/types\/page"}],"author":[{"embeddable":true,"href":"https:\/\/www.alliiertenmuseum.de\/wp-json\/wp\/v2\/users\/2"}],"replies":[{"embeddable":true,"href":"https:\/\/www.alliiertenmuseum.de\/wp-json\/wp\/v2\/comments?post=2360"}],"version-history":[{"count":24,"href":"https:\/\/www.alliiertenmuseum.de\/wp-json\/wp\/v2\/pages\/2360\/revisions"}],"predecessor-version":[{"id":34202,"href":"https:\/\/www.alliiertenmuseum.de\/wp-json\/wp\/v2\/pages\/2360\/revisions\/34202"}],"up":[{"embeddable":true,"href":"https:\/\/www.alliiertenmuseum.de\/wp-json\/wp\/v2\/pages\/2175"}],"wp:attachment":[{"href":"https:\/\/www.alliiertenmuseum.de\/wp-json\/wp\/v2\/media?parent=2360"}],"curies":[{"name":"wp","href":"https:\/\/api.w.org\/{rel}","templated":true}]}}