{"id":3293,"date":"2021-09-07T13:43:08","date_gmt":"2021-09-07T11:43:08","guid":{"rendered":"http:\/\/stage.alm.smithberlin.com\/?page_id=3293"},"modified":"2025-11-11T15:02:56","modified_gmt":"2025-11-11T14:02:56","slug":"realisation-de-photos-et-videos","status":"publish","type":"page","link":"https:\/\/www.alliiertenmuseum.de\/fr\/presse\/realisation-de-photos-et-videos\/","title":{"rendered":"R\u00e9alisation de photos et vid\u00e9os"},"content":{"rendered":"\n<div class=\"wp-block-group alignwide\"><div class=\"wp-block-group__inner-container is-layout-flow wp-block-group-is-layout-flow\">\n<div class=\"wp-block-columns is-layout-flex wp-container-core-columns-is-layout-9d6595d7 wp-block-columns-is-layout-flex\">\n<div class=\"wp-block-column is-layout-flow wp-block-column-is-layout-flow\" style=\"flex-basis:66.66%\">\n<div class=\"wp-block-columns is-layout-flex wp-container-core-columns-is-layout-9d6595d7 wp-block-columns-is-layout-flex\">\n<div class=\"wp-block-column is-layout-flow wp-block-column-is-layout-flow\" style=\"flex-basis:80%\">\n<p><strong>Couverture de l\u2019actualit\u00e9<\/strong><br>Nous nous r\u00e9jouissons de toute photo et vid\u00e9o r\u00e9alis\u00e9e au Mus\u00e9e des Alli\u00e9s en vue de couvrir l\u2019actualit\u00e9 du mus\u00e9e et de ses activit\u00e9s. Nous vous prions toutefois de nous en pr\u00e9venir au pr\u00e9alable et de nous en demander l\u2019autorisation. Merci d\u2019adresser votre demande en pr\u00e9cisant la finalit\u00e9 des photos\/vid\u00e9os et le cr\u00e9neau horaire souhait\u00e9 \u00e0 l\u2019attach\u00e9e de presse du mus\u00e9e.<\/p>\n\n\n\n<p>Vous souhaitez utiliser le Mus\u00e9e des Alli\u00e9s comme d\u00e9cor ou toile de fond pour vos photos, vid\u00e9os et interviews ? Envoyez votre demande en pr\u00e9cisant la finalit\u00e9 de votre projet et le cr\u00e9neau horaire souhait\u00e9 \u00e0 l\u2019attach\u00e9e de presse du mus\u00e9e. Tous les enregistrements et prises de vues sont en effet soumis \u00e0 inscription et autorisation pr\u00e9alables.<\/p>\n\n\n\n<p>Des frais s\u2019appliquent si le but des prises de vue ou de son n\u2019est pas de couvrir l\u2019actualit\u00e9 du mus\u00e9e et de ses activit\u00e9s. Ces frais sont d\u00e9taill\u00e9s au paragraphe III de la tarification des archives photographiques et audiovisuelles du Mus\u00e9e des Alli\u00e9s<\/p>\n\n\n\n<p>Vous trouverez ici \u00e0 droite les r\u00e8gles g\u00e9n\u00e9rales de conservation relatives \u00e0 la r\u00e9alisation de photos et de vid\u00e9os au Mus\u00e9e des Alli\u00e9s, le contrat sur la r\u00e9alisation de photos et de vid\u00e9os ainsi que la d\u00e9charge de responsabilit\u00e9 du Mus\u00e9e des Alli\u00e9s vis-\u00e0-vis des droits ou pr\u00e9tentions de tiers.<\/p>\n\n\n\n<p><\/p>\n<\/div>\n\n\n\n<div class=\"wp-block-column is-layout-flow wp-block-column-is-layout-flow\" style=\"flex-basis:10%\"><\/div>\n<\/div>\n<\/div>\n\n\n\n<div class=\"wp-block-column is-layout-flow wp-block-column-is-layout-flow\" style=\"flex-basis:33.33%\">\n<div class=\"wp-block-group\"><div class=\"wp-block-group__inner-container is-layout-flow wp-block-group-is-layout-flow\">\n<div class=\"wp-block-file\"><a href=\"https:\/\/www.alliiertenmuseum.de\/wp-content\/uploads\/2021\/06\/Alliierten-Museum-General-Terms-and-Conditions.pdf\" class=\"wp-block-file__button wp-element-button\" download>r\u00e8gles g\u00e9n\u00e9rales<\/a><\/div>\n\n\n\n<div class=\"wp-block-file\"><a href=\"https:\/\/www.alliiertenmuseum.de\/wp-content\/uploads\/2021\/06\/Alliierten-Museum-Fee-Schedule.pdf\" class=\"wp-block-file__button wp-element-button\" download>tarification<\/a><\/div>\n\n\n\n<div class=\"wp-block-file\"><a href=\"https:\/\/www.alliiertenmuseum.de\/wp-content\/uploads\/2021\/06\/Alliierten-Museum-Waiver-of-Third-Party-Liability.pdf\" class=\"wp-block-file__button wp-element-button\" download>d\u00e9charge de responsabilit\u00e9<\/a><\/div>\n\n\n\n<div class=\"wp-block-file\"><a href=\"https:\/\/www.alliiertenmuseum.de\/wp-content\/uploads\/Alliierten-Museum-Agreement-Photography-Film-Video-Shoots_neu.pdf\" class=\"wp-block-file__button wp-element-button\" download>contrat<\/a><\/div>\n<\/div><\/div>\n<\/div>\n<\/div>\n<\/div><\/div>\n","protected":false},"excerpt":{"rendered":"<p>Couverture de l\u2019actualit\u00e9Nous nous r\u00e9jouissons de toute photo et vid\u00e9o r\u00e9alis\u00e9e au Mus\u00e9e des Alli\u00e9s en vue de couvrir l\u2019actualit\u00e9 du mus\u00e9e et de ses activit\u00e9s. Nous vous prions toutefois de nous en pr\u00e9venir au pr\u00e9alable et de nous en demander l\u2019autorisation. Merci d\u2019adresser votre demande en pr\u00e9cisant la finalit\u00e9 des photos\/vid\u00e9os et le cr\u00e9neau [&hellip;]<\/p>\n","protected":false},"author":1,"featured_media":0,"parent":3318,"menu_order":1,"comment_status":"closed","ping_status":"closed","template":"","meta":{"_highline":"","_subtitle":"","_locale":"fr_FR","_original_post":"https:\/\/www.alliiertenmuseum.de\/?page_id=317","_featured_cover":false,"_featured_caption":"","_featured_caption_checkbox":false,"_featured_alt":"","_pinkie_id":0,"_pinkie_caption":false,"_pinkie_alt":"","footnotes":"","_post-color":[]},"class_list":["post-3293","page","type-page","status-publish","hentry","fr-FR"],"featured_image_src":null,"yoast_head":"<!-- This site is optimized with the Yoast SEO plugin v26.2 - https:\/\/yoast.com\/wordpress\/plugins\/seo\/ -->\n<title>R\u00e9alisation de photos et vid\u00e9os - AlliiertenMuseum<\/title>\n<meta name=\"robots\" content=\"index, follow, max-snippet:-1, max-image-preview:large, max-video-preview:-1\" \/>\n<link rel=\"canonical\" href=\"https:\/\/www.alliiertenmuseum.de\/fr\/presse\/realisation-de-photos-et-videos\/\" \/>\n<meta property=\"og:locale\" content=\"fr_FR\" \/>\n<meta property=\"og:type\" content=\"article\" \/>\n<meta property=\"og:title\" content=\"R\u00e9alisation de photos et vid\u00e9os - AlliiertenMuseum\" \/>\n<meta property=\"og:description\" content=\"Couverture de l\u2019actualit\u00e9Nous nous r\u00e9jouissons de toute photo et vid\u00e9o r\u00e9alis\u00e9e au Mus\u00e9e des Alli\u00e9s en vue de couvrir l\u2019actualit\u00e9 du mus\u00e9e et de ses activit\u00e9s. Nous vous prions toutefois de nous en pr\u00e9venir au pr\u00e9alable et de nous en demander l\u2019autorisation. Merci d\u2019adresser votre demande en pr\u00e9cisant la finalit\u00e9 des photos\/vid\u00e9os et le cr\u00e9neau [&hellip;]\" \/>\n<meta property=\"og:url\" content=\"https:\/\/www.alliiertenmuseum.de\/fr\/presse\/realisation-de-photos-et-videos\/\" \/>\n<meta property=\"og:site_name\" content=\"AlliiertenMuseum\" \/>\n<meta property=\"article:modified_time\" content=\"2025-11-11T14:02:56+00:00\" \/>\n<meta name=\"twitter:card\" content=\"summary_large_image\" \/>\n<meta name=\"twitter:label1\" content=\"Dur\u00e9e de lecture estim\u00e9e\" \/>\n\t<meta name=\"twitter:data1\" content=\"2 minutes\" \/>\n<script type=\"application\/ld+json\" class=\"yoast-schema-graph\">{\"@context\":\"https:\/\/schema.org\",\"@graph\":[{\"@type\":\"WebPage\",\"@id\":\"https:\/\/www.alliiertenmuseum.de\/fr\/presse\/realisation-de-photos-et-videos\/\",\"url\":\"https:\/\/www.alliiertenmuseum.de\/fr\/presse\/realisation-de-photos-et-videos\/\",\"name\":\"R\u00e9alisation de photos et vid\u00e9os - AlliiertenMuseum\",\"isPartOf\":{\"@id\":\"https:\/\/www.alliiertenmuseum.de\/#website\"},\"datePublished\":\"2021-09-07T11:43:08+00:00\",\"dateModified\":\"2025-11-11T14:02:56+00:00\",\"breadcrumb\":{\"@id\":\"https:\/\/www.alliiertenmuseum.de\/fr\/presse\/realisation-de-photos-et-videos\/#breadcrumb\"},\"inLanguage\":\"fr-FR\",\"potentialAction\":[{\"@type\":\"ReadAction\",\"target\":[\"https:\/\/www.alliiertenmuseum.de\/fr\/presse\/realisation-de-photos-et-videos\/\"]}]},{\"@type\":\"BreadcrumbList\",\"@id\":\"https:\/\/www.alliiertenmuseum.de\/fr\/presse\/realisation-de-photos-et-videos\/#breadcrumb\",\"itemListElement\":[{\"@type\":\"ListItem\",\"position\":1,\"name\":\"Startseite\",\"item\":\"https:\/\/www.alliiertenmuseum.de\/fr\/\"},{\"@type\":\"ListItem\",\"position\":2,\"name\":\"Presse\",\"item\":\"https:\/\/www.alliiertenmuseum.de\/fr\/presse\/\"},{\"@type\":\"ListItem\",\"position\":3,\"name\":\"R\u00e9alisation de photos et vid\u00e9os\"}]},{\"@type\":\"WebSite\",\"@id\":\"https:\/\/www.alliiertenmuseum.de\/#website\",\"url\":\"https:\/\/www.alliiertenmuseum.de\/\",\"name\":\"AlliiertenMuseum\",\"description\":\"\",\"publisher\":{\"@id\":\"https:\/\/www.alliiertenmuseum.de\/#organization\"},\"potentialAction\":[{\"@type\":\"SearchAction\",\"target\":{\"@type\":\"EntryPoint\",\"urlTemplate\":\"https:\/\/www.alliiertenmuseum.de\/?s={search_term_string}\"},\"query-input\":{\"@type\":\"PropertyValueSpecification\",\"valueRequired\":true,\"valueName\":\"search_term_string\"}}],\"inLanguage\":\"fr-FR\"},{\"@type\":\"Organization\",\"@id\":\"https:\/\/www.alliiertenmuseum.de\/#organization\",\"name\":\"AlliiertenMuseum\",\"url\":\"https:\/\/www.alliiertenmuseum.de\/\",\"logo\":{\"@type\":\"ImageObject\",\"inLanguage\":\"fr-FR\",\"@id\":\"https:\/\/www.alliiertenmuseum.de\/#\/schema\/logo\/image\/\",\"url\":\"https:\/\/www.alliiertenmuseum.de\/wp-content\/uploads\/2021\/05\/logo.svg\",\"contentUrl\":\"https:\/\/www.alliiertenmuseum.de\/wp-content\/uploads\/2021\/05\/logo.svg\",\"caption\":\"AlliiertenMuseum\"},\"image\":{\"@id\":\"https:\/\/www.alliiertenmuseum.de\/#\/schema\/logo\/image\/\"}}]}<\/script>\n<!-- \/ Yoast SEO plugin. -->","yoast_head_json":{"title":"R\u00e9alisation de photos et vid\u00e9os - AlliiertenMuseum","robots":{"index":"index","follow":"follow","max-snippet":"max-snippet:-1","max-image-preview":"max-image-preview:large","max-video-preview":"max-video-preview:-1"},"canonical":"https:\/\/www.alliiertenmuseum.de\/fr\/presse\/realisation-de-photos-et-videos\/","og_locale":"fr_FR","og_type":"article","og_title":"R\u00e9alisation de photos et vid\u00e9os - AlliiertenMuseum","og_description":"Couverture de l\u2019actualit\u00e9Nous nous r\u00e9jouissons de toute photo et vid\u00e9o r\u00e9alis\u00e9e au Mus\u00e9e des Alli\u00e9s en vue de couvrir l\u2019actualit\u00e9 du mus\u00e9e et de ses activit\u00e9s. Nous vous prions toutefois de nous en pr\u00e9venir au pr\u00e9alable et de nous en demander l\u2019autorisation. Merci d\u2019adresser votre demande en pr\u00e9cisant la finalit\u00e9 des photos\/vid\u00e9os et le cr\u00e9neau [&hellip;]","og_url":"https:\/\/www.alliiertenmuseum.de\/fr\/presse\/realisation-de-photos-et-videos\/","og_site_name":"AlliiertenMuseum","article_modified_time":"2025-11-11T14:02:56+00:00","twitter_card":"summary_large_image","twitter_misc":{"Dur\u00e9e de lecture estim\u00e9e":"2 minutes"},"schema":{"@context":"https:\/\/schema.org","@graph":[{"@type":"WebPage","@id":"https:\/\/www.alliiertenmuseum.de\/fr\/presse\/realisation-de-photos-et-videos\/","url":"https:\/\/www.alliiertenmuseum.de\/fr\/presse\/realisation-de-photos-et-videos\/","name":"R\u00e9alisation de photos et vid\u00e9os - AlliiertenMuseum","isPartOf":{"@id":"https:\/\/www.alliiertenmuseum.de\/#website"},"datePublished":"2021-09-07T11:43:08+00:00","dateModified":"2025-11-11T14:02:56+00:00","breadcrumb":{"@id":"https:\/\/www.alliiertenmuseum.de\/fr\/presse\/realisation-de-photos-et-videos\/#breadcrumb"},"inLanguage":"fr-FR","potentialAction":[{"@type":"ReadAction","target":["https:\/\/www.alliiertenmuseum.de\/fr\/presse\/realisation-de-photos-et-videos\/"]}]},{"@type":"BreadcrumbList","@id":"https:\/\/www.alliiertenmuseum.de\/fr\/presse\/realisation-de-photos-et-videos\/#breadcrumb","itemListElement":[{"@type":"ListItem","position":1,"name":"Startseite","item":"https:\/\/www.alliiertenmuseum.de\/fr\/"},{"@type":"ListItem","position":2,"name":"Presse","item":"https:\/\/www.alliiertenmuseum.de\/fr\/presse\/"},{"@type":"ListItem","position":3,"name":"R\u00e9alisation de photos et vid\u00e9os"}]},{"@type":"WebSite","@id":"https:\/\/www.alliiertenmuseum.de\/#website","url":"https:\/\/www.alliiertenmuseum.de\/","name":"AlliiertenMuseum","description":"","publisher":{"@id":"https:\/\/www.alliiertenmuseum.de\/#organization"},"potentialAction":[{"@type":"SearchAction","target":{"@type":"EntryPoint","urlTemplate":"https:\/\/www.alliiertenmuseum.de\/?s={search_term_string}"},"query-input":{"@type":"PropertyValueSpecification","valueRequired":true,"valueName":"search_term_string"}}],"inLanguage":"fr-FR"},{"@type":"Organization","@id":"https:\/\/www.alliiertenmuseum.de\/#organization","name":"AlliiertenMuseum","url":"https:\/\/www.alliiertenmuseum.de\/","logo":{"@type":"ImageObject","inLanguage":"fr-FR","@id":"https:\/\/www.alliiertenmuseum.de\/#\/schema\/logo\/image\/","url":"https:\/\/www.alliiertenmuseum.de\/wp-content\/uploads\/2021\/05\/logo.svg","contentUrl":"https:\/\/www.alliiertenmuseum.de\/wp-content\/uploads\/2021\/05\/logo.svg","caption":"AlliiertenMuseum"},"image":{"@id":"https:\/\/www.alliiertenmuseum.de\/#\/schema\/logo\/image\/"}}]}},"_links":{"self":[{"href":"https:\/\/www.alliiertenmuseum.de\/wp-json\/wp\/v2\/pages\/3293","targetHints":{"allow":["GET"]}}],"collection":[{"href":"https:\/\/www.alliiertenmuseum.de\/wp-json\/wp\/v2\/pages"}],"about":[{"href":"https:\/\/www.alliiertenmuseum.de\/wp-json\/wp\/v2\/types\/page"}],"author":[{"embeddable":true,"href":"https:\/\/www.alliiertenmuseum.de\/wp-json\/wp\/v2\/users\/1"}],"replies":[{"embeddable":true,"href":"https:\/\/www.alliiertenmuseum.de\/wp-json\/wp\/v2\/comments?post=3293"}],"version-history":[{"count":6,"href":"https:\/\/www.alliiertenmuseum.de\/wp-json\/wp\/v2\/pages\/3293\/revisions"}],"predecessor-version":[{"id":36339,"href":"https:\/\/www.alliiertenmuseum.de\/wp-json\/wp\/v2\/pages\/3293\/revisions\/36339"}],"up":[{"embeddable":true,"href":"https:\/\/www.alliiertenmuseum.de\/wp-json\/wp\/v2\/pages\/3318"}],"wp:attachment":[{"href":"https:\/\/www.alliiertenmuseum.de\/wp-json\/wp\/v2\/media?parent=3293"}],"curies":[{"name":"wp","href":"https:\/\/api.w.org\/{rel}","templated":true}]}}