{"id":3320,"date":"2021-09-07T13:57:08","date_gmt":"2021-09-07T11:57:08","guid":{"rendered":"http:\/\/stage.alm.smithberlin.com\/?page_id=3320"},"modified":"2021-09-30T11:49:51","modified_gmt":"2021-09-30T09:49:51","slug":"picture-and-audio-film-archives","status":"publish","type":"page","link":"https:\/\/www.alliiertenmuseum.de\/fr\/presse\/picture-and-audio-film-archives\/","title":{"rendered":"Archives photographiques et audiovisuelles"},"content":{"rendered":"\n<div class=\"wp-block-group alignwide\"><div class=\"wp-block-group__inner-container is-layout-flow wp-block-group-is-layout-flow\">\n<p>Les archives photographiques et audiovisuelles du Mus\u00e9e des Alli\u00e9s peuvent \u00eatre utilis\u00e9es dans le cadre de la couverture des actualit\u00e9s, d\u2019une autre utilisation ainsi qu\u2019\u00e0 des fins scientifiques, \u00e0 condition d\u2019en avoir fait au pr\u00e9alable la demande par \u00e9crit, d\u2019avoir obtenu l\u2019autorisation et un rendez-vous de la part du Mus\u00e9e des Alli\u00e9s.<\/p>\n\n\n\n<p>Toute utilisation de mat\u00e9riel photo, audio ou vid\u00e9o issu des archives du Mus\u00e9e des Alli\u00e9s doit respecter les droits d\u2019auteurs.<\/p>\n\n\n\n<p>Un grand nombre de nos documents d\u2019archives \u00e9manent de sources officielles. Ils sont donc tomb\u00e9s dans le domaine public et leur utilisation est libre de droits. Nous appliquons dans ce cas uniquement des frais pour leur mise \u00e0 disposition.<\/p>\n\n\n\n<p>Nous appliquons des frais, non seulement pour la mise \u00e0 disposition, mais aussi pour l\u2019utilisation de tous les documents pour lesquels le Mus\u00e9e des Alli\u00e9s d\u00e9tient les droits sur les archives. Des d\u00e9rogations \u00e0 cette r\u00e8gle peuvent \u00eatre accord\u00e9es, par exemple en cas d\u2019utilisation non commerciale ou de coop\u00e9ration.<\/p>\n\n\n\n<div class=\"wp-block-file\"><a href=\"https:\/\/www.alliiertenmuseum.de\/wp-content\/uploads\/2021\/06\/Alliierten-Museum-Fee-Schedule.pdf\" class=\"wp-block-file__button\" download>tarification<\/a><\/div>\n\n\n\n<div class=\"wp-block-file\"><a href=\"https:\/\/www.alliiertenmuseum.de\/wp-content\/uploads\/2021\/06\/Alliierten-Museum-Waiver-of-Third-Party-Liability.pdf\" class=\"wp-block-file__button\" download>d\u00e9charge de responsabilit\u00e9<\/a><\/div>\n\n\n\n<div class=\"wp-block-file\"><a href=\"https:\/\/www.alliiertenmuseum.de\/wp-content\/uploads\/2021\/06\/Alliierten-Museum-Agreement-Photography-Film-Video-Shoots.pdf\" class=\"wp-block-file__button\" download>contrat<\/a><\/div>\n<\/div><\/div>\n","protected":false},"excerpt":{"rendered":"<p>Les archives photographiques et audiovisuelles du Mus\u00e9e des Alli\u00e9s peuvent \u00eatre utilis\u00e9es dans le cadre de la couverture des actualit\u00e9s, d\u2019une autre utilisation ainsi qu\u2019\u00e0 des fins scientifiques, \u00e0 condition d\u2019en avoir fait au pr\u00e9alable la demande par \u00e9crit, d\u2019avoir obtenu l\u2019autorisation et un rendez-vous de la part du Mus\u00e9e des Alli\u00e9s. Toute utilisation de [&hellip;]<\/p>\n","protected":false},"author":1,"featured_media":0,"parent":3318,"menu_order":2,"comment_status":"closed","ping_status":"closed","template":"","meta":{"_highline":"","_subtitle":"","_locale":"fr_FR","_original_post":"https:\/\/www.alliiertenmuseum.de\/?page_id=320","_featured_cover":false,"_featured_caption":"","_featured_caption_checkbox":false,"_featured_alt":"","_pinkie_id":993,"_pinkie_caption":false,"_pinkie_alt":"","footnotes":"","_post-color":[]},"class_list":["post-3320","page","type-page","status-publish","has-post-thumbnail","hentry","fr-FR"],"featured_image_src":null,"yoast_head":"<!-- This site is optimized with the Yoast SEO plugin v26.2 - https:\/\/yoast.com\/wordpress\/plugins\/seo\/ -->\n<title>Archives photographiques et audiovisuelles - AlliiertenMuseum<\/title>\n<meta name=\"robots\" content=\"index, follow, max-snippet:-1, max-image-preview:large, max-video-preview:-1\" \/>\n<link rel=\"canonical\" href=\"https:\/\/www.alliiertenmuseum.de\/fr\/presse\/picture-and-audio-film-archives\/\" \/>\n<meta property=\"og:locale\" content=\"fr_FR\" \/>\n<meta property=\"og:type\" content=\"article\" \/>\n<meta property=\"og:title\" content=\"Archives photographiques et audiovisuelles - AlliiertenMuseum\" \/>\n<meta property=\"og:description\" content=\"Les archives photographiques et audiovisuelles du Mus\u00e9e des Alli\u00e9s peuvent \u00eatre utilis\u00e9es dans le cadre de la couverture des actualit\u00e9s, d\u2019une autre utilisation ainsi qu\u2019\u00e0 des fins scientifiques, \u00e0 condition d\u2019en avoir fait au pr\u00e9alable la demande par \u00e9crit, d\u2019avoir obtenu l\u2019autorisation et un rendez-vous de la part du Mus\u00e9e des Alli\u00e9s. Toute utilisation de [&hellip;]\" \/>\n<meta property=\"og:url\" content=\"https:\/\/www.alliiertenmuseum.de\/fr\/presse\/picture-and-audio-film-archives\/\" \/>\n<meta property=\"og:site_name\" content=\"AlliiertenMuseum\" \/>\n<meta property=\"article:modified_time\" content=\"2021-09-30T09:49:51+00:00\" \/>\n<meta name=\"twitter:card\" content=\"summary_large_image\" \/>\n<meta name=\"twitter:label1\" content=\"Dur\u00e9e de lecture estim\u00e9e\" \/>\n\t<meta name=\"twitter:data1\" content=\"1 minute\" \/>\n<script type=\"application\/ld+json\" class=\"yoast-schema-graph\">{\"@context\":\"https:\/\/schema.org\",\"@graph\":[{\"@type\":\"WebPage\",\"@id\":\"https:\/\/www.alliiertenmuseum.de\/fr\/presse\/picture-and-audio-film-archives\/\",\"url\":\"https:\/\/www.alliiertenmuseum.de\/fr\/presse\/picture-and-audio-film-archives\/\",\"name\":\"Archives photographiques et audiovisuelles - AlliiertenMuseum\",\"isPartOf\":{\"@id\":\"https:\/\/www.alliiertenmuseum.de\/#website\"},\"datePublished\":\"2021-09-07T11:57:08+00:00\",\"dateModified\":\"2021-09-30T09:49:51+00:00\",\"breadcrumb\":{\"@id\":\"https:\/\/www.alliiertenmuseum.de\/fr\/presse\/picture-and-audio-film-archives\/#breadcrumb\"},\"inLanguage\":\"fr-FR\",\"potentialAction\":[{\"@type\":\"ReadAction\",\"target\":[\"https:\/\/www.alliiertenmuseum.de\/fr\/presse\/picture-and-audio-film-archives\/\"]}]},{\"@type\":\"BreadcrumbList\",\"@id\":\"https:\/\/www.alliiertenmuseum.de\/fr\/presse\/picture-and-audio-film-archives\/#breadcrumb\",\"itemListElement\":[{\"@type\":\"ListItem\",\"position\":1,\"name\":\"Startseite\",\"item\":\"https:\/\/www.alliiertenmuseum.de\/fr\/\"},{\"@type\":\"ListItem\",\"position\":2,\"name\":\"Presse\",\"item\":\"https:\/\/www.alliiertenmuseum.de\/fr\/presse\/\"},{\"@type\":\"ListItem\",\"position\":3,\"name\":\"Archives photographiques et audiovisuelles\"}]},{\"@type\":\"WebSite\",\"@id\":\"https:\/\/www.alliiertenmuseum.de\/#website\",\"url\":\"https:\/\/www.alliiertenmuseum.de\/\",\"name\":\"AlliiertenMuseum\",\"description\":\"\",\"publisher\":{\"@id\":\"https:\/\/www.alliiertenmuseum.de\/#organization\"},\"potentialAction\":[{\"@type\":\"SearchAction\",\"target\":{\"@type\":\"EntryPoint\",\"urlTemplate\":\"https:\/\/www.alliiertenmuseum.de\/?s={search_term_string}\"},\"query-input\":{\"@type\":\"PropertyValueSpecification\",\"valueRequired\":true,\"valueName\":\"search_term_string\"}}],\"inLanguage\":\"fr-FR\"},{\"@type\":\"Organization\",\"@id\":\"https:\/\/www.alliiertenmuseum.de\/#organization\",\"name\":\"AlliiertenMuseum\",\"url\":\"https:\/\/www.alliiertenmuseum.de\/\",\"logo\":{\"@type\":\"ImageObject\",\"inLanguage\":\"fr-FR\",\"@id\":\"https:\/\/www.alliiertenmuseum.de\/#\/schema\/logo\/image\/\",\"url\":\"https:\/\/www.alliiertenmuseum.de\/wp-content\/uploads\/2021\/05\/logo.svg\",\"contentUrl\":\"https:\/\/www.alliiertenmuseum.de\/wp-content\/uploads\/2021\/05\/logo.svg\",\"caption\":\"AlliiertenMuseum\"},\"image\":{\"@id\":\"https:\/\/www.alliiertenmuseum.de\/#\/schema\/logo\/image\/\"}}]}<\/script>\n<!-- \/ Yoast SEO plugin. -->","yoast_head_json":{"title":"Archives photographiques et audiovisuelles - AlliiertenMuseum","robots":{"index":"index","follow":"follow","max-snippet":"max-snippet:-1","max-image-preview":"max-image-preview:large","max-video-preview":"max-video-preview:-1"},"canonical":"https:\/\/www.alliiertenmuseum.de\/fr\/presse\/picture-and-audio-film-archives\/","og_locale":"fr_FR","og_type":"article","og_title":"Archives photographiques et audiovisuelles - AlliiertenMuseum","og_description":"Les archives photographiques et audiovisuelles du Mus\u00e9e des Alli\u00e9s peuvent \u00eatre utilis\u00e9es dans le cadre de la couverture des actualit\u00e9s, d\u2019une autre utilisation ainsi qu\u2019\u00e0 des fins scientifiques, \u00e0 condition d\u2019en avoir fait au pr\u00e9alable la demande par \u00e9crit, d\u2019avoir obtenu l\u2019autorisation et un rendez-vous de la part du Mus\u00e9e des Alli\u00e9s. Toute utilisation de [&hellip;]","og_url":"https:\/\/www.alliiertenmuseum.de\/fr\/presse\/picture-and-audio-film-archives\/","og_site_name":"AlliiertenMuseum","article_modified_time":"2021-09-30T09:49:51+00:00","twitter_card":"summary_large_image","twitter_misc":{"Dur\u00e9e de lecture estim\u00e9e":"1 minute"},"schema":{"@context":"https:\/\/schema.org","@graph":[{"@type":"WebPage","@id":"https:\/\/www.alliiertenmuseum.de\/fr\/presse\/picture-and-audio-film-archives\/","url":"https:\/\/www.alliiertenmuseum.de\/fr\/presse\/picture-and-audio-film-archives\/","name":"Archives photographiques et audiovisuelles - AlliiertenMuseum","isPartOf":{"@id":"https:\/\/www.alliiertenmuseum.de\/#website"},"datePublished":"2021-09-07T11:57:08+00:00","dateModified":"2021-09-30T09:49:51+00:00","breadcrumb":{"@id":"https:\/\/www.alliiertenmuseum.de\/fr\/presse\/picture-and-audio-film-archives\/#breadcrumb"},"inLanguage":"fr-FR","potentialAction":[{"@type":"ReadAction","target":["https:\/\/www.alliiertenmuseum.de\/fr\/presse\/picture-and-audio-film-archives\/"]}]},{"@type":"BreadcrumbList","@id":"https:\/\/www.alliiertenmuseum.de\/fr\/presse\/picture-and-audio-film-archives\/#breadcrumb","itemListElement":[{"@type":"ListItem","position":1,"name":"Startseite","item":"https:\/\/www.alliiertenmuseum.de\/fr\/"},{"@type":"ListItem","position":2,"name":"Presse","item":"https:\/\/www.alliiertenmuseum.de\/fr\/presse\/"},{"@type":"ListItem","position":3,"name":"Archives photographiques et audiovisuelles"}]},{"@type":"WebSite","@id":"https:\/\/www.alliiertenmuseum.de\/#website","url":"https:\/\/www.alliiertenmuseum.de\/","name":"AlliiertenMuseum","description":"","publisher":{"@id":"https:\/\/www.alliiertenmuseum.de\/#organization"},"potentialAction":[{"@type":"SearchAction","target":{"@type":"EntryPoint","urlTemplate":"https:\/\/www.alliiertenmuseum.de\/?s={search_term_string}"},"query-input":{"@type":"PropertyValueSpecification","valueRequired":true,"valueName":"search_term_string"}}],"inLanguage":"fr-FR"},{"@type":"Organization","@id":"https:\/\/www.alliiertenmuseum.de\/#organization","name":"AlliiertenMuseum","url":"https:\/\/www.alliiertenmuseum.de\/","logo":{"@type":"ImageObject","inLanguage":"fr-FR","@id":"https:\/\/www.alliiertenmuseum.de\/#\/schema\/logo\/image\/","url":"https:\/\/www.alliiertenmuseum.de\/wp-content\/uploads\/2021\/05\/logo.svg","contentUrl":"https:\/\/www.alliiertenmuseum.de\/wp-content\/uploads\/2021\/05\/logo.svg","caption":"AlliiertenMuseum"},"image":{"@id":"https:\/\/www.alliiertenmuseum.de\/#\/schema\/logo\/image\/"}}]}},"_links":{"self":[{"href":"https:\/\/www.alliiertenmuseum.de\/wp-json\/wp\/v2\/pages\/3320","targetHints":{"allow":["GET"]}}],"collection":[{"href":"https:\/\/www.alliiertenmuseum.de\/wp-json\/wp\/v2\/pages"}],"about":[{"href":"https:\/\/www.alliiertenmuseum.de\/wp-json\/wp\/v2\/types\/page"}],"author":[{"embeddable":true,"href":"https:\/\/www.alliiertenmuseum.de\/wp-json\/wp\/v2\/users\/1"}],"replies":[{"embeddable":true,"href":"https:\/\/www.alliiertenmuseum.de\/wp-json\/wp\/v2\/comments?post=3320"}],"version-history":[{"count":2,"href":"https:\/\/www.alliiertenmuseum.de\/wp-json\/wp\/v2\/pages\/3320\/revisions"}],"predecessor-version":[{"id":5080,"href":"https:\/\/www.alliiertenmuseum.de\/wp-json\/wp\/v2\/pages\/3320\/revisions\/5080"}],"up":[{"embeddable":true,"href":"https:\/\/www.alliiertenmuseum.de\/wp-json\/wp\/v2\/pages\/3318"}],"wp:attachment":[{"href":"https:\/\/www.alliiertenmuseum.de\/wp-json\/wp\/v2\/media?parent=3320"}],"curies":[{"name":"wp","href":"https:\/\/api.w.org\/{rel}","templated":true}]}}