{"id":33390,"date":"2024-09-09T16:31:08","date_gmt":"2024-09-09T14:31:08","guid":{"rendered":"https:\/\/www.alliiertenmuseum.de\/?page_id=33390"},"modified":"2025-09-02T12:04:22","modified_gmt":"2025-09-02T10:04:22","slug":"actuellement","status":"publish","type":"page","link":"https:\/\/www.alliiertenmuseum.de\/fr\/museum\/actuellement\/","title":{"rendered":"L\u2019Outpost en chantier \u2013 le mus\u00e9e reste ouvert"},"content":{"rendered":"\n<div class=\"wp-block-columns row-style-1 md-m-0 is-layout-flex wp-container-core-columns-is-layout-9d6595d7 wp-block-columns-is-layout-flex\">\n<div class=\"wp-block-column is-layout-flow wp-block-column-is-layout-flow\">\n<p>Le <strong>b\u00e2timent de l\u2019Outpost Theater<\/strong> est en r\u00e9novation et ferm\u00e9. Mais visiter les expositions du Mus\u00e9e des Alli\u00e9s vaut toujours la peine, m\u00eame s\u2019il y a parfois de la poussi\u00e8re ou s\u2019il faut longer une barri\u00e8re de chantier\u00a0! Nous avons s\u00e9lectionn\u00e9 nos objets phares parmi la pr\u00e9sentation <\/p>\n\n\n\n<p><\/p>\n<\/div>\n\n\n\n<div class=\"wp-block-column is-layout-flow wp-block-column-is-layout-flow\">\n<p>d\u00e9taill\u00e9e de l\u2019apr\u00e8s-guerre \u00e0 l\u2019Outpost Theater et les exposons d\u00e9sormais dans la <strong>biblioth\u00e8que comm\u00e9morative Nicholson<\/strong>. Nous vous tenons r\u00e9guli\u00e8rement inform\u00e9 des avanc\u00e9es du chantier et de nos autres projets sur cette page.<\/p>\n\n\n\n<p><\/p>\n<\/div>\n<\/div>\n\n\n\n<div class=\"slider\" class=\"wp-block-acv-slider\"><figure class=\"wp-block-image size-large\" data-link=\"https:\/\/www.alliiertenmuseum.de\/attachment\/alliierten-museum-outpost-geschlossen\"><a class=\"slide-media\" href=\"https:\/\/www.alliiertenmuseum.de\/attachment\/alliierten-museum-outpost-geschlossen\"><img loading=\"lazy\" decoding=\"async\" data-id=\"32619\" class=\"wp-image-32619\" src=\"https:\/\/www.alliiertenmuseum.de\/wp-content\/uploads\/alliierten-museum-outpost-geschlossen-576x1024.webp\" alt=\"\" title=\"\" width=\"576\" height=\"1024\" srcset=\"https:\/\/www.alliiertenmuseum.de\/wp-content\/uploads\/alliierten-museum-outpost-geschlossen-576x1024.webp 576w, https:\/\/www.alliiertenmuseum.de\/wp-content\/uploads\/alliierten-museum-outpost-geschlossen-169x300.webp 169w, https:\/\/www.alliiertenmuseum.de\/wp-content\/uploads\/alliierten-museum-outpost-geschlossen-768x1365.webp 768w, https:\/\/www.alliiertenmuseum.de\/wp-content\/uploads\/alliierten-museum-outpost-geschlossen-864x1536.webp 864w, https:\/\/www.alliiertenmuseum.de\/wp-content\/uploads\/alliierten-museum-outpost-geschlossen-1152x2048.webp 1152w, https:\/\/www.alliiertenmuseum.de\/wp-content\/uploads\/alliierten-museum-outpost-geschlossen-28x50.webp 28w, https:\/\/www.alliiertenmuseum.de\/wp-content\/uploads\/alliierten-museum-outpost-geschlossen-scaled.webp 1440w\" sizes=\"auto, (max-width: 576px) 100vw, 576px\" \/><\/a><figcaption class=\"slide-caption\"><\/figcaption><\/figure><figure class=\"wp-block-image size-large\" data-link=\"https:\/\/www.alliiertenmuseum.de\/attachment\/alliierten-museum-baustelle\"><a class=\"slide-media\" href=\"https:\/\/www.alliiertenmuseum.de\/attachment\/alliierten-museum-baustelle\"><img loading=\"lazy\" decoding=\"async\" data-id=\"32617\" class=\"wp-image-32617\" src=\"https:\/\/www.alliiertenmuseum.de\/wp-content\/uploads\/alliierten-museum-baustelle-1024x577.webp\" alt=\"\" title=\"\" width=\"1024\" height=\"577\" srcset=\"https:\/\/www.alliiertenmuseum.de\/wp-content\/uploads\/alliierten-museum-baustelle-1024x577.webp 1024w, https:\/\/www.alliiertenmuseum.de\/wp-content\/uploads\/alliierten-museum-baustelle-300x169.webp 300w, https:\/\/www.alliiertenmuseum.de\/wp-content\/uploads\/alliierten-museum-baustelle-768x432.webp 768w, https:\/\/www.alliiertenmuseum.de\/wp-content\/uploads\/alliierten-museum-baustelle-1536x865.webp 1536w, https:\/\/www.alliiertenmuseum.de\/wp-content\/uploads\/alliierten-museum-baustelle-2048x1153.webp 2048w, https:\/\/www.alliiertenmuseum.de\/wp-content\/uploads\/alliierten-museum-baustelle-50x28.webp 50w\" sizes=\"auto, (max-width: 1024px) 100vw, 1024px\" \/><\/a><figcaption class=\"slide-caption\"><\/figcaption><\/figure><figure class=\"wp-block-image size-large\" data-link=\"https:\/\/www.alliiertenmuseum.de\/attachment\/alliierten-museum-objekt-blindgaenger\"><a class=\"slide-media\" href=\"https:\/\/www.alliiertenmuseum.de\/attachment\/alliierten-museum-objekt-blindgaenger\"><img loading=\"lazy\" decoding=\"async\" data-id=\"32536\" class=\"wp-image-32536\" src=\"https:\/\/www.alliiertenmuseum.de\/wp-content\/uploads\/alliierten-museum-objekt-blindgaenger-577x1024.webp\" alt=\"\" title=\"\" width=\"577\" height=\"1024\" srcset=\"https:\/\/www.alliiertenmuseum.de\/wp-content\/uploads\/alliierten-museum-objekt-blindgaenger-577x1024.webp 577w, https:\/\/www.alliiertenmuseum.de\/wp-content\/uploads\/alliierten-museum-objekt-blindgaenger-169x300.webp 169w, https:\/\/www.alliiertenmuseum.de\/wp-content\/uploads\/alliierten-museum-objekt-blindgaenger-768x1364.webp 768w, https:\/\/www.alliiertenmuseum.de\/wp-content\/uploads\/alliierten-museum-objekt-blindgaenger-865x1536.webp 865w, https:\/\/www.alliiertenmuseum.de\/wp-content\/uploads\/alliierten-museum-objekt-blindgaenger-1153x2048.webp 1153w, https:\/\/www.alliiertenmuseum.de\/wp-content\/uploads\/alliierten-museum-objekt-blindgaenger-28x50.webp 28w, https:\/\/www.alliiertenmuseum.de\/wp-content\/uploads\/alliierten-museum-objekt-blindgaenger-scaled.webp 1442w\" sizes=\"auto, (max-width: 577px) 100vw, 577px\" \/><\/a><figcaption class=\"slide-caption\"><\/figcaption><\/figure><figure class=\"wp-block-image size-large\" data-link=\"https:\/\/www.alliiertenmuseum.de\/attachment\/alliierten-museum-aufbau-kommandantura\"><a class=\"slide-media\" href=\"https:\/\/www.alliiertenmuseum.de\/attachment\/alliierten-museum-aufbau-kommandantura\"><img loading=\"lazy\" decoding=\"async\" data-id=\"32534\" class=\"wp-image-32534\" src=\"https:\/\/www.alliiertenmuseum.de\/wp-content\/uploads\/alliierten-museum-aufbau-kommandantura-771x1024.webp\" alt=\"\" title=\"\" width=\"771\" height=\"1024\" srcset=\"https:\/\/www.alliiertenmuseum.de\/wp-content\/uploads\/alliierten-museum-aufbau-kommandantura-771x1024.webp 771w, https:\/\/www.alliiertenmuseum.de\/wp-content\/uploads\/alliierten-museum-aufbau-kommandantura-226x300.webp 226w, https:\/\/www.alliiertenmuseum.de\/wp-content\/uploads\/alliierten-museum-aufbau-kommandantura-768x1020.webp 768w, https:\/\/www.alliiertenmuseum.de\/wp-content\/uploads\/alliierten-museum-aufbau-kommandantura-1157x1536.webp 1157w, https:\/\/www.alliiertenmuseum.de\/wp-content\/uploads\/alliierten-museum-aufbau-kommandantura-1542x2048.webp 1542w, https:\/\/www.alliiertenmuseum.de\/wp-content\/uploads\/alliierten-museum-aufbau-kommandantura-38x50.webp 38w, https:\/\/www.alliiertenmuseum.de\/wp-content\/uploads\/alliierten-museum-aufbau-kommandantura-scaled.webp 1928w\" sizes=\"auto, (max-width: 771px) 100vw, 771px\" \/><\/a><figcaption class=\"slide-caption\"><\/figcaption><\/figure><figure class=\"wp-block-image size-large\" data-link=\"https:\/\/www.alliiertenmuseum.de\/attachment\/alliierten-museum-dauerausstellung-aufbau\"><a class=\"slide-media\" href=\"https:\/\/www.alliiertenmuseum.de\/attachment\/alliierten-museum-dauerausstellung-aufbau\"><img loading=\"lazy\" decoding=\"async\" data-id=\"32535\" class=\"wp-image-32535\" src=\"https:\/\/www.alliiertenmuseum.de\/wp-content\/uploads\/alliierten-museum-dauerausstellung-aufbau-1024x576.webp\" alt=\"\" title=\"\" width=\"1024\" height=\"576\" srcset=\"https:\/\/www.alliiertenmuseum.de\/wp-content\/uploads\/alliierten-museum-dauerausstellung-aufbau-1024x576.webp 1024w, https:\/\/www.alliiertenmuseum.de\/wp-content\/uploads\/alliierten-museum-dauerausstellung-aufbau-300x169.webp 300w, https:\/\/www.alliiertenmuseum.de\/wp-content\/uploads\/alliierten-museum-dauerausstellung-aufbau-768x432.webp 768w, https:\/\/www.alliiertenmuseum.de\/wp-content\/uploads\/alliierten-museum-dauerausstellung-aufbau-1536x864.webp 1536w, https:\/\/www.alliiertenmuseum.de\/wp-content\/uploads\/alliierten-museum-dauerausstellung-aufbau-2048x1152.webp 2048w, https:\/\/www.alliiertenmuseum.de\/wp-content\/uploads\/alliierten-museum-dauerausstellung-aufbau-50x28.webp 50w\" sizes=\"auto, (max-width: 1024px) 100vw, 1024px\" \/><\/a><figcaption class=\"slide-caption\"><\/figcaption><\/figure><\/div>\n\n\n\n<article class=\"post-teaser post-teaser-exhibition wp-block-media-text is-vertically-aligned-center post-1419 exhibition type-exhibition status-publish has-post-thumbnail hentry fr-FR\">\n            <figure class=\"post-thumbnail wp-block-media-text__media\">\n                            <p class=\"d-none-xs-to-full\"><span class=\"highlighted mobile-element\">Exposition permanente<\/span><\/p>\n                        <img loading=\"lazy\" decoding=\"async\" width=\"1024\" height=\"683\" src=\"https:\/\/www.alliiertenmuseum.de\/wp-content\/uploads\/alliierten-museum-dauerausstellung-besatzung-luftbruecke-1024x683.webp\" class=\"attachment-large size-large landscape\" alt=\"Salle d&#039;exposition du Mus\u00e9e des Alli\u00e9s consacr\u00e9e \u00e0 l&#039;apr\u00e8s-guerre, avec plusieurs vitrines contenant des documents et des objets, une vitrine pr\u00e9sentant des v\u00eatements, des panneaux explicatifs, une station d&#039;\u00e9coute et une grande photo en noir et blanc, au-dessus de laquelle sont accroch\u00e9s les drapeaux des Alli\u00e9s.\" srcset=\"https:\/\/www.alliiertenmuseum.de\/wp-content\/uploads\/alliierten-museum-dauerausstellung-besatzung-luftbruecke-1024x683.webp 1024w, https:\/\/www.alliiertenmuseum.de\/wp-content\/uploads\/alliierten-museum-dauerausstellung-besatzung-luftbruecke-300x200.webp 300w, https:\/\/www.alliiertenmuseum.de\/wp-content\/uploads\/alliierten-museum-dauerausstellung-besatzung-luftbruecke-768x512.webp 768w, https:\/\/www.alliiertenmuseum.de\/wp-content\/uploads\/alliierten-museum-dauerausstellung-besatzung-luftbruecke-1536x1024.webp 1536w, https:\/\/www.alliiertenmuseum.de\/wp-content\/uploads\/alliierten-museum-dauerausstellung-besatzung-luftbruecke-2048x1365.webp 2048w, https:\/\/www.alliiertenmuseum.de\/wp-content\/uploads\/alliierten-museum-dauerausstellung-besatzung-luftbruecke-50x33.webp 50w\" sizes=\"auto, (max-width: 1024px) 100vw, 1024px\" \/>                    <\/figure>\n\t    <div class=\"wp-block-media-text__content\">\n                    <p class=\"d-none-min\"><span class=\"highlighted\">Exposition permanente<\/span><\/p>\n        \t\t<h2 class=\"entry-title\"><a href=\"https:\/\/www.alliiertenmuseum.de\/fr\/ausstellung\/comment-des-ennemis-devinrent-amis\/\" rel=\"bookmark\">Comment des ennemis devinrent amis<\/a><\/h2>\t\t\t\t<p>L\u2019histoire des puissances occidentales \u00e0 Berlin est parcourue de tensions et de situations dramatiques. Elle commence avec l\u2019entr\u00e9e des troupes d\u2019occupation am\u00e9ricaines, britanniques et fran\u00e7aises dans Berlin en 1945 et s\u2019ach\u00e8ve par une c\u00e9r\u00e9monie officielle d\u2019adieux aux Alli\u00e9s en 1994.<\/p>\n        <div class=\"wp-block-buttons\">\n            <div class=\"wp-block-button\">\n                <a class=\"wp-block-button__link\" href=\"https:\/\/www.alliiertenmuseum.de\/fr\/ausstellung\/comment-des-ennemis-devinrent-amis\/\">\n                    En savoir plus                <\/a>\n            <\/div>\n        <\/div>\n    <\/div>\n<\/article><!-- #post-1419 -->\n\n\n\n<div class=\"wp-block-group\"><div class=\"wp-block-group__inner-container is-layout-flow wp-block-group-is-layout-flow\">\n<div class=\"wp-block-group\"><div class=\"wp-block-group__inner-container is-layout-flow wp-block-group-is-layout-flow\"><\/div><\/div>\n<\/div><\/div>\n","protected":false},"excerpt":{"rendered":"<p>Le b\u00e2timent de l\u2019Outpost Theater est en r\u00e9novation et ferm\u00e9. Mais visiter les expositions du Mus\u00e9e des Alli\u00e9s vaut toujours la peine, m\u00eame s\u2019il y a parfois de la poussi\u00e8re ou s\u2019il faut longer une barri\u00e8re de chantier\u00a0! Nous avons s\u00e9lectionn\u00e9 nos objets phares parmi la pr\u00e9sentation d\u00e9taill\u00e9e de l\u2019apr\u00e8s-guerre \u00e0 l\u2019Outpost Theater et les [&hellip;]<\/p>\n","protected":false},"author":12,"featured_media":0,"parent":2150,"menu_order":0,"comment_status":"closed","ping_status":"closed","template":"","meta":{"_highline":"Actuellement","_subtitle":"DU NOUVEAU CONCERNANT VOTRE VISITE","_locale":"fr_FR","_original_post":"https:\/\/www.alliiertenmuseum.de\/?page_id=32430","_featured_cover":false,"_featured_caption":"               ","_featured_caption_checkbox":true,"_featured_alt":"","_pinkie_id":32648,"_pinkie_caption":false,"_pinkie_alt":"<p class=\"MsoNormal\" style=\"text-align:justify\"><span lang=\"FR\" style=\"mso-ansi-language:\nFR\">Vue frontale du b\u00e2timent du mus\u00e9e Outpost avec un panneau d'affichage<br>\u00abOutpost chantier - mus\u00e9e ouvert\u00bb.<\/span><\/p>","footnotes":"","_post-color":[]},"class_list":["post-33390","page","type-page","status-publish","has-post-thumbnail","hentry","fr-FR"],"featured_image_src":null,"yoast_head":"<!-- This site is optimized with the Yoast SEO plugin v26.2 - https:\/\/yoast.com\/wordpress\/plugins\/seo\/ -->\n<title>Ein Museum des 21. Jahrhunderts - AlliiertenMuseum<\/title>\n<meta name=\"description\" content=\"Das Museum plant seine Neugr\u00fcndung am Flughafen Tempelhof, um die Rolle der Westm\u00e4chte f\u00fcr die Demokratie in Deutschland zu thematisieren.\" \/>\n<meta name=\"robots\" content=\"index, follow, max-snippet:-1, max-image-preview:large, max-video-preview:-1\" \/>\n<link rel=\"canonical\" href=\"https:\/\/www.alliiertenmuseum.de\/fr\/museum\/actuellement\/\" \/>\n<meta property=\"og:locale\" content=\"fr_FR\" \/>\n<meta property=\"og:type\" content=\"article\" \/>\n<meta property=\"og:title\" content=\"Ein Museum des 21. Jahrhunderts - AlliiertenMuseum\" \/>\n<meta property=\"og:description\" content=\"Das Museum plant seine Neugr\u00fcndung am Flughafen Tempelhof, um die Rolle der Westm\u00e4chte f\u00fcr die Demokratie in Deutschland zu thematisieren.\" \/>\n<meta property=\"og:url\" content=\"https:\/\/www.alliiertenmuseum.de\/fr\/museum\/actuellement\/\" \/>\n<meta property=\"og:site_name\" content=\"AlliiertenMuseum\" \/>\n<meta property=\"article:modified_time\" content=\"2025-09-02T10:04:22+00:00\" \/>\n<meta property=\"og:image\" content=\"https:\/\/www.alliiertenmuseum.de\/wp-content\/uploads\/alliierten-museum-outpost-geschlossen-scaled.webp\" \/>\n\t<meta property=\"og:image:width\" content=\"1440\" \/>\n\t<meta property=\"og:image:height\" content=\"2560\" \/>\n\t<meta property=\"og:image:type\" content=\"image\/webp\" \/>\n<meta name=\"twitter:card\" content=\"summary_large_image\" \/>\n<meta name=\"twitter:label1\" content=\"Dur\u00e9e de lecture estim\u00e9e\" \/>\n\t<meta name=\"twitter:data1\" content=\"2 minutes\" \/>\n<script type=\"application\/ld+json\" class=\"yoast-schema-graph\">{\"@context\":\"https:\/\/schema.org\",\"@graph\":[{\"@type\":\"WebPage\",\"@id\":\"https:\/\/www.alliiertenmuseum.de\/fr\/museum\/actuellement\/\",\"url\":\"https:\/\/www.alliiertenmuseum.de\/fr\/museum\/actuellement\/\",\"name\":\"Ein Museum des 21. Jahrhunderts - AlliiertenMuseum\",\"isPartOf\":{\"@id\":\"https:\/\/www.alliiertenmuseum.de\/#website\"},\"primaryImageOfPage\":{\"@id\":\"https:\/\/www.alliiertenmuseum.de\/fr\/museum\/actuellement\/#primaryimage\"},\"image\":{\"@id\":\"https:\/\/www.alliiertenmuseum.de\/fr\/museum\/actuellement\/#primaryimage\"},\"thumbnailUrl\":\"https:\/\/www.alliiertenmuseum.de\/wp-content\/uploads\/alliierten-museum-outpost-geschlossen-576x1024.webp\",\"datePublished\":\"2024-09-09T14:31:08+00:00\",\"dateModified\":\"2025-09-02T10:04:22+00:00\",\"description\":\"Das Museum plant seine Neugr\u00fcndung am Flughafen Tempelhof, um die Rolle der Westm\u00e4chte f\u00fcr die Demokratie in Deutschland zu thematisieren.\",\"breadcrumb\":{\"@id\":\"https:\/\/www.alliiertenmuseum.de\/fr\/museum\/actuellement\/#breadcrumb\"},\"inLanguage\":\"fr-FR\",\"potentialAction\":[{\"@type\":\"ReadAction\",\"target\":[\"https:\/\/www.alliiertenmuseum.de\/fr\/museum\/actuellement\/\"]}]},{\"@type\":\"ImageObject\",\"inLanguage\":\"fr-FR\",\"@id\":\"https:\/\/www.alliiertenmuseum.de\/fr\/museum\/actuellement\/#primaryimage\",\"url\":\"https:\/\/www.alliiertenmuseum.de\/wp-content\/uploads\/alliierten-museum-outpost-geschlossen-scaled.webp\",\"contentUrl\":\"https:\/\/www.alliiertenmuseum.de\/wp-content\/uploads\/alliierten-museum-outpost-geschlossen-scaled.webp\",\"width\":1440,\"height\":2560,\"caption\":\"Das Outpost Theater ist geschlossen.\"},{\"@type\":\"BreadcrumbList\",\"@id\":\"https:\/\/www.alliiertenmuseum.de\/fr\/museum\/actuellement\/#breadcrumb\",\"itemListElement\":[{\"@type\":\"ListItem\",\"position\":1,\"name\":\"Startseite\",\"item\":\"https:\/\/www.alliiertenmuseum.de\/fr\/\"},{\"@type\":\"ListItem\",\"position\":2,\"name\":\"Mus\u00e9e\",\"item\":\"https:\/\/www.alliiertenmuseum.de\/fr\/museum\/\"},{\"@type\":\"ListItem\",\"position\":3,\"name\":\"L\u2019Outpost en chantier \u2013 le mus\u00e9e reste ouvert\"}]},{\"@type\":\"WebSite\",\"@id\":\"https:\/\/www.alliiertenmuseum.de\/#website\",\"url\":\"https:\/\/www.alliiertenmuseum.de\/\",\"name\":\"AlliiertenMuseum\",\"description\":\"\",\"publisher\":{\"@id\":\"https:\/\/www.alliiertenmuseum.de\/#organization\"},\"potentialAction\":[{\"@type\":\"SearchAction\",\"target\":{\"@type\":\"EntryPoint\",\"urlTemplate\":\"https:\/\/www.alliiertenmuseum.de\/?s={search_term_string}\"},\"query-input\":{\"@type\":\"PropertyValueSpecification\",\"valueRequired\":true,\"valueName\":\"search_term_string\"}}],\"inLanguage\":\"fr-FR\"},{\"@type\":\"Organization\",\"@id\":\"https:\/\/www.alliiertenmuseum.de\/#organization\",\"name\":\"AlliiertenMuseum\",\"url\":\"https:\/\/www.alliiertenmuseum.de\/\",\"logo\":{\"@type\":\"ImageObject\",\"inLanguage\":\"fr-FR\",\"@id\":\"https:\/\/www.alliiertenmuseum.de\/#\/schema\/logo\/image\/\",\"url\":\"https:\/\/www.alliiertenmuseum.de\/wp-content\/uploads\/2021\/05\/logo.svg\",\"contentUrl\":\"https:\/\/www.alliiertenmuseum.de\/wp-content\/uploads\/2021\/05\/logo.svg\",\"caption\":\"AlliiertenMuseum\"},\"image\":{\"@id\":\"https:\/\/www.alliiertenmuseum.de\/#\/schema\/logo\/image\/\"}}]}<\/script>\n<!-- \/ Yoast SEO plugin. -->","yoast_head_json":{"title":"Ein Museum des 21. Jahrhunderts - AlliiertenMuseum","description":"Das Museum plant seine Neugr\u00fcndung am Flughafen Tempelhof, um die Rolle der Westm\u00e4chte f\u00fcr die Demokratie in Deutschland zu thematisieren.","robots":{"index":"index","follow":"follow","max-snippet":"max-snippet:-1","max-image-preview":"max-image-preview:large","max-video-preview":"max-video-preview:-1"},"canonical":"https:\/\/www.alliiertenmuseum.de\/fr\/museum\/actuellement\/","og_locale":"fr_FR","og_type":"article","og_title":"Ein Museum des 21. Jahrhunderts - AlliiertenMuseum","og_description":"Das Museum plant seine Neugr\u00fcndung am Flughafen Tempelhof, um die Rolle der Westm\u00e4chte f\u00fcr die Demokratie in Deutschland zu thematisieren.","og_url":"https:\/\/www.alliiertenmuseum.de\/fr\/museum\/actuellement\/","og_site_name":"AlliiertenMuseum","article_modified_time":"2025-09-02T10:04:22+00:00","og_image":[{"width":1440,"height":2560,"url":"https:\/\/www.alliiertenmuseum.de\/wp-content\/uploads\/alliierten-museum-outpost-geschlossen-scaled.webp","type":"image\/webp"}],"twitter_card":"summary_large_image","twitter_misc":{"Dur\u00e9e de lecture estim\u00e9e":"2 minutes"},"schema":{"@context":"https:\/\/schema.org","@graph":[{"@type":"WebPage","@id":"https:\/\/www.alliiertenmuseum.de\/fr\/museum\/actuellement\/","url":"https:\/\/www.alliiertenmuseum.de\/fr\/museum\/actuellement\/","name":"Ein Museum des 21. Jahrhunderts - AlliiertenMuseum","isPartOf":{"@id":"https:\/\/www.alliiertenmuseum.de\/#website"},"primaryImageOfPage":{"@id":"https:\/\/www.alliiertenmuseum.de\/fr\/museum\/actuellement\/#primaryimage"},"image":{"@id":"https:\/\/www.alliiertenmuseum.de\/fr\/museum\/actuellement\/#primaryimage"},"thumbnailUrl":"https:\/\/www.alliiertenmuseum.de\/wp-content\/uploads\/alliierten-museum-outpost-geschlossen-576x1024.webp","datePublished":"2024-09-09T14:31:08+00:00","dateModified":"2025-09-02T10:04:22+00:00","description":"Das Museum plant seine Neugr\u00fcndung am Flughafen Tempelhof, um die Rolle der Westm\u00e4chte f\u00fcr die Demokratie in Deutschland zu thematisieren.","breadcrumb":{"@id":"https:\/\/www.alliiertenmuseum.de\/fr\/museum\/actuellement\/#breadcrumb"},"inLanguage":"fr-FR","potentialAction":[{"@type":"ReadAction","target":["https:\/\/www.alliiertenmuseum.de\/fr\/museum\/actuellement\/"]}]},{"@type":"ImageObject","inLanguage":"fr-FR","@id":"https:\/\/www.alliiertenmuseum.de\/fr\/museum\/actuellement\/#primaryimage","url":"https:\/\/www.alliiertenmuseum.de\/wp-content\/uploads\/alliierten-museum-outpost-geschlossen-scaled.webp","contentUrl":"https:\/\/www.alliiertenmuseum.de\/wp-content\/uploads\/alliierten-museum-outpost-geschlossen-scaled.webp","width":1440,"height":2560,"caption":"Das Outpost Theater ist geschlossen."},{"@type":"BreadcrumbList","@id":"https:\/\/www.alliiertenmuseum.de\/fr\/museum\/actuellement\/#breadcrumb","itemListElement":[{"@type":"ListItem","position":1,"name":"Startseite","item":"https:\/\/www.alliiertenmuseum.de\/fr\/"},{"@type":"ListItem","position":2,"name":"Mus\u00e9e","item":"https:\/\/www.alliiertenmuseum.de\/fr\/museum\/"},{"@type":"ListItem","position":3,"name":"L\u2019Outpost en chantier \u2013 le mus\u00e9e reste ouvert"}]},{"@type":"WebSite","@id":"https:\/\/www.alliiertenmuseum.de\/#website","url":"https:\/\/www.alliiertenmuseum.de\/","name":"AlliiertenMuseum","description":"","publisher":{"@id":"https:\/\/www.alliiertenmuseum.de\/#organization"},"potentialAction":[{"@type":"SearchAction","target":{"@type":"EntryPoint","urlTemplate":"https:\/\/www.alliiertenmuseum.de\/?s={search_term_string}"},"query-input":{"@type":"PropertyValueSpecification","valueRequired":true,"valueName":"search_term_string"}}],"inLanguage":"fr-FR"},{"@type":"Organization","@id":"https:\/\/www.alliiertenmuseum.de\/#organization","name":"AlliiertenMuseum","url":"https:\/\/www.alliiertenmuseum.de\/","logo":{"@type":"ImageObject","inLanguage":"fr-FR","@id":"https:\/\/www.alliiertenmuseum.de\/#\/schema\/logo\/image\/","url":"https:\/\/www.alliiertenmuseum.de\/wp-content\/uploads\/2021\/05\/logo.svg","contentUrl":"https:\/\/www.alliiertenmuseum.de\/wp-content\/uploads\/2021\/05\/logo.svg","caption":"AlliiertenMuseum"},"image":{"@id":"https:\/\/www.alliiertenmuseum.de\/#\/schema\/logo\/image\/"}}]}},"_links":{"self":[{"href":"https:\/\/www.alliiertenmuseum.de\/wp-json\/wp\/v2\/pages\/33390","targetHints":{"allow":["GET"]}}],"collection":[{"href":"https:\/\/www.alliiertenmuseum.de\/wp-json\/wp\/v2\/pages"}],"about":[{"href":"https:\/\/www.alliiertenmuseum.de\/wp-json\/wp\/v2\/types\/page"}],"author":[{"embeddable":true,"href":"https:\/\/www.alliiertenmuseum.de\/wp-json\/wp\/v2\/users\/12"}],"replies":[{"embeddable":true,"href":"https:\/\/www.alliiertenmuseum.de\/wp-json\/wp\/v2\/comments?post=33390"}],"version-history":[{"count":6,"href":"https:\/\/www.alliiertenmuseum.de\/wp-json\/wp\/v2\/pages\/33390\/revisions"}],"predecessor-version":[{"id":35754,"href":"https:\/\/www.alliiertenmuseum.de\/wp-json\/wp\/v2\/pages\/33390\/revisions\/35754"}],"up":[{"embeddable":true,"href":"https:\/\/www.alliiertenmuseum.de\/wp-json\/wp\/v2\/pages\/2150"}],"wp:attachment":[{"href":"https:\/\/www.alliiertenmuseum.de\/wp-json\/wp\/v2\/media?parent=33390"}],"curies":[{"name":"wp","href":"https:\/\/api.w.org\/{rel}","templated":true}]}}