{"id":8715,"date":"2023-07-31T11:44:19","date_gmt":"2023-07-31T09:44:19","guid":{"rendered":"https:\/\/www.alliiertenmuseum.de\/?page_id=8715"},"modified":"2023-07-31T13:12:40","modified_gmt":"2023-07-31T11:12:40","slug":"enquete-visiteurs","status":"publish","type":"page","link":"https:\/\/www.alliiertenmuseum.de\/fr\/enquete-visiteurs\/","title":{"rendered":"EN&shy;QU\u00caTE VI&shy;SI&shy;TEURS MEN\u00c9E EN CO&shy;OP\u00c9&shy;RA&shy;TION AVEC SEN&shy;TO&shy;MUS"},"content":{"rendered":"\n<div class=\"wp-block-group\"><div class=\"wp-block-group__inner-container is-layout-constrained wp-block-group-is-layout-constrained\">\n<div class=\"wp-block-group\"><div class=\"wp-block-group__inner-container is-layout-constrained wp-block-group-is-layout-constrained\">\n<div class=\"wp-block-group\"><div class=\"wp-block-group__inner-container is-layout-constrained wp-block-group-is-layout-constrained\">\n<div class=\"wp-block-group\"><div class=\"wp-block-group__inner-container is-layout-constrained wp-block-group-is-layout-constrained\">\n<div class=\"wp-block-group\"><div class=\"wp-block-group__inner-container is-layout-constrained wp-block-group-is-layout-constrained\">\n<h2 class=\"wp-block-heading\"><strong>Votre avis est pr\u00e9&shy;cieux&nbsp;\u2013 et sauve des fo&shy;r\u00eats<strong>&nbsp;<\/strong>!<\/strong><\/h2>\n\n\n\n<p>Que vous ayez d\u00e9j\u00e0 visit\u00e9 et connaissiez le Mus\u00e9e des Alli\u00e9s ou que vous ne soyez pas (encore) venu chez nous<strong>&nbsp;<\/strong>: nous nous r\u00e9jouirions si vous pouviez prendre quelques minutes pour r\u00e9pondre \u00e0 nos questions.<\/p>\n\n\n\n<p>Qu\u2019avez-vous particuli\u00e8rement appr\u00e9ci\u00e9 au Mus\u00e9e des Alli\u00e9s<strong>&nbsp;<\/strong>? Que pouvons-nous am\u00e9liorer<strong>&nbsp;<\/strong>?<\/p>\n\n\n\n<p>Ou alors<strong>&nbsp;<\/strong>: Pour quelle raison n\u2019\u00eates-vous pas encore venu chez nous<strong>&nbsp;<\/strong>?<\/p>\n\n\n\n<p>Participez \u00e0 la grande enqu\u00eate aupr\u00e8s du public con\u00e7ue par Sentomus et \u00e0 laquelle participent de nombreux mus\u00e9es \u00e0 travers l\u2019Europe. Elle est anonyme. Votre participation nous aide \u00e0 mieux conna\u00eetre les publics de notre mus\u00e9e.<\/p>\n\n\n\n<p>Et vous faites aussi une bonne action en participant<strong>&nbsp;<\/strong>: Sentomus s\u2019est en effet engag\u00e9 \u00e0 verser \u00e0 World Land Trust de quoi sauver 1m\u00b2 de for\u00eat tropicale menac\u00e9e pour chaque questionnaire enti\u00e8rement compl\u00e9t\u00e9.<\/p>\n\n\n\n<p>En cliquant sur le bouton \u00ab<strong>&nbsp;<\/strong>Enqu\u00eate<strong>&nbsp;<\/strong>\u00bb vous arrivez directement \u00e0 la premi\u00e8re question<strong>&nbsp;<\/strong>!<\/p>\n\n\n\n<p><a href=\"https:\/\/www.sentomus.eu\/fr\/89\" target=\"_blank\" rel=\"noreferrer noopener\">Enqu\u00eate<\/a><\/p>\n<\/div><\/div>\n<\/div><\/div>\n<\/div><\/div>\n\n\n\n<figure class=\"wp-block-image size-full\"><img decoding=\"async\" src=\"https:\/\/www.alliiertenmuseum.de\/wp-content\/uploads\/logo-sentomus.jpg\" alt=\"\" class=\"wp-image-8450\"\/><\/figure>\n<\/div><\/div>\n<\/div><\/div>\n","protected":false},"excerpt":{"rendered":"<p>Votre avis est pr\u00e9cieux\u2013 et sauve des for\u00eats! Que vous ayez d\u00e9j\u00e0 visit\u00e9 et connaissiez le Mus\u00e9e des Alli\u00e9s ou que vous ne soyez pas (encore) venu chez nous: nous nous r\u00e9jouirions si vous pouviez prendre quelques minutes pour r\u00e9pondre \u00e0 nos questions. Qu\u2019avez-vous particuli\u00e8rement appr\u00e9ci\u00e9 au Mus\u00e9e des Alli\u00e9s? Que pouvons-nous am\u00e9liorer? Ou alors: [&hellip;]<\/p>\n","protected":false},"author":4,"featured_media":0,"parent":0,"menu_order":0,"comment_status":"closed","ping_status":"closed","template":"","meta":{"_highline":"","_subtitle":"","_locale":"fr_FR","_original_post":"https:\/\/www.alliiertenmuseum.de\/?page_id=8452","_featured_cover":false,"_featured_caption":"","_featured_caption_checkbox":false,"_featured_alt":"","_pinkie_id":8448,"_pinkie_caption":false,"_pinkie_alt":"","footnotes":"","_post-color":[]},"class_list":["post-8715","page","type-page","status-publish","has-post-thumbnail","hentry","fr-FR"],"featured_image_src":null,"yoast_head":"<!-- This site is optimized with the Yoast SEO plugin v26.2 - https:\/\/yoast.com\/wordpress\/plugins\/seo\/ -->\n<title>ENQU\u00caTE VISITEURS MEN\u00c9E EN COOP\u00c9RATION AVEC SENTOMUS - AlliiertenMuseum<\/title>\n<meta name=\"robots\" content=\"index, follow, max-snippet:-1, max-image-preview:large, max-video-preview:-1\" \/>\n<link rel=\"canonical\" href=\"https:\/\/www.alliiertenmuseum.de\/fr\/enquete-visiteurs\/\" \/>\n<meta property=\"og:locale\" content=\"fr_FR\" \/>\n<meta property=\"og:type\" content=\"article\" \/>\n<meta property=\"og:title\" content=\"EN[-]QU\u00caTE VI[-]SI[-]TEURS MEN\u00c9E EN CO[-]OP\u00c9[-]RA[-]TION AVEC SEN[-]TO[-]MUS - AlliiertenMuseum\" \/>\n<meta property=\"og:description\" content=\"Votre avis est pr\u00e9cieux\u2013 et sauve des for\u00eats! Que vous ayez d\u00e9j\u00e0 visit\u00e9 et connaissiez le Mus\u00e9e des Alli\u00e9s ou que vous ne soyez pas (encore) venu chez nous: nous nous r\u00e9jouirions si vous pouviez prendre quelques minutes pour r\u00e9pondre \u00e0 nos questions. Qu\u2019avez-vous particuli\u00e8rement appr\u00e9ci\u00e9 au Mus\u00e9e des Alli\u00e9s? Que pouvons-nous am\u00e9liorer? Ou alors: [&hellip;]\" \/>\n<meta property=\"og:url\" content=\"https:\/\/www.alliiertenmuseum.de\/fr\/enquete-visiteurs\/\" \/>\n<meta property=\"og:site_name\" content=\"AlliiertenMuseum\" \/>\n<meta property=\"article:modified_time\" content=\"2023-07-31T11:12:40+00:00\" \/>\n<meta property=\"og:image\" content=\"https:\/\/www.alliiertenmuseum.de\/wp-content\/uploads\/alliierten-museum-besucherinnen-umfrage.jpg\" \/>\n\t<meta property=\"og:image:width\" content=\"1181\" \/>\n\t<meta property=\"og:image:height\" content=\"787\" \/>\n\t<meta property=\"og:image:type\" content=\"image\/jpeg\" \/>\n<meta name=\"twitter:card\" content=\"summary_large_image\" \/>\n<meta name=\"twitter:label1\" content=\"Dur\u00e9e de lecture estim\u00e9e\" \/>\n\t<meta name=\"twitter:data1\" content=\"2 minutes\" \/>\n<script type=\"application\/ld+json\" class=\"yoast-schema-graph\">{\"@context\":\"https:\/\/schema.org\",\"@graph\":[{\"@type\":\"WebPage\",\"@id\":\"https:\/\/www.alliiertenmuseum.de\/fr\/enquete-visiteurs\/\",\"url\":\"https:\/\/www.alliiertenmuseum.de\/fr\/enquete-visiteurs\/\",\"name\":\"EN[-]QU\u00caTE VI[-]SI[-]TEURS MEN\u00c9E EN CO[-]OP\u00c9[-]RA[-]TION AVEC SEN[-]TO[-]MUS - AlliiertenMuseum\",\"isPartOf\":{\"@id\":\"https:\/\/www.alliiertenmuseum.de\/#website\"},\"primaryImageOfPage\":{\"@id\":\"https:\/\/www.alliiertenmuseum.de\/fr\/enquete-visiteurs\/#primaryimage\"},\"image\":{\"@id\":\"https:\/\/www.alliiertenmuseum.de\/fr\/enquete-visiteurs\/#primaryimage\"},\"thumbnailUrl\":\"https:\/\/www.alliiertenmuseum.de\/wp-content\/uploads\/logo-sentomus.jpg\",\"datePublished\":\"2023-07-31T09:44:19+00:00\",\"dateModified\":\"2023-07-31T11:12:40+00:00\",\"breadcrumb\":{\"@id\":\"https:\/\/www.alliiertenmuseum.de\/fr\/enquete-visiteurs\/#breadcrumb\"},\"inLanguage\":\"fr-FR\",\"potentialAction\":[{\"@type\":\"ReadAction\",\"target\":[\"https:\/\/www.alliiertenmuseum.de\/fr\/enquete-visiteurs\/\"]}]},{\"@type\":\"ImageObject\",\"inLanguage\":\"fr-FR\",\"@id\":\"https:\/\/www.alliiertenmuseum.de\/fr\/enquete-visiteurs\/#primaryimage\",\"url\":\"\",\"contentUrl\":\"\"},{\"@type\":\"BreadcrumbList\",\"@id\":\"https:\/\/www.alliiertenmuseum.de\/fr\/enquete-visiteurs\/#breadcrumb\",\"itemListElement\":[{\"@type\":\"ListItem\",\"position\":1,\"name\":\"Startseite\",\"item\":\"https:\/\/www.alliiertenmuseum.de\/fr\/\"},{\"@type\":\"ListItem\",\"position\":2,\"name\":\"ENQU\u00caTE VISITEURS MEN\u00c9E EN COOP\u00c9RATION AVEC SENTOMUS\"}]},{\"@type\":\"WebSite\",\"@id\":\"https:\/\/www.alliiertenmuseum.de\/#website\",\"url\":\"https:\/\/www.alliiertenmuseum.de\/\",\"name\":\"AlliiertenMuseum\",\"description\":\"\",\"publisher\":{\"@id\":\"https:\/\/www.alliiertenmuseum.de\/#organization\"},\"potentialAction\":[{\"@type\":\"SearchAction\",\"target\":{\"@type\":\"EntryPoint\",\"urlTemplate\":\"https:\/\/www.alliiertenmuseum.de\/?s={search_term_string}\"},\"query-input\":{\"@type\":\"PropertyValueSpecification\",\"valueRequired\":true,\"valueName\":\"search_term_string\"}}],\"inLanguage\":\"fr-FR\"},{\"@type\":\"Organization\",\"@id\":\"https:\/\/www.alliiertenmuseum.de\/#organization\",\"name\":\"AlliiertenMuseum\",\"url\":\"https:\/\/www.alliiertenmuseum.de\/\",\"logo\":{\"@type\":\"ImageObject\",\"inLanguage\":\"fr-FR\",\"@id\":\"https:\/\/www.alliiertenmuseum.de\/#\/schema\/logo\/image\/\",\"url\":\"https:\/\/www.alliiertenmuseum.de\/wp-content\/uploads\/2021\/05\/logo.svg\",\"contentUrl\":\"https:\/\/www.alliiertenmuseum.de\/wp-content\/uploads\/2021\/05\/logo.svg\",\"caption\":\"AlliiertenMuseum\"},\"image\":{\"@id\":\"https:\/\/www.alliiertenmuseum.de\/#\/schema\/logo\/image\/\"}}]}<\/script>\n<!-- \/ Yoast SEO plugin. -->","yoast_head_json":{"title":"ENQU\u00caTE VISITEURS MEN\u00c9E EN COOP\u00c9RATION AVEC SENTOMUS - AlliiertenMuseum","robots":{"index":"index","follow":"follow","max-snippet":"max-snippet:-1","max-image-preview":"max-image-preview:large","max-video-preview":"max-video-preview:-1"},"canonical":"https:\/\/www.alliiertenmuseum.de\/fr\/enquete-visiteurs\/","og_locale":"fr_FR","og_type":"article","og_title":"EN[-]QU\u00caTE VI[-]SI[-]TEURS MEN\u00c9E EN CO[-]OP\u00c9[-]RA[-]TION AVEC SEN[-]TO[-]MUS - AlliiertenMuseum","og_description":"Votre avis est pr\u00e9cieux\u2013 et sauve des for\u00eats! Que vous ayez d\u00e9j\u00e0 visit\u00e9 et connaissiez le Mus\u00e9e des Alli\u00e9s ou que vous ne soyez pas (encore) venu chez nous: nous nous r\u00e9jouirions si vous pouviez prendre quelques minutes pour r\u00e9pondre \u00e0 nos questions. Qu\u2019avez-vous particuli\u00e8rement appr\u00e9ci\u00e9 au Mus\u00e9e des Alli\u00e9s? Que pouvons-nous am\u00e9liorer? Ou alors: [&hellip;]","og_url":"https:\/\/www.alliiertenmuseum.de\/fr\/enquete-visiteurs\/","og_site_name":"AlliiertenMuseum","article_modified_time":"2023-07-31T11:12:40+00:00","og_image":[{"width":1181,"height":787,"url":"https:\/\/www.alliiertenmuseum.de\/wp-content\/uploads\/alliierten-museum-besucherinnen-umfrage.jpg","type":"image\/jpeg"}],"twitter_card":"summary_large_image","twitter_misc":{"Dur\u00e9e de lecture estim\u00e9e":"2 minutes"},"schema":{"@context":"https:\/\/schema.org","@graph":[{"@type":"WebPage","@id":"https:\/\/www.alliiertenmuseum.de\/fr\/enquete-visiteurs\/","url":"https:\/\/www.alliiertenmuseum.de\/fr\/enquete-visiteurs\/","name":"EN[-]QU\u00caTE VI[-]SI[-]TEURS MEN\u00c9E EN CO[-]OP\u00c9[-]RA[-]TION AVEC SEN[-]TO[-]MUS - AlliiertenMuseum","isPartOf":{"@id":"https:\/\/www.alliiertenmuseum.de\/#website"},"primaryImageOfPage":{"@id":"https:\/\/www.alliiertenmuseum.de\/fr\/enquete-visiteurs\/#primaryimage"},"image":{"@id":"https:\/\/www.alliiertenmuseum.de\/fr\/enquete-visiteurs\/#primaryimage"},"thumbnailUrl":"https:\/\/www.alliiertenmuseum.de\/wp-content\/uploads\/logo-sentomus.jpg","datePublished":"2023-07-31T09:44:19+00:00","dateModified":"2023-07-31T11:12:40+00:00","breadcrumb":{"@id":"https:\/\/www.alliiertenmuseum.de\/fr\/enquete-visiteurs\/#breadcrumb"},"inLanguage":"fr-FR","potentialAction":[{"@type":"ReadAction","target":["https:\/\/www.alliiertenmuseum.de\/fr\/enquete-visiteurs\/"]}]},{"@type":"ImageObject","inLanguage":"fr-FR","@id":"https:\/\/www.alliiertenmuseum.de\/fr\/enquete-visiteurs\/#primaryimage","url":"","contentUrl":""},{"@type":"BreadcrumbList","@id":"https:\/\/www.alliiertenmuseum.de\/fr\/enquete-visiteurs\/#breadcrumb","itemListElement":[{"@type":"ListItem","position":1,"name":"Startseite","item":"https:\/\/www.alliiertenmuseum.de\/fr\/"},{"@type":"ListItem","position":2,"name":"ENQU\u00caTE VISITEURS MEN\u00c9E EN COOP\u00c9RATION AVEC SENTOMUS"}]},{"@type":"WebSite","@id":"https:\/\/www.alliiertenmuseum.de\/#website","url":"https:\/\/www.alliiertenmuseum.de\/","name":"AlliiertenMuseum","description":"","publisher":{"@id":"https:\/\/www.alliiertenmuseum.de\/#organization"},"potentialAction":[{"@type":"SearchAction","target":{"@type":"EntryPoint","urlTemplate":"https:\/\/www.alliiertenmuseum.de\/?s={search_term_string}"},"query-input":{"@type":"PropertyValueSpecification","valueRequired":true,"valueName":"search_term_string"}}],"inLanguage":"fr-FR"},{"@type":"Organization","@id":"https:\/\/www.alliiertenmuseum.de\/#organization","name":"AlliiertenMuseum","url":"https:\/\/www.alliiertenmuseum.de\/","logo":{"@type":"ImageObject","inLanguage":"fr-FR","@id":"https:\/\/www.alliiertenmuseum.de\/#\/schema\/logo\/image\/","url":"https:\/\/www.alliiertenmuseum.de\/wp-content\/uploads\/2021\/05\/logo.svg","contentUrl":"https:\/\/www.alliiertenmuseum.de\/wp-content\/uploads\/2021\/05\/logo.svg","caption":"AlliiertenMuseum"},"image":{"@id":"https:\/\/www.alliiertenmuseum.de\/#\/schema\/logo\/image\/"}}]}},"_links":{"self":[{"href":"https:\/\/www.alliiertenmuseum.de\/wp-json\/wp\/v2\/pages\/8715","targetHints":{"allow":["GET"]}}],"collection":[{"href":"https:\/\/www.alliiertenmuseum.de\/wp-json\/wp\/v2\/pages"}],"about":[{"href":"https:\/\/www.alliiertenmuseum.de\/wp-json\/wp\/v2\/types\/page"}],"author":[{"embeddable":true,"href":"https:\/\/www.alliiertenmuseum.de\/wp-json\/wp\/v2\/users\/4"}],"replies":[{"embeddable":true,"href":"https:\/\/www.alliiertenmuseum.de\/wp-json\/wp\/v2\/comments?post=8715"}],"version-history":[{"count":8,"href":"https:\/\/www.alliiertenmuseum.de\/wp-json\/wp\/v2\/pages\/8715\/revisions"}],"predecessor-version":[{"id":8743,"href":"https:\/\/www.alliiertenmuseum.de\/wp-json\/wp\/v2\/pages\/8715\/revisions\/8743"}],"wp:attachment":[{"href":"https:\/\/www.alliiertenmuseum.de\/wp-json\/wp\/v2\/media?parent=8715"}],"curies":[{"name":"wp","href":"https:\/\/api.w.org\/{rel}","templated":true}]}}